{"id":629,"date":"2026-02-16T18:48:36","date_gmt":"2026-02-16T18:48:36","guid":{"rendered":"https:\/\/b2b.mvgd.pl\/?post_type=product&#038;p=629"},"modified":"2026-02-16T18:50:29","modified_gmt":"2026-02-16T18:50:29","slug":"jonston-harmony-07l-non-alco","status":"publish","type":"product","link":"https:\/\/b2b.mvgd.pl\/index.php\/produkt\/jonston-harmony-07l-non-alco\/","title":{"rendered":"Jonston Harmony 0,7l non-alco."},"content":{"rendered":"<p><span data-contrast=\"auto\">Rzemie\u015blniczy Nap\u00f3j Bezalkoholowy, alternatywa do ginu.\u202f<\/span><span data-ccp-props=\"{&quot;335559685&quot;:720}\">\u00a0<\/span><\/p>\n<p><span data-contrast=\"auto\">Dzi\u0119ki wyj\u0105tkowo skomponowanej mieszance botanik\u00f3w i przypraw takich jak ja\u0142owiec, kardamon, arcydziegi\u0119l, sk\u00f3rki z cytryny oraz cedro ).<\/span><span data-ccp-props=\"{&quot;335559685&quot;:720}\">\u00a0<\/span><\/p>\n<p><span data-contrast=\"auto\">\u00a0Jonston Harmony \u00d8In dostarcza bogatego, ginowego smaku bez alkoholu. Perfekcyjnie balansuje klasyczne koktajle, dodaj\u0105c im wyrazisto\u015bci i charakteru, a jednocze\u015bnie pozwalaj\u0105c cieszy\u0107 si\u0119 pe\u0142ni\u0105 smaku bez ogranicze\u0144.\u202f<\/span><span data-ccp-props=\"{&quot;335559685&quot;:720}\">\u00a0<\/span><\/p>\n","protected":false},"excerpt":{"rendered":"<p><span data-contrast=\"auto\">Rzemie\u015blniczy Nap\u00f3j Bezalkoholowy, alternatywa do ginu.\u202f<\/span><span data-ccp-props=\"{&quot;335559685&quot;:720}\">\u00a0<\/span><\/p>\n<p><span data-contrast=\"auto\">Dzi\u0119ki wyj\u0105tkowo skomponowanej mieszance botanik\u00f3w i przypraw takich jak ja\u0142owiec, kardamon, arcydziegi\u0119l, sk\u00f3rki z cytryny oraz cedro ).<\/span><span data-ccp-props=\"{&quot;335559685&quot;:720}\">\u00a0<\/span><\/p>\n<p><span data-contrast=\"auto\">\u00a0Jonston Harmony \u00d8In dostarcza bogatego, ginowego smaku bez alkoholu. Perfekcyjnie balansuje klasyczne koktajle, dodaj\u0105c im wyrazisto\u015bci i charakteru, a jednocze\u015bnie pozwalaj\u0105c cieszy\u0107 si\u0119 pe\u0142ni\u0105 smaku bez ogranicze\u0144.\u202f<\/span><span data-ccp-props=\"{&quot;335559685&quot;:720}\">\u00a0<\/span><\/p>\n","protected":false},"featured_media":682,"comment_status":"open","ping_status":"closed","template":"","meta":[],"product_brand":[],"product_cat":[87],"product_tag":[88,807],"class_list":{"0":"post-629","1":"product","2":"type-product","3":"status-publish","4":"has-post-thumbnail","6":"product_cat-gin","7":"product_tag-gin","8":"product_tag-jonston","10":"first","11":"instock","12":"shipping-taxable","13":"purchasable","14":"product-type-simple"},"yoast_head":"<!-- This site is optimized with the Yoast SEO plugin v26.9 - https:\/\/yoast.com\/product\/yoast-seo-wordpress\/ -->\n<title>Jonston Harmony 0,7l non-alco. - B2B MVGD PL<\/title>\n<meta name=\"robots\" content=\"index, follow, max-snippet:-1, max-image-preview:large, max-video-preview:-1\" \/>\n<link rel=\"canonical\" href=\"https:\/\/b2b.mvgd.pl\/index.php\/produkt\/jonston-harmony-07l-non-alco\/\" \/>\n<meta property=\"og:locale\" content=\"pl_PL\" \/>\n<meta property=\"og:type\" content=\"article\" \/>\n<meta property=\"og:title\" content=\"Jonston Harmony 0,7l non-alco. - B2B MVGD PL\" \/>\n<meta property=\"og:description\" content=\"Rzemie\u015blniczy Nap\u00f3j Bezalkoholowy, alternatywa do ginu.\u202f\u00a0  Dzi\u0119ki wyj\u0105tkowo skomponowanej mieszance botanik\u00f3w i przypraw takich jak ja\u0142owiec, kardamon, arcydziegi\u0119l, sk\u00f3rki z cytryny oraz cedro ).\u00a0  \u00a0Jonston Harmony \u00d8In dostarcza bogatego, ginowego smaku bez alkoholu. Perfekcyjnie balansuje klasyczne koktajle, dodaj\u0105c im wyrazisto\u015bci i charakteru, a jednocze\u015bnie pozwalaj\u0105c cieszy\u0107 si\u0119 pe\u0142ni\u0105 smaku bez ogranicze\u0144.\u202f\u00a0\" \/>\n<meta property=\"og:url\" content=\"https:\/\/b2b.mvgd.pl\/index.php\/produkt\/jonston-harmony-07l-non-alco\/\" \/>\n<meta property=\"og:site_name\" content=\"B2B MVGD PL\" \/>\n<meta property=\"article:modified_time\" content=\"2026-02-16T18:50:29+00:00\" \/>\n<meta name=\"twitter:card\" content=\"summary_large_image\" \/>\n<script type=\"application\/ld+json\" class=\"yoast-schema-graph\">{\"@context\":\"https:\/\/schema.org\",\"@graph\":[{\"@type\":\"WebPage\",\"@id\":\"https:\/\/b2b.mvgd.pl\/index.php\/produkt\/jonston-harmony-07l-non-alco\/\",\"url\":\"https:\/\/b2b.mvgd.pl\/index.php\/produkt\/jonston-harmony-07l-non-alco\/\",\"name\":\"Jonston Harmony 0,7l non-alco. - B2B MVGD PL\",\"isPartOf\":{\"@id\":\"https:\/\/b2b.mvgd.pl\/#website\"},\"primaryImageOfPage\":{\"@id\":\"https:\/\/b2b.mvgd.pl\/index.php\/produkt\/jonston-harmony-07l-non-alco\/#primaryimage\"},\"image\":{\"@id\":\"https:\/\/b2b.mvgd.pl\/index.php\/produkt\/jonston-harmony-07l-non-alco\/#primaryimage\"},\"thumbnailUrl\":\"https:\/\/b2b.mvgd.pl\/wp-content\/uploads\/2026\/02\/harmoy.png\",\"datePublished\":\"2026-02-16T18:48:36+00:00\",\"dateModified\":\"2026-02-16T18:50:29+00:00\",\"breadcrumb\":{\"@id\":\"https:\/\/b2b.mvgd.pl\/index.php\/produkt\/jonston-harmony-07l-non-alco\/#breadcrumb\"},\"inLanguage\":\"pl-PL\",\"potentialAction\":[{\"@type\":\"ReadAction\",\"target\":[\"https:\/\/b2b.mvgd.pl\/index.php\/produkt\/jonston-harmony-07l-non-alco\/\"]}]},{\"@type\":\"ImageObject\",\"inLanguage\":\"pl-PL\",\"@id\":\"https:\/\/b2b.mvgd.pl\/index.php\/produkt\/jonston-harmony-07l-non-alco\/#primaryimage\",\"url\":\"https:\/\/b2b.mvgd.pl\/wp-content\/uploads\/2026\/02\/harmoy.png\",\"contentUrl\":\"https:\/\/b2b.mvgd.pl\/wp-content\/uploads\/2026\/02\/harmoy.png\",\"width\":900,\"height\":1200},{\"@type\":\"BreadcrumbList\",\"@id\":\"https:\/\/b2b.mvgd.pl\/index.php\/produkt\/jonston-harmony-07l-non-alco\/#breadcrumb\",\"itemListElement\":[{\"@type\":\"ListItem\",\"position\":1,\"name\":\"Strona g\u0142\u00f3wna\",\"item\":\"https:\/\/b2b.mvgd.pl\/\"},{\"@type\":\"ListItem\",\"position\":2,\"name\":\"Shop\",\"item\":\"https:\/\/b2b.mvgd.pl\/index.php\/shop\/\"},{\"@type\":\"ListItem\",\"position\":3,\"name\":\"Jonston Harmony 0,7l non-alco.\"}]},{\"@type\":\"WebSite\",\"@id\":\"https:\/\/b2b.mvgd.pl\/#website\",\"url\":\"https:\/\/b2b.mvgd.pl\/\",\"name\":\"B2B MVGD PL\",\"description\":\"\",\"potentialAction\":[{\"@type\":\"SearchAction\",\"target\":{\"@type\":\"EntryPoint\",\"urlTemplate\":\"https:\/\/b2b.mvgd.pl\/?s={search_term_string}\"},\"query-input\":{\"@type\":\"PropertyValueSpecification\",\"valueRequired\":true,\"valueName\":\"search_term_string\"}}],\"inLanguage\":\"pl-PL\"}]}<\/script>\n<!-- \/ Yoast SEO plugin. -->","yoast_head_json":{"title":"Jonston Harmony 0,7l non-alco. - B2B MVGD PL","robots":{"index":"index","follow":"follow","max-snippet":"max-snippet:-1","max-image-preview":"max-image-preview:large","max-video-preview":"max-video-preview:-1"},"canonical":"https:\/\/b2b.mvgd.pl\/index.php\/produkt\/jonston-harmony-07l-non-alco\/","og_locale":"pl_PL","og_type":"article","og_title":"Jonston Harmony 0,7l non-alco. - B2B MVGD PL","og_description":"Rzemie\u015blniczy Nap\u00f3j Bezalkoholowy, alternatywa do ginu.\u202f\u00a0  Dzi\u0119ki wyj\u0105tkowo skomponowanej mieszance botanik\u00f3w i przypraw takich jak ja\u0142owiec, kardamon, arcydziegi\u0119l, sk\u00f3rki z cytryny oraz cedro ).\u00a0  \u00a0Jonston Harmony \u00d8In dostarcza bogatego, ginowego smaku bez alkoholu. Perfekcyjnie balansuje klasyczne koktajle, dodaj\u0105c im wyrazisto\u015bci i charakteru, a jednocze\u015bnie pozwalaj\u0105c cieszy\u0107 si\u0119 pe\u0142ni\u0105 smaku bez ogranicze\u0144.\u202f\u00a0","og_url":"https:\/\/b2b.mvgd.pl\/index.php\/produkt\/jonston-harmony-07l-non-alco\/","og_site_name":"B2B MVGD PL","article_modified_time":"2026-02-16T18:50:29+00:00","twitter_card":"summary_large_image","schema":{"@context":"https:\/\/schema.org","@graph":[{"@type":"WebPage","@id":"https:\/\/b2b.mvgd.pl\/index.php\/produkt\/jonston-harmony-07l-non-alco\/","url":"https:\/\/b2b.mvgd.pl\/index.php\/produkt\/jonston-harmony-07l-non-alco\/","name":"Jonston Harmony 0,7l non-alco. - B2B MVGD PL","isPartOf":{"@id":"https:\/\/b2b.mvgd.pl\/#website"},"primaryImageOfPage":{"@id":"https:\/\/b2b.mvgd.pl\/index.php\/produkt\/jonston-harmony-07l-non-alco\/#primaryimage"},"image":{"@id":"https:\/\/b2b.mvgd.pl\/index.php\/produkt\/jonston-harmony-07l-non-alco\/#primaryimage"},"thumbnailUrl":"https:\/\/b2b.mvgd.pl\/wp-content\/uploads\/2026\/02\/harmoy.png","datePublished":"2026-02-16T18:48:36+00:00","dateModified":"2026-02-16T18:50:29+00:00","breadcrumb":{"@id":"https:\/\/b2b.mvgd.pl\/index.php\/produkt\/jonston-harmony-07l-non-alco\/#breadcrumb"},"inLanguage":"pl-PL","potentialAction":[{"@type":"ReadAction","target":["https:\/\/b2b.mvgd.pl\/index.php\/produkt\/jonston-harmony-07l-non-alco\/"]}]},{"@type":"ImageObject","inLanguage":"pl-PL","@id":"https:\/\/b2b.mvgd.pl\/index.php\/produkt\/jonston-harmony-07l-non-alco\/#primaryimage","url":"https:\/\/b2b.mvgd.pl\/wp-content\/uploads\/2026\/02\/harmoy.png","contentUrl":"https:\/\/b2b.mvgd.pl\/wp-content\/uploads\/2026\/02\/harmoy.png","width":900,"height":1200},{"@type":"BreadcrumbList","@id":"https:\/\/b2b.mvgd.pl\/index.php\/produkt\/jonston-harmony-07l-non-alco\/#breadcrumb","itemListElement":[{"@type":"ListItem","position":1,"name":"Strona g\u0142\u00f3wna","item":"https:\/\/b2b.mvgd.pl\/"},{"@type":"ListItem","position":2,"name":"Shop","item":"https:\/\/b2b.mvgd.pl\/index.php\/shop\/"},{"@type":"ListItem","position":3,"name":"Jonston Harmony 0,7l non-alco."}]},{"@type":"WebSite","@id":"https:\/\/b2b.mvgd.pl\/#website","url":"https:\/\/b2b.mvgd.pl\/","name":"B2B MVGD PL","description":"","potentialAction":[{"@type":"SearchAction","target":{"@type":"EntryPoint","urlTemplate":"https:\/\/b2b.mvgd.pl\/?s={search_term_string}"},"query-input":{"@type":"PropertyValueSpecification","valueRequired":true,"valueName":"search_term_string"}}],"inLanguage":"pl-PL"}]}},"jetpack_sharing_enabled":true,"_links":{"self":[{"href":"https:\/\/b2b.mvgd.pl\/index.php\/wp-json\/wp\/v2\/product\/629","targetHints":{"allow":["GET"]}}],"collection":[{"href":"https:\/\/b2b.mvgd.pl\/index.php\/wp-json\/wp\/v2\/product"}],"about":[{"href":"https:\/\/b2b.mvgd.pl\/index.php\/wp-json\/wp\/v2\/types\/product"}],"replies":[{"embeddable":true,"href":"https:\/\/b2b.mvgd.pl\/index.php\/wp-json\/wp\/v2\/comments?post=629"}],"version-history":[{"count":0,"href":"https:\/\/b2b.mvgd.pl\/index.php\/wp-json\/wp\/v2\/product\/629\/revisions"}],"wp:featuredmedia":[{"embeddable":true,"href":"https:\/\/b2b.mvgd.pl\/index.php\/wp-json\/wp\/v2\/media\/682"}],"wp:attachment":[{"href":"https:\/\/b2b.mvgd.pl\/index.php\/wp-json\/wp\/v2\/media?parent=629"}],"wp:term":[{"taxonomy":"product_brand","embeddable":true,"href":"https:\/\/b2b.mvgd.pl\/index.php\/wp-json\/wp\/v2\/product_brand?post=629"},{"taxonomy":"product_cat","embeddable":true,"href":"https:\/\/b2b.mvgd.pl\/index.php\/wp-json\/wp\/v2\/product_cat?post=629"},{"taxonomy":"product_tag","embeddable":true,"href":"https:\/\/b2b.mvgd.pl\/index.php\/wp-json\/wp\/v2\/product_tag?post=629"}],"curies":[{"name":"wp","href":"https:\/\/api.w.org\/{rel}","templated":true}]}}