{"id":611,"date":"2026-02-16T18:47:50","date_gmt":"2026-02-16T18:47:50","guid":{"rendered":"https:\/\/b2b.mvgd.pl\/?post_type=product&#038;p=611"},"modified":"2026-02-16T18:49:50","modified_gmt":"2026-02-16T18:49:50","slug":"rtd-franklin-sons-1886-cola-leg-rum-02l-5","status":"publish","type":"product","link":"https:\/\/b2b.mvgd.pl\/index.php\/produkt\/rtd-franklin-sons-1886-cola-leg-rum-02l-5\/","title":{"rendered":"\u200b  RTD Franklin &amp; Sons 1886 Cola &amp; Leg rum 0,2l 5%"},"content":{"rendered":"<p>Sekretem \u015bwietnego smaku rumu RedLeg jest dojrzewanie w d\u0119bowych beczkach w po\u0142\u0105czeniu z infuzowaniem jamajskim imbirem i waniliowymi przyprawami. Pierwotnie s\u0142odki zapach zast\u0119powany jest rozgrzewaj\u0105cym imbirowym aromatem. Ta satysfakcjonuj\u0105ca kombinacja s\u0142odyczy i przypraw tworzy rum o niewiarygodnie g\u0142adkim smaku i pozostawia rozgrzewaj\u0105cy finish. \u200b \u200b Franklin &amp; Sons po\u0142\u0105czy\u0142 Spiced Rum RedLeg ze swoj\u0105 kultow\u0105 1886 Col\u0105, aby uwydatni\u0107 s\u0142odkie nuty waniliowe, zapewniaj\u0105ce natychmiastowe orze\u017awienie. Gotowy do wypicia koktajl zawiera 5% alkoholu.\u200b<\/p>\n","protected":false},"excerpt":{"rendered":"<p>Sekretem \u015bwietnego smaku rumu RedLeg jest dojrzewanie w d\u0119bowych beczkach w po\u0142\u0105czeniu z infuzowaniem jamajskim imbirem i waniliowymi przyprawami. Pierwotnie s\u0142odki zapach zast\u0119powany jest rozgrzewaj\u0105cym imbirowym aromatem. Ta satysfakcjonuj\u0105ca kombinacja s\u0142odyczy i przypraw tworzy rum o niewiarygodnie g\u0142adkim smaku i pozostawia rozgrzewaj\u0105cy finish. \u200b \u200b Franklin &amp; Sons po\u0142\u0105czy\u0142 Spiced Rum RedLeg ze swoj\u0105 kultow\u0105 1886 Col\u0105, aby uwydatni\u0107 s\u0142odkie nuty waniliowe, zapewniaj\u0105ce natychmiastowe orze\u017awienie. Gotowy do wypicia koktajl zawiera 5% alkoholu.\u200b<\/p>\n","protected":false},"featured_media":672,"comment_status":"open","ping_status":"closed","template":"","meta":[],"product_brand":[],"product_cat":[203],"product_tag":[440,206],"class_list":{"0":"post-611","1":"product","2":"type-product","3":"status-publish","4":"has-post-thumbnail","6":"product_cat-rtd","7":"product_tag-franklin-sons","8":"product_tag-rtd","10":"first","11":"instock","12":"shipping-taxable","13":"purchasable","14":"product-type-simple"},"yoast_head":"<!-- This site is optimized with the Yoast SEO plugin v26.9 - https:\/\/yoast.com\/product\/yoast-seo-wordpress\/ -->\n<title>\u200b RTD Franklin &amp; Sons 1886 Cola &amp; Leg rum 0,2l 5% - B2B MVGD PL<\/title>\n<meta name=\"robots\" content=\"index, follow, max-snippet:-1, max-image-preview:large, max-video-preview:-1\" \/>\n<link rel=\"canonical\" href=\"https:\/\/b2b.mvgd.pl\/index.php\/produkt\/rtd-franklin-sons-1886-cola-leg-rum-02l-5\/\" \/>\n<meta property=\"og:locale\" content=\"pl_PL\" \/>\n<meta property=\"og:type\" content=\"article\" \/>\n<meta property=\"og:title\" content=\"\u200b RTD Franklin &amp; Sons 1886 Cola &amp; Leg rum 0,2l 5% - B2B MVGD PL\" \/>\n<meta property=\"og:description\" content=\"Sekretem \u015bwietnego smaku rumu RedLeg jest dojrzewanie w d\u0119bowych beczkach w po\u0142\u0105czeniu z infuzowaniem jamajskim imbirem i waniliowymi przyprawami. Pierwotnie s\u0142odki zapach zast\u0119powany jest rozgrzewaj\u0105cym imbirowym aromatem. Ta satysfakcjonuj\u0105ca kombinacja s\u0142odyczy i przypraw tworzy rum o niewiarygodnie g\u0142adkim smaku i pozostawia rozgrzewaj\u0105cy finish. \u200b \u200b Franklin &amp; Sons po\u0142\u0105czy\u0142 Spiced Rum RedLeg ze swoj\u0105 kultow\u0105 1886 Col\u0105, aby uwydatni\u0107 s\u0142odkie nuty waniliowe, zapewniaj\u0105ce natychmiastowe orze\u017awienie. Gotowy do wypicia koktajl zawiera 5% alkoholu.\u200b\" \/>\n<meta property=\"og:url\" content=\"https:\/\/b2b.mvgd.pl\/index.php\/produkt\/rtd-franklin-sons-1886-cola-leg-rum-02l-5\/\" \/>\n<meta property=\"og:site_name\" content=\"B2B MVGD PL\" \/>\n<meta property=\"article:modified_time\" content=\"2026-02-16T18:49:50+00:00\" \/>\n<meta name=\"twitter:card\" content=\"summary_large_image\" \/>\n<script type=\"application\/ld+json\" class=\"yoast-schema-graph\">{\"@context\":\"https:\/\/schema.org\",\"@graph\":[{\"@type\":\"WebPage\",\"@id\":\"https:\/\/b2b.mvgd.pl\/index.php\/produkt\/rtd-franklin-sons-1886-cola-leg-rum-02l-5\/\",\"url\":\"https:\/\/b2b.mvgd.pl\/index.php\/produkt\/rtd-franklin-sons-1886-cola-leg-rum-02l-5\/\",\"name\":\"\u200b RTD Franklin &amp; Sons 1886 Cola &amp; Leg rum 0,2l 5% - B2B MVGD PL\",\"isPartOf\":{\"@id\":\"https:\/\/b2b.mvgd.pl\/#website\"},\"primaryImageOfPage\":{\"@id\":\"https:\/\/b2b.mvgd.pl\/index.php\/produkt\/rtd-franklin-sons-1886-cola-leg-rum-02l-5\/#primaryimage\"},\"image\":{\"@id\":\"https:\/\/b2b.mvgd.pl\/index.php\/produkt\/rtd-franklin-sons-1886-cola-leg-rum-02l-5\/#primaryimage\"},\"thumbnailUrl\":\"https:\/\/b2b.mvgd.pl\/wp-content\/uploads\/2026\/02\/red_leg.png\",\"datePublished\":\"2026-02-16T18:47:50+00:00\",\"dateModified\":\"2026-02-16T18:49:50+00:00\",\"breadcrumb\":{\"@id\":\"https:\/\/b2b.mvgd.pl\/index.php\/produkt\/rtd-franklin-sons-1886-cola-leg-rum-02l-5\/#breadcrumb\"},\"inLanguage\":\"pl-PL\",\"potentialAction\":[{\"@type\":\"ReadAction\",\"target\":[\"https:\/\/b2b.mvgd.pl\/index.php\/produkt\/rtd-franklin-sons-1886-cola-leg-rum-02l-5\/\"]}]},{\"@type\":\"ImageObject\",\"inLanguage\":\"pl-PL\",\"@id\":\"https:\/\/b2b.mvgd.pl\/index.php\/produkt\/rtd-franklin-sons-1886-cola-leg-rum-02l-5\/#primaryimage\",\"url\":\"https:\/\/b2b.mvgd.pl\/wp-content\/uploads\/2026\/02\/red_leg.png\",\"contentUrl\":\"https:\/\/b2b.mvgd.pl\/wp-content\/uploads\/2026\/02\/red_leg.png\",\"width\":900,\"height\":1200},{\"@type\":\"BreadcrumbList\",\"@id\":\"https:\/\/b2b.mvgd.pl\/index.php\/produkt\/rtd-franklin-sons-1886-cola-leg-rum-02l-5\/#breadcrumb\",\"itemListElement\":[{\"@type\":\"ListItem\",\"position\":1,\"name\":\"Strona g\u0142\u00f3wna\",\"item\":\"https:\/\/b2b.mvgd.pl\/\"},{\"@type\":\"ListItem\",\"position\":2,\"name\":\"Shop\",\"item\":\"https:\/\/b2b.mvgd.pl\/index.php\/shop\/\"},{\"@type\":\"ListItem\",\"position\":3,\"name\":\"\u200b RTD Franklin &amp; Sons 1886 Cola &amp; Leg rum 0,2l 5%\"}]},{\"@type\":\"WebSite\",\"@id\":\"https:\/\/b2b.mvgd.pl\/#website\",\"url\":\"https:\/\/b2b.mvgd.pl\/\",\"name\":\"B2B MVGD PL\",\"description\":\"\",\"potentialAction\":[{\"@type\":\"SearchAction\",\"target\":{\"@type\":\"EntryPoint\",\"urlTemplate\":\"https:\/\/b2b.mvgd.pl\/?s={search_term_string}\"},\"query-input\":{\"@type\":\"PropertyValueSpecification\",\"valueRequired\":true,\"valueName\":\"search_term_string\"}}],\"inLanguage\":\"pl-PL\"}]}<\/script>\n<!-- \/ Yoast SEO plugin. -->","yoast_head_json":{"title":"\u200b RTD Franklin &amp; Sons 1886 Cola &amp; Leg rum 0,2l 5% - B2B MVGD PL","robots":{"index":"index","follow":"follow","max-snippet":"max-snippet:-1","max-image-preview":"max-image-preview:large","max-video-preview":"max-video-preview:-1"},"canonical":"https:\/\/b2b.mvgd.pl\/index.php\/produkt\/rtd-franklin-sons-1886-cola-leg-rum-02l-5\/","og_locale":"pl_PL","og_type":"article","og_title":"\u200b RTD Franklin &amp; Sons 1886 Cola &amp; Leg rum 0,2l 5% - B2B MVGD PL","og_description":"Sekretem \u015bwietnego smaku rumu RedLeg jest dojrzewanie w d\u0119bowych beczkach w po\u0142\u0105czeniu z infuzowaniem jamajskim imbirem i waniliowymi przyprawami. Pierwotnie s\u0142odki zapach zast\u0119powany jest rozgrzewaj\u0105cym imbirowym aromatem. Ta satysfakcjonuj\u0105ca kombinacja s\u0142odyczy i przypraw tworzy rum o niewiarygodnie g\u0142adkim smaku i pozostawia rozgrzewaj\u0105cy finish. \u200b \u200b Franklin &amp; Sons po\u0142\u0105czy\u0142 Spiced Rum RedLeg ze swoj\u0105 kultow\u0105 1886 Col\u0105, aby uwydatni\u0107 s\u0142odkie nuty waniliowe, zapewniaj\u0105ce natychmiastowe orze\u017awienie. Gotowy do wypicia koktajl zawiera 5% alkoholu.\u200b","og_url":"https:\/\/b2b.mvgd.pl\/index.php\/produkt\/rtd-franklin-sons-1886-cola-leg-rum-02l-5\/","og_site_name":"B2B MVGD PL","article_modified_time":"2026-02-16T18:49:50+00:00","twitter_card":"summary_large_image","schema":{"@context":"https:\/\/schema.org","@graph":[{"@type":"WebPage","@id":"https:\/\/b2b.mvgd.pl\/index.php\/produkt\/rtd-franklin-sons-1886-cola-leg-rum-02l-5\/","url":"https:\/\/b2b.mvgd.pl\/index.php\/produkt\/rtd-franklin-sons-1886-cola-leg-rum-02l-5\/","name":"\u200b RTD Franklin &amp; Sons 1886 Cola &amp; Leg rum 0,2l 5% - B2B MVGD PL","isPartOf":{"@id":"https:\/\/b2b.mvgd.pl\/#website"},"primaryImageOfPage":{"@id":"https:\/\/b2b.mvgd.pl\/index.php\/produkt\/rtd-franklin-sons-1886-cola-leg-rum-02l-5\/#primaryimage"},"image":{"@id":"https:\/\/b2b.mvgd.pl\/index.php\/produkt\/rtd-franklin-sons-1886-cola-leg-rum-02l-5\/#primaryimage"},"thumbnailUrl":"https:\/\/b2b.mvgd.pl\/wp-content\/uploads\/2026\/02\/red_leg.png","datePublished":"2026-02-16T18:47:50+00:00","dateModified":"2026-02-16T18:49:50+00:00","breadcrumb":{"@id":"https:\/\/b2b.mvgd.pl\/index.php\/produkt\/rtd-franklin-sons-1886-cola-leg-rum-02l-5\/#breadcrumb"},"inLanguage":"pl-PL","potentialAction":[{"@type":"ReadAction","target":["https:\/\/b2b.mvgd.pl\/index.php\/produkt\/rtd-franklin-sons-1886-cola-leg-rum-02l-5\/"]}]},{"@type":"ImageObject","inLanguage":"pl-PL","@id":"https:\/\/b2b.mvgd.pl\/index.php\/produkt\/rtd-franklin-sons-1886-cola-leg-rum-02l-5\/#primaryimage","url":"https:\/\/b2b.mvgd.pl\/wp-content\/uploads\/2026\/02\/red_leg.png","contentUrl":"https:\/\/b2b.mvgd.pl\/wp-content\/uploads\/2026\/02\/red_leg.png","width":900,"height":1200},{"@type":"BreadcrumbList","@id":"https:\/\/b2b.mvgd.pl\/index.php\/produkt\/rtd-franklin-sons-1886-cola-leg-rum-02l-5\/#breadcrumb","itemListElement":[{"@type":"ListItem","position":1,"name":"Strona g\u0142\u00f3wna","item":"https:\/\/b2b.mvgd.pl\/"},{"@type":"ListItem","position":2,"name":"Shop","item":"https:\/\/b2b.mvgd.pl\/index.php\/shop\/"},{"@type":"ListItem","position":3,"name":"\u200b RTD Franklin &amp; Sons 1886 Cola &amp; Leg rum 0,2l 5%"}]},{"@type":"WebSite","@id":"https:\/\/b2b.mvgd.pl\/#website","url":"https:\/\/b2b.mvgd.pl\/","name":"B2B MVGD PL","description":"","potentialAction":[{"@type":"SearchAction","target":{"@type":"EntryPoint","urlTemplate":"https:\/\/b2b.mvgd.pl\/?s={search_term_string}"},"query-input":{"@type":"PropertyValueSpecification","valueRequired":true,"valueName":"search_term_string"}}],"inLanguage":"pl-PL"}]}},"jetpack_sharing_enabled":true,"_links":{"self":[{"href":"https:\/\/b2b.mvgd.pl\/index.php\/wp-json\/wp\/v2\/product\/611","targetHints":{"allow":["GET"]}}],"collection":[{"href":"https:\/\/b2b.mvgd.pl\/index.php\/wp-json\/wp\/v2\/product"}],"about":[{"href":"https:\/\/b2b.mvgd.pl\/index.php\/wp-json\/wp\/v2\/types\/product"}],"replies":[{"embeddable":true,"href":"https:\/\/b2b.mvgd.pl\/index.php\/wp-json\/wp\/v2\/comments?post=611"}],"version-history":[{"count":0,"href":"https:\/\/b2b.mvgd.pl\/index.php\/wp-json\/wp\/v2\/product\/611\/revisions"}],"wp:featuredmedia":[{"embeddable":true,"href":"https:\/\/b2b.mvgd.pl\/index.php\/wp-json\/wp\/v2\/media\/672"}],"wp:attachment":[{"href":"https:\/\/b2b.mvgd.pl\/index.php\/wp-json\/wp\/v2\/media?parent=611"}],"wp:term":[{"taxonomy":"product_brand","embeddable":true,"href":"https:\/\/b2b.mvgd.pl\/index.php\/wp-json\/wp\/v2\/product_brand?post=611"},{"taxonomy":"product_cat","embeddable":true,"href":"https:\/\/b2b.mvgd.pl\/index.php\/wp-json\/wp\/v2\/product_cat?post=611"},{"taxonomy":"product_tag","embeddable":true,"href":"https:\/\/b2b.mvgd.pl\/index.php\/wp-json\/wp\/v2\/product_tag?post=611"}],"curies":[{"name":"wp","href":"https:\/\/api.w.org\/{rel}","templated":true}]}}