{"id":585,"date":"2026-02-16T18:47:00","date_gmt":"2026-02-16T18:47:00","guid":{"rendered":"https:\/\/b2b.mvgd.pl\/?post_type=product&#038;p=585"},"modified":"2026-02-16T18:48:57","modified_gmt":"2026-02-16T18:48:57","slug":"volare-apricot-brandy-07l-22","status":"publish","type":"product","link":"https:\/\/b2b.mvgd.pl\/index.php\/produkt\/volare-apricot-brandy-07l-22\/","title":{"rendered":"Volare Apricot brandy 0,7l 22%"},"content":{"rendered":"","protected":false},"excerpt":{"rendered":"<p>Likier otrzymywany ze specyficznej obr\u00f3bki dojrza\u0142ych moreli, kultowego w\u0142oskiego owocu. Morele macerowane s\u0105 w alkoholu, a nast\u0119pnie destylowane. Obr\u00f3bka pozwala na uwolnienie wszystkich w\u0142a\u015bciwo\u015bci owoc\u00f3w. Idealny do koktajli lub innych mieszanych napoj\u00f3w<\/p>\n","protected":false},"featured_media":639,"comment_status":"open","ping_status":"closed","template":"","meta":[],"product_brand":[],"product_cat":[428],"product_tag":[429,766],"class_list":{"0":"post-585","1":"product","2":"type-product","3":"status-publish","4":"has-post-thumbnail","6":"product_cat-likiery","7":"product_tag-likier","8":"product_tag-volare","10":"first","11":"instock","12":"shipping-taxable","13":"purchasable","14":"product-type-simple"},"yoast_head":"<!-- This site is optimized with the Yoast SEO plugin v26.9 - https:\/\/yoast.com\/product\/yoast-seo-wordpress\/ -->\n<title>Volare Apricot brandy 0,7l 22% - B2B MVGD PL<\/title>\n<meta name=\"robots\" content=\"index, follow, max-snippet:-1, max-image-preview:large, max-video-preview:-1\" \/>\n<link rel=\"canonical\" href=\"https:\/\/b2b.mvgd.pl\/index.php\/produkt\/volare-apricot-brandy-07l-22\/\" \/>\n<meta property=\"og:locale\" content=\"pl_PL\" \/>\n<meta property=\"og:type\" content=\"article\" \/>\n<meta property=\"og:title\" content=\"Volare Apricot brandy 0,7l 22% - B2B MVGD PL\" \/>\n<meta property=\"og:description\" content=\"Likier otrzymywany ze specyficznej obr\u00f3bki dojrza\u0142ych moreli, kultowego w\u0142oskiego owocu. Morele macerowane s\u0105 w alkoholu, a nast\u0119pnie destylowane. Obr\u00f3bka pozwala na uwolnienie wszystkich w\u0142a\u015bciwo\u015bci owoc\u00f3w. Idealny do koktajli lub innych mieszanych napoj\u00f3w\" \/>\n<meta property=\"og:url\" content=\"https:\/\/b2b.mvgd.pl\/index.php\/produkt\/volare-apricot-brandy-07l-22\/\" \/>\n<meta property=\"og:site_name\" content=\"B2B MVGD PL\" \/>\n<meta property=\"article:modified_time\" content=\"2026-02-16T18:48:57+00:00\" \/>\n<meta name=\"twitter:card\" content=\"summary_large_image\" \/>\n<script type=\"application\/ld+json\" class=\"yoast-schema-graph\">{\"@context\":\"https:\/\/schema.org\",\"@graph\":[{\"@type\":\"WebPage\",\"@id\":\"https:\/\/b2b.mvgd.pl\/index.php\/produkt\/volare-apricot-brandy-07l-22\/\",\"url\":\"https:\/\/b2b.mvgd.pl\/index.php\/produkt\/volare-apricot-brandy-07l-22\/\",\"name\":\"Volare Apricot brandy 0,7l 22% - B2B MVGD PL\",\"isPartOf\":{\"@id\":\"https:\/\/b2b.mvgd.pl\/#website\"},\"primaryImageOfPage\":{\"@id\":\"https:\/\/b2b.mvgd.pl\/index.php\/produkt\/volare-apricot-brandy-07l-22\/#primaryimage\"},\"image\":{\"@id\":\"https:\/\/b2b.mvgd.pl\/index.php\/produkt\/volare-apricot-brandy-07l-22\/#primaryimage\"},\"thumbnailUrl\":\"https:\/\/b2b.mvgd.pl\/wp-content\/uploads\/2026\/02\/apricot-brandy-.png\",\"datePublished\":\"2026-02-16T18:47:00+00:00\",\"dateModified\":\"2026-02-16T18:48:57+00:00\",\"breadcrumb\":{\"@id\":\"https:\/\/b2b.mvgd.pl\/index.php\/produkt\/volare-apricot-brandy-07l-22\/#breadcrumb\"},\"inLanguage\":\"pl-PL\",\"potentialAction\":[{\"@type\":\"ReadAction\",\"target\":[\"https:\/\/b2b.mvgd.pl\/index.php\/produkt\/volare-apricot-brandy-07l-22\/\"]}]},{\"@type\":\"ImageObject\",\"inLanguage\":\"pl-PL\",\"@id\":\"https:\/\/b2b.mvgd.pl\/index.php\/produkt\/volare-apricot-brandy-07l-22\/#primaryimage\",\"url\":\"https:\/\/b2b.mvgd.pl\/wp-content\/uploads\/2026\/02\/apricot-brandy-.png\",\"contentUrl\":\"https:\/\/b2b.mvgd.pl\/wp-content\/uploads\/2026\/02\/apricot-brandy-.png\",\"width\":900,\"height\":1200},{\"@type\":\"BreadcrumbList\",\"@id\":\"https:\/\/b2b.mvgd.pl\/index.php\/produkt\/volare-apricot-brandy-07l-22\/#breadcrumb\",\"itemListElement\":[{\"@type\":\"ListItem\",\"position\":1,\"name\":\"Strona g\u0142\u00f3wna\",\"item\":\"https:\/\/b2b.mvgd.pl\/\"},{\"@type\":\"ListItem\",\"position\":2,\"name\":\"Shop\",\"item\":\"https:\/\/b2b.mvgd.pl\/index.php\/shop\/\"},{\"@type\":\"ListItem\",\"position\":3,\"name\":\"Volare Apricot brandy 0,7l 22%\"}]},{\"@type\":\"WebSite\",\"@id\":\"https:\/\/b2b.mvgd.pl\/#website\",\"url\":\"https:\/\/b2b.mvgd.pl\/\",\"name\":\"B2B MVGD PL\",\"description\":\"\",\"potentialAction\":[{\"@type\":\"SearchAction\",\"target\":{\"@type\":\"EntryPoint\",\"urlTemplate\":\"https:\/\/b2b.mvgd.pl\/?s={search_term_string}\"},\"query-input\":{\"@type\":\"PropertyValueSpecification\",\"valueRequired\":true,\"valueName\":\"search_term_string\"}}],\"inLanguage\":\"pl-PL\"}]}<\/script>\n<!-- \/ Yoast SEO plugin. -->","yoast_head_json":{"title":"Volare Apricot brandy 0,7l 22% - B2B MVGD PL","robots":{"index":"index","follow":"follow","max-snippet":"max-snippet:-1","max-image-preview":"max-image-preview:large","max-video-preview":"max-video-preview:-1"},"canonical":"https:\/\/b2b.mvgd.pl\/index.php\/produkt\/volare-apricot-brandy-07l-22\/","og_locale":"pl_PL","og_type":"article","og_title":"Volare Apricot brandy 0,7l 22% - B2B MVGD PL","og_description":"Likier otrzymywany ze specyficznej obr\u00f3bki dojrza\u0142ych moreli, kultowego w\u0142oskiego owocu. Morele macerowane s\u0105 w alkoholu, a nast\u0119pnie destylowane. Obr\u00f3bka pozwala na uwolnienie wszystkich w\u0142a\u015bciwo\u015bci owoc\u00f3w. Idealny do koktajli lub innych mieszanych napoj\u00f3w","og_url":"https:\/\/b2b.mvgd.pl\/index.php\/produkt\/volare-apricot-brandy-07l-22\/","og_site_name":"B2B MVGD PL","article_modified_time":"2026-02-16T18:48:57+00:00","twitter_card":"summary_large_image","schema":{"@context":"https:\/\/schema.org","@graph":[{"@type":"WebPage","@id":"https:\/\/b2b.mvgd.pl\/index.php\/produkt\/volare-apricot-brandy-07l-22\/","url":"https:\/\/b2b.mvgd.pl\/index.php\/produkt\/volare-apricot-brandy-07l-22\/","name":"Volare Apricot brandy 0,7l 22% - B2B MVGD PL","isPartOf":{"@id":"https:\/\/b2b.mvgd.pl\/#website"},"primaryImageOfPage":{"@id":"https:\/\/b2b.mvgd.pl\/index.php\/produkt\/volare-apricot-brandy-07l-22\/#primaryimage"},"image":{"@id":"https:\/\/b2b.mvgd.pl\/index.php\/produkt\/volare-apricot-brandy-07l-22\/#primaryimage"},"thumbnailUrl":"https:\/\/b2b.mvgd.pl\/wp-content\/uploads\/2026\/02\/apricot-brandy-.png","datePublished":"2026-02-16T18:47:00+00:00","dateModified":"2026-02-16T18:48:57+00:00","breadcrumb":{"@id":"https:\/\/b2b.mvgd.pl\/index.php\/produkt\/volare-apricot-brandy-07l-22\/#breadcrumb"},"inLanguage":"pl-PL","potentialAction":[{"@type":"ReadAction","target":["https:\/\/b2b.mvgd.pl\/index.php\/produkt\/volare-apricot-brandy-07l-22\/"]}]},{"@type":"ImageObject","inLanguage":"pl-PL","@id":"https:\/\/b2b.mvgd.pl\/index.php\/produkt\/volare-apricot-brandy-07l-22\/#primaryimage","url":"https:\/\/b2b.mvgd.pl\/wp-content\/uploads\/2026\/02\/apricot-brandy-.png","contentUrl":"https:\/\/b2b.mvgd.pl\/wp-content\/uploads\/2026\/02\/apricot-brandy-.png","width":900,"height":1200},{"@type":"BreadcrumbList","@id":"https:\/\/b2b.mvgd.pl\/index.php\/produkt\/volare-apricot-brandy-07l-22\/#breadcrumb","itemListElement":[{"@type":"ListItem","position":1,"name":"Strona g\u0142\u00f3wna","item":"https:\/\/b2b.mvgd.pl\/"},{"@type":"ListItem","position":2,"name":"Shop","item":"https:\/\/b2b.mvgd.pl\/index.php\/shop\/"},{"@type":"ListItem","position":3,"name":"Volare Apricot brandy 0,7l 22%"}]},{"@type":"WebSite","@id":"https:\/\/b2b.mvgd.pl\/#website","url":"https:\/\/b2b.mvgd.pl\/","name":"B2B MVGD PL","description":"","potentialAction":[{"@type":"SearchAction","target":{"@type":"EntryPoint","urlTemplate":"https:\/\/b2b.mvgd.pl\/?s={search_term_string}"},"query-input":{"@type":"PropertyValueSpecification","valueRequired":true,"valueName":"search_term_string"}}],"inLanguage":"pl-PL"}]}},"jetpack_sharing_enabled":true,"_links":{"self":[{"href":"https:\/\/b2b.mvgd.pl\/index.php\/wp-json\/wp\/v2\/product\/585","targetHints":{"allow":["GET"]}}],"collection":[{"href":"https:\/\/b2b.mvgd.pl\/index.php\/wp-json\/wp\/v2\/product"}],"about":[{"href":"https:\/\/b2b.mvgd.pl\/index.php\/wp-json\/wp\/v2\/types\/product"}],"replies":[{"embeddable":true,"href":"https:\/\/b2b.mvgd.pl\/index.php\/wp-json\/wp\/v2\/comments?post=585"}],"version-history":[{"count":0,"href":"https:\/\/b2b.mvgd.pl\/index.php\/wp-json\/wp\/v2\/product\/585\/revisions"}],"wp:featuredmedia":[{"embeddable":true,"href":"https:\/\/b2b.mvgd.pl\/index.php\/wp-json\/wp\/v2\/media\/639"}],"wp:attachment":[{"href":"https:\/\/b2b.mvgd.pl\/index.php\/wp-json\/wp\/v2\/media?parent=585"}],"wp:term":[{"taxonomy":"product_brand","embeddable":true,"href":"https:\/\/b2b.mvgd.pl\/index.php\/wp-json\/wp\/v2\/product_brand?post=585"},{"taxonomy":"product_cat","embeddable":true,"href":"https:\/\/b2b.mvgd.pl\/index.php\/wp-json\/wp\/v2\/product_cat?post=585"},{"taxonomy":"product_tag","embeddable":true,"href":"https:\/\/b2b.mvgd.pl\/index.php\/wp-json\/wp\/v2\/product_tag?post=585"}],"curies":[{"name":"wp","href":"https:\/\/api.w.org\/{rel}","templated":true}]}}