{"id":571,"date":"2026-02-16T18:46:36","date_gmt":"2026-02-16T18:46:36","guid":{"rendered":"https:\/\/b2b.mvgd.pl\/?post_type=product&#038;p=571"},"modified":"2026-02-16T18:48:24","modified_gmt":"2026-02-16T18:48:24","slug":"voruta-sparkling-blossom-cornflower","status":"publish","type":"product","link":"https:\/\/b2b.mvgd.pl\/index.php\/produkt\/voruta-sparkling-blossom-cornflower\/","title":{"rendered":"Voruta Sparkling Blossom Cornflower"},"content":{"rendered":"<p>Serwowanie: Jako aperitif lub z lekkimi przek\u0105skami, podawany sch\u0142odzony do 8\u00b0C w szerokiej szklance z kostkami lodu, dekorowany li\u015b\u0107mi mi\u0119ty lub \u015bwie\u017cymi owocami<\/p>\n<p>Szczep: jab\u0142ka, \u015bliwki, kwiat chabru<\/p>\n<p>&nbsp;<\/p>\n","protected":false},"excerpt":{"rendered":"<p>To wino zachwyca lekko\u015bci\u0105 i orze\u017awieniem, oferuj\u0105c subtelny owocowy aromat. Idealny jako aperitif lub do lekkich przek\u0105sek, najlepiej serwowa\u0107 go sch\u0142odzonego do 8\u00b0C. Podawaj w szerokiej szklance z kostkami lodu, udekorowanej li\u015b\u0107mi mi\u0119ty lub \u015bwie\u017cymi owocami, aby w pe\u0142ni podkre\u015bli\u0107 jego smakowito\u015b\u0107.<\/p>\n","protected":false},"featured_media":625,"comment_status":"open","ping_status":"closed","template":"","meta":[],"product_brand":[],"product_cat":[231,16],"product_tag":[728,729,733,700,731,701,732,702,320],"class_list":{"0":"post-571","1":"product","2":"type-product","3":"status-publish","4":"has-post-thumbnail","6":"product_cat-litwa","7":"product_cat-wina-musujace","8":"product_tag-blossom","9":"product_tag-blossom-white","10":"product_tag-cornflower","11":"product_tag-litwa","12":"product_tag-musujace","13":"product_tag-owocowe","14":"product_tag-sparkling","15":"product_tag-voruta","16":"product_tag-wino","18":"first","19":"instock","20":"shipping-taxable","21":"purchasable","22":"product-type-simple"},"yoast_head":"<!-- This site is optimized with the Yoast SEO plugin v26.9 - https:\/\/yoast.com\/product\/yoast-seo-wordpress\/ -->\n<title>Voruta Sparkling Blossom Cornflower - B2B MVGD PL<\/title>\n<meta name=\"robots\" content=\"index, follow, max-snippet:-1, max-image-preview:large, max-video-preview:-1\" \/>\n<link rel=\"canonical\" href=\"https:\/\/b2b.mvgd.pl\/index.php\/produkt\/voruta-sparkling-blossom-cornflower\/\" \/>\n<meta property=\"og:locale\" content=\"pl_PL\" \/>\n<meta property=\"og:type\" content=\"article\" \/>\n<meta property=\"og:title\" content=\"Voruta Sparkling Blossom Cornflower - B2B MVGD PL\" \/>\n<meta property=\"og:description\" content=\"To wino zachwyca lekko\u015bci\u0105 i orze\u017awieniem, oferuj\u0105c subtelny owocowy aromat. Idealny jako aperitif lub do lekkich przek\u0105sek, najlepiej serwowa\u0107 go sch\u0142odzonego do 8\u00b0C. Podawaj w szerokiej szklance z kostkami lodu, udekorowanej li\u015b\u0107mi mi\u0119ty lub \u015bwie\u017cymi owocami, aby w pe\u0142ni podkre\u015bli\u0107 jego smakowito\u015b\u0107.\" \/>\n<meta property=\"og:url\" content=\"https:\/\/b2b.mvgd.pl\/index.php\/produkt\/voruta-sparkling-blossom-cornflower\/\" \/>\n<meta property=\"og:site_name\" content=\"B2B MVGD PL\" \/>\n<meta property=\"article:modified_time\" content=\"2026-02-16T18:48:24+00:00\" \/>\n<meta name=\"twitter:card\" content=\"summary_large_image\" \/>\n<script type=\"application\/ld+json\" class=\"yoast-schema-graph\">{\"@context\":\"https:\/\/schema.org\",\"@graph\":[{\"@type\":\"WebPage\",\"@id\":\"https:\/\/b2b.mvgd.pl\/index.php\/produkt\/voruta-sparkling-blossom-cornflower\/\",\"url\":\"https:\/\/b2b.mvgd.pl\/index.php\/produkt\/voruta-sparkling-blossom-cornflower\/\",\"name\":\"Voruta Sparkling Blossom Cornflower - B2B MVGD PL\",\"isPartOf\":{\"@id\":\"https:\/\/b2b.mvgd.pl\/#website\"},\"primaryImageOfPage\":{\"@id\":\"https:\/\/b2b.mvgd.pl\/index.php\/produkt\/voruta-sparkling-blossom-cornflower\/#primaryimage\"},\"image\":{\"@id\":\"https:\/\/b2b.mvgd.pl\/index.php\/produkt\/voruta-sparkling-blossom-cornflower\/#primaryimage\"},\"thumbnailUrl\":\"https:\/\/b2b.mvgd.pl\/wp-content\/uploads\/2026\/02\/41537023_002.png\",\"datePublished\":\"2026-02-16T18:46:36+00:00\",\"dateModified\":\"2026-02-16T18:48:24+00:00\",\"breadcrumb\":{\"@id\":\"https:\/\/b2b.mvgd.pl\/index.php\/produkt\/voruta-sparkling-blossom-cornflower\/#breadcrumb\"},\"inLanguage\":\"pl-PL\",\"potentialAction\":[{\"@type\":\"ReadAction\",\"target\":[\"https:\/\/b2b.mvgd.pl\/index.php\/produkt\/voruta-sparkling-blossom-cornflower\/\"]}]},{\"@type\":\"ImageObject\",\"inLanguage\":\"pl-PL\",\"@id\":\"https:\/\/b2b.mvgd.pl\/index.php\/produkt\/voruta-sparkling-blossom-cornflower\/#primaryimage\",\"url\":\"https:\/\/b2b.mvgd.pl\/wp-content\/uploads\/2026\/02\/41537023_002.png\",\"contentUrl\":\"https:\/\/b2b.mvgd.pl\/wp-content\/uploads\/2026\/02\/41537023_002.png\",\"width\":900,\"height\":1200},{\"@type\":\"BreadcrumbList\",\"@id\":\"https:\/\/b2b.mvgd.pl\/index.php\/produkt\/voruta-sparkling-blossom-cornflower\/#breadcrumb\",\"itemListElement\":[{\"@type\":\"ListItem\",\"position\":1,\"name\":\"Strona g\u0142\u00f3wna\",\"item\":\"https:\/\/b2b.mvgd.pl\/\"},{\"@type\":\"ListItem\",\"position\":2,\"name\":\"Shop\",\"item\":\"https:\/\/b2b.mvgd.pl\/index.php\/shop\/\"},{\"@type\":\"ListItem\",\"position\":3,\"name\":\"Voruta Sparkling Blossom Cornflower\"}]},{\"@type\":\"WebSite\",\"@id\":\"https:\/\/b2b.mvgd.pl\/#website\",\"url\":\"https:\/\/b2b.mvgd.pl\/\",\"name\":\"B2B MVGD PL\",\"description\":\"\",\"potentialAction\":[{\"@type\":\"SearchAction\",\"target\":{\"@type\":\"EntryPoint\",\"urlTemplate\":\"https:\/\/b2b.mvgd.pl\/?s={search_term_string}\"},\"query-input\":{\"@type\":\"PropertyValueSpecification\",\"valueRequired\":true,\"valueName\":\"search_term_string\"}}],\"inLanguage\":\"pl-PL\"}]}<\/script>\n<!-- \/ Yoast SEO plugin. -->","yoast_head_json":{"title":"Voruta Sparkling Blossom Cornflower - B2B MVGD PL","robots":{"index":"index","follow":"follow","max-snippet":"max-snippet:-1","max-image-preview":"max-image-preview:large","max-video-preview":"max-video-preview:-1"},"canonical":"https:\/\/b2b.mvgd.pl\/index.php\/produkt\/voruta-sparkling-blossom-cornflower\/","og_locale":"pl_PL","og_type":"article","og_title":"Voruta Sparkling Blossom Cornflower - B2B MVGD PL","og_description":"To wino zachwyca lekko\u015bci\u0105 i orze\u017awieniem, oferuj\u0105c subtelny owocowy aromat. Idealny jako aperitif lub do lekkich przek\u0105sek, najlepiej serwowa\u0107 go sch\u0142odzonego do 8\u00b0C. Podawaj w szerokiej szklance z kostkami lodu, udekorowanej li\u015b\u0107mi mi\u0119ty lub \u015bwie\u017cymi owocami, aby w pe\u0142ni podkre\u015bli\u0107 jego smakowito\u015b\u0107.","og_url":"https:\/\/b2b.mvgd.pl\/index.php\/produkt\/voruta-sparkling-blossom-cornflower\/","og_site_name":"B2B MVGD PL","article_modified_time":"2026-02-16T18:48:24+00:00","twitter_card":"summary_large_image","schema":{"@context":"https:\/\/schema.org","@graph":[{"@type":"WebPage","@id":"https:\/\/b2b.mvgd.pl\/index.php\/produkt\/voruta-sparkling-blossom-cornflower\/","url":"https:\/\/b2b.mvgd.pl\/index.php\/produkt\/voruta-sparkling-blossom-cornflower\/","name":"Voruta Sparkling Blossom Cornflower - B2B MVGD PL","isPartOf":{"@id":"https:\/\/b2b.mvgd.pl\/#website"},"primaryImageOfPage":{"@id":"https:\/\/b2b.mvgd.pl\/index.php\/produkt\/voruta-sparkling-blossom-cornflower\/#primaryimage"},"image":{"@id":"https:\/\/b2b.mvgd.pl\/index.php\/produkt\/voruta-sparkling-blossom-cornflower\/#primaryimage"},"thumbnailUrl":"https:\/\/b2b.mvgd.pl\/wp-content\/uploads\/2026\/02\/41537023_002.png","datePublished":"2026-02-16T18:46:36+00:00","dateModified":"2026-02-16T18:48:24+00:00","breadcrumb":{"@id":"https:\/\/b2b.mvgd.pl\/index.php\/produkt\/voruta-sparkling-blossom-cornflower\/#breadcrumb"},"inLanguage":"pl-PL","potentialAction":[{"@type":"ReadAction","target":["https:\/\/b2b.mvgd.pl\/index.php\/produkt\/voruta-sparkling-blossom-cornflower\/"]}]},{"@type":"ImageObject","inLanguage":"pl-PL","@id":"https:\/\/b2b.mvgd.pl\/index.php\/produkt\/voruta-sparkling-blossom-cornflower\/#primaryimage","url":"https:\/\/b2b.mvgd.pl\/wp-content\/uploads\/2026\/02\/41537023_002.png","contentUrl":"https:\/\/b2b.mvgd.pl\/wp-content\/uploads\/2026\/02\/41537023_002.png","width":900,"height":1200},{"@type":"BreadcrumbList","@id":"https:\/\/b2b.mvgd.pl\/index.php\/produkt\/voruta-sparkling-blossom-cornflower\/#breadcrumb","itemListElement":[{"@type":"ListItem","position":1,"name":"Strona g\u0142\u00f3wna","item":"https:\/\/b2b.mvgd.pl\/"},{"@type":"ListItem","position":2,"name":"Shop","item":"https:\/\/b2b.mvgd.pl\/index.php\/shop\/"},{"@type":"ListItem","position":3,"name":"Voruta Sparkling Blossom Cornflower"}]},{"@type":"WebSite","@id":"https:\/\/b2b.mvgd.pl\/#website","url":"https:\/\/b2b.mvgd.pl\/","name":"B2B MVGD PL","description":"","potentialAction":[{"@type":"SearchAction","target":{"@type":"EntryPoint","urlTemplate":"https:\/\/b2b.mvgd.pl\/?s={search_term_string}"},"query-input":{"@type":"PropertyValueSpecification","valueRequired":true,"valueName":"search_term_string"}}],"inLanguage":"pl-PL"}]}},"jetpack_sharing_enabled":true,"_links":{"self":[{"href":"https:\/\/b2b.mvgd.pl\/index.php\/wp-json\/wp\/v2\/product\/571","targetHints":{"allow":["GET"]}}],"collection":[{"href":"https:\/\/b2b.mvgd.pl\/index.php\/wp-json\/wp\/v2\/product"}],"about":[{"href":"https:\/\/b2b.mvgd.pl\/index.php\/wp-json\/wp\/v2\/types\/product"}],"replies":[{"embeddable":true,"href":"https:\/\/b2b.mvgd.pl\/index.php\/wp-json\/wp\/v2\/comments?post=571"}],"version-history":[{"count":0,"href":"https:\/\/b2b.mvgd.pl\/index.php\/wp-json\/wp\/v2\/product\/571\/revisions"}],"wp:featuredmedia":[{"embeddable":true,"href":"https:\/\/b2b.mvgd.pl\/index.php\/wp-json\/wp\/v2\/media\/625"}],"wp:attachment":[{"href":"https:\/\/b2b.mvgd.pl\/index.php\/wp-json\/wp\/v2\/media?parent=571"}],"wp:term":[{"taxonomy":"product_brand","embeddable":true,"href":"https:\/\/b2b.mvgd.pl\/index.php\/wp-json\/wp\/v2\/product_brand?post=571"},{"taxonomy":"product_cat","embeddable":true,"href":"https:\/\/b2b.mvgd.pl\/index.php\/wp-json\/wp\/v2\/product_cat?post=571"},{"taxonomy":"product_tag","embeddable":true,"href":"https:\/\/b2b.mvgd.pl\/index.php\/wp-json\/wp\/v2\/product_tag?post=571"}],"curies":[{"name":"wp","href":"https:\/\/api.w.org\/{rel}","templated":true}]}}