{"id":568,"date":"2026-02-16T18:46:35","date_gmt":"2026-02-16T18:46:35","guid":{"rendered":"https:\/\/b2b.mvgd.pl\/?post_type=product&#038;p=568"},"modified":"2026-02-16T18:48:15","modified_gmt":"2026-02-16T18:48:15","slug":"voruta-blossom-white","status":"publish","type":"product","link":"https:\/\/b2b.mvgd.pl\/index.php\/produkt\/voruta-blossom-white\/","title":{"rendered":"Voruta Blossom White"},"content":{"rendered":"<p>Serwowanie: Najlepszy z rybnymi lub warzywnymi daniami, \u0142agodnymi serami lub lekkimi przek\u0105skami Temperatura podania: 8\u00b0C<\/p>\n<p>Szczep: jab\u0142ka, pigwa, kwiat lipy<\/p>\n<p>&nbsp;<\/p>\n","protected":false},"excerpt":{"rendered":"<p>To bia\u0142e wino zachwyca wspania\u0142\u0105 r\u00f3\u017cnorodno\u015bci\u0105 aromat\u00f3w kwiat\u00f3w i lekkich owoc\u00f3w. Idealnie komponuje si\u0119 z rybnymi lub warzywnymi daniami, \u0142agodnymi serami oraz lekkimi przek\u0105skami. Aby w pe\u0142ni cieszy\u0107 si\u0119 jego delikatnym bukietem, serwuj je sch\u0142odzone do 8\u00b0C.<\/p>\n","protected":false},"featured_media":622,"comment_status":"open","ping_status":"closed","template":"","meta":[],"product_brand":[],"product_cat":[698,18],"product_tag":[728,729,700,701,702,320],"class_list":{"0":"post-568","1":"product","2":"type-product","3":"status-publish","4":"has-post-thumbnail","6":"product_cat-litwa-wina","7":"product_cat-wina","8":"product_tag-blossom","9":"product_tag-blossom-white","10":"product_tag-litwa","11":"product_tag-owocowe","12":"product_tag-voruta","13":"product_tag-wino","15":"first","16":"instock","17":"shipping-taxable","18":"purchasable","19":"product-type-simple"},"yoast_head":"<!-- This site is optimized with the Yoast SEO plugin v26.9 - https:\/\/yoast.com\/product\/yoast-seo-wordpress\/ -->\n<title>Voruta Blossom White - B2B MVGD PL<\/title>\n<meta name=\"robots\" content=\"index, follow, max-snippet:-1, max-image-preview:large, max-video-preview:-1\" \/>\n<link rel=\"canonical\" href=\"https:\/\/b2b.mvgd.pl\/index.php\/produkt\/voruta-blossom-white\/\" \/>\n<meta property=\"og:locale\" content=\"pl_PL\" \/>\n<meta property=\"og:type\" content=\"article\" \/>\n<meta property=\"og:title\" content=\"Voruta Blossom White - B2B MVGD PL\" \/>\n<meta property=\"og:description\" content=\"To bia\u0142e wino zachwyca wspania\u0142\u0105 r\u00f3\u017cnorodno\u015bci\u0105 aromat\u00f3w kwiat\u00f3w i lekkich owoc\u00f3w. Idealnie komponuje si\u0119 z rybnymi lub warzywnymi daniami, \u0142agodnymi serami oraz lekkimi przek\u0105skami. Aby w pe\u0142ni cieszy\u0107 si\u0119 jego delikatnym bukietem, serwuj je sch\u0142odzone do 8\u00b0C.\" \/>\n<meta property=\"og:url\" content=\"https:\/\/b2b.mvgd.pl\/index.php\/produkt\/voruta-blossom-white\/\" \/>\n<meta property=\"og:site_name\" content=\"B2B MVGD PL\" \/>\n<meta property=\"article:modified_time\" content=\"2026-02-16T18:48:15+00:00\" \/>\n<meta name=\"twitter:card\" content=\"summary_large_image\" \/>\n<script type=\"application\/ld+json\" class=\"yoast-schema-graph\">{\"@context\":\"https:\/\/schema.org\",\"@graph\":[{\"@type\":\"WebPage\",\"@id\":\"https:\/\/b2b.mvgd.pl\/index.php\/produkt\/voruta-blossom-white\/\",\"url\":\"https:\/\/b2b.mvgd.pl\/index.php\/produkt\/voruta-blossom-white\/\",\"name\":\"Voruta Blossom White - B2B MVGD PL\",\"isPartOf\":{\"@id\":\"https:\/\/b2b.mvgd.pl\/#website\"},\"primaryImageOfPage\":{\"@id\":\"https:\/\/b2b.mvgd.pl\/index.php\/produkt\/voruta-blossom-white\/#primaryimage\"},\"image\":{\"@id\":\"https:\/\/b2b.mvgd.pl\/index.php\/produkt\/voruta-blossom-white\/#primaryimage\"},\"thumbnailUrl\":\"https:\/\/b2b.mvgd.pl\/wp-content\/uploads\/2026\/02\/41627013_002.png\",\"datePublished\":\"2026-02-16T18:46:35+00:00\",\"dateModified\":\"2026-02-16T18:48:15+00:00\",\"breadcrumb\":{\"@id\":\"https:\/\/b2b.mvgd.pl\/index.php\/produkt\/voruta-blossom-white\/#breadcrumb\"},\"inLanguage\":\"pl-PL\",\"potentialAction\":[{\"@type\":\"ReadAction\",\"target\":[\"https:\/\/b2b.mvgd.pl\/index.php\/produkt\/voruta-blossom-white\/\"]}]},{\"@type\":\"ImageObject\",\"inLanguage\":\"pl-PL\",\"@id\":\"https:\/\/b2b.mvgd.pl\/index.php\/produkt\/voruta-blossom-white\/#primaryimage\",\"url\":\"https:\/\/b2b.mvgd.pl\/wp-content\/uploads\/2026\/02\/41627013_002.png\",\"contentUrl\":\"https:\/\/b2b.mvgd.pl\/wp-content\/uploads\/2026\/02\/41627013_002.png\",\"width\":900,\"height\":1200},{\"@type\":\"BreadcrumbList\",\"@id\":\"https:\/\/b2b.mvgd.pl\/index.php\/produkt\/voruta-blossom-white\/#breadcrumb\",\"itemListElement\":[{\"@type\":\"ListItem\",\"position\":1,\"name\":\"Strona g\u0142\u00f3wna\",\"item\":\"https:\/\/b2b.mvgd.pl\/\"},{\"@type\":\"ListItem\",\"position\":2,\"name\":\"Shop\",\"item\":\"https:\/\/b2b.mvgd.pl\/index.php\/shop\/\"},{\"@type\":\"ListItem\",\"position\":3,\"name\":\"Voruta Blossom White\"}]},{\"@type\":\"WebSite\",\"@id\":\"https:\/\/b2b.mvgd.pl\/#website\",\"url\":\"https:\/\/b2b.mvgd.pl\/\",\"name\":\"B2B MVGD PL\",\"description\":\"\",\"potentialAction\":[{\"@type\":\"SearchAction\",\"target\":{\"@type\":\"EntryPoint\",\"urlTemplate\":\"https:\/\/b2b.mvgd.pl\/?s={search_term_string}\"},\"query-input\":{\"@type\":\"PropertyValueSpecification\",\"valueRequired\":true,\"valueName\":\"search_term_string\"}}],\"inLanguage\":\"pl-PL\"}]}<\/script>\n<!-- \/ Yoast SEO plugin. -->","yoast_head_json":{"title":"Voruta Blossom White - B2B MVGD PL","robots":{"index":"index","follow":"follow","max-snippet":"max-snippet:-1","max-image-preview":"max-image-preview:large","max-video-preview":"max-video-preview:-1"},"canonical":"https:\/\/b2b.mvgd.pl\/index.php\/produkt\/voruta-blossom-white\/","og_locale":"pl_PL","og_type":"article","og_title":"Voruta Blossom White - B2B MVGD PL","og_description":"To bia\u0142e wino zachwyca wspania\u0142\u0105 r\u00f3\u017cnorodno\u015bci\u0105 aromat\u00f3w kwiat\u00f3w i lekkich owoc\u00f3w. Idealnie komponuje si\u0119 z rybnymi lub warzywnymi daniami, \u0142agodnymi serami oraz lekkimi przek\u0105skami. Aby w pe\u0142ni cieszy\u0107 si\u0119 jego delikatnym bukietem, serwuj je sch\u0142odzone do 8\u00b0C.","og_url":"https:\/\/b2b.mvgd.pl\/index.php\/produkt\/voruta-blossom-white\/","og_site_name":"B2B MVGD PL","article_modified_time":"2026-02-16T18:48:15+00:00","twitter_card":"summary_large_image","schema":{"@context":"https:\/\/schema.org","@graph":[{"@type":"WebPage","@id":"https:\/\/b2b.mvgd.pl\/index.php\/produkt\/voruta-blossom-white\/","url":"https:\/\/b2b.mvgd.pl\/index.php\/produkt\/voruta-blossom-white\/","name":"Voruta Blossom White - B2B MVGD PL","isPartOf":{"@id":"https:\/\/b2b.mvgd.pl\/#website"},"primaryImageOfPage":{"@id":"https:\/\/b2b.mvgd.pl\/index.php\/produkt\/voruta-blossom-white\/#primaryimage"},"image":{"@id":"https:\/\/b2b.mvgd.pl\/index.php\/produkt\/voruta-blossom-white\/#primaryimage"},"thumbnailUrl":"https:\/\/b2b.mvgd.pl\/wp-content\/uploads\/2026\/02\/41627013_002.png","datePublished":"2026-02-16T18:46:35+00:00","dateModified":"2026-02-16T18:48:15+00:00","breadcrumb":{"@id":"https:\/\/b2b.mvgd.pl\/index.php\/produkt\/voruta-blossom-white\/#breadcrumb"},"inLanguage":"pl-PL","potentialAction":[{"@type":"ReadAction","target":["https:\/\/b2b.mvgd.pl\/index.php\/produkt\/voruta-blossom-white\/"]}]},{"@type":"ImageObject","inLanguage":"pl-PL","@id":"https:\/\/b2b.mvgd.pl\/index.php\/produkt\/voruta-blossom-white\/#primaryimage","url":"https:\/\/b2b.mvgd.pl\/wp-content\/uploads\/2026\/02\/41627013_002.png","contentUrl":"https:\/\/b2b.mvgd.pl\/wp-content\/uploads\/2026\/02\/41627013_002.png","width":900,"height":1200},{"@type":"BreadcrumbList","@id":"https:\/\/b2b.mvgd.pl\/index.php\/produkt\/voruta-blossom-white\/#breadcrumb","itemListElement":[{"@type":"ListItem","position":1,"name":"Strona g\u0142\u00f3wna","item":"https:\/\/b2b.mvgd.pl\/"},{"@type":"ListItem","position":2,"name":"Shop","item":"https:\/\/b2b.mvgd.pl\/index.php\/shop\/"},{"@type":"ListItem","position":3,"name":"Voruta Blossom White"}]},{"@type":"WebSite","@id":"https:\/\/b2b.mvgd.pl\/#website","url":"https:\/\/b2b.mvgd.pl\/","name":"B2B MVGD PL","description":"","potentialAction":[{"@type":"SearchAction","target":{"@type":"EntryPoint","urlTemplate":"https:\/\/b2b.mvgd.pl\/?s={search_term_string}"},"query-input":{"@type":"PropertyValueSpecification","valueRequired":true,"valueName":"search_term_string"}}],"inLanguage":"pl-PL"}]}},"jetpack_sharing_enabled":true,"_links":{"self":[{"href":"https:\/\/b2b.mvgd.pl\/index.php\/wp-json\/wp\/v2\/product\/568","targetHints":{"allow":["GET"]}}],"collection":[{"href":"https:\/\/b2b.mvgd.pl\/index.php\/wp-json\/wp\/v2\/product"}],"about":[{"href":"https:\/\/b2b.mvgd.pl\/index.php\/wp-json\/wp\/v2\/types\/product"}],"replies":[{"embeddable":true,"href":"https:\/\/b2b.mvgd.pl\/index.php\/wp-json\/wp\/v2\/comments?post=568"}],"version-history":[{"count":0,"href":"https:\/\/b2b.mvgd.pl\/index.php\/wp-json\/wp\/v2\/product\/568\/revisions"}],"wp:featuredmedia":[{"embeddable":true,"href":"https:\/\/b2b.mvgd.pl\/index.php\/wp-json\/wp\/v2\/media\/622"}],"wp:attachment":[{"href":"https:\/\/b2b.mvgd.pl\/index.php\/wp-json\/wp\/v2\/media?parent=568"}],"wp:term":[{"taxonomy":"product_brand","embeddable":true,"href":"https:\/\/b2b.mvgd.pl\/index.php\/wp-json\/wp\/v2\/product_brand?post=568"},{"taxonomy":"product_cat","embeddable":true,"href":"https:\/\/b2b.mvgd.pl\/index.php\/wp-json\/wp\/v2\/product_cat?post=568"},{"taxonomy":"product_tag","embeddable":true,"href":"https:\/\/b2b.mvgd.pl\/index.php\/wp-json\/wp\/v2\/product_tag?post=568"}],"curies":[{"name":"wp","href":"https:\/\/api.w.org\/{rel}","templated":true}]}}