{"id":567,"date":"2026-02-16T18:46:35","date_gmt":"2026-02-16T18:46:35","guid":{"rendered":"https:\/\/b2b.mvgd.pl\/?post_type=product&#038;p=567"},"modified":"2026-02-16T18:48:10","modified_gmt":"2026-02-16T18:48:10","slug":"voruta-grzaniec-czarna-porzeczka","status":"publish","type":"product","link":"https:\/\/b2b.mvgd.pl\/index.php\/produkt\/voruta-grzaniec-czarna-porzeczka\/","title":{"rendered":"Voruta Grzaniec Czarna Porzeczka"},"content":{"rendered":"<p>Serwowanie: Podgrzewa\u0107 przed podaniem; unika\u0107 gotowania Temperatura podania: 70 &#8211; 75\u00b0C<\/p>\n<p>Szczep: Czarna Porzeczka, przyprawy<\/p>\n<p>&nbsp;<\/p>\n","protected":false},"excerpt":{"rendered":"<p>To czerwone wino wyr\u00f3\u017cnia si\u0119 zbalansowanym, korzennym aromatem orientalnych przypraw, kt\u00f3ry doskonale harmonizuje ze \u015bwie\u017cym smakiem porzeczek. Aby wydoby\u0107 pe\u0142ni\u0119 jego walor\u00f3w, nale\u017cy podgrza\u0107 je przed podaniem, unikaj\u0105c gotowania. Optymalna temperatura serwowania wynosi 70-75\u00b0C.<\/p>\n","protected":false},"featured_media":617,"comment_status":"open","ping_status":"closed","template":"","meta":[],"product_brand":[],"product_cat":[698,18],"product_tag":[699,723,724,725,726,700,701,702,320,727],"class_list":{"0":"post-567","1":"product","2":"type-product","3":"status-publish","4":"has-post-thumbnail","6":"product_cat-litwa-wina","7":"product_cat-wina","8":"product_tag-czarna-porzeczka","9":"product_tag-grzaniec","10":"product_tag-grzaniec-litewski","11":"product_tag-grzaniec-litewski-porzeczkowy","12":"product_tag-litewski","13":"product_tag-litwa","14":"product_tag-owocowe","15":"product_tag-voruta","16":"product_tag-wino","17":"product_tag-winterspice","19":"first","20":"instock","21":"shipping-taxable","22":"purchasable","23":"product-type-simple"},"yoast_head":"<!-- This site is optimized with the Yoast SEO plugin v26.9 - https:\/\/yoast.com\/product\/yoast-seo-wordpress\/ -->\n<title>Voruta Grzaniec Czarna Porzeczka - B2B MVGD PL<\/title>\n<meta name=\"robots\" content=\"index, follow, max-snippet:-1, max-image-preview:large, max-video-preview:-1\" \/>\n<link rel=\"canonical\" href=\"https:\/\/b2b.mvgd.pl\/index.php\/produkt\/voruta-grzaniec-czarna-porzeczka\/\" \/>\n<meta property=\"og:locale\" content=\"pl_PL\" \/>\n<meta property=\"og:type\" content=\"article\" \/>\n<meta property=\"og:title\" content=\"Voruta Grzaniec Czarna Porzeczka - B2B MVGD PL\" \/>\n<meta property=\"og:description\" content=\"To czerwone wino wyr\u00f3\u017cnia si\u0119 zbalansowanym, korzennym aromatem orientalnych przypraw, kt\u00f3ry doskonale harmonizuje ze \u015bwie\u017cym smakiem porzeczek. Aby wydoby\u0107 pe\u0142ni\u0119 jego walor\u00f3w, nale\u017cy podgrza\u0107 je przed podaniem, unikaj\u0105c gotowania. Optymalna temperatura serwowania wynosi 70-75\u00b0C.\" \/>\n<meta property=\"og:url\" content=\"https:\/\/b2b.mvgd.pl\/index.php\/produkt\/voruta-grzaniec-czarna-porzeczka\/\" \/>\n<meta property=\"og:site_name\" content=\"B2B MVGD PL\" \/>\n<meta property=\"article:modified_time\" content=\"2026-02-16T18:48:10+00:00\" \/>\n<meta name=\"twitter:card\" content=\"summary_large_image\" \/>\n<script type=\"application\/ld+json\" class=\"yoast-schema-graph\">{\"@context\":\"https:\/\/schema.org\",\"@graph\":[{\"@type\":\"WebPage\",\"@id\":\"https:\/\/b2b.mvgd.pl\/index.php\/produkt\/voruta-grzaniec-czarna-porzeczka\/\",\"url\":\"https:\/\/b2b.mvgd.pl\/index.php\/produkt\/voruta-grzaniec-czarna-porzeczka\/\",\"name\":\"Voruta Grzaniec Czarna Porzeczka - B2B MVGD PL\",\"isPartOf\":{\"@id\":\"https:\/\/b2b.mvgd.pl\/#website\"},\"primaryImageOfPage\":{\"@id\":\"https:\/\/b2b.mvgd.pl\/index.php\/produkt\/voruta-grzaniec-czarna-porzeczka\/#primaryimage\"},\"image\":{\"@id\":\"https:\/\/b2b.mvgd.pl\/index.php\/produkt\/voruta-grzaniec-czarna-porzeczka\/#primaryimage\"},\"thumbnailUrl\":\"https:\/\/b2b.mvgd.pl\/wp-content\/uploads\/2026\/02\/Voruta-Winterspice.png\",\"datePublished\":\"2026-02-16T18:46:35+00:00\",\"dateModified\":\"2026-02-16T18:48:10+00:00\",\"breadcrumb\":{\"@id\":\"https:\/\/b2b.mvgd.pl\/index.php\/produkt\/voruta-grzaniec-czarna-porzeczka\/#breadcrumb\"},\"inLanguage\":\"pl-PL\",\"potentialAction\":[{\"@type\":\"ReadAction\",\"target\":[\"https:\/\/b2b.mvgd.pl\/index.php\/produkt\/voruta-grzaniec-czarna-porzeczka\/\"]}]},{\"@type\":\"ImageObject\",\"inLanguage\":\"pl-PL\",\"@id\":\"https:\/\/b2b.mvgd.pl\/index.php\/produkt\/voruta-grzaniec-czarna-porzeczka\/#primaryimage\",\"url\":\"https:\/\/b2b.mvgd.pl\/wp-content\/uploads\/2026\/02\/Voruta-Winterspice.png\",\"contentUrl\":\"https:\/\/b2b.mvgd.pl\/wp-content\/uploads\/2026\/02\/Voruta-Winterspice.png\",\"width\":900,\"height\":1200},{\"@type\":\"BreadcrumbList\",\"@id\":\"https:\/\/b2b.mvgd.pl\/index.php\/produkt\/voruta-grzaniec-czarna-porzeczka\/#breadcrumb\",\"itemListElement\":[{\"@type\":\"ListItem\",\"position\":1,\"name\":\"Strona g\u0142\u00f3wna\",\"item\":\"https:\/\/b2b.mvgd.pl\/\"},{\"@type\":\"ListItem\",\"position\":2,\"name\":\"Shop\",\"item\":\"https:\/\/b2b.mvgd.pl\/index.php\/shop\/\"},{\"@type\":\"ListItem\",\"position\":3,\"name\":\"Voruta Grzaniec Czarna Porzeczka\"}]},{\"@type\":\"WebSite\",\"@id\":\"https:\/\/b2b.mvgd.pl\/#website\",\"url\":\"https:\/\/b2b.mvgd.pl\/\",\"name\":\"B2B MVGD PL\",\"description\":\"\",\"potentialAction\":[{\"@type\":\"SearchAction\",\"target\":{\"@type\":\"EntryPoint\",\"urlTemplate\":\"https:\/\/b2b.mvgd.pl\/?s={search_term_string}\"},\"query-input\":{\"@type\":\"PropertyValueSpecification\",\"valueRequired\":true,\"valueName\":\"search_term_string\"}}],\"inLanguage\":\"pl-PL\"}]}<\/script>\n<!-- \/ Yoast SEO plugin. -->","yoast_head_json":{"title":"Voruta Grzaniec Czarna Porzeczka - B2B MVGD PL","robots":{"index":"index","follow":"follow","max-snippet":"max-snippet:-1","max-image-preview":"max-image-preview:large","max-video-preview":"max-video-preview:-1"},"canonical":"https:\/\/b2b.mvgd.pl\/index.php\/produkt\/voruta-grzaniec-czarna-porzeczka\/","og_locale":"pl_PL","og_type":"article","og_title":"Voruta Grzaniec Czarna Porzeczka - B2B MVGD PL","og_description":"To czerwone wino wyr\u00f3\u017cnia si\u0119 zbalansowanym, korzennym aromatem orientalnych przypraw, kt\u00f3ry doskonale harmonizuje ze \u015bwie\u017cym smakiem porzeczek. Aby wydoby\u0107 pe\u0142ni\u0119 jego walor\u00f3w, nale\u017cy podgrza\u0107 je przed podaniem, unikaj\u0105c gotowania. Optymalna temperatura serwowania wynosi 70-75\u00b0C.","og_url":"https:\/\/b2b.mvgd.pl\/index.php\/produkt\/voruta-grzaniec-czarna-porzeczka\/","og_site_name":"B2B MVGD PL","article_modified_time":"2026-02-16T18:48:10+00:00","twitter_card":"summary_large_image","schema":{"@context":"https:\/\/schema.org","@graph":[{"@type":"WebPage","@id":"https:\/\/b2b.mvgd.pl\/index.php\/produkt\/voruta-grzaniec-czarna-porzeczka\/","url":"https:\/\/b2b.mvgd.pl\/index.php\/produkt\/voruta-grzaniec-czarna-porzeczka\/","name":"Voruta Grzaniec Czarna Porzeczka - B2B MVGD PL","isPartOf":{"@id":"https:\/\/b2b.mvgd.pl\/#website"},"primaryImageOfPage":{"@id":"https:\/\/b2b.mvgd.pl\/index.php\/produkt\/voruta-grzaniec-czarna-porzeczka\/#primaryimage"},"image":{"@id":"https:\/\/b2b.mvgd.pl\/index.php\/produkt\/voruta-grzaniec-czarna-porzeczka\/#primaryimage"},"thumbnailUrl":"https:\/\/b2b.mvgd.pl\/wp-content\/uploads\/2026\/02\/Voruta-Winterspice.png","datePublished":"2026-02-16T18:46:35+00:00","dateModified":"2026-02-16T18:48:10+00:00","breadcrumb":{"@id":"https:\/\/b2b.mvgd.pl\/index.php\/produkt\/voruta-grzaniec-czarna-porzeczka\/#breadcrumb"},"inLanguage":"pl-PL","potentialAction":[{"@type":"ReadAction","target":["https:\/\/b2b.mvgd.pl\/index.php\/produkt\/voruta-grzaniec-czarna-porzeczka\/"]}]},{"@type":"ImageObject","inLanguage":"pl-PL","@id":"https:\/\/b2b.mvgd.pl\/index.php\/produkt\/voruta-grzaniec-czarna-porzeczka\/#primaryimage","url":"https:\/\/b2b.mvgd.pl\/wp-content\/uploads\/2026\/02\/Voruta-Winterspice.png","contentUrl":"https:\/\/b2b.mvgd.pl\/wp-content\/uploads\/2026\/02\/Voruta-Winterspice.png","width":900,"height":1200},{"@type":"BreadcrumbList","@id":"https:\/\/b2b.mvgd.pl\/index.php\/produkt\/voruta-grzaniec-czarna-porzeczka\/#breadcrumb","itemListElement":[{"@type":"ListItem","position":1,"name":"Strona g\u0142\u00f3wna","item":"https:\/\/b2b.mvgd.pl\/"},{"@type":"ListItem","position":2,"name":"Shop","item":"https:\/\/b2b.mvgd.pl\/index.php\/shop\/"},{"@type":"ListItem","position":3,"name":"Voruta Grzaniec Czarna Porzeczka"}]},{"@type":"WebSite","@id":"https:\/\/b2b.mvgd.pl\/#website","url":"https:\/\/b2b.mvgd.pl\/","name":"B2B MVGD PL","description":"","potentialAction":[{"@type":"SearchAction","target":{"@type":"EntryPoint","urlTemplate":"https:\/\/b2b.mvgd.pl\/?s={search_term_string}"},"query-input":{"@type":"PropertyValueSpecification","valueRequired":true,"valueName":"search_term_string"}}],"inLanguage":"pl-PL"}]}},"jetpack_sharing_enabled":true,"_links":{"self":[{"href":"https:\/\/b2b.mvgd.pl\/index.php\/wp-json\/wp\/v2\/product\/567","targetHints":{"allow":["GET"]}}],"collection":[{"href":"https:\/\/b2b.mvgd.pl\/index.php\/wp-json\/wp\/v2\/product"}],"about":[{"href":"https:\/\/b2b.mvgd.pl\/index.php\/wp-json\/wp\/v2\/types\/product"}],"replies":[{"embeddable":true,"href":"https:\/\/b2b.mvgd.pl\/index.php\/wp-json\/wp\/v2\/comments?post=567"}],"version-history":[{"count":0,"href":"https:\/\/b2b.mvgd.pl\/index.php\/wp-json\/wp\/v2\/product\/567\/revisions"}],"wp:featuredmedia":[{"embeddable":true,"href":"https:\/\/b2b.mvgd.pl\/index.php\/wp-json\/wp\/v2\/media\/617"}],"wp:attachment":[{"href":"https:\/\/b2b.mvgd.pl\/index.php\/wp-json\/wp\/v2\/media?parent=567"}],"wp:term":[{"taxonomy":"product_brand","embeddable":true,"href":"https:\/\/b2b.mvgd.pl\/index.php\/wp-json\/wp\/v2\/product_brand?post=567"},{"taxonomy":"product_cat","embeddable":true,"href":"https:\/\/b2b.mvgd.pl\/index.php\/wp-json\/wp\/v2\/product_cat?post=567"},{"taxonomy":"product_tag","embeddable":true,"href":"https:\/\/b2b.mvgd.pl\/index.php\/wp-json\/wp\/v2\/product_tag?post=567"}],"curies":[{"name":"wp","href":"https:\/\/api.w.org\/{rel}","templated":true}]}}