{"id":550,"date":"2026-02-16T18:46:10","date_gmt":"2026-02-16T18:46:10","guid":{"rendered":"https:\/\/b2b.mvgd.pl\/?post_type=product&#038;p=550"},"modified":"2026-02-16T18:47:41","modified_gmt":"2026-02-16T18:47:41","slug":"moutard-bourgogne-tonnerre","status":"publish","type":"product","link":"https:\/\/b2b.mvgd.pl\/index.php\/produkt\/moutard-bourgogne-tonnerre\/","title":{"rendered":"Moutard Bourgogne Tonnerre"},"content":{"rendered":"<p>Serwowanie: ze sma\u017conymi rybami, owocami morza, \u0142agodnymi w smaku duszonymi mi\u0119sami. Nadaje si\u0119 do \u015brednio twardych i dojrza\u0142ych ser\u00f3w. Podawa\u0107 sch\u0142odzone do temperatury 8-12 \u00b0C<\/p>\n<p>Szczep: Chardonnay<\/p>\n<p>Pochodz\u0105ce z ma\u0142ej dzia\u0142ki, z jednego z najlepszych terroir Tonnerre AOC, z kt\u00f3rego korzysta tylko 6 gmin w regionie. Krzewy Chardonnay skorzysta\u0142y z bardzo pi\u0119knej po\u0142udniowej ekspozycji, nadaj\u0105c winogronom cukier i dojrza\u0142o\u015b\u0107. To charakterystyczne cuv\u00e9e, winifikowane w beczkach wy\u0142\u0105cznie z dzikimi dro\u017cd\u017cami i dojrzewaj\u0105ce na osadzie dro\u017cd\u017cowym, starzone jest w beczkach z d\u0119bu francuskiego przez minimum 10 miesi\u0119cy. Minimalna dozwolona filtracja oraz butelkowanie pod niskim ci\u015bnieniem sprawiaj\u0105, \u017ce wino zachowuje sw\u00f3j naturalny charakter. <strong>Wino bez dodatku siarczyn\u00f3w.<\/strong><\/p>\n","protected":false},"excerpt":{"rendered":"<p>Wino o po\u0142yskuj\u0105cej, z\u0142otej barwie, intensywnie aromatyczne z nutami bia\u0142ych kwiat\u00f3w i owoc\u00f3w tropikalnych. W ustach pe\u0142ne i dobrze zbudowane, z wyra\u017anymi aromatami suszonych owoc\u00f3w, miodu, delikatn\u0105 ma\u015blano\u015bci\u0105 oraz d\u0119bowym t\u0142em. Idealne do sma\u017conych ryb, owoc\u00f3w morza, duszonych mi\u0119s o \u0142agodnym smaku oraz \u015brednio twardych i dojrza\u0142ych ser\u00f3w. Najlepiej podawa\u0107 sch\u0142odzone w temperaturze 8-12\u00b0C.<\/p>\n","protected":false},"featured_media":601,"comment_status":"open","ping_status":"closed","template":"","meta":[],"product_brand":[],"product_cat":[677,676],"product_tag":[695,678,541,681,669,696,320],"class_list":{"0":"post-550","1":"product","2":"type-product","3":"status-publish","4":"has-post-thumbnail","6":"product_cat-burgundia","7":"product_cat-francja","8":"product_tag-bourgogne","9":"product_tag-burgundia","10":"product_tag-chardonnay","11":"product_tag-francja","12":"product_tag-moutard","13":"product_tag-tonnerre","14":"product_tag-wino","16":"first","17":"instock","18":"shipping-taxable","19":"purchasable","20":"product-type-simple"},"yoast_head":"<!-- This site is optimized with the Yoast SEO plugin v26.9 - https:\/\/yoast.com\/product\/yoast-seo-wordpress\/ -->\n<title>Moutard Bourgogne Tonnerre - B2B MVGD PL<\/title>\n<meta name=\"robots\" content=\"index, follow, max-snippet:-1, max-image-preview:large, max-video-preview:-1\" \/>\n<link rel=\"canonical\" href=\"https:\/\/b2b.mvgd.pl\/index.php\/produkt\/moutard-bourgogne-tonnerre\/\" \/>\n<meta property=\"og:locale\" content=\"pl_PL\" \/>\n<meta property=\"og:type\" content=\"article\" \/>\n<meta property=\"og:title\" content=\"Moutard Bourgogne Tonnerre - B2B MVGD PL\" \/>\n<meta property=\"og:description\" content=\"Wino o po\u0142yskuj\u0105cej, z\u0142otej barwie, intensywnie aromatyczne z nutami bia\u0142ych kwiat\u00f3w i owoc\u00f3w tropikalnych. W ustach pe\u0142ne i dobrze zbudowane, z wyra\u017anymi aromatami suszonych owoc\u00f3w, miodu, delikatn\u0105 ma\u015blano\u015bci\u0105 oraz d\u0119bowym t\u0142em. Idealne do sma\u017conych ryb, owoc\u00f3w morza, duszonych mi\u0119s o \u0142agodnym smaku oraz \u015brednio twardych i dojrza\u0142ych ser\u00f3w. Najlepiej podawa\u0107 sch\u0142odzone w temperaturze 8-12\u00b0C.\" \/>\n<meta property=\"og:url\" content=\"https:\/\/b2b.mvgd.pl\/index.php\/produkt\/moutard-bourgogne-tonnerre\/\" \/>\n<meta property=\"og:site_name\" content=\"B2B MVGD PL\" \/>\n<meta property=\"article:modified_time\" content=\"2026-02-16T18:47:41+00:00\" \/>\n<meta name=\"twitter:card\" content=\"summary_large_image\" \/>\n<meta name=\"twitter:label1\" content=\"Szacowany czas czytania\" \/>\n\t<meta name=\"twitter:data1\" content=\"1 minuta\" \/>\n<script type=\"application\/ld+json\" class=\"yoast-schema-graph\">{\"@context\":\"https:\/\/schema.org\",\"@graph\":[{\"@type\":\"WebPage\",\"@id\":\"https:\/\/b2b.mvgd.pl\/index.php\/produkt\/moutard-bourgogne-tonnerre\/\",\"url\":\"https:\/\/b2b.mvgd.pl\/index.php\/produkt\/moutard-bourgogne-tonnerre\/\",\"name\":\"Moutard Bourgogne Tonnerre - B2B MVGD PL\",\"isPartOf\":{\"@id\":\"https:\/\/b2b.mvgd.pl\/#website\"},\"primaryImageOfPage\":{\"@id\":\"https:\/\/b2b.mvgd.pl\/index.php\/produkt\/moutard-bourgogne-tonnerre\/#primaryimage\"},\"image\":{\"@id\":\"https:\/\/b2b.mvgd.pl\/index.php\/produkt\/moutard-bourgogne-tonnerre\/#primaryimage\"},\"thumbnailUrl\":\"https:\/\/b2b.mvgd.pl\/wp-content\/uploads\/2026\/02\/41610032.png\",\"datePublished\":\"2026-02-16T18:46:10+00:00\",\"dateModified\":\"2026-02-16T18:47:41+00:00\",\"breadcrumb\":{\"@id\":\"https:\/\/b2b.mvgd.pl\/index.php\/produkt\/moutard-bourgogne-tonnerre\/#breadcrumb\"},\"inLanguage\":\"pl-PL\",\"potentialAction\":[{\"@type\":\"ReadAction\",\"target\":[\"https:\/\/b2b.mvgd.pl\/index.php\/produkt\/moutard-bourgogne-tonnerre\/\"]}]},{\"@type\":\"ImageObject\",\"inLanguage\":\"pl-PL\",\"@id\":\"https:\/\/b2b.mvgd.pl\/index.php\/produkt\/moutard-bourgogne-tonnerre\/#primaryimage\",\"url\":\"https:\/\/b2b.mvgd.pl\/wp-content\/uploads\/2026\/02\/41610032.png\",\"contentUrl\":\"https:\/\/b2b.mvgd.pl\/wp-content\/uploads\/2026\/02\/41610032.png\",\"width\":900,\"height\":1200},{\"@type\":\"BreadcrumbList\",\"@id\":\"https:\/\/b2b.mvgd.pl\/index.php\/produkt\/moutard-bourgogne-tonnerre\/#breadcrumb\",\"itemListElement\":[{\"@type\":\"ListItem\",\"position\":1,\"name\":\"Strona g\u0142\u00f3wna\",\"item\":\"https:\/\/b2b.mvgd.pl\/\"},{\"@type\":\"ListItem\",\"position\":2,\"name\":\"Shop\",\"item\":\"https:\/\/b2b.mvgd.pl\/index.php\/shop\/\"},{\"@type\":\"ListItem\",\"position\":3,\"name\":\"Moutard Bourgogne Tonnerre\"}]},{\"@type\":\"WebSite\",\"@id\":\"https:\/\/b2b.mvgd.pl\/#website\",\"url\":\"https:\/\/b2b.mvgd.pl\/\",\"name\":\"B2B MVGD PL\",\"description\":\"\",\"potentialAction\":[{\"@type\":\"SearchAction\",\"target\":{\"@type\":\"EntryPoint\",\"urlTemplate\":\"https:\/\/b2b.mvgd.pl\/?s={search_term_string}\"},\"query-input\":{\"@type\":\"PropertyValueSpecification\",\"valueRequired\":true,\"valueName\":\"search_term_string\"}}],\"inLanguage\":\"pl-PL\"}]}<\/script>\n<!-- \/ Yoast SEO plugin. -->","yoast_head_json":{"title":"Moutard Bourgogne Tonnerre - B2B MVGD PL","robots":{"index":"index","follow":"follow","max-snippet":"max-snippet:-1","max-image-preview":"max-image-preview:large","max-video-preview":"max-video-preview:-1"},"canonical":"https:\/\/b2b.mvgd.pl\/index.php\/produkt\/moutard-bourgogne-tonnerre\/","og_locale":"pl_PL","og_type":"article","og_title":"Moutard Bourgogne Tonnerre - B2B MVGD PL","og_description":"Wino o po\u0142yskuj\u0105cej, z\u0142otej barwie, intensywnie aromatyczne z nutami bia\u0142ych kwiat\u00f3w i owoc\u00f3w tropikalnych. W ustach pe\u0142ne i dobrze zbudowane, z wyra\u017anymi aromatami suszonych owoc\u00f3w, miodu, delikatn\u0105 ma\u015blano\u015bci\u0105 oraz d\u0119bowym t\u0142em. Idealne do sma\u017conych ryb, owoc\u00f3w morza, duszonych mi\u0119s o \u0142agodnym smaku oraz \u015brednio twardych i dojrza\u0142ych ser\u00f3w. Najlepiej podawa\u0107 sch\u0142odzone w temperaturze 8-12\u00b0C.","og_url":"https:\/\/b2b.mvgd.pl\/index.php\/produkt\/moutard-bourgogne-tonnerre\/","og_site_name":"B2B MVGD PL","article_modified_time":"2026-02-16T18:47:41+00:00","twitter_card":"summary_large_image","twitter_misc":{"Szacowany czas czytania":"1 minuta"},"schema":{"@context":"https:\/\/schema.org","@graph":[{"@type":"WebPage","@id":"https:\/\/b2b.mvgd.pl\/index.php\/produkt\/moutard-bourgogne-tonnerre\/","url":"https:\/\/b2b.mvgd.pl\/index.php\/produkt\/moutard-bourgogne-tonnerre\/","name":"Moutard Bourgogne Tonnerre - B2B MVGD PL","isPartOf":{"@id":"https:\/\/b2b.mvgd.pl\/#website"},"primaryImageOfPage":{"@id":"https:\/\/b2b.mvgd.pl\/index.php\/produkt\/moutard-bourgogne-tonnerre\/#primaryimage"},"image":{"@id":"https:\/\/b2b.mvgd.pl\/index.php\/produkt\/moutard-bourgogne-tonnerre\/#primaryimage"},"thumbnailUrl":"https:\/\/b2b.mvgd.pl\/wp-content\/uploads\/2026\/02\/41610032.png","datePublished":"2026-02-16T18:46:10+00:00","dateModified":"2026-02-16T18:47:41+00:00","breadcrumb":{"@id":"https:\/\/b2b.mvgd.pl\/index.php\/produkt\/moutard-bourgogne-tonnerre\/#breadcrumb"},"inLanguage":"pl-PL","potentialAction":[{"@type":"ReadAction","target":["https:\/\/b2b.mvgd.pl\/index.php\/produkt\/moutard-bourgogne-tonnerre\/"]}]},{"@type":"ImageObject","inLanguage":"pl-PL","@id":"https:\/\/b2b.mvgd.pl\/index.php\/produkt\/moutard-bourgogne-tonnerre\/#primaryimage","url":"https:\/\/b2b.mvgd.pl\/wp-content\/uploads\/2026\/02\/41610032.png","contentUrl":"https:\/\/b2b.mvgd.pl\/wp-content\/uploads\/2026\/02\/41610032.png","width":900,"height":1200},{"@type":"BreadcrumbList","@id":"https:\/\/b2b.mvgd.pl\/index.php\/produkt\/moutard-bourgogne-tonnerre\/#breadcrumb","itemListElement":[{"@type":"ListItem","position":1,"name":"Strona g\u0142\u00f3wna","item":"https:\/\/b2b.mvgd.pl\/"},{"@type":"ListItem","position":2,"name":"Shop","item":"https:\/\/b2b.mvgd.pl\/index.php\/shop\/"},{"@type":"ListItem","position":3,"name":"Moutard Bourgogne Tonnerre"}]},{"@type":"WebSite","@id":"https:\/\/b2b.mvgd.pl\/#website","url":"https:\/\/b2b.mvgd.pl\/","name":"B2B MVGD PL","description":"","potentialAction":[{"@type":"SearchAction","target":{"@type":"EntryPoint","urlTemplate":"https:\/\/b2b.mvgd.pl\/?s={search_term_string}"},"query-input":{"@type":"PropertyValueSpecification","valueRequired":true,"valueName":"search_term_string"}}],"inLanguage":"pl-PL"}]}},"jetpack_sharing_enabled":true,"_links":{"self":[{"href":"https:\/\/b2b.mvgd.pl\/index.php\/wp-json\/wp\/v2\/product\/550","targetHints":{"allow":["GET"]}}],"collection":[{"href":"https:\/\/b2b.mvgd.pl\/index.php\/wp-json\/wp\/v2\/product"}],"about":[{"href":"https:\/\/b2b.mvgd.pl\/index.php\/wp-json\/wp\/v2\/types\/product"}],"replies":[{"embeddable":true,"href":"https:\/\/b2b.mvgd.pl\/index.php\/wp-json\/wp\/v2\/comments?post=550"}],"version-history":[{"count":0,"href":"https:\/\/b2b.mvgd.pl\/index.php\/wp-json\/wp\/v2\/product\/550\/revisions"}],"wp:featuredmedia":[{"embeddable":true,"href":"https:\/\/b2b.mvgd.pl\/index.php\/wp-json\/wp\/v2\/media\/601"}],"wp:attachment":[{"href":"https:\/\/b2b.mvgd.pl\/index.php\/wp-json\/wp\/v2\/media?parent=550"}],"wp:term":[{"taxonomy":"product_brand","embeddable":true,"href":"https:\/\/b2b.mvgd.pl\/index.php\/wp-json\/wp\/v2\/product_brand?post=550"},{"taxonomy":"product_cat","embeddable":true,"href":"https:\/\/b2b.mvgd.pl\/index.php\/wp-json\/wp\/v2\/product_cat?post=550"},{"taxonomy":"product_tag","embeddable":true,"href":"https:\/\/b2b.mvgd.pl\/index.php\/wp-json\/wp\/v2\/product_tag?post=550"}],"curies":[{"name":"wp","href":"https:\/\/api.w.org\/{rel}","templated":true}]}}