{"id":55,"date":"2026-02-16T18:31:32","date_gmt":"2026-02-16T18:31:32","guid":{"rendered":"https:\/\/b2b.mvgd.pl\/?post_type=product&#038;p=55"},"modified":"2026-02-16T18:33:09","modified_gmt":"2026-02-16T18:33:09","slug":"portobello-savoury-gin-07l-42","status":"publish","type":"product","link":"https:\/\/b2b.mvgd.pl\/index.php\/produkt\/portobello-savoury-gin-07l-42\/","title":{"rendered":"Portobello Savoury Gin 0,7l 42%"},"content":{"rendered":"<p><strong>NOTY SMAKOWE<\/strong><\/p>\n<p><strong>Aromat<\/strong>: Na nosie wyra\u017any gin, du\u017co ja\u0142owca, du\u017co cytrus\u00f3w, ale te\u017c zio\u0142owe nuty bazylii oraz rozmarynu.<\/p>\n<p><strong>Smak:<\/strong> jasny i \u017cywy smak z ciep\u0142em ga\u0142ki muszkato\u0142owej, dodatkowe nuty soli oraz zielonych oliwek dodaj\u0105 mu wyj\u0105tkowej wytrawno\u015bci i \u015bwie\u017co\u015bci.<\/p>\n","protected":false},"excerpt":{"rendered":"<p>Czerpi\u0105c inspiracj\u0119 z Morza \u015ar\u00f3dziemnego zar\u00f3wno pod wzgl\u0119dem aromat\u00f3w, jak i smak\u00f3w, Portobello Road Savory Gin wykorzystuje r\u00f3\u017cnorodno\u015b\u0107 klasycznych gin\u00f3w botanicznych oraz wyb\u00f3r \u015br\u00f3dziemnomorskich zi\u00f3\u0142 i cytrus\u00f3w, zapewniaj\u0105c zio\u0142owy i ciep\u0142y komfort. Do klasycznego zestawu sk\u0142adnik\u00f3w botanicznych, kt\u00f3rych u\u017cywamy w Portobello London Dry Gin, dodajemy jeszcze bergamotk\u0119, rozmaryn, bazyli\u0119 i zielon\u0105 oliwk\u0119, i tak jak z Navy Gin, po destylacji dodajemy tylko niewielk\u0105 szczypt\u0119 soli morskiej, aby nada\u0107 mu lekk\u0105 nut\u0119 nadmorskiego powietrza.<\/p>\n","protected":false},"featured_media":114,"comment_status":"open","ping_status":"closed","template":"","meta":[],"product_brand":[],"product_cat":[87],"product_tag":[88,89],"class_list":{"0":"post-55","1":"product","2":"type-product","3":"status-publish","4":"has-post-thumbnail","6":"product_cat-gin","7":"product_tag-gin","8":"product_tag-portobello","10":"first","11":"instock","12":"shipping-taxable","13":"purchasable","14":"product-type-simple"},"yoast_head":"<!-- This site is optimized with the Yoast SEO plugin v26.9 - https:\/\/yoast.com\/product\/yoast-seo-wordpress\/ -->\n<title>Portobello Savoury Gin 0,7l 42% - B2B MVGD PL<\/title>\n<meta name=\"robots\" content=\"index, follow, max-snippet:-1, max-image-preview:large, max-video-preview:-1\" \/>\n<link rel=\"canonical\" href=\"https:\/\/b2b.mvgd.pl\/index.php\/produkt\/portobello-savoury-gin-07l-42\/\" \/>\n<meta property=\"og:locale\" content=\"pl_PL\" \/>\n<meta property=\"og:type\" content=\"article\" \/>\n<meta property=\"og:title\" content=\"Portobello Savoury Gin 0,7l 42% - B2B MVGD PL\" \/>\n<meta property=\"og:description\" content=\"Czerpi\u0105c inspiracj\u0119 z Morza \u015ar\u00f3dziemnego zar\u00f3wno pod wzgl\u0119dem aromat\u00f3w, jak i smak\u00f3w, Portobello Road Savory Gin wykorzystuje r\u00f3\u017cnorodno\u015b\u0107 klasycznych gin\u00f3w botanicznych oraz wyb\u00f3r \u015br\u00f3dziemnomorskich zi\u00f3\u0142 i cytrus\u00f3w, zapewniaj\u0105c zio\u0142owy i ciep\u0142y komfort. Do klasycznego zestawu sk\u0142adnik\u00f3w botanicznych, kt\u00f3rych u\u017cywamy w Portobello London Dry Gin, dodajemy jeszcze bergamotk\u0119, rozmaryn, bazyli\u0119 i zielon\u0105 oliwk\u0119, i tak jak z Navy Gin, po destylacji dodajemy tylko niewielk\u0105 szczypt\u0119 soli morskiej, aby nada\u0107 mu lekk\u0105 nut\u0119 nadmorskiego powietrza.\" \/>\n<meta property=\"og:url\" content=\"https:\/\/b2b.mvgd.pl\/index.php\/produkt\/portobello-savoury-gin-07l-42\/\" \/>\n<meta property=\"og:site_name\" content=\"B2B MVGD PL\" \/>\n<meta property=\"article:modified_time\" content=\"2026-02-16T18:33:09+00:00\" \/>\n<meta name=\"twitter:card\" content=\"summary_large_image\" \/>\n<script type=\"application\/ld+json\" class=\"yoast-schema-graph\">{\"@context\":\"https:\/\/schema.org\",\"@graph\":[{\"@type\":\"WebPage\",\"@id\":\"https:\/\/b2b.mvgd.pl\/index.php\/produkt\/portobello-savoury-gin-07l-42\/\",\"url\":\"https:\/\/b2b.mvgd.pl\/index.php\/produkt\/portobello-savoury-gin-07l-42\/\",\"name\":\"Portobello Savoury Gin 0,7l 42% - B2B MVGD PL\",\"isPartOf\":{\"@id\":\"https:\/\/b2b.mvgd.pl\/#website\"},\"primaryImageOfPage\":{\"@id\":\"https:\/\/b2b.mvgd.pl\/index.php\/produkt\/portobello-savoury-gin-07l-42\/#primaryimage\"},\"image\":{\"@id\":\"https:\/\/b2b.mvgd.pl\/index.php\/produkt\/portobello-savoury-gin-07l-42\/#primaryimage\"},\"thumbnailUrl\":\"https:\/\/b2b.mvgd.pl\/wp-content\/uploads\/2026\/02\/PDZANG0446.png\",\"datePublished\":\"2026-02-16T18:31:32+00:00\",\"dateModified\":\"2026-02-16T18:33:09+00:00\",\"breadcrumb\":{\"@id\":\"https:\/\/b2b.mvgd.pl\/index.php\/produkt\/portobello-savoury-gin-07l-42\/#breadcrumb\"},\"inLanguage\":\"pl-PL\",\"potentialAction\":[{\"@type\":\"ReadAction\",\"target\":[\"https:\/\/b2b.mvgd.pl\/index.php\/produkt\/portobello-savoury-gin-07l-42\/\"]}]},{\"@type\":\"ImageObject\",\"inLanguage\":\"pl-PL\",\"@id\":\"https:\/\/b2b.mvgd.pl\/index.php\/produkt\/portobello-savoury-gin-07l-42\/#primaryimage\",\"url\":\"https:\/\/b2b.mvgd.pl\/wp-content\/uploads\/2026\/02\/PDZANG0446.png\",\"contentUrl\":\"https:\/\/b2b.mvgd.pl\/wp-content\/uploads\/2026\/02\/PDZANG0446.png\",\"width\":900,\"height\":1200},{\"@type\":\"BreadcrumbList\",\"@id\":\"https:\/\/b2b.mvgd.pl\/index.php\/produkt\/portobello-savoury-gin-07l-42\/#breadcrumb\",\"itemListElement\":[{\"@type\":\"ListItem\",\"position\":1,\"name\":\"Strona g\u0142\u00f3wna\",\"item\":\"https:\/\/b2b.mvgd.pl\/\"},{\"@type\":\"ListItem\",\"position\":2,\"name\":\"Shop\",\"item\":\"https:\/\/b2b.mvgd.pl\/index.php\/shop\/\"},{\"@type\":\"ListItem\",\"position\":3,\"name\":\"Portobello Savoury Gin 0,7l 42%\"}]},{\"@type\":\"WebSite\",\"@id\":\"https:\/\/b2b.mvgd.pl\/#website\",\"url\":\"https:\/\/b2b.mvgd.pl\/\",\"name\":\"B2B MVGD PL\",\"description\":\"\",\"potentialAction\":[{\"@type\":\"SearchAction\",\"target\":{\"@type\":\"EntryPoint\",\"urlTemplate\":\"https:\/\/b2b.mvgd.pl\/?s={search_term_string}\"},\"query-input\":{\"@type\":\"PropertyValueSpecification\",\"valueRequired\":true,\"valueName\":\"search_term_string\"}}],\"inLanguage\":\"pl-PL\"}]}<\/script>\n<!-- \/ Yoast SEO plugin. -->","yoast_head_json":{"title":"Portobello Savoury Gin 0,7l 42% - B2B MVGD PL","robots":{"index":"index","follow":"follow","max-snippet":"max-snippet:-1","max-image-preview":"max-image-preview:large","max-video-preview":"max-video-preview:-1"},"canonical":"https:\/\/b2b.mvgd.pl\/index.php\/produkt\/portobello-savoury-gin-07l-42\/","og_locale":"pl_PL","og_type":"article","og_title":"Portobello Savoury Gin 0,7l 42% - B2B MVGD PL","og_description":"Czerpi\u0105c inspiracj\u0119 z Morza \u015ar\u00f3dziemnego zar\u00f3wno pod wzgl\u0119dem aromat\u00f3w, jak i smak\u00f3w, Portobello Road Savory Gin wykorzystuje r\u00f3\u017cnorodno\u015b\u0107 klasycznych gin\u00f3w botanicznych oraz wyb\u00f3r \u015br\u00f3dziemnomorskich zi\u00f3\u0142 i cytrus\u00f3w, zapewniaj\u0105c zio\u0142owy i ciep\u0142y komfort. Do klasycznego zestawu sk\u0142adnik\u00f3w botanicznych, kt\u00f3rych u\u017cywamy w Portobello London Dry Gin, dodajemy jeszcze bergamotk\u0119, rozmaryn, bazyli\u0119 i zielon\u0105 oliwk\u0119, i tak jak z Navy Gin, po destylacji dodajemy tylko niewielk\u0105 szczypt\u0119 soli morskiej, aby nada\u0107 mu lekk\u0105 nut\u0119 nadmorskiego powietrza.","og_url":"https:\/\/b2b.mvgd.pl\/index.php\/produkt\/portobello-savoury-gin-07l-42\/","og_site_name":"B2B MVGD PL","article_modified_time":"2026-02-16T18:33:09+00:00","twitter_card":"summary_large_image","schema":{"@context":"https:\/\/schema.org","@graph":[{"@type":"WebPage","@id":"https:\/\/b2b.mvgd.pl\/index.php\/produkt\/portobello-savoury-gin-07l-42\/","url":"https:\/\/b2b.mvgd.pl\/index.php\/produkt\/portobello-savoury-gin-07l-42\/","name":"Portobello Savoury Gin 0,7l 42% - B2B MVGD PL","isPartOf":{"@id":"https:\/\/b2b.mvgd.pl\/#website"},"primaryImageOfPage":{"@id":"https:\/\/b2b.mvgd.pl\/index.php\/produkt\/portobello-savoury-gin-07l-42\/#primaryimage"},"image":{"@id":"https:\/\/b2b.mvgd.pl\/index.php\/produkt\/portobello-savoury-gin-07l-42\/#primaryimage"},"thumbnailUrl":"https:\/\/b2b.mvgd.pl\/wp-content\/uploads\/2026\/02\/PDZANG0446.png","datePublished":"2026-02-16T18:31:32+00:00","dateModified":"2026-02-16T18:33:09+00:00","breadcrumb":{"@id":"https:\/\/b2b.mvgd.pl\/index.php\/produkt\/portobello-savoury-gin-07l-42\/#breadcrumb"},"inLanguage":"pl-PL","potentialAction":[{"@type":"ReadAction","target":["https:\/\/b2b.mvgd.pl\/index.php\/produkt\/portobello-savoury-gin-07l-42\/"]}]},{"@type":"ImageObject","inLanguage":"pl-PL","@id":"https:\/\/b2b.mvgd.pl\/index.php\/produkt\/portobello-savoury-gin-07l-42\/#primaryimage","url":"https:\/\/b2b.mvgd.pl\/wp-content\/uploads\/2026\/02\/PDZANG0446.png","contentUrl":"https:\/\/b2b.mvgd.pl\/wp-content\/uploads\/2026\/02\/PDZANG0446.png","width":900,"height":1200},{"@type":"BreadcrumbList","@id":"https:\/\/b2b.mvgd.pl\/index.php\/produkt\/portobello-savoury-gin-07l-42\/#breadcrumb","itemListElement":[{"@type":"ListItem","position":1,"name":"Strona g\u0142\u00f3wna","item":"https:\/\/b2b.mvgd.pl\/"},{"@type":"ListItem","position":2,"name":"Shop","item":"https:\/\/b2b.mvgd.pl\/index.php\/shop\/"},{"@type":"ListItem","position":3,"name":"Portobello Savoury Gin 0,7l 42%"}]},{"@type":"WebSite","@id":"https:\/\/b2b.mvgd.pl\/#website","url":"https:\/\/b2b.mvgd.pl\/","name":"B2B MVGD PL","description":"","potentialAction":[{"@type":"SearchAction","target":{"@type":"EntryPoint","urlTemplate":"https:\/\/b2b.mvgd.pl\/?s={search_term_string}"},"query-input":{"@type":"PropertyValueSpecification","valueRequired":true,"valueName":"search_term_string"}}],"inLanguage":"pl-PL"}]}},"jetpack_sharing_enabled":true,"_links":{"self":[{"href":"https:\/\/b2b.mvgd.pl\/index.php\/wp-json\/wp\/v2\/product\/55","targetHints":{"allow":["GET"]}}],"collection":[{"href":"https:\/\/b2b.mvgd.pl\/index.php\/wp-json\/wp\/v2\/product"}],"about":[{"href":"https:\/\/b2b.mvgd.pl\/index.php\/wp-json\/wp\/v2\/types\/product"}],"replies":[{"embeddable":true,"href":"https:\/\/b2b.mvgd.pl\/index.php\/wp-json\/wp\/v2\/comments?post=55"}],"version-history":[{"count":0,"href":"https:\/\/b2b.mvgd.pl\/index.php\/wp-json\/wp\/v2\/product\/55\/revisions"}],"wp:featuredmedia":[{"embeddable":true,"href":"https:\/\/b2b.mvgd.pl\/index.php\/wp-json\/wp\/v2\/media\/114"}],"wp:attachment":[{"href":"https:\/\/b2b.mvgd.pl\/index.php\/wp-json\/wp\/v2\/media?parent=55"}],"wp:term":[{"taxonomy":"product_brand","embeddable":true,"href":"https:\/\/b2b.mvgd.pl\/index.php\/wp-json\/wp\/v2\/product_brand?post=55"},{"taxonomy":"product_cat","embeddable":true,"href":"https:\/\/b2b.mvgd.pl\/index.php\/wp-json\/wp\/v2\/product_cat?post=55"},{"taxonomy":"product_tag","embeddable":true,"href":"https:\/\/b2b.mvgd.pl\/index.php\/wp-json\/wp\/v2\/product_tag?post=55"}],"curies":[{"name":"wp","href":"https:\/\/api.w.org\/{rel}","templated":true}]}}