{"id":543,"date":"2026-02-16T18:45:47","date_gmt":"2026-02-16T18:45:47","guid":{"rendered":"https:\/\/b2b.mvgd.pl\/?post_type=product&#038;p=543"},"modified":"2026-02-16T18:47:34","modified_gmt":"2026-02-16T18:47:34","slug":"moutard-chablis-aoc","status":"publish","type":"product","link":"https:\/\/b2b.mvgd.pl\/index.php\/produkt\/moutard-chablis-aoc\/","title":{"rendered":"Moutard Chablis AOC"},"content":{"rendered":"<p>Serwowanie: Perfekcyjne po\u0142\u0105czenie z ostrygami, poniewa\u017c gleby w Chablis to dos\u0142ownie zmia\u017cd\u017cone muszle z okresu jurajskiego. \u015awietnie wsp\u00f3\u0142gra z owocami morza, bia\u0142ym mi\u0119sem. Podawa\u0107 sch\u0142odzone do temperatury 10-12\u00b0C<\/p>\n<p>Szczep: Chardonnay<\/p>\n<p>Winnica na glebie muszlowej jest prowadzona z szacunkiem dla \u015brodowiska, g\u0119sto\u015b\u0107 sadzenia 20-letnich winoro\u015bli Chardonnay wynosi 8000 ro\u015blin na hektar. Skutkuje to mniejszym plonem, ale bardziej wyrazistym smakiem wina. R\u0119czny zbi\u00f3r. Zebrane grona s\u0105 ponownie r\u0119cznie sortowane aby usun\u0105\u0107 grona o niepo\u017c\u0105danej jako\u015bci. Fermentacja prowadzona jest w po\u0142owie w zbiornikach ze stali i po\u0142owie beczkach z francuskiego d\u0119bu, dojrzewanie przez 4 do 6 miesi\u0119cy. Potencja\u0142 do 6 lat.<\/p>\n","protected":false},"excerpt":{"rendered":"<p>Wino o s\u0142omkowym kolorze, z aromatami zielonego jab\u0142ka, agrestu, sk\u00f3rki cytrynowej i nutami mineralnymi. W ustach lekkie, aksamitne i dobrze zbalansowane, z delikatn\u0105 mineralno\u015bci\u0105 i orzechowym zako\u0144czeniem. Idealnie pasuje do ostryg, dzi\u0119ki mineralnym glebom w Chablis, oraz do owoc\u00f3w morza i bia\u0142ych mi\u0119s. Najlepiej serwowa\u0107 sch\u0142odzone w temperaturze 10-12\u00b0C.<\/p>\n","protected":false},"featured_media":599,"comment_status":"open","ping_status":"closed","template":"","meta":[],"product_brand":[],"product_cat":[677,676],"product_tag":[678,679,680,541,681,669,320],"class_list":{"0":"post-543","1":"product","2":"type-product","3":"status-publish","4":"has-post-thumbnail","6":"product_cat-burgundia","7":"product_cat-francja","8":"product_tag-burgundia","9":"product_tag-chablis","10":"product_tag-chablis-aoc","11":"product_tag-chardonnay","12":"product_tag-francja","13":"product_tag-moutard","14":"product_tag-wino","16":"first","17":"instock","18":"shipping-taxable","19":"purchasable","20":"product-type-simple"},"yoast_head":"<!-- This site is optimized with the Yoast SEO plugin v26.9 - https:\/\/yoast.com\/product\/yoast-seo-wordpress\/ -->\n<title>Moutard Chablis AOC - B2B MVGD PL<\/title>\n<meta name=\"robots\" content=\"index, follow, max-snippet:-1, max-image-preview:large, max-video-preview:-1\" \/>\n<link rel=\"canonical\" href=\"https:\/\/b2b.mvgd.pl\/index.php\/produkt\/moutard-chablis-aoc\/\" \/>\n<meta property=\"og:locale\" content=\"pl_PL\" \/>\n<meta property=\"og:type\" content=\"article\" \/>\n<meta property=\"og:title\" content=\"Moutard Chablis AOC - B2B MVGD PL\" \/>\n<meta property=\"og:description\" content=\"Wino o s\u0142omkowym kolorze, z aromatami zielonego jab\u0142ka, agrestu, sk\u00f3rki cytrynowej i nutami mineralnymi. W ustach lekkie, aksamitne i dobrze zbalansowane, z delikatn\u0105 mineralno\u015bci\u0105 i orzechowym zako\u0144czeniem. Idealnie pasuje do ostryg, dzi\u0119ki mineralnym glebom w Chablis, oraz do owoc\u00f3w morza i bia\u0142ych mi\u0119s. Najlepiej serwowa\u0107 sch\u0142odzone w temperaturze 10-12\u00b0C.\" \/>\n<meta property=\"og:url\" content=\"https:\/\/b2b.mvgd.pl\/index.php\/produkt\/moutard-chablis-aoc\/\" \/>\n<meta property=\"og:site_name\" content=\"B2B MVGD PL\" \/>\n<meta property=\"article:modified_time\" content=\"2026-02-16T18:47:34+00:00\" \/>\n<meta name=\"twitter:card\" content=\"summary_large_image\" \/>\n<meta name=\"twitter:label1\" content=\"Szacowany czas czytania\" \/>\n\t<meta name=\"twitter:data1\" content=\"1 minuta\" \/>\n<script type=\"application\/ld+json\" class=\"yoast-schema-graph\">{\"@context\":\"https:\/\/schema.org\",\"@graph\":[{\"@type\":\"WebPage\",\"@id\":\"https:\/\/b2b.mvgd.pl\/index.php\/produkt\/moutard-chablis-aoc\/\",\"url\":\"https:\/\/b2b.mvgd.pl\/index.php\/produkt\/moutard-chablis-aoc\/\",\"name\":\"Moutard Chablis AOC - B2B MVGD PL\",\"isPartOf\":{\"@id\":\"https:\/\/b2b.mvgd.pl\/#website\"},\"primaryImageOfPage\":{\"@id\":\"https:\/\/b2b.mvgd.pl\/index.php\/produkt\/moutard-chablis-aoc\/#primaryimage\"},\"image\":{\"@id\":\"https:\/\/b2b.mvgd.pl\/index.php\/produkt\/moutard-chablis-aoc\/#primaryimage\"},\"thumbnailUrl\":\"https:\/\/b2b.mvgd.pl\/wp-content\/uploads\/2026\/02\/41610030.png\",\"datePublished\":\"2026-02-16T18:45:47+00:00\",\"dateModified\":\"2026-02-16T18:47:34+00:00\",\"breadcrumb\":{\"@id\":\"https:\/\/b2b.mvgd.pl\/index.php\/produkt\/moutard-chablis-aoc\/#breadcrumb\"},\"inLanguage\":\"pl-PL\",\"potentialAction\":[{\"@type\":\"ReadAction\",\"target\":[\"https:\/\/b2b.mvgd.pl\/index.php\/produkt\/moutard-chablis-aoc\/\"]}]},{\"@type\":\"ImageObject\",\"inLanguage\":\"pl-PL\",\"@id\":\"https:\/\/b2b.mvgd.pl\/index.php\/produkt\/moutard-chablis-aoc\/#primaryimage\",\"url\":\"https:\/\/b2b.mvgd.pl\/wp-content\/uploads\/2026\/02\/41610030.png\",\"contentUrl\":\"https:\/\/b2b.mvgd.pl\/wp-content\/uploads\/2026\/02\/41610030.png\",\"width\":900,\"height\":1200},{\"@type\":\"BreadcrumbList\",\"@id\":\"https:\/\/b2b.mvgd.pl\/index.php\/produkt\/moutard-chablis-aoc\/#breadcrumb\",\"itemListElement\":[{\"@type\":\"ListItem\",\"position\":1,\"name\":\"Strona g\u0142\u00f3wna\",\"item\":\"https:\/\/b2b.mvgd.pl\/\"},{\"@type\":\"ListItem\",\"position\":2,\"name\":\"Shop\",\"item\":\"https:\/\/b2b.mvgd.pl\/index.php\/shop\/\"},{\"@type\":\"ListItem\",\"position\":3,\"name\":\"Moutard Chablis AOC\"}]},{\"@type\":\"WebSite\",\"@id\":\"https:\/\/b2b.mvgd.pl\/#website\",\"url\":\"https:\/\/b2b.mvgd.pl\/\",\"name\":\"B2B MVGD PL\",\"description\":\"\",\"potentialAction\":[{\"@type\":\"SearchAction\",\"target\":{\"@type\":\"EntryPoint\",\"urlTemplate\":\"https:\/\/b2b.mvgd.pl\/?s={search_term_string}\"},\"query-input\":{\"@type\":\"PropertyValueSpecification\",\"valueRequired\":true,\"valueName\":\"search_term_string\"}}],\"inLanguage\":\"pl-PL\"}]}<\/script>\n<!-- \/ Yoast SEO plugin. -->","yoast_head_json":{"title":"Moutard Chablis AOC - B2B MVGD PL","robots":{"index":"index","follow":"follow","max-snippet":"max-snippet:-1","max-image-preview":"max-image-preview:large","max-video-preview":"max-video-preview:-1"},"canonical":"https:\/\/b2b.mvgd.pl\/index.php\/produkt\/moutard-chablis-aoc\/","og_locale":"pl_PL","og_type":"article","og_title":"Moutard Chablis AOC - B2B MVGD PL","og_description":"Wino o s\u0142omkowym kolorze, z aromatami zielonego jab\u0142ka, agrestu, sk\u00f3rki cytrynowej i nutami mineralnymi. W ustach lekkie, aksamitne i dobrze zbalansowane, z delikatn\u0105 mineralno\u015bci\u0105 i orzechowym zako\u0144czeniem. Idealnie pasuje do ostryg, dzi\u0119ki mineralnym glebom w Chablis, oraz do owoc\u00f3w morza i bia\u0142ych mi\u0119s. Najlepiej serwowa\u0107 sch\u0142odzone w temperaturze 10-12\u00b0C.","og_url":"https:\/\/b2b.mvgd.pl\/index.php\/produkt\/moutard-chablis-aoc\/","og_site_name":"B2B MVGD PL","article_modified_time":"2026-02-16T18:47:34+00:00","twitter_card":"summary_large_image","twitter_misc":{"Szacowany czas czytania":"1 minuta"},"schema":{"@context":"https:\/\/schema.org","@graph":[{"@type":"WebPage","@id":"https:\/\/b2b.mvgd.pl\/index.php\/produkt\/moutard-chablis-aoc\/","url":"https:\/\/b2b.mvgd.pl\/index.php\/produkt\/moutard-chablis-aoc\/","name":"Moutard Chablis AOC - B2B MVGD PL","isPartOf":{"@id":"https:\/\/b2b.mvgd.pl\/#website"},"primaryImageOfPage":{"@id":"https:\/\/b2b.mvgd.pl\/index.php\/produkt\/moutard-chablis-aoc\/#primaryimage"},"image":{"@id":"https:\/\/b2b.mvgd.pl\/index.php\/produkt\/moutard-chablis-aoc\/#primaryimage"},"thumbnailUrl":"https:\/\/b2b.mvgd.pl\/wp-content\/uploads\/2026\/02\/41610030.png","datePublished":"2026-02-16T18:45:47+00:00","dateModified":"2026-02-16T18:47:34+00:00","breadcrumb":{"@id":"https:\/\/b2b.mvgd.pl\/index.php\/produkt\/moutard-chablis-aoc\/#breadcrumb"},"inLanguage":"pl-PL","potentialAction":[{"@type":"ReadAction","target":["https:\/\/b2b.mvgd.pl\/index.php\/produkt\/moutard-chablis-aoc\/"]}]},{"@type":"ImageObject","inLanguage":"pl-PL","@id":"https:\/\/b2b.mvgd.pl\/index.php\/produkt\/moutard-chablis-aoc\/#primaryimage","url":"https:\/\/b2b.mvgd.pl\/wp-content\/uploads\/2026\/02\/41610030.png","contentUrl":"https:\/\/b2b.mvgd.pl\/wp-content\/uploads\/2026\/02\/41610030.png","width":900,"height":1200},{"@type":"BreadcrumbList","@id":"https:\/\/b2b.mvgd.pl\/index.php\/produkt\/moutard-chablis-aoc\/#breadcrumb","itemListElement":[{"@type":"ListItem","position":1,"name":"Strona g\u0142\u00f3wna","item":"https:\/\/b2b.mvgd.pl\/"},{"@type":"ListItem","position":2,"name":"Shop","item":"https:\/\/b2b.mvgd.pl\/index.php\/shop\/"},{"@type":"ListItem","position":3,"name":"Moutard Chablis AOC"}]},{"@type":"WebSite","@id":"https:\/\/b2b.mvgd.pl\/#website","url":"https:\/\/b2b.mvgd.pl\/","name":"B2B MVGD PL","description":"","potentialAction":[{"@type":"SearchAction","target":{"@type":"EntryPoint","urlTemplate":"https:\/\/b2b.mvgd.pl\/?s={search_term_string}"},"query-input":{"@type":"PropertyValueSpecification","valueRequired":true,"valueName":"search_term_string"}}],"inLanguage":"pl-PL"}]}},"jetpack_sharing_enabled":true,"_links":{"self":[{"href":"https:\/\/b2b.mvgd.pl\/index.php\/wp-json\/wp\/v2\/product\/543","targetHints":{"allow":["GET"]}}],"collection":[{"href":"https:\/\/b2b.mvgd.pl\/index.php\/wp-json\/wp\/v2\/product"}],"about":[{"href":"https:\/\/b2b.mvgd.pl\/index.php\/wp-json\/wp\/v2\/types\/product"}],"replies":[{"embeddable":true,"href":"https:\/\/b2b.mvgd.pl\/index.php\/wp-json\/wp\/v2\/comments?post=543"}],"version-history":[{"count":0,"href":"https:\/\/b2b.mvgd.pl\/index.php\/wp-json\/wp\/v2\/product\/543\/revisions"}],"wp:featuredmedia":[{"embeddable":true,"href":"https:\/\/b2b.mvgd.pl\/index.php\/wp-json\/wp\/v2\/media\/599"}],"wp:attachment":[{"href":"https:\/\/b2b.mvgd.pl\/index.php\/wp-json\/wp\/v2\/media?parent=543"}],"wp:term":[{"taxonomy":"product_brand","embeddable":true,"href":"https:\/\/b2b.mvgd.pl\/index.php\/wp-json\/wp\/v2\/product_brand?post=543"},{"taxonomy":"product_cat","embeddable":true,"href":"https:\/\/b2b.mvgd.pl\/index.php\/wp-json\/wp\/v2\/product_cat?post=543"},{"taxonomy":"product_tag","embeddable":true,"href":"https:\/\/b2b.mvgd.pl\/index.php\/wp-json\/wp\/v2\/product_tag?post=543"}],"curies":[{"name":"wp","href":"https:\/\/api.w.org\/{rel}","templated":true}]}}