{"id":542,"date":"2026-02-16T18:45:47","date_gmt":"2026-02-16T18:45:47","guid":{"rendered":"https:\/\/b2b.mvgd.pl\/?post_type=product&#038;p=542"},"modified":"2026-02-16T18:47:31","modified_gmt":"2026-02-16T18:47:31","slug":"moutard-brut-carte-dor-champagne","status":"publish","type":"product","link":"https:\/\/b2b.mvgd.pl\/index.php\/produkt\/moutard-brut-carte-dor-champagne\/","title":{"rendered":"Moutard Brut Carte d&#8217;Or Champagne"},"content":{"rendered":"<p>Serwowanie: \u015awietnie pasuje do delikatnych mi\u0119s i ser\u00f3w, a tak\u017ce ryb i owoc\u00f3w morza. Idealne na eleganck\u0105 kolacj\u0119. Podawa\u0107 sch\u0142odzone do temperatury 8-12\u00b0C<\/p>\n<p>Szczep: Pinot Noir (Blanc de Noir)<\/p>\n<p>Winnica zlokalizowana jest w C\u00f4te des Bar w okolicach Buxeuil i Polisy, kt\u00f3rych tereny s\u0105 bogate w gliniano wapienne gleby. Krzewy maj\u0105 od 10 do 20 lat. Grona zbierane s\u0105 wy\u0142\u0105cznie r\u0119cznie. Dojrzewa w butelkach przez min. 3 lata.<\/p>\n","protected":false},"excerpt":{"rendered":"<p>Moutard Brut Carte d\u2019Or ten wytrawny szampan w ca\u0142o\u015bci powstaje z winogron pinot noir. Winoro\u015bl uprawiana w glinie i glebie wapiennej zdatna jest do u\u017cytku po minimum 10\u201320 latach uprawy. Ca\u0142o\u015b\u0107 upraw znajduje si\u0119 w okolicach Buxeuil i Polisy, a winogrona zbierane s\u0105 tylko r\u0119cznie.<\/p>\n","protected":false},"featured_media":598,"comment_status":"open","ping_status":"closed","template":"","meta":[],"product_brand":[],"product_cat":[666,665],"product_tag":[675,667,669,670,671,672],"class_list":{"0":"post-542","1":"product","2":"type-product","3":"status-publish","4":"has-post-thumbnail","6":"product_cat-szampania","7":"product_cat-szampany","8":"product_tag-brut-carte-dor","9":"product_tag-champagne","10":"product_tag-moutard","11":"product_tag-pinot-noir","12":"product_tag-szampan","13":"product_tag-szampania-aoc","15":"first","16":"instock","17":"shipping-taxable","18":"purchasable","19":"product-type-simple"},"yoast_head":"<!-- This site is optimized with the Yoast SEO plugin v26.9 - https:\/\/yoast.com\/product\/yoast-seo-wordpress\/ -->\n<title>Moutard Brut Carte d&#039;Or Champagne - B2B MVGD PL<\/title>\n<meta name=\"robots\" content=\"index, follow, max-snippet:-1, max-image-preview:large, max-video-preview:-1\" \/>\n<link rel=\"canonical\" href=\"https:\/\/b2b.mvgd.pl\/index.php\/produkt\/moutard-brut-carte-dor-champagne\/\" \/>\n<meta property=\"og:locale\" content=\"pl_PL\" \/>\n<meta property=\"og:type\" content=\"article\" \/>\n<meta property=\"og:title\" content=\"Moutard Brut Carte d&#039;Or Champagne - B2B MVGD PL\" \/>\n<meta property=\"og:description\" content=\"Moutard Brut Carte d\u2019Or ten wytrawny szampan w ca\u0142o\u015bci powstaje z winogron pinot noir. Winoro\u015bl uprawiana w glinie i glebie wapiennej zdatna jest do u\u017cytku po minimum 10\u201320 latach uprawy. Ca\u0142o\u015b\u0107 upraw znajduje si\u0119 w okolicach Buxeuil i Polisy, a winogrona zbierane s\u0105 tylko r\u0119cznie.\" \/>\n<meta property=\"og:url\" content=\"https:\/\/b2b.mvgd.pl\/index.php\/produkt\/moutard-brut-carte-dor-champagne\/\" \/>\n<meta property=\"og:site_name\" content=\"B2B MVGD PL\" \/>\n<meta property=\"article:modified_time\" content=\"2026-02-16T18:47:31+00:00\" \/>\n<meta name=\"twitter:card\" content=\"summary_large_image\" \/>\n<script type=\"application\/ld+json\" class=\"yoast-schema-graph\">{\"@context\":\"https:\/\/schema.org\",\"@graph\":[{\"@type\":\"WebPage\",\"@id\":\"https:\/\/b2b.mvgd.pl\/index.php\/produkt\/moutard-brut-carte-dor-champagne\/\",\"url\":\"https:\/\/b2b.mvgd.pl\/index.php\/produkt\/moutard-brut-carte-dor-champagne\/\",\"name\":\"Moutard Brut Carte d'Or Champagne - B2B MVGD PL\",\"isPartOf\":{\"@id\":\"https:\/\/b2b.mvgd.pl\/#website\"},\"primaryImageOfPage\":{\"@id\":\"https:\/\/b2b.mvgd.pl\/index.php\/produkt\/moutard-brut-carte-dor-champagne\/#primaryimage\"},\"image\":{\"@id\":\"https:\/\/b2b.mvgd.pl\/index.php\/produkt\/moutard-brut-carte-dor-champagne\/#primaryimage\"},\"thumbnailUrl\":\"https:\/\/b2b.mvgd.pl\/wp-content\/uploads\/2026\/02\/41560011.png\",\"datePublished\":\"2026-02-16T18:45:47+00:00\",\"dateModified\":\"2026-02-16T18:47:31+00:00\",\"breadcrumb\":{\"@id\":\"https:\/\/b2b.mvgd.pl\/index.php\/produkt\/moutard-brut-carte-dor-champagne\/#breadcrumb\"},\"inLanguage\":\"pl-PL\",\"potentialAction\":[{\"@type\":\"ReadAction\",\"target\":[\"https:\/\/b2b.mvgd.pl\/index.php\/produkt\/moutard-brut-carte-dor-champagne\/\"]}]},{\"@type\":\"ImageObject\",\"inLanguage\":\"pl-PL\",\"@id\":\"https:\/\/b2b.mvgd.pl\/index.php\/produkt\/moutard-brut-carte-dor-champagne\/#primaryimage\",\"url\":\"https:\/\/b2b.mvgd.pl\/wp-content\/uploads\/2026\/02\/41560011.png\",\"contentUrl\":\"https:\/\/b2b.mvgd.pl\/wp-content\/uploads\/2026\/02\/41560011.png\",\"width\":900,\"height\":1200},{\"@type\":\"BreadcrumbList\",\"@id\":\"https:\/\/b2b.mvgd.pl\/index.php\/produkt\/moutard-brut-carte-dor-champagne\/#breadcrumb\",\"itemListElement\":[{\"@type\":\"ListItem\",\"position\":1,\"name\":\"Strona g\u0142\u00f3wna\",\"item\":\"https:\/\/b2b.mvgd.pl\/\"},{\"@type\":\"ListItem\",\"position\":2,\"name\":\"Shop\",\"item\":\"https:\/\/b2b.mvgd.pl\/index.php\/shop\/\"},{\"@type\":\"ListItem\",\"position\":3,\"name\":\"Moutard Brut Carte d&#8217;Or Champagne\"}]},{\"@type\":\"WebSite\",\"@id\":\"https:\/\/b2b.mvgd.pl\/#website\",\"url\":\"https:\/\/b2b.mvgd.pl\/\",\"name\":\"B2B MVGD PL\",\"description\":\"\",\"potentialAction\":[{\"@type\":\"SearchAction\",\"target\":{\"@type\":\"EntryPoint\",\"urlTemplate\":\"https:\/\/b2b.mvgd.pl\/?s={search_term_string}\"},\"query-input\":{\"@type\":\"PropertyValueSpecification\",\"valueRequired\":true,\"valueName\":\"search_term_string\"}}],\"inLanguage\":\"pl-PL\"}]}<\/script>\n<!-- \/ Yoast SEO plugin. -->","yoast_head_json":{"title":"Moutard Brut Carte d'Or Champagne - B2B MVGD PL","robots":{"index":"index","follow":"follow","max-snippet":"max-snippet:-1","max-image-preview":"max-image-preview:large","max-video-preview":"max-video-preview:-1"},"canonical":"https:\/\/b2b.mvgd.pl\/index.php\/produkt\/moutard-brut-carte-dor-champagne\/","og_locale":"pl_PL","og_type":"article","og_title":"Moutard Brut Carte d'Or Champagne - B2B MVGD PL","og_description":"Moutard Brut Carte d\u2019Or ten wytrawny szampan w ca\u0142o\u015bci powstaje z winogron pinot noir. Winoro\u015bl uprawiana w glinie i glebie wapiennej zdatna jest do u\u017cytku po minimum 10\u201320 latach uprawy. Ca\u0142o\u015b\u0107 upraw znajduje si\u0119 w okolicach Buxeuil i Polisy, a winogrona zbierane s\u0105 tylko r\u0119cznie.","og_url":"https:\/\/b2b.mvgd.pl\/index.php\/produkt\/moutard-brut-carte-dor-champagne\/","og_site_name":"B2B MVGD PL","article_modified_time":"2026-02-16T18:47:31+00:00","twitter_card":"summary_large_image","schema":{"@context":"https:\/\/schema.org","@graph":[{"@type":"WebPage","@id":"https:\/\/b2b.mvgd.pl\/index.php\/produkt\/moutard-brut-carte-dor-champagne\/","url":"https:\/\/b2b.mvgd.pl\/index.php\/produkt\/moutard-brut-carte-dor-champagne\/","name":"Moutard Brut Carte d'Or Champagne - B2B MVGD PL","isPartOf":{"@id":"https:\/\/b2b.mvgd.pl\/#website"},"primaryImageOfPage":{"@id":"https:\/\/b2b.mvgd.pl\/index.php\/produkt\/moutard-brut-carte-dor-champagne\/#primaryimage"},"image":{"@id":"https:\/\/b2b.mvgd.pl\/index.php\/produkt\/moutard-brut-carte-dor-champagne\/#primaryimage"},"thumbnailUrl":"https:\/\/b2b.mvgd.pl\/wp-content\/uploads\/2026\/02\/41560011.png","datePublished":"2026-02-16T18:45:47+00:00","dateModified":"2026-02-16T18:47:31+00:00","breadcrumb":{"@id":"https:\/\/b2b.mvgd.pl\/index.php\/produkt\/moutard-brut-carte-dor-champagne\/#breadcrumb"},"inLanguage":"pl-PL","potentialAction":[{"@type":"ReadAction","target":["https:\/\/b2b.mvgd.pl\/index.php\/produkt\/moutard-brut-carte-dor-champagne\/"]}]},{"@type":"ImageObject","inLanguage":"pl-PL","@id":"https:\/\/b2b.mvgd.pl\/index.php\/produkt\/moutard-brut-carte-dor-champagne\/#primaryimage","url":"https:\/\/b2b.mvgd.pl\/wp-content\/uploads\/2026\/02\/41560011.png","contentUrl":"https:\/\/b2b.mvgd.pl\/wp-content\/uploads\/2026\/02\/41560011.png","width":900,"height":1200},{"@type":"BreadcrumbList","@id":"https:\/\/b2b.mvgd.pl\/index.php\/produkt\/moutard-brut-carte-dor-champagne\/#breadcrumb","itemListElement":[{"@type":"ListItem","position":1,"name":"Strona g\u0142\u00f3wna","item":"https:\/\/b2b.mvgd.pl\/"},{"@type":"ListItem","position":2,"name":"Shop","item":"https:\/\/b2b.mvgd.pl\/index.php\/shop\/"},{"@type":"ListItem","position":3,"name":"Moutard Brut Carte d&#8217;Or Champagne"}]},{"@type":"WebSite","@id":"https:\/\/b2b.mvgd.pl\/#website","url":"https:\/\/b2b.mvgd.pl\/","name":"B2B MVGD PL","description":"","potentialAction":[{"@type":"SearchAction","target":{"@type":"EntryPoint","urlTemplate":"https:\/\/b2b.mvgd.pl\/?s={search_term_string}"},"query-input":{"@type":"PropertyValueSpecification","valueRequired":true,"valueName":"search_term_string"}}],"inLanguage":"pl-PL"}]}},"jetpack_sharing_enabled":true,"_links":{"self":[{"href":"https:\/\/b2b.mvgd.pl\/index.php\/wp-json\/wp\/v2\/product\/542","targetHints":{"allow":["GET"]}}],"collection":[{"href":"https:\/\/b2b.mvgd.pl\/index.php\/wp-json\/wp\/v2\/product"}],"about":[{"href":"https:\/\/b2b.mvgd.pl\/index.php\/wp-json\/wp\/v2\/types\/product"}],"replies":[{"embeddable":true,"href":"https:\/\/b2b.mvgd.pl\/index.php\/wp-json\/wp\/v2\/comments?post=542"}],"version-history":[{"count":0,"href":"https:\/\/b2b.mvgd.pl\/index.php\/wp-json\/wp\/v2\/product\/542\/revisions"}],"wp:featuredmedia":[{"embeddable":true,"href":"https:\/\/b2b.mvgd.pl\/index.php\/wp-json\/wp\/v2\/media\/598"}],"wp:attachment":[{"href":"https:\/\/b2b.mvgd.pl\/index.php\/wp-json\/wp\/v2\/media?parent=542"}],"wp:term":[{"taxonomy":"product_brand","embeddable":true,"href":"https:\/\/b2b.mvgd.pl\/index.php\/wp-json\/wp\/v2\/product_brand?post=542"},{"taxonomy":"product_cat","embeddable":true,"href":"https:\/\/b2b.mvgd.pl\/index.php\/wp-json\/wp\/v2\/product_cat?post=542"},{"taxonomy":"product_tag","embeddable":true,"href":"https:\/\/b2b.mvgd.pl\/index.php\/wp-json\/wp\/v2\/product_tag?post=542"}],"curies":[{"name":"wp","href":"https:\/\/api.w.org\/{rel}","templated":true}]}}