{"id":540,"date":"2026-02-16T18:45:47","date_gmt":"2026-02-16T18:45:47","guid":{"rendered":"https:\/\/b2b.mvgd.pl\/?post_type=product&#038;p=540"},"modified":"2026-02-16T18:47:19","modified_gmt":"2026-02-16T18:47:19","slug":"moutard-grande-cuvee-brut-champagne","status":"publish","type":"product","link":"https:\/\/b2b.mvgd.pl\/index.php\/produkt\/moutard-grande-cuvee-brut-champagne\/","title":{"rendered":"Moutard Grande Cuv\u00e9e Brut Champagne"},"content":{"rendered":"<p>Serwowanie: Pasuje do przystawek z surowymi warzywami, owocami morza, ryb, w\u0119dlin, foie gras, tatara wo\u0142owego i z tu\u0144czyka oraz do da\u0144 mi\u0119snych; mi\u0119so bia\u0142e (dr\u00f3b ciel\u0119cina) saute lub w sosie oraz do wo\u0142owiny i kaczki. Podawa\u0107 sch\u0142odzone do temperatury 8-12\u00b0C<\/p>\n<p>Szczep: Pinot Noir (Blanc de Noir)<\/p>\n<p>Winnica zlokalizowana jest w C\u00f4te des Bar, winoro\u015bl ro\u015bnie na gliniano wapiennych glebach. Krzewy maj\u0105 od 10 do 20 lat i s\u0105 przycinane metod\u0105 Guyot w marcu. R\u0119czne zbiory. Dojrzewa w butelkach przez 3 lata.<\/p>\n","protected":false},"excerpt":{"rendered":"<p>Wino o pi\u0119knym, z\u0142oto-\u017c\u00f3\u0142tym kolorze, z delikatnym i bogatym aromatem mas\u0142a, migda\u0142\u00f3w oraz brioche. W ustach prezentuje si\u0119 \u017cywo, elegancko, z doskona\u0142\u0105 r\u00f3wnowag\u0105 smak\u00f3w i pe\u0142ni\u0105. Idealne do serwowania z przystawkami, takimi jak surowe warzywa, owoce morza, ryby, w\u0119dliny, foie gras, tatar wo\u0142owy i z tu\u0144czyka. Doskonale komponuje si\u0119 r\u00f3wnie\u017c z bia\u0142ymi mi\u0119sami, jak dr\u00f3b i ciel\u0119cina, czy z wo\u0142owin\u0105 i kaczk\u0105. Nale\u017cy serwowa\u0107 sch\u0142odzone, w temperaturze 8-12\u00b0C.<\/p>\n","protected":false},"featured_media":591,"comment_status":"open","ping_status":"closed","template":"","meta":[],"product_brand":[],"product_cat":[666,665],"product_tag":[667,673,669,670,671,672],"class_list":{"0":"post-540","1":"product","2":"type-product","3":"status-publish","4":"has-post-thumbnail","6":"product_cat-szampania","7":"product_cat-szampany","8":"product_tag-champagne","9":"product_tag-grand-cuvee-brut","10":"product_tag-moutard","11":"product_tag-pinot-noir","12":"product_tag-szampan","13":"product_tag-szampania-aoc","15":"first","16":"instock","17":"shipping-taxable","18":"purchasable","19":"product-type-simple"},"yoast_head":"<!-- This site is optimized with the Yoast SEO plugin v26.9 - https:\/\/yoast.com\/product\/yoast-seo-wordpress\/ -->\n<title>Moutard Grande Cuv\u00e9e Brut Champagne - B2B MVGD PL<\/title>\n<meta name=\"robots\" content=\"index, follow, max-snippet:-1, max-image-preview:large, max-video-preview:-1\" \/>\n<link rel=\"canonical\" href=\"https:\/\/b2b.mvgd.pl\/index.php\/produkt\/moutard-grande-cuvee-brut-champagne\/\" \/>\n<meta property=\"og:locale\" content=\"pl_PL\" \/>\n<meta property=\"og:type\" content=\"article\" \/>\n<meta property=\"og:title\" content=\"Moutard Grande Cuv\u00e9e Brut Champagne - B2B MVGD PL\" \/>\n<meta property=\"og:description\" content=\"Wino o pi\u0119knym, z\u0142oto-\u017c\u00f3\u0142tym kolorze, z delikatnym i bogatym aromatem mas\u0142a, migda\u0142\u00f3w oraz brioche. W ustach prezentuje si\u0119 \u017cywo, elegancko, z doskona\u0142\u0105 r\u00f3wnowag\u0105 smak\u00f3w i pe\u0142ni\u0105. Idealne do serwowania z przystawkami, takimi jak surowe warzywa, owoce morza, ryby, w\u0119dliny, foie gras, tatar wo\u0142owy i z tu\u0144czyka. Doskonale komponuje si\u0119 r\u00f3wnie\u017c z bia\u0142ymi mi\u0119sami, jak dr\u00f3b i ciel\u0119cina, czy z wo\u0142owin\u0105 i kaczk\u0105. Nale\u017cy serwowa\u0107 sch\u0142odzone, w temperaturze 8-12\u00b0C.\" \/>\n<meta property=\"og:url\" content=\"https:\/\/b2b.mvgd.pl\/index.php\/produkt\/moutard-grande-cuvee-brut-champagne\/\" \/>\n<meta property=\"og:site_name\" content=\"B2B MVGD PL\" \/>\n<meta property=\"article:modified_time\" content=\"2026-02-16T18:47:19+00:00\" \/>\n<meta name=\"twitter:card\" content=\"summary_large_image\" \/>\n<script type=\"application\/ld+json\" class=\"yoast-schema-graph\">{\"@context\":\"https:\/\/schema.org\",\"@graph\":[{\"@type\":\"WebPage\",\"@id\":\"https:\/\/b2b.mvgd.pl\/index.php\/produkt\/moutard-grande-cuvee-brut-champagne\/\",\"url\":\"https:\/\/b2b.mvgd.pl\/index.php\/produkt\/moutard-grande-cuvee-brut-champagne\/\",\"name\":\"Moutard Grande Cuv\u00e9e Brut Champagne - B2B MVGD PL\",\"isPartOf\":{\"@id\":\"https:\/\/b2b.mvgd.pl\/#website\"},\"primaryImageOfPage\":{\"@id\":\"https:\/\/b2b.mvgd.pl\/index.php\/produkt\/moutard-grande-cuvee-brut-champagne\/#primaryimage\"},\"image\":{\"@id\":\"https:\/\/b2b.mvgd.pl\/index.php\/produkt\/moutard-grande-cuvee-brut-champagne\/#primaryimage\"},\"thumbnailUrl\":\"https:\/\/b2b.mvgd.pl\/wp-content\/uploads\/2026\/02\/41560004.png\",\"datePublished\":\"2026-02-16T18:45:47+00:00\",\"dateModified\":\"2026-02-16T18:47:19+00:00\",\"breadcrumb\":{\"@id\":\"https:\/\/b2b.mvgd.pl\/index.php\/produkt\/moutard-grande-cuvee-brut-champagne\/#breadcrumb\"},\"inLanguage\":\"pl-PL\",\"potentialAction\":[{\"@type\":\"ReadAction\",\"target\":[\"https:\/\/b2b.mvgd.pl\/index.php\/produkt\/moutard-grande-cuvee-brut-champagne\/\"]}]},{\"@type\":\"ImageObject\",\"inLanguage\":\"pl-PL\",\"@id\":\"https:\/\/b2b.mvgd.pl\/index.php\/produkt\/moutard-grande-cuvee-brut-champagne\/#primaryimage\",\"url\":\"https:\/\/b2b.mvgd.pl\/wp-content\/uploads\/2026\/02\/41560004.png\",\"contentUrl\":\"https:\/\/b2b.mvgd.pl\/wp-content\/uploads\/2026\/02\/41560004.png\",\"width\":900,\"height\":1200},{\"@type\":\"BreadcrumbList\",\"@id\":\"https:\/\/b2b.mvgd.pl\/index.php\/produkt\/moutard-grande-cuvee-brut-champagne\/#breadcrumb\",\"itemListElement\":[{\"@type\":\"ListItem\",\"position\":1,\"name\":\"Strona g\u0142\u00f3wna\",\"item\":\"https:\/\/b2b.mvgd.pl\/\"},{\"@type\":\"ListItem\",\"position\":2,\"name\":\"Shop\",\"item\":\"https:\/\/b2b.mvgd.pl\/index.php\/shop\/\"},{\"@type\":\"ListItem\",\"position\":3,\"name\":\"Moutard Grande Cuv\u00e9e Brut Champagne\"}]},{\"@type\":\"WebSite\",\"@id\":\"https:\/\/b2b.mvgd.pl\/#website\",\"url\":\"https:\/\/b2b.mvgd.pl\/\",\"name\":\"B2B MVGD PL\",\"description\":\"\",\"potentialAction\":[{\"@type\":\"SearchAction\",\"target\":{\"@type\":\"EntryPoint\",\"urlTemplate\":\"https:\/\/b2b.mvgd.pl\/?s={search_term_string}\"},\"query-input\":{\"@type\":\"PropertyValueSpecification\",\"valueRequired\":true,\"valueName\":\"search_term_string\"}}],\"inLanguage\":\"pl-PL\"}]}<\/script>\n<!-- \/ Yoast SEO plugin. -->","yoast_head_json":{"title":"Moutard Grande Cuv\u00e9e Brut Champagne - B2B MVGD PL","robots":{"index":"index","follow":"follow","max-snippet":"max-snippet:-1","max-image-preview":"max-image-preview:large","max-video-preview":"max-video-preview:-1"},"canonical":"https:\/\/b2b.mvgd.pl\/index.php\/produkt\/moutard-grande-cuvee-brut-champagne\/","og_locale":"pl_PL","og_type":"article","og_title":"Moutard Grande Cuv\u00e9e Brut Champagne - B2B MVGD PL","og_description":"Wino o pi\u0119knym, z\u0142oto-\u017c\u00f3\u0142tym kolorze, z delikatnym i bogatym aromatem mas\u0142a, migda\u0142\u00f3w oraz brioche. W ustach prezentuje si\u0119 \u017cywo, elegancko, z doskona\u0142\u0105 r\u00f3wnowag\u0105 smak\u00f3w i pe\u0142ni\u0105. Idealne do serwowania z przystawkami, takimi jak surowe warzywa, owoce morza, ryby, w\u0119dliny, foie gras, tatar wo\u0142owy i z tu\u0144czyka. Doskonale komponuje si\u0119 r\u00f3wnie\u017c z bia\u0142ymi mi\u0119sami, jak dr\u00f3b i ciel\u0119cina, czy z wo\u0142owin\u0105 i kaczk\u0105. Nale\u017cy serwowa\u0107 sch\u0142odzone, w temperaturze 8-12\u00b0C.","og_url":"https:\/\/b2b.mvgd.pl\/index.php\/produkt\/moutard-grande-cuvee-brut-champagne\/","og_site_name":"B2B MVGD PL","article_modified_time":"2026-02-16T18:47:19+00:00","twitter_card":"summary_large_image","schema":{"@context":"https:\/\/schema.org","@graph":[{"@type":"WebPage","@id":"https:\/\/b2b.mvgd.pl\/index.php\/produkt\/moutard-grande-cuvee-brut-champagne\/","url":"https:\/\/b2b.mvgd.pl\/index.php\/produkt\/moutard-grande-cuvee-brut-champagne\/","name":"Moutard Grande Cuv\u00e9e Brut Champagne - B2B MVGD PL","isPartOf":{"@id":"https:\/\/b2b.mvgd.pl\/#website"},"primaryImageOfPage":{"@id":"https:\/\/b2b.mvgd.pl\/index.php\/produkt\/moutard-grande-cuvee-brut-champagne\/#primaryimage"},"image":{"@id":"https:\/\/b2b.mvgd.pl\/index.php\/produkt\/moutard-grande-cuvee-brut-champagne\/#primaryimage"},"thumbnailUrl":"https:\/\/b2b.mvgd.pl\/wp-content\/uploads\/2026\/02\/41560004.png","datePublished":"2026-02-16T18:45:47+00:00","dateModified":"2026-02-16T18:47:19+00:00","breadcrumb":{"@id":"https:\/\/b2b.mvgd.pl\/index.php\/produkt\/moutard-grande-cuvee-brut-champagne\/#breadcrumb"},"inLanguage":"pl-PL","potentialAction":[{"@type":"ReadAction","target":["https:\/\/b2b.mvgd.pl\/index.php\/produkt\/moutard-grande-cuvee-brut-champagne\/"]}]},{"@type":"ImageObject","inLanguage":"pl-PL","@id":"https:\/\/b2b.mvgd.pl\/index.php\/produkt\/moutard-grande-cuvee-brut-champagne\/#primaryimage","url":"https:\/\/b2b.mvgd.pl\/wp-content\/uploads\/2026\/02\/41560004.png","contentUrl":"https:\/\/b2b.mvgd.pl\/wp-content\/uploads\/2026\/02\/41560004.png","width":900,"height":1200},{"@type":"BreadcrumbList","@id":"https:\/\/b2b.mvgd.pl\/index.php\/produkt\/moutard-grande-cuvee-brut-champagne\/#breadcrumb","itemListElement":[{"@type":"ListItem","position":1,"name":"Strona g\u0142\u00f3wna","item":"https:\/\/b2b.mvgd.pl\/"},{"@type":"ListItem","position":2,"name":"Shop","item":"https:\/\/b2b.mvgd.pl\/index.php\/shop\/"},{"@type":"ListItem","position":3,"name":"Moutard Grande Cuv\u00e9e Brut Champagne"}]},{"@type":"WebSite","@id":"https:\/\/b2b.mvgd.pl\/#website","url":"https:\/\/b2b.mvgd.pl\/","name":"B2B MVGD PL","description":"","potentialAction":[{"@type":"SearchAction","target":{"@type":"EntryPoint","urlTemplate":"https:\/\/b2b.mvgd.pl\/?s={search_term_string}"},"query-input":{"@type":"PropertyValueSpecification","valueRequired":true,"valueName":"search_term_string"}}],"inLanguage":"pl-PL"}]}},"jetpack_sharing_enabled":true,"_links":{"self":[{"href":"https:\/\/b2b.mvgd.pl\/index.php\/wp-json\/wp\/v2\/product\/540","targetHints":{"allow":["GET"]}}],"collection":[{"href":"https:\/\/b2b.mvgd.pl\/index.php\/wp-json\/wp\/v2\/product"}],"about":[{"href":"https:\/\/b2b.mvgd.pl\/index.php\/wp-json\/wp\/v2\/types\/product"}],"replies":[{"embeddable":true,"href":"https:\/\/b2b.mvgd.pl\/index.php\/wp-json\/wp\/v2\/comments?post=540"}],"version-history":[{"count":0,"href":"https:\/\/b2b.mvgd.pl\/index.php\/wp-json\/wp\/v2\/product\/540\/revisions"}],"wp:featuredmedia":[{"embeddable":true,"href":"https:\/\/b2b.mvgd.pl\/index.php\/wp-json\/wp\/v2\/media\/591"}],"wp:attachment":[{"href":"https:\/\/b2b.mvgd.pl\/index.php\/wp-json\/wp\/v2\/media?parent=540"}],"wp:term":[{"taxonomy":"product_brand","embeddable":true,"href":"https:\/\/b2b.mvgd.pl\/index.php\/wp-json\/wp\/v2\/product_brand?post=540"},{"taxonomy":"product_cat","embeddable":true,"href":"https:\/\/b2b.mvgd.pl\/index.php\/wp-json\/wp\/v2\/product_cat?post=540"},{"taxonomy":"product_tag","embeddable":true,"href":"https:\/\/b2b.mvgd.pl\/index.php\/wp-json\/wp\/v2\/product_tag?post=540"}],"curies":[{"name":"wp","href":"https:\/\/api.w.org\/{rel}","templated":true}]}}