{"id":519,"date":"2026-02-16T18:44:49","date_gmt":"2026-02-16T18:44:49","guid":{"rendered":"https:\/\/b2b.mvgd.pl\/?post_type=product&#038;p=519"},"modified":"2026-02-16T18:46:44","modified_gmt":"2026-02-16T18:46:44","slug":"sandeman-40yo-tawny","status":"publish","type":"product","link":"https:\/\/b2b.mvgd.pl\/index.php\/produkt\/sandeman-40yo-tawny\/","title":{"rendered":"Sandeman 40YO Tawny"},"content":{"rendered":"<p>Serwowanie: Idealne na zako\u0144czenie posi\u0142ku, inspiruj\u0105ce do dobrej rozmowy dzi\u0119ki swojej z\u0142o\u017cono\u015bci i kompleksowemu profilowi smakowemu. Pasuje r\u00f3wnie\u017c do czerwonego mi\u0119sa oraz dojrzewaj\u0105cych ser\u00f3w i w\u0119dlin. Podawa\u0107 sch\u0142odzone do temperatury 14 &#8211; 16\u2070C<\/p>\n<p>Szczep: Tinta Amarela; Tinta Barroca; Tinta Roriz; Tinto C\u00e3o; Touriga Franca<br \/>\nDojrzewanie: mi\u0119dzy 30-55 lat<\/p>\n<p>Winifikacja: Sandeman Porto Tawny 40 Years Old jest wytwarzane metod\u0105 klasyczn\u0105 dla win porto. Winogrona, zbierane r\u0119cznie, przechodz\u0105 przez proces usuwania szypu\u0142ek i mia\u017cd\u017cenia przed kontrolowan\u0105 fermentacj\u0105 z maceracj\u0105, aby ekstrahowa\u0107 najlepsze elementy. Kluczowy moment dodania alkoholu winnego, wybierany przez winiarza, decyduje o r\u00f3wnowadze mi\u0119dzy cia\u0142em a aromatem wina. Dojrzewanie: Wina po zbiorach pozostaj\u0105 w Douro do wiosny, a nast\u0119pnie przenoszone s\u0105 do piwnic Sandemana w Vila Nova de Gaia. Tam w d\u0119bowych beczkach odbywa si\u0119 ich starzenie, zgodnie z tradycj\u0105 win porto. Przez lata wyselekcjonowane wina s\u0105 degustowane, przes\u0105czane i korygowane. Ostateczna mieszanka to wynik \u015bcis\u0142ego wyboru win w wieku 30-55 lat, starannie po\u0142\u0105czonych w celu osi\u0105gni\u0119cia charakterystycznego stylu i sp\u00f3jno\u015bci Sandeman Porto Tawny 40 Years Old.<\/p>\n","protected":false},"excerpt":{"rendered":"<p>Ten produkt o czerwono-bursztynowym kolorze zachwyca masywnym bukietem z nutami wanilii, d\u0119bu i miodu, ukazuj\u0105c g\u0142\u0119bi\u0119 i z\u0142o\u017cono\u015b\u0107 aromat\u00f3w. W ustach jest bardzo z\u0142o\u017cony, z harmonijnie rozwijaj\u0105cymi si\u0119 smakami suszonych owoc\u00f3w, przypraw i orzech\u00f3w. Oferuje doskona\u0142\u0105 r\u00f3wnowag\u0119 mi\u0119dzy starzeniem w drewnie a pe\u0142ni\u0105 smaku, charakterystyczn\u0105 dla Tawny. Idealny na zako\u0144czenie posi\u0142ku, inspiruj\u0105cy do dobrej rozmowy, doskonale pasuje r\u00f3wnie\u017c do czerwonego mi\u0119sa, dojrzewaj\u0105cych ser\u00f3w i w\u0119dlin. Podawa\u0107 sch\u0142odzone do temperatury 14-16\u00b0C.<\/p>\n","protected":false},"featured_media":574,"comment_status":"open","ping_status":"closed","template":"","meta":[],"product_brand":[],"product_cat":[546,547,545],"product_tag":[613,548,549,550,551,552,607,614,320,554],"class_list":{"0":"post-519","1":"product","2":"type-product","3":"status-publish","4":"has-post-thumbnail","6":"product_cat-doc-porto","7":"product_cat-douro-doc-porto","8":"product_cat-wina-wzmacniane","9":"product_tag-40-years-old","10":"product_tag-douro","11":"product_tag-porto","12":"product_tag-porto-doc","13":"product_tag-portugalia","14":"product_tag-sandeman","15":"product_tag-tawny","16":"product_tag-tawny-40-years-old","17":"product_tag-wino","18":"product_tag-wino-wzmacniane","20":"first","21":"instock","22":"shipping-taxable","23":"purchasable","24":"product-type-simple"},"yoast_head":"<!-- This site is optimized with the Yoast SEO plugin v26.9 - https:\/\/yoast.com\/product\/yoast-seo-wordpress\/ -->\n<title>Sandeman 40YO Tawny - B2B MVGD PL<\/title>\n<meta name=\"robots\" content=\"index, follow, max-snippet:-1, max-image-preview:large, max-video-preview:-1\" \/>\n<link rel=\"canonical\" href=\"https:\/\/b2b.mvgd.pl\/index.php\/produkt\/sandeman-40yo-tawny\/\" \/>\n<meta property=\"og:locale\" content=\"pl_PL\" \/>\n<meta property=\"og:type\" content=\"article\" \/>\n<meta property=\"og:title\" content=\"Sandeman 40YO Tawny - B2B MVGD PL\" \/>\n<meta property=\"og:description\" content=\"Ten produkt o czerwono-bursztynowym kolorze zachwyca masywnym bukietem z nutami wanilii, d\u0119bu i miodu, ukazuj\u0105c g\u0142\u0119bi\u0119 i z\u0142o\u017cono\u015b\u0107 aromat\u00f3w. W ustach jest bardzo z\u0142o\u017cony, z harmonijnie rozwijaj\u0105cymi si\u0119 smakami suszonych owoc\u00f3w, przypraw i orzech\u00f3w. Oferuje doskona\u0142\u0105 r\u00f3wnowag\u0119 mi\u0119dzy starzeniem w drewnie a pe\u0142ni\u0105 smaku, charakterystyczn\u0105 dla Tawny. Idealny na zako\u0144czenie posi\u0142ku, inspiruj\u0105cy do dobrej rozmowy, doskonale pasuje r\u00f3wnie\u017c do czerwonego mi\u0119sa, dojrzewaj\u0105cych ser\u00f3w i w\u0119dlin. Podawa\u0107 sch\u0142odzone do temperatury 14-16\u00b0C.\" \/>\n<meta property=\"og:url\" content=\"https:\/\/b2b.mvgd.pl\/index.php\/produkt\/sandeman-40yo-tawny\/\" \/>\n<meta property=\"og:site_name\" content=\"B2B MVGD PL\" \/>\n<meta property=\"article:modified_time\" content=\"2026-02-16T18:46:44+00:00\" \/>\n<meta name=\"twitter:card\" content=\"summary_large_image\" \/>\n<meta name=\"twitter:label1\" content=\"Szacowany czas czytania\" \/>\n\t<meta name=\"twitter:data1\" content=\"1 minuta\" \/>\n<script type=\"application\/ld+json\" class=\"yoast-schema-graph\">{\"@context\":\"https:\/\/schema.org\",\"@graph\":[{\"@type\":\"WebPage\",\"@id\":\"https:\/\/b2b.mvgd.pl\/index.php\/produkt\/sandeman-40yo-tawny\/\",\"url\":\"https:\/\/b2b.mvgd.pl\/index.php\/produkt\/sandeman-40yo-tawny\/\",\"name\":\"Sandeman 40YO Tawny - B2B MVGD PL\",\"isPartOf\":{\"@id\":\"https:\/\/b2b.mvgd.pl\/#website\"},\"primaryImageOfPage\":{\"@id\":\"https:\/\/b2b.mvgd.pl\/index.php\/produkt\/sandeman-40yo-tawny\/#primaryimage\"},\"image\":{\"@id\":\"https:\/\/b2b.mvgd.pl\/index.php\/produkt\/sandeman-40yo-tawny\/#primaryimage\"},\"thumbnailUrl\":\"https:\/\/b2b.mvgd.pl\/wp-content\/uploads\/2026\/02\/40.png\",\"datePublished\":\"2026-02-16T18:44:49+00:00\",\"dateModified\":\"2026-02-16T18:46:44+00:00\",\"breadcrumb\":{\"@id\":\"https:\/\/b2b.mvgd.pl\/index.php\/produkt\/sandeman-40yo-tawny\/#breadcrumb\"},\"inLanguage\":\"pl-PL\",\"potentialAction\":[{\"@type\":\"ReadAction\",\"target\":[\"https:\/\/b2b.mvgd.pl\/index.php\/produkt\/sandeman-40yo-tawny\/\"]}]},{\"@type\":\"ImageObject\",\"inLanguage\":\"pl-PL\",\"@id\":\"https:\/\/b2b.mvgd.pl\/index.php\/produkt\/sandeman-40yo-tawny\/#primaryimage\",\"url\":\"https:\/\/b2b.mvgd.pl\/wp-content\/uploads\/2026\/02\/40.png\",\"contentUrl\":\"https:\/\/b2b.mvgd.pl\/wp-content\/uploads\/2026\/02\/40.png\",\"width\":900,\"height\":1200},{\"@type\":\"BreadcrumbList\",\"@id\":\"https:\/\/b2b.mvgd.pl\/index.php\/produkt\/sandeman-40yo-tawny\/#breadcrumb\",\"itemListElement\":[{\"@type\":\"ListItem\",\"position\":1,\"name\":\"Strona g\u0142\u00f3wna\",\"item\":\"https:\/\/b2b.mvgd.pl\/\"},{\"@type\":\"ListItem\",\"position\":2,\"name\":\"Shop\",\"item\":\"https:\/\/b2b.mvgd.pl\/index.php\/shop\/\"},{\"@type\":\"ListItem\",\"position\":3,\"name\":\"Sandeman 40YO Tawny\"}]},{\"@type\":\"WebSite\",\"@id\":\"https:\/\/b2b.mvgd.pl\/#website\",\"url\":\"https:\/\/b2b.mvgd.pl\/\",\"name\":\"B2B MVGD PL\",\"description\":\"\",\"potentialAction\":[{\"@type\":\"SearchAction\",\"target\":{\"@type\":\"EntryPoint\",\"urlTemplate\":\"https:\/\/b2b.mvgd.pl\/?s={search_term_string}\"},\"query-input\":{\"@type\":\"PropertyValueSpecification\",\"valueRequired\":true,\"valueName\":\"search_term_string\"}}],\"inLanguage\":\"pl-PL\"}]}<\/script>\n<!-- \/ Yoast SEO plugin. -->","yoast_head_json":{"title":"Sandeman 40YO Tawny - B2B MVGD PL","robots":{"index":"index","follow":"follow","max-snippet":"max-snippet:-1","max-image-preview":"max-image-preview:large","max-video-preview":"max-video-preview:-1"},"canonical":"https:\/\/b2b.mvgd.pl\/index.php\/produkt\/sandeman-40yo-tawny\/","og_locale":"pl_PL","og_type":"article","og_title":"Sandeman 40YO Tawny - B2B MVGD PL","og_description":"Ten produkt o czerwono-bursztynowym kolorze zachwyca masywnym bukietem z nutami wanilii, d\u0119bu i miodu, ukazuj\u0105c g\u0142\u0119bi\u0119 i z\u0142o\u017cono\u015b\u0107 aromat\u00f3w. W ustach jest bardzo z\u0142o\u017cony, z harmonijnie rozwijaj\u0105cymi si\u0119 smakami suszonych owoc\u00f3w, przypraw i orzech\u00f3w. Oferuje doskona\u0142\u0105 r\u00f3wnowag\u0119 mi\u0119dzy starzeniem w drewnie a pe\u0142ni\u0105 smaku, charakterystyczn\u0105 dla Tawny. Idealny na zako\u0144czenie posi\u0142ku, inspiruj\u0105cy do dobrej rozmowy, doskonale pasuje r\u00f3wnie\u017c do czerwonego mi\u0119sa, dojrzewaj\u0105cych ser\u00f3w i w\u0119dlin. Podawa\u0107 sch\u0142odzone do temperatury 14-16\u00b0C.","og_url":"https:\/\/b2b.mvgd.pl\/index.php\/produkt\/sandeman-40yo-tawny\/","og_site_name":"B2B MVGD PL","article_modified_time":"2026-02-16T18:46:44+00:00","twitter_card":"summary_large_image","twitter_misc":{"Szacowany czas czytania":"1 minuta"},"schema":{"@context":"https:\/\/schema.org","@graph":[{"@type":"WebPage","@id":"https:\/\/b2b.mvgd.pl\/index.php\/produkt\/sandeman-40yo-tawny\/","url":"https:\/\/b2b.mvgd.pl\/index.php\/produkt\/sandeman-40yo-tawny\/","name":"Sandeman 40YO Tawny - B2B MVGD PL","isPartOf":{"@id":"https:\/\/b2b.mvgd.pl\/#website"},"primaryImageOfPage":{"@id":"https:\/\/b2b.mvgd.pl\/index.php\/produkt\/sandeman-40yo-tawny\/#primaryimage"},"image":{"@id":"https:\/\/b2b.mvgd.pl\/index.php\/produkt\/sandeman-40yo-tawny\/#primaryimage"},"thumbnailUrl":"https:\/\/b2b.mvgd.pl\/wp-content\/uploads\/2026\/02\/40.png","datePublished":"2026-02-16T18:44:49+00:00","dateModified":"2026-02-16T18:46:44+00:00","breadcrumb":{"@id":"https:\/\/b2b.mvgd.pl\/index.php\/produkt\/sandeman-40yo-tawny\/#breadcrumb"},"inLanguage":"pl-PL","potentialAction":[{"@type":"ReadAction","target":["https:\/\/b2b.mvgd.pl\/index.php\/produkt\/sandeman-40yo-tawny\/"]}]},{"@type":"ImageObject","inLanguage":"pl-PL","@id":"https:\/\/b2b.mvgd.pl\/index.php\/produkt\/sandeman-40yo-tawny\/#primaryimage","url":"https:\/\/b2b.mvgd.pl\/wp-content\/uploads\/2026\/02\/40.png","contentUrl":"https:\/\/b2b.mvgd.pl\/wp-content\/uploads\/2026\/02\/40.png","width":900,"height":1200},{"@type":"BreadcrumbList","@id":"https:\/\/b2b.mvgd.pl\/index.php\/produkt\/sandeman-40yo-tawny\/#breadcrumb","itemListElement":[{"@type":"ListItem","position":1,"name":"Strona g\u0142\u00f3wna","item":"https:\/\/b2b.mvgd.pl\/"},{"@type":"ListItem","position":2,"name":"Shop","item":"https:\/\/b2b.mvgd.pl\/index.php\/shop\/"},{"@type":"ListItem","position":3,"name":"Sandeman 40YO Tawny"}]},{"@type":"WebSite","@id":"https:\/\/b2b.mvgd.pl\/#website","url":"https:\/\/b2b.mvgd.pl\/","name":"B2B MVGD PL","description":"","potentialAction":[{"@type":"SearchAction","target":{"@type":"EntryPoint","urlTemplate":"https:\/\/b2b.mvgd.pl\/?s={search_term_string}"},"query-input":{"@type":"PropertyValueSpecification","valueRequired":true,"valueName":"search_term_string"}}],"inLanguage":"pl-PL"}]}},"jetpack_sharing_enabled":true,"_links":{"self":[{"href":"https:\/\/b2b.mvgd.pl\/index.php\/wp-json\/wp\/v2\/product\/519","targetHints":{"allow":["GET"]}}],"collection":[{"href":"https:\/\/b2b.mvgd.pl\/index.php\/wp-json\/wp\/v2\/product"}],"about":[{"href":"https:\/\/b2b.mvgd.pl\/index.php\/wp-json\/wp\/v2\/types\/product"}],"replies":[{"embeddable":true,"href":"https:\/\/b2b.mvgd.pl\/index.php\/wp-json\/wp\/v2\/comments?post=519"}],"version-history":[{"count":0,"href":"https:\/\/b2b.mvgd.pl\/index.php\/wp-json\/wp\/v2\/product\/519\/revisions"}],"wp:featuredmedia":[{"embeddable":true,"href":"https:\/\/b2b.mvgd.pl\/index.php\/wp-json\/wp\/v2\/media\/574"}],"wp:attachment":[{"href":"https:\/\/b2b.mvgd.pl\/index.php\/wp-json\/wp\/v2\/media?parent=519"}],"wp:term":[{"taxonomy":"product_brand","embeddable":true,"href":"https:\/\/b2b.mvgd.pl\/index.php\/wp-json\/wp\/v2\/product_brand?post=519"},{"taxonomy":"product_cat","embeddable":true,"href":"https:\/\/b2b.mvgd.pl\/index.php\/wp-json\/wp\/v2\/product_cat?post=519"},{"taxonomy":"product_tag","embeddable":true,"href":"https:\/\/b2b.mvgd.pl\/index.php\/wp-json\/wp\/v2\/product_tag?post=519"}],"curies":[{"name":"wp","href":"https:\/\/api.w.org\/{rel}","templated":true}]}}