{"id":501,"date":"2026-02-16T18:44:23","date_gmt":"2026-02-16T18:44:23","guid":{"rendered":"https:\/\/b2b.mvgd.pl\/?post_type=product&#038;p=501"},"modified":"2026-02-16T18:46:14","modified_gmt":"2026-02-16T18:46:14","slug":"casa-ferrerinha-vinha-grande-branco","status":"publish","type":"product","link":"https:\/\/b2b.mvgd.pl\/index.php\/produkt\/casa-ferrerinha-vinha-grande-branco\/","title":{"rendered":"Casa Ferrerinha Vinha Grande Branco"},"content":{"rendered":"<p>Serwowanie: Doskonale komponuje si\u0119 z grillowan\u0105 ryb\u0105, pieczonym kurczakiem lub kremowymi daniami z makaronu. Temperatura podania: 10 &#8211; 12 \u00b0C<\/p>\n<p>Szczep: Viosinho, Rabigato, Gouveio i Arinto<\/p>\n","protected":false},"excerpt":{"rendered":"<p>Wino o jasno-z\u0142otej barwie, wyr\u00f3\u017cniaj\u0105ce si\u0119 ciep\u0142ymi aromatami dojrza\u0142ych owoc\u00f3w z subtelnym cytrusowym akcentem. Na podniebieniu bogate i owocowe, z kremow\u0105 struktur\u0105 i d\u0142ugim, g\u0142adkim finiszem. Doskonale pasuje do grillowanej ryby, pieczonego kurczaka oraz kremowych da\u0144 z makaronu. Najlepiej serwowa\u0107 w temperaturze 10-12 \u00b0C.<\/p>\n","protected":false},"featured_media":555,"comment_status":"open","ping_status":"closed","template":"","meta":[],"product_brand":[],"product_cat":[22,21,18],"product_tag":[574,548,575,579,320,577],"class_list":{"0":"post-501","1":"product","2":"type-product","3":"status-publish","4":"has-post-thumbnail","6":"product_cat-douro","7":"product_cat-portugalia","8":"product_cat-wina","9":"product_tag-casa-ferrerinha","10":"product_tag-douro","11":"product_tag-douro-doc","12":"product_tag-vinha-grande-branco","13":"product_tag-wino","14":"product_tag-wino-biale","16":"first","17":"instock","18":"shipping-taxable","19":"purchasable","20":"product-type-simple"},"yoast_head":"<!-- This site is optimized with the Yoast SEO plugin v26.9 - https:\/\/yoast.com\/product\/yoast-seo-wordpress\/ -->\n<title>Casa Ferrerinha Vinha Grande Branco - B2B MVGD PL<\/title>\n<meta name=\"robots\" content=\"index, follow, max-snippet:-1, max-image-preview:large, max-video-preview:-1\" \/>\n<link rel=\"canonical\" href=\"https:\/\/b2b.mvgd.pl\/index.php\/produkt\/casa-ferrerinha-vinha-grande-branco\/\" \/>\n<meta property=\"og:locale\" content=\"pl_PL\" \/>\n<meta property=\"og:type\" content=\"article\" \/>\n<meta property=\"og:title\" content=\"Casa Ferrerinha Vinha Grande Branco - B2B MVGD PL\" \/>\n<meta property=\"og:description\" content=\"Wino o jasno-z\u0142otej barwie, wyr\u00f3\u017cniaj\u0105ce si\u0119 ciep\u0142ymi aromatami dojrza\u0142ych owoc\u00f3w z subtelnym cytrusowym akcentem. Na podniebieniu bogate i owocowe, z kremow\u0105 struktur\u0105 i d\u0142ugim, g\u0142adkim finiszem. Doskonale pasuje do grillowanej ryby, pieczonego kurczaka oraz kremowych da\u0144 z makaronu. Najlepiej serwowa\u0107 w temperaturze 10-12 \u00b0C.\" \/>\n<meta property=\"og:url\" content=\"https:\/\/b2b.mvgd.pl\/index.php\/produkt\/casa-ferrerinha-vinha-grande-branco\/\" \/>\n<meta property=\"og:site_name\" content=\"B2B MVGD PL\" \/>\n<meta property=\"article:modified_time\" content=\"2026-02-16T18:46:14+00:00\" \/>\n<meta name=\"twitter:card\" content=\"summary_large_image\" \/>\n<script type=\"application\/ld+json\" class=\"yoast-schema-graph\">{\"@context\":\"https:\/\/schema.org\",\"@graph\":[{\"@type\":\"WebPage\",\"@id\":\"https:\/\/b2b.mvgd.pl\/index.php\/produkt\/casa-ferrerinha-vinha-grande-branco\/\",\"url\":\"https:\/\/b2b.mvgd.pl\/index.php\/produkt\/casa-ferrerinha-vinha-grande-branco\/\",\"name\":\"Casa Ferrerinha Vinha Grande Branco - B2B MVGD PL\",\"isPartOf\":{\"@id\":\"https:\/\/b2b.mvgd.pl\/#website\"},\"primaryImageOfPage\":{\"@id\":\"https:\/\/b2b.mvgd.pl\/index.php\/produkt\/casa-ferrerinha-vinha-grande-branco\/#primaryimage\"},\"image\":{\"@id\":\"https:\/\/b2b.mvgd.pl\/index.php\/produkt\/casa-ferrerinha-vinha-grande-branco\/#primaryimage\"},\"thumbnailUrl\":\"https:\/\/b2b.mvgd.pl\/wp-content\/uploads\/2026\/02\/41610135.png\",\"datePublished\":\"2026-02-16T18:44:23+00:00\",\"dateModified\":\"2026-02-16T18:46:14+00:00\",\"breadcrumb\":{\"@id\":\"https:\/\/b2b.mvgd.pl\/index.php\/produkt\/casa-ferrerinha-vinha-grande-branco\/#breadcrumb\"},\"inLanguage\":\"pl-PL\",\"potentialAction\":[{\"@type\":\"ReadAction\",\"target\":[\"https:\/\/b2b.mvgd.pl\/index.php\/produkt\/casa-ferrerinha-vinha-grande-branco\/\"]}]},{\"@type\":\"ImageObject\",\"inLanguage\":\"pl-PL\",\"@id\":\"https:\/\/b2b.mvgd.pl\/index.php\/produkt\/casa-ferrerinha-vinha-grande-branco\/#primaryimage\",\"url\":\"https:\/\/b2b.mvgd.pl\/wp-content\/uploads\/2026\/02\/41610135.png\",\"contentUrl\":\"https:\/\/b2b.mvgd.pl\/wp-content\/uploads\/2026\/02\/41610135.png\",\"width\":900,\"height\":1200},{\"@type\":\"BreadcrumbList\",\"@id\":\"https:\/\/b2b.mvgd.pl\/index.php\/produkt\/casa-ferrerinha-vinha-grande-branco\/#breadcrumb\",\"itemListElement\":[{\"@type\":\"ListItem\",\"position\":1,\"name\":\"Strona g\u0142\u00f3wna\",\"item\":\"https:\/\/b2b.mvgd.pl\/\"},{\"@type\":\"ListItem\",\"position\":2,\"name\":\"Shop\",\"item\":\"https:\/\/b2b.mvgd.pl\/index.php\/shop\/\"},{\"@type\":\"ListItem\",\"position\":3,\"name\":\"Casa Ferrerinha Vinha Grande Branco\"}]},{\"@type\":\"WebSite\",\"@id\":\"https:\/\/b2b.mvgd.pl\/#website\",\"url\":\"https:\/\/b2b.mvgd.pl\/\",\"name\":\"B2B MVGD PL\",\"description\":\"\",\"potentialAction\":[{\"@type\":\"SearchAction\",\"target\":{\"@type\":\"EntryPoint\",\"urlTemplate\":\"https:\/\/b2b.mvgd.pl\/?s={search_term_string}\"},\"query-input\":{\"@type\":\"PropertyValueSpecification\",\"valueRequired\":true,\"valueName\":\"search_term_string\"}}],\"inLanguage\":\"pl-PL\"}]}<\/script>\n<!-- \/ Yoast SEO plugin. -->","yoast_head_json":{"title":"Casa Ferrerinha Vinha Grande Branco - B2B MVGD PL","robots":{"index":"index","follow":"follow","max-snippet":"max-snippet:-1","max-image-preview":"max-image-preview:large","max-video-preview":"max-video-preview:-1"},"canonical":"https:\/\/b2b.mvgd.pl\/index.php\/produkt\/casa-ferrerinha-vinha-grande-branco\/","og_locale":"pl_PL","og_type":"article","og_title":"Casa Ferrerinha Vinha Grande Branco - B2B MVGD PL","og_description":"Wino o jasno-z\u0142otej barwie, wyr\u00f3\u017cniaj\u0105ce si\u0119 ciep\u0142ymi aromatami dojrza\u0142ych owoc\u00f3w z subtelnym cytrusowym akcentem. Na podniebieniu bogate i owocowe, z kremow\u0105 struktur\u0105 i d\u0142ugim, g\u0142adkim finiszem. Doskonale pasuje do grillowanej ryby, pieczonego kurczaka oraz kremowych da\u0144 z makaronu. Najlepiej serwowa\u0107 w temperaturze 10-12 \u00b0C.","og_url":"https:\/\/b2b.mvgd.pl\/index.php\/produkt\/casa-ferrerinha-vinha-grande-branco\/","og_site_name":"B2B MVGD PL","article_modified_time":"2026-02-16T18:46:14+00:00","twitter_card":"summary_large_image","schema":{"@context":"https:\/\/schema.org","@graph":[{"@type":"WebPage","@id":"https:\/\/b2b.mvgd.pl\/index.php\/produkt\/casa-ferrerinha-vinha-grande-branco\/","url":"https:\/\/b2b.mvgd.pl\/index.php\/produkt\/casa-ferrerinha-vinha-grande-branco\/","name":"Casa Ferrerinha Vinha Grande Branco - B2B MVGD PL","isPartOf":{"@id":"https:\/\/b2b.mvgd.pl\/#website"},"primaryImageOfPage":{"@id":"https:\/\/b2b.mvgd.pl\/index.php\/produkt\/casa-ferrerinha-vinha-grande-branco\/#primaryimage"},"image":{"@id":"https:\/\/b2b.mvgd.pl\/index.php\/produkt\/casa-ferrerinha-vinha-grande-branco\/#primaryimage"},"thumbnailUrl":"https:\/\/b2b.mvgd.pl\/wp-content\/uploads\/2026\/02\/41610135.png","datePublished":"2026-02-16T18:44:23+00:00","dateModified":"2026-02-16T18:46:14+00:00","breadcrumb":{"@id":"https:\/\/b2b.mvgd.pl\/index.php\/produkt\/casa-ferrerinha-vinha-grande-branco\/#breadcrumb"},"inLanguage":"pl-PL","potentialAction":[{"@type":"ReadAction","target":["https:\/\/b2b.mvgd.pl\/index.php\/produkt\/casa-ferrerinha-vinha-grande-branco\/"]}]},{"@type":"ImageObject","inLanguage":"pl-PL","@id":"https:\/\/b2b.mvgd.pl\/index.php\/produkt\/casa-ferrerinha-vinha-grande-branco\/#primaryimage","url":"https:\/\/b2b.mvgd.pl\/wp-content\/uploads\/2026\/02\/41610135.png","contentUrl":"https:\/\/b2b.mvgd.pl\/wp-content\/uploads\/2026\/02\/41610135.png","width":900,"height":1200},{"@type":"BreadcrumbList","@id":"https:\/\/b2b.mvgd.pl\/index.php\/produkt\/casa-ferrerinha-vinha-grande-branco\/#breadcrumb","itemListElement":[{"@type":"ListItem","position":1,"name":"Strona g\u0142\u00f3wna","item":"https:\/\/b2b.mvgd.pl\/"},{"@type":"ListItem","position":2,"name":"Shop","item":"https:\/\/b2b.mvgd.pl\/index.php\/shop\/"},{"@type":"ListItem","position":3,"name":"Casa Ferrerinha Vinha Grande Branco"}]},{"@type":"WebSite","@id":"https:\/\/b2b.mvgd.pl\/#website","url":"https:\/\/b2b.mvgd.pl\/","name":"B2B MVGD PL","description":"","potentialAction":[{"@type":"SearchAction","target":{"@type":"EntryPoint","urlTemplate":"https:\/\/b2b.mvgd.pl\/?s={search_term_string}"},"query-input":{"@type":"PropertyValueSpecification","valueRequired":true,"valueName":"search_term_string"}}],"inLanguage":"pl-PL"}]}},"jetpack_sharing_enabled":true,"_links":{"self":[{"href":"https:\/\/b2b.mvgd.pl\/index.php\/wp-json\/wp\/v2\/product\/501","targetHints":{"allow":["GET"]}}],"collection":[{"href":"https:\/\/b2b.mvgd.pl\/index.php\/wp-json\/wp\/v2\/product"}],"about":[{"href":"https:\/\/b2b.mvgd.pl\/index.php\/wp-json\/wp\/v2\/types\/product"}],"replies":[{"embeddable":true,"href":"https:\/\/b2b.mvgd.pl\/index.php\/wp-json\/wp\/v2\/comments?post=501"}],"version-history":[{"count":0,"href":"https:\/\/b2b.mvgd.pl\/index.php\/wp-json\/wp\/v2\/product\/501\/revisions"}],"wp:featuredmedia":[{"embeddable":true,"href":"https:\/\/b2b.mvgd.pl\/index.php\/wp-json\/wp\/v2\/media\/555"}],"wp:attachment":[{"href":"https:\/\/b2b.mvgd.pl\/index.php\/wp-json\/wp\/v2\/media?parent=501"}],"wp:term":[{"taxonomy":"product_brand","embeddable":true,"href":"https:\/\/b2b.mvgd.pl\/index.php\/wp-json\/wp\/v2\/product_brand?post=501"},{"taxonomy":"product_cat","embeddable":true,"href":"https:\/\/b2b.mvgd.pl\/index.php\/wp-json\/wp\/v2\/product_cat?post=501"},{"taxonomy":"product_tag","embeddable":true,"href":"https:\/\/b2b.mvgd.pl\/index.php\/wp-json\/wp\/v2\/product_tag?post=501"}],"curies":[{"name":"wp","href":"https:\/\/api.w.org\/{rel}","templated":true}]}}