{"id":483,"date":"2026-02-16T18:44:00","date_gmt":"2026-02-16T18:44:00","guid":{"rendered":"https:\/\/b2b.mvgd.pl\/?post_type=product&#038;p=483"},"modified":"2026-02-16T18:45:26","modified_gmt":"2026-02-16T18:45:26","slug":"trapiche-oak-cask-chardonnay","status":"publish","type":"product","link":"https:\/\/b2b.mvgd.pl\/index.php\/produkt\/trapiche-oak-cask-chardonnay\/","title":{"rendered":"Trapiche Oak Cask Chardonnay"},"content":{"rendered":"<p>Serwowanie: Doskonale komponuje si\u0119 z bia\u0142ym mi\u0119sem, pastami z bia\u0142ymi sosami, szparagami i \u015bwie\u017cymi serami. Temperatura podania: 10 &#8211; 12 \u00b0C<\/p>\n<p>Szczep: Chardonnay<br \/>\nDojrzewanie: 50% wina dojrzewa w beczkach z d\u0119bu francuskiego i ameryka\u0144skiego drugiego i trzeciego u\u017cytku. Pozosta\u0142e 50% pozostaje w zbiornikach ze stali nierdzewnej<br \/>\nZbi\u00f3r: R\u0119czny<br \/>\nFermentacja malolaktyczna 50% wina<\/p>\n","protected":false},"excerpt":{"rendered":"<p>To wino ma \u017c\u00f3\u0142ty kolor z subtelnymi zielonkawymi tonami, kt\u00f3re podkre\u015blaj\u0105 jego \u015bwie\u017co\u015b\u0107. W nosie wyczuwalne s\u0105 aromaty tropikalnych owoc\u00f3w, co nadaje mu egzotyczny charakter. W ustach elegancko \u0142\u0105cz\u0105 si\u0119 smaki cr\u00e8me br\u00fbl\u00e9e, tarty cytrynowej, tostowanych gruszek oraz kwiat\u00f3w cytryny. Jest okr\u0105g\u0142e w strukturze, z doskonale zbalansowan\u0105 kwasowo\u015bci\u0105. Idealnie komponuje si\u0119 z bia\u0142ym mi\u0119sem, pastami w bia\u0142ych sosach, szparagami oraz \u015bwie\u017cymi serami. Najlepiej podawa\u0107 w temperaturze 10-12 \u00b0C.<\/p>\n","protected":false},"featured_media":535,"comment_status":"open","ping_status":"closed","template":"","meta":[],"product_brand":[],"product_cat":[535,536,18],"product_tag":[537,541,539,543,544,540,320],"class_list":{"0":"post-483","1":"product","2":"type-product","3":"status-publish","4":"has-post-thumbnail","6":"product_cat-argentyna","7":"product_cat-mendoza","8":"product_cat-wina","9":"product_tag-argentyna","10":"product_tag-chardonnay","11":"product_tag-mendoza","12":"product_tag-oak-cask","13":"product_tag-reserve","14":"product_tag-uco-valley","15":"product_tag-wino","17":"first","18":"instock","19":"shipping-taxable","20":"purchasable","21":"product-type-simple"},"yoast_head":"<!-- This site is optimized with the Yoast SEO plugin v26.9 - https:\/\/yoast.com\/product\/yoast-seo-wordpress\/ -->\n<title>Trapiche Oak Cask Chardonnay - B2B MVGD PL<\/title>\n<meta name=\"robots\" content=\"index, follow, max-snippet:-1, max-image-preview:large, max-video-preview:-1\" \/>\n<link rel=\"canonical\" href=\"https:\/\/b2b.mvgd.pl\/index.php\/produkt\/trapiche-oak-cask-chardonnay\/\" \/>\n<meta property=\"og:locale\" content=\"pl_PL\" \/>\n<meta property=\"og:type\" content=\"article\" \/>\n<meta property=\"og:title\" content=\"Trapiche Oak Cask Chardonnay - B2B MVGD PL\" \/>\n<meta property=\"og:description\" content=\"To wino ma \u017c\u00f3\u0142ty kolor z subtelnymi zielonkawymi tonami, kt\u00f3re podkre\u015blaj\u0105 jego \u015bwie\u017co\u015b\u0107. W nosie wyczuwalne s\u0105 aromaty tropikalnych owoc\u00f3w, co nadaje mu egzotyczny charakter. W ustach elegancko \u0142\u0105cz\u0105 si\u0119 smaki cr\u00e8me br\u00fbl\u00e9e, tarty cytrynowej, tostowanych gruszek oraz kwiat\u00f3w cytryny. Jest okr\u0105g\u0142e w strukturze, z doskonale zbalansowan\u0105 kwasowo\u015bci\u0105. Idealnie komponuje si\u0119 z bia\u0142ym mi\u0119sem, pastami w bia\u0142ych sosach, szparagami oraz \u015bwie\u017cymi serami. Najlepiej podawa\u0107 w temperaturze 10-12 \u00b0C.\" \/>\n<meta property=\"og:url\" content=\"https:\/\/b2b.mvgd.pl\/index.php\/produkt\/trapiche-oak-cask-chardonnay\/\" \/>\n<meta property=\"og:site_name\" content=\"B2B MVGD PL\" \/>\n<meta property=\"article:modified_time\" content=\"2026-02-16T18:45:26+00:00\" \/>\n<meta name=\"twitter:card\" content=\"summary_large_image\" \/>\n<script type=\"application\/ld+json\" class=\"yoast-schema-graph\">{\"@context\":\"https:\/\/schema.org\",\"@graph\":[{\"@type\":\"WebPage\",\"@id\":\"https:\/\/b2b.mvgd.pl\/index.php\/produkt\/trapiche-oak-cask-chardonnay\/\",\"url\":\"https:\/\/b2b.mvgd.pl\/index.php\/produkt\/trapiche-oak-cask-chardonnay\/\",\"name\":\"Trapiche Oak Cask Chardonnay - B2B MVGD PL\",\"isPartOf\":{\"@id\":\"https:\/\/b2b.mvgd.pl\/#website\"},\"primaryImageOfPage\":{\"@id\":\"https:\/\/b2b.mvgd.pl\/index.php\/produkt\/trapiche-oak-cask-chardonnay\/#primaryimage\"},\"image\":{\"@id\":\"https:\/\/b2b.mvgd.pl\/index.php\/produkt\/trapiche-oak-cask-chardonnay\/#primaryimage\"},\"thumbnailUrl\":\"https:\/\/b2b.mvgd.pl\/wp-content\/uploads\/2026\/02\/41610148.png\",\"datePublished\":\"2026-02-16T18:44:00+00:00\",\"dateModified\":\"2026-02-16T18:45:26+00:00\",\"breadcrumb\":{\"@id\":\"https:\/\/b2b.mvgd.pl\/index.php\/produkt\/trapiche-oak-cask-chardonnay\/#breadcrumb\"},\"inLanguage\":\"pl-PL\",\"potentialAction\":[{\"@type\":\"ReadAction\",\"target\":[\"https:\/\/b2b.mvgd.pl\/index.php\/produkt\/trapiche-oak-cask-chardonnay\/\"]}]},{\"@type\":\"ImageObject\",\"inLanguage\":\"pl-PL\",\"@id\":\"https:\/\/b2b.mvgd.pl\/index.php\/produkt\/trapiche-oak-cask-chardonnay\/#primaryimage\",\"url\":\"https:\/\/b2b.mvgd.pl\/wp-content\/uploads\/2026\/02\/41610148.png\",\"contentUrl\":\"https:\/\/b2b.mvgd.pl\/wp-content\/uploads\/2026\/02\/41610148.png\",\"width\":900,\"height\":1200},{\"@type\":\"BreadcrumbList\",\"@id\":\"https:\/\/b2b.mvgd.pl\/index.php\/produkt\/trapiche-oak-cask-chardonnay\/#breadcrumb\",\"itemListElement\":[{\"@type\":\"ListItem\",\"position\":1,\"name\":\"Strona g\u0142\u00f3wna\",\"item\":\"https:\/\/b2b.mvgd.pl\/\"},{\"@type\":\"ListItem\",\"position\":2,\"name\":\"Shop\",\"item\":\"https:\/\/b2b.mvgd.pl\/index.php\/shop\/\"},{\"@type\":\"ListItem\",\"position\":3,\"name\":\"Trapiche Oak Cask Chardonnay\"}]},{\"@type\":\"WebSite\",\"@id\":\"https:\/\/b2b.mvgd.pl\/#website\",\"url\":\"https:\/\/b2b.mvgd.pl\/\",\"name\":\"B2B MVGD PL\",\"description\":\"\",\"potentialAction\":[{\"@type\":\"SearchAction\",\"target\":{\"@type\":\"EntryPoint\",\"urlTemplate\":\"https:\/\/b2b.mvgd.pl\/?s={search_term_string}\"},\"query-input\":{\"@type\":\"PropertyValueSpecification\",\"valueRequired\":true,\"valueName\":\"search_term_string\"}}],\"inLanguage\":\"pl-PL\"}]}<\/script>\n<!-- \/ Yoast SEO plugin. -->","yoast_head_json":{"title":"Trapiche Oak Cask Chardonnay - B2B MVGD PL","robots":{"index":"index","follow":"follow","max-snippet":"max-snippet:-1","max-image-preview":"max-image-preview:large","max-video-preview":"max-video-preview:-1"},"canonical":"https:\/\/b2b.mvgd.pl\/index.php\/produkt\/trapiche-oak-cask-chardonnay\/","og_locale":"pl_PL","og_type":"article","og_title":"Trapiche Oak Cask Chardonnay - B2B MVGD PL","og_description":"To wino ma \u017c\u00f3\u0142ty kolor z subtelnymi zielonkawymi tonami, kt\u00f3re podkre\u015blaj\u0105 jego \u015bwie\u017co\u015b\u0107. W nosie wyczuwalne s\u0105 aromaty tropikalnych owoc\u00f3w, co nadaje mu egzotyczny charakter. W ustach elegancko \u0142\u0105cz\u0105 si\u0119 smaki cr\u00e8me br\u00fbl\u00e9e, tarty cytrynowej, tostowanych gruszek oraz kwiat\u00f3w cytryny. Jest okr\u0105g\u0142e w strukturze, z doskonale zbalansowan\u0105 kwasowo\u015bci\u0105. Idealnie komponuje si\u0119 z bia\u0142ym mi\u0119sem, pastami w bia\u0142ych sosach, szparagami oraz \u015bwie\u017cymi serami. Najlepiej podawa\u0107 w temperaturze 10-12 \u00b0C.","og_url":"https:\/\/b2b.mvgd.pl\/index.php\/produkt\/trapiche-oak-cask-chardonnay\/","og_site_name":"B2B MVGD PL","article_modified_time":"2026-02-16T18:45:26+00:00","twitter_card":"summary_large_image","schema":{"@context":"https:\/\/schema.org","@graph":[{"@type":"WebPage","@id":"https:\/\/b2b.mvgd.pl\/index.php\/produkt\/trapiche-oak-cask-chardonnay\/","url":"https:\/\/b2b.mvgd.pl\/index.php\/produkt\/trapiche-oak-cask-chardonnay\/","name":"Trapiche Oak Cask Chardonnay - B2B MVGD PL","isPartOf":{"@id":"https:\/\/b2b.mvgd.pl\/#website"},"primaryImageOfPage":{"@id":"https:\/\/b2b.mvgd.pl\/index.php\/produkt\/trapiche-oak-cask-chardonnay\/#primaryimage"},"image":{"@id":"https:\/\/b2b.mvgd.pl\/index.php\/produkt\/trapiche-oak-cask-chardonnay\/#primaryimage"},"thumbnailUrl":"https:\/\/b2b.mvgd.pl\/wp-content\/uploads\/2026\/02\/41610148.png","datePublished":"2026-02-16T18:44:00+00:00","dateModified":"2026-02-16T18:45:26+00:00","breadcrumb":{"@id":"https:\/\/b2b.mvgd.pl\/index.php\/produkt\/trapiche-oak-cask-chardonnay\/#breadcrumb"},"inLanguage":"pl-PL","potentialAction":[{"@type":"ReadAction","target":["https:\/\/b2b.mvgd.pl\/index.php\/produkt\/trapiche-oak-cask-chardonnay\/"]}]},{"@type":"ImageObject","inLanguage":"pl-PL","@id":"https:\/\/b2b.mvgd.pl\/index.php\/produkt\/trapiche-oak-cask-chardonnay\/#primaryimage","url":"https:\/\/b2b.mvgd.pl\/wp-content\/uploads\/2026\/02\/41610148.png","contentUrl":"https:\/\/b2b.mvgd.pl\/wp-content\/uploads\/2026\/02\/41610148.png","width":900,"height":1200},{"@type":"BreadcrumbList","@id":"https:\/\/b2b.mvgd.pl\/index.php\/produkt\/trapiche-oak-cask-chardonnay\/#breadcrumb","itemListElement":[{"@type":"ListItem","position":1,"name":"Strona g\u0142\u00f3wna","item":"https:\/\/b2b.mvgd.pl\/"},{"@type":"ListItem","position":2,"name":"Shop","item":"https:\/\/b2b.mvgd.pl\/index.php\/shop\/"},{"@type":"ListItem","position":3,"name":"Trapiche Oak Cask Chardonnay"}]},{"@type":"WebSite","@id":"https:\/\/b2b.mvgd.pl\/#website","url":"https:\/\/b2b.mvgd.pl\/","name":"B2B MVGD PL","description":"","potentialAction":[{"@type":"SearchAction","target":{"@type":"EntryPoint","urlTemplate":"https:\/\/b2b.mvgd.pl\/?s={search_term_string}"},"query-input":{"@type":"PropertyValueSpecification","valueRequired":true,"valueName":"search_term_string"}}],"inLanguage":"pl-PL"}]}},"jetpack_sharing_enabled":true,"_links":{"self":[{"href":"https:\/\/b2b.mvgd.pl\/index.php\/wp-json\/wp\/v2\/product\/483","targetHints":{"allow":["GET"]}}],"collection":[{"href":"https:\/\/b2b.mvgd.pl\/index.php\/wp-json\/wp\/v2\/product"}],"about":[{"href":"https:\/\/b2b.mvgd.pl\/index.php\/wp-json\/wp\/v2\/types\/product"}],"replies":[{"embeddable":true,"href":"https:\/\/b2b.mvgd.pl\/index.php\/wp-json\/wp\/v2\/comments?post=483"}],"version-history":[{"count":0,"href":"https:\/\/b2b.mvgd.pl\/index.php\/wp-json\/wp\/v2\/product\/483\/revisions"}],"wp:featuredmedia":[{"embeddable":true,"href":"https:\/\/b2b.mvgd.pl\/index.php\/wp-json\/wp\/v2\/media\/535"}],"wp:attachment":[{"href":"https:\/\/b2b.mvgd.pl\/index.php\/wp-json\/wp\/v2\/media?parent=483"}],"wp:term":[{"taxonomy":"product_brand","embeddable":true,"href":"https:\/\/b2b.mvgd.pl\/index.php\/wp-json\/wp\/v2\/product_brand?post=483"},{"taxonomy":"product_cat","embeddable":true,"href":"https:\/\/b2b.mvgd.pl\/index.php\/wp-json\/wp\/v2\/product_cat?post=483"},{"taxonomy":"product_tag","embeddable":true,"href":"https:\/\/b2b.mvgd.pl\/index.php\/wp-json\/wp\/v2\/product_tag?post=483"}],"curies":[{"name":"wp","href":"https:\/\/api.w.org\/{rel}","templated":true}]}}