{"id":481,"date":"2026-02-16T18:43:59","date_gmt":"2026-02-16T18:43:59","guid":{"rendered":"https:\/\/b2b.mvgd.pl\/?post_type=product&#038;p=481"},"modified":"2026-02-16T18:45:19","modified_gmt":"2026-02-16T18:45:19","slug":"trapiche-vineyards-chardonnay","status":"publish","type":"product","link":"https:\/\/b2b.mvgd.pl\/index.php\/produkt\/trapiche-vineyards-chardonnay\/","title":{"rendered":"Trapiche Vineyards Chardonnay"},"content":{"rendered":"<p>Serwowanie: Idealne do parowania z pieczonym mi\u0119sem, dobrze przyprawionymi daniami oraz p\u00f3\u0142twardymi serami takimi jak gouda, gruy\u00e8re czy edam. Sch\u0142odzone do temperatury 16-18 \u00b0C<\/p>\n<p>Szczep: Chardonnay<\/p>\n","protected":false},"excerpt":{"rendered":"<p>To wino charakteryzuje si\u0119 \u017c\u00f3\u0142t\u0105 barw\u0105 z subtelnymi zielonkawymi odcieniami. W nosie dominuj\u0105 aromaty czerwonych jab\u0142ek oraz dojrza\u0142ych ananas\u00f3w, kt\u00f3re nadaj\u0105 mu owocowego, przyjemnego charakteru. W ustach wyr\u00f3\u017cnia si\u0119 \u015bwie\u017c\u0105 kwasowo\u015bci\u0105, prowadz\u0105c\u0105 do d\u0142ugiego i g\u0142adkiego finiszu, co sprawia, \u017ce jest bardzo przyjemne w odbiorze. Idealne do serwowania z owocami morza, lekkimi daniami warzywnymi oraz pastami w \u0142agodnych sosach. Najlepiej podawa\u0107 sch\u0142odzone do temperatury 12-14 \u00b0C.<\/p>\n","protected":false},"featured_media":533,"comment_status":"open","ping_status":"closed","template":"","meta":[],"product_brand":[],"product_cat":[535,536,18],"product_tag":[537,541,539,540,320],"class_list":{"0":"post-481","1":"product","2":"type-product","3":"status-publish","4":"has-post-thumbnail","6":"product_cat-argentyna","7":"product_cat-mendoza","8":"product_cat-wina","9":"product_tag-argentyna","10":"product_tag-chardonnay","11":"product_tag-mendoza","12":"product_tag-uco-valley","13":"product_tag-wino","15":"first","16":"instock","17":"shipping-taxable","18":"purchasable","19":"product-type-simple"},"yoast_head":"<!-- This site is optimized with the Yoast SEO plugin v26.9 - https:\/\/yoast.com\/product\/yoast-seo-wordpress\/ -->\n<title>Trapiche Vineyards Chardonnay - B2B MVGD PL<\/title>\n<meta name=\"robots\" content=\"index, follow, max-snippet:-1, max-image-preview:large, max-video-preview:-1\" \/>\n<link rel=\"canonical\" href=\"https:\/\/b2b.mvgd.pl\/index.php\/produkt\/trapiche-vineyards-chardonnay\/\" \/>\n<meta property=\"og:locale\" content=\"pl_PL\" \/>\n<meta property=\"og:type\" content=\"article\" \/>\n<meta property=\"og:title\" content=\"Trapiche Vineyards Chardonnay - B2B MVGD PL\" \/>\n<meta property=\"og:description\" content=\"To wino charakteryzuje si\u0119 \u017c\u00f3\u0142t\u0105 barw\u0105 z subtelnymi zielonkawymi odcieniami. W nosie dominuj\u0105 aromaty czerwonych jab\u0142ek oraz dojrza\u0142ych ananas\u00f3w, kt\u00f3re nadaj\u0105 mu owocowego, przyjemnego charakteru. W ustach wyr\u00f3\u017cnia si\u0119 \u015bwie\u017c\u0105 kwasowo\u015bci\u0105, prowadz\u0105c\u0105 do d\u0142ugiego i g\u0142adkiego finiszu, co sprawia, \u017ce jest bardzo przyjemne w odbiorze. Idealne do serwowania z owocami morza, lekkimi daniami warzywnymi oraz pastami w \u0142agodnych sosach. Najlepiej podawa\u0107 sch\u0142odzone do temperatury 12-14 \u00b0C.\" \/>\n<meta property=\"og:url\" content=\"https:\/\/b2b.mvgd.pl\/index.php\/produkt\/trapiche-vineyards-chardonnay\/\" \/>\n<meta property=\"og:site_name\" content=\"B2B MVGD PL\" \/>\n<meta property=\"article:modified_time\" content=\"2026-02-16T18:45:19+00:00\" \/>\n<meta name=\"twitter:card\" content=\"summary_large_image\" \/>\n<script type=\"application\/ld+json\" class=\"yoast-schema-graph\">{\"@context\":\"https:\/\/schema.org\",\"@graph\":[{\"@type\":\"WebPage\",\"@id\":\"https:\/\/b2b.mvgd.pl\/index.php\/produkt\/trapiche-vineyards-chardonnay\/\",\"url\":\"https:\/\/b2b.mvgd.pl\/index.php\/produkt\/trapiche-vineyards-chardonnay\/\",\"name\":\"Trapiche Vineyards Chardonnay - B2B MVGD PL\",\"isPartOf\":{\"@id\":\"https:\/\/b2b.mvgd.pl\/#website\"},\"primaryImageOfPage\":{\"@id\":\"https:\/\/b2b.mvgd.pl\/index.php\/produkt\/trapiche-vineyards-chardonnay\/#primaryimage\"},\"image\":{\"@id\":\"https:\/\/b2b.mvgd.pl\/index.php\/produkt\/trapiche-vineyards-chardonnay\/#primaryimage\"},\"thumbnailUrl\":\"https:\/\/b2b.mvgd.pl\/wp-content\/uploads\/2026\/02\/41610146.png\",\"datePublished\":\"2026-02-16T18:43:59+00:00\",\"dateModified\":\"2026-02-16T18:45:19+00:00\",\"breadcrumb\":{\"@id\":\"https:\/\/b2b.mvgd.pl\/index.php\/produkt\/trapiche-vineyards-chardonnay\/#breadcrumb\"},\"inLanguage\":\"pl-PL\",\"potentialAction\":[{\"@type\":\"ReadAction\",\"target\":[\"https:\/\/b2b.mvgd.pl\/index.php\/produkt\/trapiche-vineyards-chardonnay\/\"]}]},{\"@type\":\"ImageObject\",\"inLanguage\":\"pl-PL\",\"@id\":\"https:\/\/b2b.mvgd.pl\/index.php\/produkt\/trapiche-vineyards-chardonnay\/#primaryimage\",\"url\":\"https:\/\/b2b.mvgd.pl\/wp-content\/uploads\/2026\/02\/41610146.png\",\"contentUrl\":\"https:\/\/b2b.mvgd.pl\/wp-content\/uploads\/2026\/02\/41610146.png\",\"width\":900,\"height\":1200},{\"@type\":\"BreadcrumbList\",\"@id\":\"https:\/\/b2b.mvgd.pl\/index.php\/produkt\/trapiche-vineyards-chardonnay\/#breadcrumb\",\"itemListElement\":[{\"@type\":\"ListItem\",\"position\":1,\"name\":\"Strona g\u0142\u00f3wna\",\"item\":\"https:\/\/b2b.mvgd.pl\/\"},{\"@type\":\"ListItem\",\"position\":2,\"name\":\"Shop\",\"item\":\"https:\/\/b2b.mvgd.pl\/index.php\/shop\/\"},{\"@type\":\"ListItem\",\"position\":3,\"name\":\"Trapiche Vineyards Chardonnay\"}]},{\"@type\":\"WebSite\",\"@id\":\"https:\/\/b2b.mvgd.pl\/#website\",\"url\":\"https:\/\/b2b.mvgd.pl\/\",\"name\":\"B2B MVGD PL\",\"description\":\"\",\"potentialAction\":[{\"@type\":\"SearchAction\",\"target\":{\"@type\":\"EntryPoint\",\"urlTemplate\":\"https:\/\/b2b.mvgd.pl\/?s={search_term_string}\"},\"query-input\":{\"@type\":\"PropertyValueSpecification\",\"valueRequired\":true,\"valueName\":\"search_term_string\"}}],\"inLanguage\":\"pl-PL\"}]}<\/script>\n<!-- \/ Yoast SEO plugin. -->","yoast_head_json":{"title":"Trapiche Vineyards Chardonnay - B2B MVGD PL","robots":{"index":"index","follow":"follow","max-snippet":"max-snippet:-1","max-image-preview":"max-image-preview:large","max-video-preview":"max-video-preview:-1"},"canonical":"https:\/\/b2b.mvgd.pl\/index.php\/produkt\/trapiche-vineyards-chardonnay\/","og_locale":"pl_PL","og_type":"article","og_title":"Trapiche Vineyards Chardonnay - B2B MVGD PL","og_description":"To wino charakteryzuje si\u0119 \u017c\u00f3\u0142t\u0105 barw\u0105 z subtelnymi zielonkawymi odcieniami. W nosie dominuj\u0105 aromaty czerwonych jab\u0142ek oraz dojrza\u0142ych ananas\u00f3w, kt\u00f3re nadaj\u0105 mu owocowego, przyjemnego charakteru. W ustach wyr\u00f3\u017cnia si\u0119 \u015bwie\u017c\u0105 kwasowo\u015bci\u0105, prowadz\u0105c\u0105 do d\u0142ugiego i g\u0142adkiego finiszu, co sprawia, \u017ce jest bardzo przyjemne w odbiorze. Idealne do serwowania z owocami morza, lekkimi daniami warzywnymi oraz pastami w \u0142agodnych sosach. Najlepiej podawa\u0107 sch\u0142odzone do temperatury 12-14 \u00b0C.","og_url":"https:\/\/b2b.mvgd.pl\/index.php\/produkt\/trapiche-vineyards-chardonnay\/","og_site_name":"B2B MVGD PL","article_modified_time":"2026-02-16T18:45:19+00:00","twitter_card":"summary_large_image","schema":{"@context":"https:\/\/schema.org","@graph":[{"@type":"WebPage","@id":"https:\/\/b2b.mvgd.pl\/index.php\/produkt\/trapiche-vineyards-chardonnay\/","url":"https:\/\/b2b.mvgd.pl\/index.php\/produkt\/trapiche-vineyards-chardonnay\/","name":"Trapiche Vineyards Chardonnay - B2B MVGD PL","isPartOf":{"@id":"https:\/\/b2b.mvgd.pl\/#website"},"primaryImageOfPage":{"@id":"https:\/\/b2b.mvgd.pl\/index.php\/produkt\/trapiche-vineyards-chardonnay\/#primaryimage"},"image":{"@id":"https:\/\/b2b.mvgd.pl\/index.php\/produkt\/trapiche-vineyards-chardonnay\/#primaryimage"},"thumbnailUrl":"https:\/\/b2b.mvgd.pl\/wp-content\/uploads\/2026\/02\/41610146.png","datePublished":"2026-02-16T18:43:59+00:00","dateModified":"2026-02-16T18:45:19+00:00","breadcrumb":{"@id":"https:\/\/b2b.mvgd.pl\/index.php\/produkt\/trapiche-vineyards-chardonnay\/#breadcrumb"},"inLanguage":"pl-PL","potentialAction":[{"@type":"ReadAction","target":["https:\/\/b2b.mvgd.pl\/index.php\/produkt\/trapiche-vineyards-chardonnay\/"]}]},{"@type":"ImageObject","inLanguage":"pl-PL","@id":"https:\/\/b2b.mvgd.pl\/index.php\/produkt\/trapiche-vineyards-chardonnay\/#primaryimage","url":"https:\/\/b2b.mvgd.pl\/wp-content\/uploads\/2026\/02\/41610146.png","contentUrl":"https:\/\/b2b.mvgd.pl\/wp-content\/uploads\/2026\/02\/41610146.png","width":900,"height":1200},{"@type":"BreadcrumbList","@id":"https:\/\/b2b.mvgd.pl\/index.php\/produkt\/trapiche-vineyards-chardonnay\/#breadcrumb","itemListElement":[{"@type":"ListItem","position":1,"name":"Strona g\u0142\u00f3wna","item":"https:\/\/b2b.mvgd.pl\/"},{"@type":"ListItem","position":2,"name":"Shop","item":"https:\/\/b2b.mvgd.pl\/index.php\/shop\/"},{"@type":"ListItem","position":3,"name":"Trapiche Vineyards Chardonnay"}]},{"@type":"WebSite","@id":"https:\/\/b2b.mvgd.pl\/#website","url":"https:\/\/b2b.mvgd.pl\/","name":"B2B MVGD PL","description":"","potentialAction":[{"@type":"SearchAction","target":{"@type":"EntryPoint","urlTemplate":"https:\/\/b2b.mvgd.pl\/?s={search_term_string}"},"query-input":{"@type":"PropertyValueSpecification","valueRequired":true,"valueName":"search_term_string"}}],"inLanguage":"pl-PL"}]}},"jetpack_sharing_enabled":true,"_links":{"self":[{"href":"https:\/\/b2b.mvgd.pl\/index.php\/wp-json\/wp\/v2\/product\/481","targetHints":{"allow":["GET"]}}],"collection":[{"href":"https:\/\/b2b.mvgd.pl\/index.php\/wp-json\/wp\/v2\/product"}],"about":[{"href":"https:\/\/b2b.mvgd.pl\/index.php\/wp-json\/wp\/v2\/types\/product"}],"replies":[{"embeddable":true,"href":"https:\/\/b2b.mvgd.pl\/index.php\/wp-json\/wp\/v2\/comments?post=481"}],"version-history":[{"count":0,"href":"https:\/\/b2b.mvgd.pl\/index.php\/wp-json\/wp\/v2\/product\/481\/revisions"}],"wp:featuredmedia":[{"embeddable":true,"href":"https:\/\/b2b.mvgd.pl\/index.php\/wp-json\/wp\/v2\/media\/533"}],"wp:attachment":[{"href":"https:\/\/b2b.mvgd.pl\/index.php\/wp-json\/wp\/v2\/media?parent=481"}],"wp:term":[{"taxonomy":"product_brand","embeddable":true,"href":"https:\/\/b2b.mvgd.pl\/index.php\/wp-json\/wp\/v2\/product_brand?post=481"},{"taxonomy":"product_cat","embeddable":true,"href":"https:\/\/b2b.mvgd.pl\/index.php\/wp-json\/wp\/v2\/product_cat?post=481"},{"taxonomy":"product_tag","embeddable":true,"href":"https:\/\/b2b.mvgd.pl\/index.php\/wp-json\/wp\/v2\/product_tag?post=481"}],"curies":[{"name":"wp","href":"https:\/\/api.w.org\/{rel}","templated":true}]}}