{"id":480,"date":"2026-02-16T18:43:59","date_gmt":"2026-02-16T18:43:59","guid":{"rendered":"https:\/\/b2b.mvgd.pl\/?post_type=product&#038;p=480"},"modified":"2026-02-16T18:45:12","modified_gmt":"2026-02-16T18:45:12","slug":"trapiche-vineyards-malbec","status":"publish","type":"product","link":"https:\/\/b2b.mvgd.pl\/index.php\/produkt\/trapiche-vineyards-malbec\/","title":{"rendered":"Trapiche Vineyards Malbec"},"content":{"rendered":"<p>Serwowanie: Idealne do parowania z pieczonym mi\u0119sem, dobrze przyprawionymi daniami oraz p\u00f3\u0142twardymi serami takimi jak gouda, gruy\u00e8re czy edam. Sch\u0142odzone do temperatury 16-18 \u00b0C<\/p>\n<p>Szczep: Malbec<\/p>\n","protected":false},"excerpt":{"rendered":"<p>To wino o jasnoczerwonym kolorze z fioletowymi odcieniami zachwyca owocowym bukietem \u015bliwek i wi\u015bni. W smaku dominuje owocowo\u015b\u0107, z wyra\u017anymi nutami \u015bliwki i wi\u015bni, a ca\u0142o\u015b\u0107 dope\u0142niaj\u0105 subtelne akcenty trufli i wanilii, daj\u0105c okr\u0105g\u0142y, przyjemny smak w ustach. Doskona\u0142e do serwowania z pieczonym mi\u0119sem, aromatycznymi potrawami oraz p\u00f3\u0142twardymi serami, takimi jak gouda, gruy\u00e8re czy edam. Najlepiej smakuje sch\u0142odzone do temperatury 16-18 \u00b0C.<\/p>\n","protected":false},"featured_media":527,"comment_status":"open","ping_status":"closed","template":"","meta":[],"product_brand":[],"product_cat":[535,536,18],"product_tag":[537,538,539,540,320],"class_list":{"0":"post-480","1":"product","2":"type-product","3":"status-publish","4":"has-post-thumbnail","6":"product_cat-argentyna","7":"product_cat-mendoza","8":"product_cat-wina","9":"product_tag-argentyna","10":"product_tag-malbec","11":"product_tag-mendoza","12":"product_tag-uco-valley","13":"product_tag-wino","15":"first","16":"instock","17":"shipping-taxable","18":"purchasable","19":"product-type-simple"},"yoast_head":"<!-- This site is optimized with the Yoast SEO plugin v26.9 - https:\/\/yoast.com\/product\/yoast-seo-wordpress\/ -->\n<title>Trapiche Vineyards Malbec - B2B MVGD PL<\/title>\n<meta name=\"robots\" content=\"index, follow, max-snippet:-1, max-image-preview:large, max-video-preview:-1\" \/>\n<link rel=\"canonical\" href=\"https:\/\/b2b.mvgd.pl\/index.php\/produkt\/trapiche-vineyards-malbec\/\" \/>\n<meta property=\"og:locale\" content=\"pl_PL\" \/>\n<meta property=\"og:type\" content=\"article\" \/>\n<meta property=\"og:title\" content=\"Trapiche Vineyards Malbec - B2B MVGD PL\" \/>\n<meta property=\"og:description\" content=\"To wino o jasnoczerwonym kolorze z fioletowymi odcieniami zachwyca owocowym bukietem \u015bliwek i wi\u015bni. W smaku dominuje owocowo\u015b\u0107, z wyra\u017anymi nutami \u015bliwki i wi\u015bni, a ca\u0142o\u015b\u0107 dope\u0142niaj\u0105 subtelne akcenty trufli i wanilii, daj\u0105c okr\u0105g\u0142y, przyjemny smak w ustach. Doskona\u0142e do serwowania z pieczonym mi\u0119sem, aromatycznymi potrawami oraz p\u00f3\u0142twardymi serami, takimi jak gouda, gruy\u00e8re czy edam. Najlepiej smakuje sch\u0142odzone do temperatury 16-18 \u00b0C.\" \/>\n<meta property=\"og:url\" content=\"https:\/\/b2b.mvgd.pl\/index.php\/produkt\/trapiche-vineyards-malbec\/\" \/>\n<meta property=\"og:site_name\" content=\"B2B MVGD PL\" \/>\n<meta property=\"article:modified_time\" content=\"2026-02-16T18:45:12+00:00\" \/>\n<meta name=\"twitter:card\" content=\"summary_large_image\" \/>\n<script type=\"application\/ld+json\" class=\"yoast-schema-graph\">{\"@context\":\"https:\/\/schema.org\",\"@graph\":[{\"@type\":\"WebPage\",\"@id\":\"https:\/\/b2b.mvgd.pl\/index.php\/produkt\/trapiche-vineyards-malbec\/\",\"url\":\"https:\/\/b2b.mvgd.pl\/index.php\/produkt\/trapiche-vineyards-malbec\/\",\"name\":\"Trapiche Vineyards Malbec - B2B MVGD PL\",\"isPartOf\":{\"@id\":\"https:\/\/b2b.mvgd.pl\/#website\"},\"primaryImageOfPage\":{\"@id\":\"https:\/\/b2b.mvgd.pl\/index.php\/produkt\/trapiche-vineyards-malbec\/#primaryimage\"},\"image\":{\"@id\":\"https:\/\/b2b.mvgd.pl\/index.php\/produkt\/trapiche-vineyards-malbec\/#primaryimage\"},\"thumbnailUrl\":\"https:\/\/b2b.mvgd.pl\/wp-content\/uploads\/2026\/02\/41610147.png\",\"datePublished\":\"2026-02-16T18:43:59+00:00\",\"dateModified\":\"2026-02-16T18:45:12+00:00\",\"breadcrumb\":{\"@id\":\"https:\/\/b2b.mvgd.pl\/index.php\/produkt\/trapiche-vineyards-malbec\/#breadcrumb\"},\"inLanguage\":\"pl-PL\",\"potentialAction\":[{\"@type\":\"ReadAction\",\"target\":[\"https:\/\/b2b.mvgd.pl\/index.php\/produkt\/trapiche-vineyards-malbec\/\"]}]},{\"@type\":\"ImageObject\",\"inLanguage\":\"pl-PL\",\"@id\":\"https:\/\/b2b.mvgd.pl\/index.php\/produkt\/trapiche-vineyards-malbec\/#primaryimage\",\"url\":\"https:\/\/b2b.mvgd.pl\/wp-content\/uploads\/2026\/02\/41610147.png\",\"contentUrl\":\"https:\/\/b2b.mvgd.pl\/wp-content\/uploads\/2026\/02\/41610147.png\",\"width\":900,\"height\":1200},{\"@type\":\"BreadcrumbList\",\"@id\":\"https:\/\/b2b.mvgd.pl\/index.php\/produkt\/trapiche-vineyards-malbec\/#breadcrumb\",\"itemListElement\":[{\"@type\":\"ListItem\",\"position\":1,\"name\":\"Strona g\u0142\u00f3wna\",\"item\":\"https:\/\/b2b.mvgd.pl\/\"},{\"@type\":\"ListItem\",\"position\":2,\"name\":\"Shop\",\"item\":\"https:\/\/b2b.mvgd.pl\/index.php\/shop\/\"},{\"@type\":\"ListItem\",\"position\":3,\"name\":\"Trapiche Vineyards Malbec\"}]},{\"@type\":\"WebSite\",\"@id\":\"https:\/\/b2b.mvgd.pl\/#website\",\"url\":\"https:\/\/b2b.mvgd.pl\/\",\"name\":\"B2B MVGD PL\",\"description\":\"\",\"potentialAction\":[{\"@type\":\"SearchAction\",\"target\":{\"@type\":\"EntryPoint\",\"urlTemplate\":\"https:\/\/b2b.mvgd.pl\/?s={search_term_string}\"},\"query-input\":{\"@type\":\"PropertyValueSpecification\",\"valueRequired\":true,\"valueName\":\"search_term_string\"}}],\"inLanguage\":\"pl-PL\"}]}<\/script>\n<!-- \/ Yoast SEO plugin. -->","yoast_head_json":{"title":"Trapiche Vineyards Malbec - B2B MVGD PL","robots":{"index":"index","follow":"follow","max-snippet":"max-snippet:-1","max-image-preview":"max-image-preview:large","max-video-preview":"max-video-preview:-1"},"canonical":"https:\/\/b2b.mvgd.pl\/index.php\/produkt\/trapiche-vineyards-malbec\/","og_locale":"pl_PL","og_type":"article","og_title":"Trapiche Vineyards Malbec - B2B MVGD PL","og_description":"To wino o jasnoczerwonym kolorze z fioletowymi odcieniami zachwyca owocowym bukietem \u015bliwek i wi\u015bni. W smaku dominuje owocowo\u015b\u0107, z wyra\u017anymi nutami \u015bliwki i wi\u015bni, a ca\u0142o\u015b\u0107 dope\u0142niaj\u0105 subtelne akcenty trufli i wanilii, daj\u0105c okr\u0105g\u0142y, przyjemny smak w ustach. Doskona\u0142e do serwowania z pieczonym mi\u0119sem, aromatycznymi potrawami oraz p\u00f3\u0142twardymi serami, takimi jak gouda, gruy\u00e8re czy edam. Najlepiej smakuje sch\u0142odzone do temperatury 16-18 \u00b0C.","og_url":"https:\/\/b2b.mvgd.pl\/index.php\/produkt\/trapiche-vineyards-malbec\/","og_site_name":"B2B MVGD PL","article_modified_time":"2026-02-16T18:45:12+00:00","twitter_card":"summary_large_image","schema":{"@context":"https:\/\/schema.org","@graph":[{"@type":"WebPage","@id":"https:\/\/b2b.mvgd.pl\/index.php\/produkt\/trapiche-vineyards-malbec\/","url":"https:\/\/b2b.mvgd.pl\/index.php\/produkt\/trapiche-vineyards-malbec\/","name":"Trapiche Vineyards Malbec - B2B MVGD PL","isPartOf":{"@id":"https:\/\/b2b.mvgd.pl\/#website"},"primaryImageOfPage":{"@id":"https:\/\/b2b.mvgd.pl\/index.php\/produkt\/trapiche-vineyards-malbec\/#primaryimage"},"image":{"@id":"https:\/\/b2b.mvgd.pl\/index.php\/produkt\/trapiche-vineyards-malbec\/#primaryimage"},"thumbnailUrl":"https:\/\/b2b.mvgd.pl\/wp-content\/uploads\/2026\/02\/41610147.png","datePublished":"2026-02-16T18:43:59+00:00","dateModified":"2026-02-16T18:45:12+00:00","breadcrumb":{"@id":"https:\/\/b2b.mvgd.pl\/index.php\/produkt\/trapiche-vineyards-malbec\/#breadcrumb"},"inLanguage":"pl-PL","potentialAction":[{"@type":"ReadAction","target":["https:\/\/b2b.mvgd.pl\/index.php\/produkt\/trapiche-vineyards-malbec\/"]}]},{"@type":"ImageObject","inLanguage":"pl-PL","@id":"https:\/\/b2b.mvgd.pl\/index.php\/produkt\/trapiche-vineyards-malbec\/#primaryimage","url":"https:\/\/b2b.mvgd.pl\/wp-content\/uploads\/2026\/02\/41610147.png","contentUrl":"https:\/\/b2b.mvgd.pl\/wp-content\/uploads\/2026\/02\/41610147.png","width":900,"height":1200},{"@type":"BreadcrumbList","@id":"https:\/\/b2b.mvgd.pl\/index.php\/produkt\/trapiche-vineyards-malbec\/#breadcrumb","itemListElement":[{"@type":"ListItem","position":1,"name":"Strona g\u0142\u00f3wna","item":"https:\/\/b2b.mvgd.pl\/"},{"@type":"ListItem","position":2,"name":"Shop","item":"https:\/\/b2b.mvgd.pl\/index.php\/shop\/"},{"@type":"ListItem","position":3,"name":"Trapiche Vineyards Malbec"}]},{"@type":"WebSite","@id":"https:\/\/b2b.mvgd.pl\/#website","url":"https:\/\/b2b.mvgd.pl\/","name":"B2B MVGD PL","description":"","potentialAction":[{"@type":"SearchAction","target":{"@type":"EntryPoint","urlTemplate":"https:\/\/b2b.mvgd.pl\/?s={search_term_string}"},"query-input":{"@type":"PropertyValueSpecification","valueRequired":true,"valueName":"search_term_string"}}],"inLanguage":"pl-PL"}]}},"jetpack_sharing_enabled":true,"_links":{"self":[{"href":"https:\/\/b2b.mvgd.pl\/index.php\/wp-json\/wp\/v2\/product\/480","targetHints":{"allow":["GET"]}}],"collection":[{"href":"https:\/\/b2b.mvgd.pl\/index.php\/wp-json\/wp\/v2\/product"}],"about":[{"href":"https:\/\/b2b.mvgd.pl\/index.php\/wp-json\/wp\/v2\/types\/product"}],"replies":[{"embeddable":true,"href":"https:\/\/b2b.mvgd.pl\/index.php\/wp-json\/wp\/v2\/comments?post=480"}],"version-history":[{"count":0,"href":"https:\/\/b2b.mvgd.pl\/index.php\/wp-json\/wp\/v2\/product\/480\/revisions"}],"wp:featuredmedia":[{"embeddable":true,"href":"https:\/\/b2b.mvgd.pl\/index.php\/wp-json\/wp\/v2\/media\/527"}],"wp:attachment":[{"href":"https:\/\/b2b.mvgd.pl\/index.php\/wp-json\/wp\/v2\/media?parent=480"}],"wp:term":[{"taxonomy":"product_brand","embeddable":true,"href":"https:\/\/b2b.mvgd.pl\/index.php\/wp-json\/wp\/v2\/product_brand?post=480"},{"taxonomy":"product_cat","embeddable":true,"href":"https:\/\/b2b.mvgd.pl\/index.php\/wp-json\/wp\/v2\/product_cat?post=480"},{"taxonomy":"product_tag","embeddable":true,"href":"https:\/\/b2b.mvgd.pl\/index.php\/wp-json\/wp\/v2\/product_tag?post=480"}],"curies":[{"name":"wp","href":"https:\/\/api.w.org\/{rel}","templated":true}]}}