{"id":469,"date":"2026-02-16T18:43:38","date_gmt":"2026-02-16T18:43:38","guid":{"rendered":"https:\/\/b2b.mvgd.pl\/?post_type=product&#038;p=469"},"modified":"2026-02-16T18:45:05","modified_gmt":"2026-02-16T18:45:05","slug":"gandin-doc-friulano-friuli-isonzo","status":"publish","type":"product","link":"https:\/\/b2b.mvgd.pl\/index.php\/produkt\/gandin-doc-friulano-friuli-isonzo\/","title":{"rendered":"Gandin DOC Friulano Friuli Isonzo"},"content":{"rendered":"<p>Serwowanie: Idealne do Prosciutto di San Daniele, \u015bwie\u017cego sera Montasio, da\u0144 g\u0142\u00f3wnych i potraw z ryb. Temperatura podania: 10 &#8211; 12 \u00b0C<\/p>\n<p>Szczep: Friuliano<br \/>\nDojrzewanie: 4 m-c butelka<\/p>\n","protected":false},"excerpt":{"rendered":"<p>Wino o ol\u015bniewaj\u0105cej s\u0142omkowo\u017c\u00f3\u0142tej barwie. W nosie wyczuwalne s\u0105 intensywne nuty rumianku, dzikich kwiat\u00f3w, pra\u017conych migda\u0142\u00f3w i krzemienia. Na podniebieniu mi\u0119kkie i otulaj\u0105ce, z delikatn\u0105 mineralno\u015bci\u0105, soczyste i \u015bwie\u017ce. Doskona\u0142e do Prosciutto di San Daniele, \u015bwie\u017cego sera Montasio, da\u0144 g\u0142\u00f3wnych oraz potraw z ryb. Serwowa\u0107 w temperaturze 10 &#8211; 12\u00b0C.<\/p>\n","protected":false},"featured_media":525,"comment_status":"open","ping_status":"closed","template":"","meta":[],"product_brand":[],"product_cat":[525,18,19],"product_tag":[526,527,528,529,530,320,499],"class_list":{"0":"post-469","1":"product","2":"type-product","3":"status-publish","4":"has-post-thumbnail","6":"product_cat-friulia","7":"product_cat-wina","8":"product_cat-wlochy-wina","9":"product_tag-friuli","10":"product_tag-friulia","11":"product_tag-friuliano","12":"product_tag-gandin","13":"product_tag-isonzo","14":"product_tag-wino","15":"product_tag-wlochy","17":"first","18":"instock","19":"shipping-taxable","20":"purchasable","21":"product-type-simple"},"yoast_head":"<!-- This site is optimized with the Yoast SEO plugin v26.9 - https:\/\/yoast.com\/product\/yoast-seo-wordpress\/ -->\n<title>Gandin DOC Friulano Friuli Isonzo - B2B MVGD PL<\/title>\n<meta name=\"robots\" content=\"index, follow, max-snippet:-1, max-image-preview:large, max-video-preview:-1\" \/>\n<link rel=\"canonical\" href=\"https:\/\/b2b.mvgd.pl\/index.php\/produkt\/gandin-doc-friulano-friuli-isonzo\/\" \/>\n<meta property=\"og:locale\" content=\"pl_PL\" \/>\n<meta property=\"og:type\" content=\"article\" \/>\n<meta property=\"og:title\" content=\"Gandin DOC Friulano Friuli Isonzo - B2B MVGD PL\" \/>\n<meta property=\"og:description\" content=\"Wino o ol\u015bniewaj\u0105cej s\u0142omkowo\u017c\u00f3\u0142tej barwie. W nosie wyczuwalne s\u0105 intensywne nuty rumianku, dzikich kwiat\u00f3w, pra\u017conych migda\u0142\u00f3w i krzemienia. Na podniebieniu mi\u0119kkie i otulaj\u0105ce, z delikatn\u0105 mineralno\u015bci\u0105, soczyste i \u015bwie\u017ce. Doskona\u0142e do Prosciutto di San Daniele, \u015bwie\u017cego sera Montasio, da\u0144 g\u0142\u00f3wnych oraz potraw z ryb. Serwowa\u0107 w temperaturze 10 - 12\u00b0C.\" \/>\n<meta property=\"og:url\" content=\"https:\/\/b2b.mvgd.pl\/index.php\/produkt\/gandin-doc-friulano-friuli-isonzo\/\" \/>\n<meta property=\"og:site_name\" content=\"B2B MVGD PL\" \/>\n<meta property=\"article:modified_time\" content=\"2026-02-16T18:45:05+00:00\" \/>\n<meta name=\"twitter:card\" content=\"summary_large_image\" \/>\n<script type=\"application\/ld+json\" class=\"yoast-schema-graph\">{\"@context\":\"https:\/\/schema.org\",\"@graph\":[{\"@type\":\"WebPage\",\"@id\":\"https:\/\/b2b.mvgd.pl\/index.php\/produkt\/gandin-doc-friulano-friuli-isonzo\/\",\"url\":\"https:\/\/b2b.mvgd.pl\/index.php\/produkt\/gandin-doc-friulano-friuli-isonzo\/\",\"name\":\"Gandin DOC Friulano Friuli Isonzo - B2B MVGD PL\",\"isPartOf\":{\"@id\":\"https:\/\/b2b.mvgd.pl\/#website\"},\"primaryImageOfPage\":{\"@id\":\"https:\/\/b2b.mvgd.pl\/index.php\/produkt\/gandin-doc-friulano-friuli-isonzo\/#primaryimage\"},\"image\":{\"@id\":\"https:\/\/b2b.mvgd.pl\/index.php\/produkt\/gandin-doc-friulano-friuli-isonzo\/#primaryimage\"},\"thumbnailUrl\":\"https:\/\/b2b.mvgd.pl\/wp-content\/uploads\/2026\/02\/41610018.png\",\"datePublished\":\"2026-02-16T18:43:38+00:00\",\"dateModified\":\"2026-02-16T18:45:05+00:00\",\"breadcrumb\":{\"@id\":\"https:\/\/b2b.mvgd.pl\/index.php\/produkt\/gandin-doc-friulano-friuli-isonzo\/#breadcrumb\"},\"inLanguage\":\"pl-PL\",\"potentialAction\":[{\"@type\":\"ReadAction\",\"target\":[\"https:\/\/b2b.mvgd.pl\/index.php\/produkt\/gandin-doc-friulano-friuli-isonzo\/\"]}]},{\"@type\":\"ImageObject\",\"inLanguage\":\"pl-PL\",\"@id\":\"https:\/\/b2b.mvgd.pl\/index.php\/produkt\/gandin-doc-friulano-friuli-isonzo\/#primaryimage\",\"url\":\"https:\/\/b2b.mvgd.pl\/wp-content\/uploads\/2026\/02\/41610018.png\",\"contentUrl\":\"https:\/\/b2b.mvgd.pl\/wp-content\/uploads\/2026\/02\/41610018.png\",\"width\":900,\"height\":1200},{\"@type\":\"BreadcrumbList\",\"@id\":\"https:\/\/b2b.mvgd.pl\/index.php\/produkt\/gandin-doc-friulano-friuli-isonzo\/#breadcrumb\",\"itemListElement\":[{\"@type\":\"ListItem\",\"position\":1,\"name\":\"Strona g\u0142\u00f3wna\",\"item\":\"https:\/\/b2b.mvgd.pl\/\"},{\"@type\":\"ListItem\",\"position\":2,\"name\":\"Shop\",\"item\":\"https:\/\/b2b.mvgd.pl\/index.php\/shop\/\"},{\"@type\":\"ListItem\",\"position\":3,\"name\":\"Gandin DOC Friulano Friuli Isonzo\"}]},{\"@type\":\"WebSite\",\"@id\":\"https:\/\/b2b.mvgd.pl\/#website\",\"url\":\"https:\/\/b2b.mvgd.pl\/\",\"name\":\"B2B MVGD PL\",\"description\":\"\",\"potentialAction\":[{\"@type\":\"SearchAction\",\"target\":{\"@type\":\"EntryPoint\",\"urlTemplate\":\"https:\/\/b2b.mvgd.pl\/?s={search_term_string}\"},\"query-input\":{\"@type\":\"PropertyValueSpecification\",\"valueRequired\":true,\"valueName\":\"search_term_string\"}}],\"inLanguage\":\"pl-PL\"}]}<\/script>\n<!-- \/ Yoast SEO plugin. -->","yoast_head_json":{"title":"Gandin DOC Friulano Friuli Isonzo - B2B MVGD PL","robots":{"index":"index","follow":"follow","max-snippet":"max-snippet:-1","max-image-preview":"max-image-preview:large","max-video-preview":"max-video-preview:-1"},"canonical":"https:\/\/b2b.mvgd.pl\/index.php\/produkt\/gandin-doc-friulano-friuli-isonzo\/","og_locale":"pl_PL","og_type":"article","og_title":"Gandin DOC Friulano Friuli Isonzo - B2B MVGD PL","og_description":"Wino o ol\u015bniewaj\u0105cej s\u0142omkowo\u017c\u00f3\u0142tej barwie. W nosie wyczuwalne s\u0105 intensywne nuty rumianku, dzikich kwiat\u00f3w, pra\u017conych migda\u0142\u00f3w i krzemienia. Na podniebieniu mi\u0119kkie i otulaj\u0105ce, z delikatn\u0105 mineralno\u015bci\u0105, soczyste i \u015bwie\u017ce. Doskona\u0142e do Prosciutto di San Daniele, \u015bwie\u017cego sera Montasio, da\u0144 g\u0142\u00f3wnych oraz potraw z ryb. Serwowa\u0107 w temperaturze 10 - 12\u00b0C.","og_url":"https:\/\/b2b.mvgd.pl\/index.php\/produkt\/gandin-doc-friulano-friuli-isonzo\/","og_site_name":"B2B MVGD PL","article_modified_time":"2026-02-16T18:45:05+00:00","twitter_card":"summary_large_image","schema":{"@context":"https:\/\/schema.org","@graph":[{"@type":"WebPage","@id":"https:\/\/b2b.mvgd.pl\/index.php\/produkt\/gandin-doc-friulano-friuli-isonzo\/","url":"https:\/\/b2b.mvgd.pl\/index.php\/produkt\/gandin-doc-friulano-friuli-isonzo\/","name":"Gandin DOC Friulano Friuli Isonzo - B2B MVGD PL","isPartOf":{"@id":"https:\/\/b2b.mvgd.pl\/#website"},"primaryImageOfPage":{"@id":"https:\/\/b2b.mvgd.pl\/index.php\/produkt\/gandin-doc-friulano-friuli-isonzo\/#primaryimage"},"image":{"@id":"https:\/\/b2b.mvgd.pl\/index.php\/produkt\/gandin-doc-friulano-friuli-isonzo\/#primaryimage"},"thumbnailUrl":"https:\/\/b2b.mvgd.pl\/wp-content\/uploads\/2026\/02\/41610018.png","datePublished":"2026-02-16T18:43:38+00:00","dateModified":"2026-02-16T18:45:05+00:00","breadcrumb":{"@id":"https:\/\/b2b.mvgd.pl\/index.php\/produkt\/gandin-doc-friulano-friuli-isonzo\/#breadcrumb"},"inLanguage":"pl-PL","potentialAction":[{"@type":"ReadAction","target":["https:\/\/b2b.mvgd.pl\/index.php\/produkt\/gandin-doc-friulano-friuli-isonzo\/"]}]},{"@type":"ImageObject","inLanguage":"pl-PL","@id":"https:\/\/b2b.mvgd.pl\/index.php\/produkt\/gandin-doc-friulano-friuli-isonzo\/#primaryimage","url":"https:\/\/b2b.mvgd.pl\/wp-content\/uploads\/2026\/02\/41610018.png","contentUrl":"https:\/\/b2b.mvgd.pl\/wp-content\/uploads\/2026\/02\/41610018.png","width":900,"height":1200},{"@type":"BreadcrumbList","@id":"https:\/\/b2b.mvgd.pl\/index.php\/produkt\/gandin-doc-friulano-friuli-isonzo\/#breadcrumb","itemListElement":[{"@type":"ListItem","position":1,"name":"Strona g\u0142\u00f3wna","item":"https:\/\/b2b.mvgd.pl\/"},{"@type":"ListItem","position":2,"name":"Shop","item":"https:\/\/b2b.mvgd.pl\/index.php\/shop\/"},{"@type":"ListItem","position":3,"name":"Gandin DOC Friulano Friuli Isonzo"}]},{"@type":"WebSite","@id":"https:\/\/b2b.mvgd.pl\/#website","url":"https:\/\/b2b.mvgd.pl\/","name":"B2B MVGD PL","description":"","potentialAction":[{"@type":"SearchAction","target":{"@type":"EntryPoint","urlTemplate":"https:\/\/b2b.mvgd.pl\/?s={search_term_string}"},"query-input":{"@type":"PropertyValueSpecification","valueRequired":true,"valueName":"search_term_string"}}],"inLanguage":"pl-PL"}]}},"jetpack_sharing_enabled":true,"_links":{"self":[{"href":"https:\/\/b2b.mvgd.pl\/index.php\/wp-json\/wp\/v2\/product\/469","targetHints":{"allow":["GET"]}}],"collection":[{"href":"https:\/\/b2b.mvgd.pl\/index.php\/wp-json\/wp\/v2\/product"}],"about":[{"href":"https:\/\/b2b.mvgd.pl\/index.php\/wp-json\/wp\/v2\/types\/product"}],"replies":[{"embeddable":true,"href":"https:\/\/b2b.mvgd.pl\/index.php\/wp-json\/wp\/v2\/comments?post=469"}],"version-history":[{"count":0,"href":"https:\/\/b2b.mvgd.pl\/index.php\/wp-json\/wp\/v2\/product\/469\/revisions"}],"wp:featuredmedia":[{"embeddable":true,"href":"https:\/\/b2b.mvgd.pl\/index.php\/wp-json\/wp\/v2\/media\/525"}],"wp:attachment":[{"href":"https:\/\/b2b.mvgd.pl\/index.php\/wp-json\/wp\/v2\/media?parent=469"}],"wp:term":[{"taxonomy":"product_brand","embeddable":true,"href":"https:\/\/b2b.mvgd.pl\/index.php\/wp-json\/wp\/v2\/product_brand?post=469"},{"taxonomy":"product_cat","embeddable":true,"href":"https:\/\/b2b.mvgd.pl\/index.php\/wp-json\/wp\/v2\/product_cat?post=469"},{"taxonomy":"product_tag","embeddable":true,"href":"https:\/\/b2b.mvgd.pl\/index.php\/wp-json\/wp\/v2\/product_tag?post=469"}],"curies":[{"name":"wp","href":"https:\/\/api.w.org\/{rel}","templated":true}]}}