{"id":465,"date":"2026-02-16T18:43:37","date_gmt":"2026-02-16T18:43:37","guid":{"rendered":"https:\/\/b2b.mvgd.pl\/?post_type=product&#038;p=465"},"modified":"2026-02-16T18:44:41","modified_gmt":"2026-02-16T18:44:41","slug":"berkshire-botanical-sloe-gin-05l-28","status":"publish","type":"product","link":"https:\/\/b2b.mvgd.pl\/index.php\/produkt\/berkshire-botanical-sloe-gin-05l-28\/","title":{"rendered":"Berkshire Botanical Sloe Gin 0,5l 28%"},"content":{"rendered":"<p>Berkshire Botanical Sloe Gin to wyj\u0105tkowy gin destylowany w miedzianych alembikach, a nast\u0119pnie delikatnie infuzowany najwy\u017cszej jako\u015bci r\u0119cznie zbieranymi sloe berries (owocami tarniny). Charakteryzuje si\u0119 \u015bmia\u0142ym, \u017cywym i owocowym smakiem, doskona\u0142ym zar\u00f3wno na ch\u0142odne zimowe wieczory, jak i w po\u0142\u0105czeniu z b\u0105belkami na letnie orze\u017awienie<\/p>\n","protected":false},"excerpt":{"rendered":"<p>Berkshire Botanical Sloe Gin to wyj\u0105tkowy gin destylowany w miedzianych alembikach, a nast\u0119pnie delikatnie infuzowany najwy\u017cszej jako\u015bci r\u0119cznie zbieranymi sloe<\/p>\n","protected":false},"featured_media":513,"comment_status":"open","ping_status":"closed","template":"","meta":[],"product_brand":[],"product_cat":[87],"product_tag":[431,88],"class_list":{"0":"post-465","1":"product","2":"type-product","3":"status-publish","4":"has-post-thumbnail","6":"product_cat-gin","7":"product_tag-berkshire","8":"product_tag-gin","10":"first","11":"instock","12":"shipping-taxable","13":"purchasable","14":"product-type-simple"},"yoast_head":"<!-- This site is optimized with the Yoast SEO plugin v26.9 - https:\/\/yoast.com\/product\/yoast-seo-wordpress\/ -->\n<title>Berkshire Botanical Sloe Gin 0,5l 28% - B2B MVGD PL<\/title>\n<meta name=\"robots\" content=\"index, follow, max-snippet:-1, max-image-preview:large, max-video-preview:-1\" \/>\n<link rel=\"canonical\" href=\"https:\/\/b2b.mvgd.pl\/index.php\/produkt\/berkshire-botanical-sloe-gin-05l-28\/\" \/>\n<meta property=\"og:locale\" content=\"pl_PL\" \/>\n<meta property=\"og:type\" content=\"article\" \/>\n<meta property=\"og:title\" content=\"Berkshire Botanical Sloe Gin 0,5l 28% - B2B MVGD PL\" \/>\n<meta property=\"og:description\" content=\"Berkshire Botanical Sloe Gin to wyj\u0105tkowy gin destylowany w miedzianych alembikach, a nast\u0119pnie delikatnie infuzowany najwy\u017cszej jako\u015bci r\u0119cznie zbieranymi sloe\" \/>\n<meta property=\"og:url\" content=\"https:\/\/b2b.mvgd.pl\/index.php\/produkt\/berkshire-botanical-sloe-gin-05l-28\/\" \/>\n<meta property=\"og:site_name\" content=\"B2B MVGD PL\" \/>\n<meta property=\"article:modified_time\" content=\"2026-02-16T18:44:41+00:00\" \/>\n<meta name=\"twitter:card\" content=\"summary_large_image\" \/>\n<script type=\"application\/ld+json\" class=\"yoast-schema-graph\">{\"@context\":\"https:\/\/schema.org\",\"@graph\":[{\"@type\":\"WebPage\",\"@id\":\"https:\/\/b2b.mvgd.pl\/index.php\/produkt\/berkshire-botanical-sloe-gin-05l-28\/\",\"url\":\"https:\/\/b2b.mvgd.pl\/index.php\/produkt\/berkshire-botanical-sloe-gin-05l-28\/\",\"name\":\"Berkshire Botanical Sloe Gin 0,5l 28% - B2B MVGD PL\",\"isPartOf\":{\"@id\":\"https:\/\/b2b.mvgd.pl\/#website\"},\"primaryImageOfPage\":{\"@id\":\"https:\/\/b2b.mvgd.pl\/index.php\/produkt\/berkshire-botanical-sloe-gin-05l-28\/#primaryimage\"},\"image\":{\"@id\":\"https:\/\/b2b.mvgd.pl\/index.php\/produkt\/berkshire-botanical-sloe-gin-05l-28\/#primaryimage\"},\"thumbnailUrl\":\"https:\/\/b2b.mvgd.pl\/wp-content\/uploads\/2026\/02\/41310038.png\",\"datePublished\":\"2026-02-16T18:43:37+00:00\",\"dateModified\":\"2026-02-16T18:44:41+00:00\",\"breadcrumb\":{\"@id\":\"https:\/\/b2b.mvgd.pl\/index.php\/produkt\/berkshire-botanical-sloe-gin-05l-28\/#breadcrumb\"},\"inLanguage\":\"pl-PL\",\"potentialAction\":[{\"@type\":\"ReadAction\",\"target\":[\"https:\/\/b2b.mvgd.pl\/index.php\/produkt\/berkshire-botanical-sloe-gin-05l-28\/\"]}]},{\"@type\":\"ImageObject\",\"inLanguage\":\"pl-PL\",\"@id\":\"https:\/\/b2b.mvgd.pl\/index.php\/produkt\/berkshire-botanical-sloe-gin-05l-28\/#primaryimage\",\"url\":\"https:\/\/b2b.mvgd.pl\/wp-content\/uploads\/2026\/02\/41310038.png\",\"contentUrl\":\"https:\/\/b2b.mvgd.pl\/wp-content\/uploads\/2026\/02\/41310038.png\",\"width\":900,\"height\":1200},{\"@type\":\"BreadcrumbList\",\"@id\":\"https:\/\/b2b.mvgd.pl\/index.php\/produkt\/berkshire-botanical-sloe-gin-05l-28\/#breadcrumb\",\"itemListElement\":[{\"@type\":\"ListItem\",\"position\":1,\"name\":\"Strona g\u0142\u00f3wna\",\"item\":\"https:\/\/b2b.mvgd.pl\/\"},{\"@type\":\"ListItem\",\"position\":2,\"name\":\"Shop\",\"item\":\"https:\/\/b2b.mvgd.pl\/index.php\/shop\/\"},{\"@type\":\"ListItem\",\"position\":3,\"name\":\"Berkshire Botanical Sloe Gin 0,5l 28%\"}]},{\"@type\":\"WebSite\",\"@id\":\"https:\/\/b2b.mvgd.pl\/#website\",\"url\":\"https:\/\/b2b.mvgd.pl\/\",\"name\":\"B2B MVGD PL\",\"description\":\"\",\"potentialAction\":[{\"@type\":\"SearchAction\",\"target\":{\"@type\":\"EntryPoint\",\"urlTemplate\":\"https:\/\/b2b.mvgd.pl\/?s={search_term_string}\"},\"query-input\":{\"@type\":\"PropertyValueSpecification\",\"valueRequired\":true,\"valueName\":\"search_term_string\"}}],\"inLanguage\":\"pl-PL\"}]}<\/script>\n<!-- \/ Yoast SEO plugin. -->","yoast_head_json":{"title":"Berkshire Botanical Sloe Gin 0,5l 28% - B2B MVGD PL","robots":{"index":"index","follow":"follow","max-snippet":"max-snippet:-1","max-image-preview":"max-image-preview:large","max-video-preview":"max-video-preview:-1"},"canonical":"https:\/\/b2b.mvgd.pl\/index.php\/produkt\/berkshire-botanical-sloe-gin-05l-28\/","og_locale":"pl_PL","og_type":"article","og_title":"Berkshire Botanical Sloe Gin 0,5l 28% - B2B MVGD PL","og_description":"Berkshire Botanical Sloe Gin to wyj\u0105tkowy gin destylowany w miedzianych alembikach, a nast\u0119pnie delikatnie infuzowany najwy\u017cszej jako\u015bci r\u0119cznie zbieranymi sloe","og_url":"https:\/\/b2b.mvgd.pl\/index.php\/produkt\/berkshire-botanical-sloe-gin-05l-28\/","og_site_name":"B2B MVGD PL","article_modified_time":"2026-02-16T18:44:41+00:00","twitter_card":"summary_large_image","schema":{"@context":"https:\/\/schema.org","@graph":[{"@type":"WebPage","@id":"https:\/\/b2b.mvgd.pl\/index.php\/produkt\/berkshire-botanical-sloe-gin-05l-28\/","url":"https:\/\/b2b.mvgd.pl\/index.php\/produkt\/berkshire-botanical-sloe-gin-05l-28\/","name":"Berkshire Botanical Sloe Gin 0,5l 28% - B2B MVGD PL","isPartOf":{"@id":"https:\/\/b2b.mvgd.pl\/#website"},"primaryImageOfPage":{"@id":"https:\/\/b2b.mvgd.pl\/index.php\/produkt\/berkshire-botanical-sloe-gin-05l-28\/#primaryimage"},"image":{"@id":"https:\/\/b2b.mvgd.pl\/index.php\/produkt\/berkshire-botanical-sloe-gin-05l-28\/#primaryimage"},"thumbnailUrl":"https:\/\/b2b.mvgd.pl\/wp-content\/uploads\/2026\/02\/41310038.png","datePublished":"2026-02-16T18:43:37+00:00","dateModified":"2026-02-16T18:44:41+00:00","breadcrumb":{"@id":"https:\/\/b2b.mvgd.pl\/index.php\/produkt\/berkshire-botanical-sloe-gin-05l-28\/#breadcrumb"},"inLanguage":"pl-PL","potentialAction":[{"@type":"ReadAction","target":["https:\/\/b2b.mvgd.pl\/index.php\/produkt\/berkshire-botanical-sloe-gin-05l-28\/"]}]},{"@type":"ImageObject","inLanguage":"pl-PL","@id":"https:\/\/b2b.mvgd.pl\/index.php\/produkt\/berkshire-botanical-sloe-gin-05l-28\/#primaryimage","url":"https:\/\/b2b.mvgd.pl\/wp-content\/uploads\/2026\/02\/41310038.png","contentUrl":"https:\/\/b2b.mvgd.pl\/wp-content\/uploads\/2026\/02\/41310038.png","width":900,"height":1200},{"@type":"BreadcrumbList","@id":"https:\/\/b2b.mvgd.pl\/index.php\/produkt\/berkshire-botanical-sloe-gin-05l-28\/#breadcrumb","itemListElement":[{"@type":"ListItem","position":1,"name":"Strona g\u0142\u00f3wna","item":"https:\/\/b2b.mvgd.pl\/"},{"@type":"ListItem","position":2,"name":"Shop","item":"https:\/\/b2b.mvgd.pl\/index.php\/shop\/"},{"@type":"ListItem","position":3,"name":"Berkshire Botanical Sloe Gin 0,5l 28%"}]},{"@type":"WebSite","@id":"https:\/\/b2b.mvgd.pl\/#website","url":"https:\/\/b2b.mvgd.pl\/","name":"B2B MVGD PL","description":"","potentialAction":[{"@type":"SearchAction","target":{"@type":"EntryPoint","urlTemplate":"https:\/\/b2b.mvgd.pl\/?s={search_term_string}"},"query-input":{"@type":"PropertyValueSpecification","valueRequired":true,"valueName":"search_term_string"}}],"inLanguage":"pl-PL"}]}},"jetpack_sharing_enabled":true,"_links":{"self":[{"href":"https:\/\/b2b.mvgd.pl\/index.php\/wp-json\/wp\/v2\/product\/465","targetHints":{"allow":["GET"]}}],"collection":[{"href":"https:\/\/b2b.mvgd.pl\/index.php\/wp-json\/wp\/v2\/product"}],"about":[{"href":"https:\/\/b2b.mvgd.pl\/index.php\/wp-json\/wp\/v2\/types\/product"}],"replies":[{"embeddable":true,"href":"https:\/\/b2b.mvgd.pl\/index.php\/wp-json\/wp\/v2\/comments?post=465"}],"version-history":[{"count":0,"href":"https:\/\/b2b.mvgd.pl\/index.php\/wp-json\/wp\/v2\/product\/465\/revisions"}],"wp:featuredmedia":[{"embeddable":true,"href":"https:\/\/b2b.mvgd.pl\/index.php\/wp-json\/wp\/v2\/media\/513"}],"wp:attachment":[{"href":"https:\/\/b2b.mvgd.pl\/index.php\/wp-json\/wp\/v2\/media?parent=465"}],"wp:term":[{"taxonomy":"product_brand","embeddable":true,"href":"https:\/\/b2b.mvgd.pl\/index.php\/wp-json\/wp\/v2\/product_brand?post=465"},{"taxonomy":"product_cat","embeddable":true,"href":"https:\/\/b2b.mvgd.pl\/index.php\/wp-json\/wp\/v2\/product_cat?post=465"},{"taxonomy":"product_tag","embeddable":true,"href":"https:\/\/b2b.mvgd.pl\/index.php\/wp-json\/wp\/v2\/product_tag?post=465"}],"curies":[{"name":"wp","href":"https:\/\/api.w.org\/{rel}","templated":true}]}}