{"id":456,"date":"2026-02-16T18:43:14","date_gmt":"2026-02-16T18:43:14","guid":{"rendered":"https:\/\/b2b.mvgd.pl\/?post_type=product&#038;p=456"},"modified":"2026-02-16T18:44:34","modified_gmt":"2026-02-16T18:44:34","slug":"langleys-first-chapter-07l-38","status":"publish","type":"product","link":"https:\/\/b2b.mvgd.pl\/index.php\/produkt\/langleys-first-chapter-07l-38\/","title":{"rendered":"Langley&#8217;s First Chapter 0,7l 38%"},"content":{"rendered":"","protected":false},"excerpt":{"rendered":"<p><span class=\"OYPEnA font-feature-liga-off font-feature-clig-off font-feature-calt-off text-decoration-none text-strikethrough-none\">L\u017cejszy, z dominacj\u0105 cytrus\u00f3w, smakowity gin w stylu London Dry o ni\u017cszym zawarto\u015bci alkoholu (ABV) i atrakcyjnej cenie &#8211; <\/span><span class=\"OYPEnA font-feature-liga-off font-feature-clig-off font-feature-calt-off text-decoration-none text-strikethrough-none\">Langley&#8217;s First Chapter<\/span><span class=\"OYPEnA font-feature-liga-off font-feature-clig-off font-feature-calt-off text-decoration-none text-strikethrough-none\"> powsta\u0142 z naszym celem, aby sta\u0107 si\u0119 najbardziej dost\u0119pn\u0105 mark\u0105 ginu na \u015bwiecie. Rozszerzony zestaw 10 botanik\u00f3w sprawia, \u017ce First Chapter doskonale sprawdza si\u0119 w drinkach mieszanych, oferuj\u0105c wymagaj\u0105cym konsumentom i bran\u017cy bardziej przyst\u0119pn\u0105 cenowo opcj\u0119 London Dry Gin.<\/span><\/p>\n","protected":false},"featured_media":510,"comment_status":"open","ping_status":"closed","template":"","meta":[],"product_brand":[],"product_cat":[87],"product_tag":[88],"class_list":{"0":"post-456","1":"product","2":"type-product","3":"status-publish","4":"has-post-thumbnail","6":"product_cat-gin","7":"product_tag-gin","9":"first","10":"instock","11":"shipping-taxable","12":"purchasable","13":"product-type-simple"},"yoast_head":"<!-- This site is optimized with the Yoast SEO plugin v26.9 - https:\/\/yoast.com\/product\/yoast-seo-wordpress\/ -->\n<title>Langley&#039;s First Chapter 0,7l 38% - B2B MVGD PL<\/title>\n<meta name=\"robots\" content=\"index, follow, max-snippet:-1, max-image-preview:large, max-video-preview:-1\" \/>\n<link rel=\"canonical\" href=\"https:\/\/b2b.mvgd.pl\/index.php\/produkt\/langleys-first-chapter-07l-38\/\" \/>\n<meta property=\"og:locale\" content=\"pl_PL\" \/>\n<meta property=\"og:type\" content=\"article\" \/>\n<meta property=\"og:title\" content=\"Langley&#039;s First Chapter 0,7l 38% - B2B MVGD PL\" \/>\n<meta property=\"og:description\" content=\"L\u017cejszy, z dominacj\u0105 cytrus\u00f3w, smakowity gin w stylu London Dry o ni\u017cszym zawarto\u015bci alkoholu (ABV) i atrakcyjnej cenie - Langley&#039;s First Chapter powsta\u0142 z naszym celem, aby sta\u0107 si\u0119 najbardziej dost\u0119pn\u0105 mark\u0105 ginu na \u015bwiecie. Rozszerzony zestaw 10 botanik\u00f3w sprawia, \u017ce First Chapter doskonale sprawdza si\u0119 w drinkach mieszanych, oferuj\u0105c wymagaj\u0105cym konsumentom i bran\u017cy bardziej przyst\u0119pn\u0105 cenowo opcj\u0119 London Dry Gin.\" \/>\n<meta property=\"og:url\" content=\"https:\/\/b2b.mvgd.pl\/index.php\/produkt\/langleys-first-chapter-07l-38\/\" \/>\n<meta property=\"og:site_name\" content=\"B2B MVGD PL\" \/>\n<meta property=\"article:modified_time\" content=\"2026-02-16T18:44:34+00:00\" \/>\n<meta name=\"twitter:card\" content=\"summary_large_image\" \/>\n<script type=\"application\/ld+json\" class=\"yoast-schema-graph\">{\"@context\":\"https:\/\/schema.org\",\"@graph\":[{\"@type\":\"WebPage\",\"@id\":\"https:\/\/b2b.mvgd.pl\/index.php\/produkt\/langleys-first-chapter-07l-38\/\",\"url\":\"https:\/\/b2b.mvgd.pl\/index.php\/produkt\/langleys-first-chapter-07l-38\/\",\"name\":\"Langley's First Chapter 0,7l 38% - B2B MVGD PL\",\"isPartOf\":{\"@id\":\"https:\/\/b2b.mvgd.pl\/#website\"},\"primaryImageOfPage\":{\"@id\":\"https:\/\/b2b.mvgd.pl\/index.php\/produkt\/langleys-first-chapter-07l-38\/#primaryimage\"},\"image\":{\"@id\":\"https:\/\/b2b.mvgd.pl\/index.php\/produkt\/langleys-first-chapter-07l-38\/#primaryimage\"},\"thumbnailUrl\":\"https:\/\/b2b.mvgd.pl\/wp-content\/uploads\/2026\/02\/Langleys-First-Chapter.png\",\"datePublished\":\"2026-02-16T18:43:14+00:00\",\"dateModified\":\"2026-02-16T18:44:34+00:00\",\"breadcrumb\":{\"@id\":\"https:\/\/b2b.mvgd.pl\/index.php\/produkt\/langleys-first-chapter-07l-38\/#breadcrumb\"},\"inLanguage\":\"pl-PL\",\"potentialAction\":[{\"@type\":\"ReadAction\",\"target\":[\"https:\/\/b2b.mvgd.pl\/index.php\/produkt\/langleys-first-chapter-07l-38\/\"]}]},{\"@type\":\"ImageObject\",\"inLanguage\":\"pl-PL\",\"@id\":\"https:\/\/b2b.mvgd.pl\/index.php\/produkt\/langleys-first-chapter-07l-38\/#primaryimage\",\"url\":\"https:\/\/b2b.mvgd.pl\/wp-content\/uploads\/2026\/02\/Langleys-First-Chapter.png\",\"contentUrl\":\"https:\/\/b2b.mvgd.pl\/wp-content\/uploads\/2026\/02\/Langleys-First-Chapter.png\",\"width\":900,\"height\":1200},{\"@type\":\"BreadcrumbList\",\"@id\":\"https:\/\/b2b.mvgd.pl\/index.php\/produkt\/langleys-first-chapter-07l-38\/#breadcrumb\",\"itemListElement\":[{\"@type\":\"ListItem\",\"position\":1,\"name\":\"Strona g\u0142\u00f3wna\",\"item\":\"https:\/\/b2b.mvgd.pl\/\"},{\"@type\":\"ListItem\",\"position\":2,\"name\":\"Shop\",\"item\":\"https:\/\/b2b.mvgd.pl\/index.php\/shop\/\"},{\"@type\":\"ListItem\",\"position\":3,\"name\":\"Langley&#8217;s First Chapter 0,7l 38%\"}]},{\"@type\":\"WebSite\",\"@id\":\"https:\/\/b2b.mvgd.pl\/#website\",\"url\":\"https:\/\/b2b.mvgd.pl\/\",\"name\":\"B2B MVGD PL\",\"description\":\"\",\"potentialAction\":[{\"@type\":\"SearchAction\",\"target\":{\"@type\":\"EntryPoint\",\"urlTemplate\":\"https:\/\/b2b.mvgd.pl\/?s={search_term_string}\"},\"query-input\":{\"@type\":\"PropertyValueSpecification\",\"valueRequired\":true,\"valueName\":\"search_term_string\"}}],\"inLanguage\":\"pl-PL\"}]}<\/script>\n<!-- \/ Yoast SEO plugin. -->","yoast_head_json":{"title":"Langley's First Chapter 0,7l 38% - B2B MVGD PL","robots":{"index":"index","follow":"follow","max-snippet":"max-snippet:-1","max-image-preview":"max-image-preview:large","max-video-preview":"max-video-preview:-1"},"canonical":"https:\/\/b2b.mvgd.pl\/index.php\/produkt\/langleys-first-chapter-07l-38\/","og_locale":"pl_PL","og_type":"article","og_title":"Langley's First Chapter 0,7l 38% - B2B MVGD PL","og_description":"L\u017cejszy, z dominacj\u0105 cytrus\u00f3w, smakowity gin w stylu London Dry o ni\u017cszym zawarto\u015bci alkoholu (ABV) i atrakcyjnej cenie - Langley's First Chapter powsta\u0142 z naszym celem, aby sta\u0107 si\u0119 najbardziej dost\u0119pn\u0105 mark\u0105 ginu na \u015bwiecie. Rozszerzony zestaw 10 botanik\u00f3w sprawia, \u017ce First Chapter doskonale sprawdza si\u0119 w drinkach mieszanych, oferuj\u0105c wymagaj\u0105cym konsumentom i bran\u017cy bardziej przyst\u0119pn\u0105 cenowo opcj\u0119 London Dry Gin.","og_url":"https:\/\/b2b.mvgd.pl\/index.php\/produkt\/langleys-first-chapter-07l-38\/","og_site_name":"B2B MVGD PL","article_modified_time":"2026-02-16T18:44:34+00:00","twitter_card":"summary_large_image","schema":{"@context":"https:\/\/schema.org","@graph":[{"@type":"WebPage","@id":"https:\/\/b2b.mvgd.pl\/index.php\/produkt\/langleys-first-chapter-07l-38\/","url":"https:\/\/b2b.mvgd.pl\/index.php\/produkt\/langleys-first-chapter-07l-38\/","name":"Langley's First Chapter 0,7l 38% - B2B MVGD PL","isPartOf":{"@id":"https:\/\/b2b.mvgd.pl\/#website"},"primaryImageOfPage":{"@id":"https:\/\/b2b.mvgd.pl\/index.php\/produkt\/langleys-first-chapter-07l-38\/#primaryimage"},"image":{"@id":"https:\/\/b2b.mvgd.pl\/index.php\/produkt\/langleys-first-chapter-07l-38\/#primaryimage"},"thumbnailUrl":"https:\/\/b2b.mvgd.pl\/wp-content\/uploads\/2026\/02\/Langleys-First-Chapter.png","datePublished":"2026-02-16T18:43:14+00:00","dateModified":"2026-02-16T18:44:34+00:00","breadcrumb":{"@id":"https:\/\/b2b.mvgd.pl\/index.php\/produkt\/langleys-first-chapter-07l-38\/#breadcrumb"},"inLanguage":"pl-PL","potentialAction":[{"@type":"ReadAction","target":["https:\/\/b2b.mvgd.pl\/index.php\/produkt\/langleys-first-chapter-07l-38\/"]}]},{"@type":"ImageObject","inLanguage":"pl-PL","@id":"https:\/\/b2b.mvgd.pl\/index.php\/produkt\/langleys-first-chapter-07l-38\/#primaryimage","url":"https:\/\/b2b.mvgd.pl\/wp-content\/uploads\/2026\/02\/Langleys-First-Chapter.png","contentUrl":"https:\/\/b2b.mvgd.pl\/wp-content\/uploads\/2026\/02\/Langleys-First-Chapter.png","width":900,"height":1200},{"@type":"BreadcrumbList","@id":"https:\/\/b2b.mvgd.pl\/index.php\/produkt\/langleys-first-chapter-07l-38\/#breadcrumb","itemListElement":[{"@type":"ListItem","position":1,"name":"Strona g\u0142\u00f3wna","item":"https:\/\/b2b.mvgd.pl\/"},{"@type":"ListItem","position":2,"name":"Shop","item":"https:\/\/b2b.mvgd.pl\/index.php\/shop\/"},{"@type":"ListItem","position":3,"name":"Langley&#8217;s First Chapter 0,7l 38%"}]},{"@type":"WebSite","@id":"https:\/\/b2b.mvgd.pl\/#website","url":"https:\/\/b2b.mvgd.pl\/","name":"B2B MVGD PL","description":"","potentialAction":[{"@type":"SearchAction","target":{"@type":"EntryPoint","urlTemplate":"https:\/\/b2b.mvgd.pl\/?s={search_term_string}"},"query-input":{"@type":"PropertyValueSpecification","valueRequired":true,"valueName":"search_term_string"}}],"inLanguage":"pl-PL"}]}},"jetpack_sharing_enabled":true,"_links":{"self":[{"href":"https:\/\/b2b.mvgd.pl\/index.php\/wp-json\/wp\/v2\/product\/456","targetHints":{"allow":["GET"]}}],"collection":[{"href":"https:\/\/b2b.mvgd.pl\/index.php\/wp-json\/wp\/v2\/product"}],"about":[{"href":"https:\/\/b2b.mvgd.pl\/index.php\/wp-json\/wp\/v2\/types\/product"}],"replies":[{"embeddable":true,"href":"https:\/\/b2b.mvgd.pl\/index.php\/wp-json\/wp\/v2\/comments?post=456"}],"version-history":[{"count":0,"href":"https:\/\/b2b.mvgd.pl\/index.php\/wp-json\/wp\/v2\/product\/456\/revisions"}],"wp:featuredmedia":[{"embeddable":true,"href":"https:\/\/b2b.mvgd.pl\/index.php\/wp-json\/wp\/v2\/media\/510"}],"wp:attachment":[{"href":"https:\/\/b2b.mvgd.pl\/index.php\/wp-json\/wp\/v2\/media?parent=456"}],"wp:term":[{"taxonomy":"product_brand","embeddable":true,"href":"https:\/\/b2b.mvgd.pl\/index.php\/wp-json\/wp\/v2\/product_brand?post=456"},{"taxonomy":"product_cat","embeddable":true,"href":"https:\/\/b2b.mvgd.pl\/index.php\/wp-json\/wp\/v2\/product_cat?post=456"},{"taxonomy":"product_tag","embeddable":true,"href":"https:\/\/b2b.mvgd.pl\/index.php\/wp-json\/wp\/v2\/product_tag?post=456"}],"curies":[{"name":"wp","href":"https:\/\/api.w.org\/{rel}","templated":true}]}}