{"id":454,"date":"2026-02-16T18:43:14","date_gmt":"2026-02-16T18:43:14","guid":{"rendered":"https:\/\/b2b.mvgd.pl\/?post_type=product&#038;p=454"},"modified":"2026-02-16T18:44:29","modified_gmt":"2026-02-16T18:44:29","slug":"le-opere-barbera-dasti","status":"publish","type":"product","link":"https:\/\/b2b.mvgd.pl\/index.php\/produkt\/le-opere-barbera-dasti\/","title":{"rendered":"Le Opere Barbera D&#8217;Asti"},"content":{"rendered":"<p>Serwowanie: Doskona\u0142y towarzysz bogatych i t\u0142ustych potraw z ciel\u0119ciny, wieprzowiny czy dziczyzny, jednak dzi\u0119ki swojej strukturze sprawdzi si\u0119 r\u00f3wnie\u017c z drobiem czy makaronami. Podawa\u0107 sch\u0142odzone do temperatury 16 &#8211; 18 \u00b0C<\/p>\n<p>Szczep: 100% Barbera<\/p>\n","protected":false},"excerpt":{"rendered":"<p>Barbera d&#8217;Asti jest jedn\u0105 z najwa\u017cniejszych apelacji w regionie Piemont we W\u0142oszech, znanym ze swoich wyj\u0105tkowych win czerwonych. Wina s\u0105 tam tworzone ze szczepu Barbera, kt\u00f3re s\u0105 jednymi z najstarszych i najszerzej uprawianych szczep\u00f3w w Piemoncie. Historia uprawy Barbera si\u0119ga czas\u00f3w rzymskich, jednak dopiero w XIX wieku Barbera d&#8217;Asti ugruntowa\u0142a swoj\u0105 reputacj\u0119. Znaczenie apelacji wzros\u0142o jeszcze bardziej po drugiej wojnie \u015bwiatowej, kiedy wino zacz\u0119to eksportowa\u0107 i zyska\u0142o mi\u0119dzynarodowe uznanie. Dzi\u015b Barbera d&#8217;Asti jest jednym z najbardziej rozpoznawalnych win z Piemontu, docenianym zar\u00f3wno przez krytyk\u00f3w, jak i mi\u0142o\u015bnik\u00f3w wina na ca\u0142ym \u015bwiecie. Wino to jest cenione za dobr\u0105 struktur\u0119 z doskona\u0142\u0105 kwasowo\u015bci\u0105, kt\u00f3ra doskonale komponuje si\u0119 z potrawami. Barbera d&#8217;Asti jest apelacj\u0105 z Denominazione di Origine Controllata e Garantita (DOCG), najwy\u017cszym oznaczeniem jako\u015bci we w\u0142oskim systemie klasyfikacji win. Ka\u017cda butelka z tej apelacji jest gwarancj\u0105 najwy\u017cszej jako\u015bci i autentyczno\u015bci, co dodatkowo podnosi warto\u015b\u0107 i presti\u017c tego wyj\u0105tkowego wina.<\/p>\n","protected":false},"featured_media":508,"comment_status":"open","ping_status":"closed","template":"","meta":[],"product_brand":[],"product_cat":[511,18,19],"product_tag":[512,513,514,515,320,499],"class_list":{"0":"post-454","1":"product","2":"type-product","3":"status-publish","4":"has-post-thumbnail","6":"product_cat-piemont","7":"product_cat-wina","8":"product_cat-wlochy-wina","9":"product_tag-barbera","10":"product_tag-barbera-dasti-docg","11":"product_tag-le-opere","12":"product_tag-piemont","13":"product_tag-wino","14":"product_tag-wlochy","16":"first","17":"instock","18":"shipping-taxable","19":"purchasable","20":"product-type-simple"},"yoast_head":"<!-- This site is optimized with the Yoast SEO plugin v26.9 - https:\/\/yoast.com\/product\/yoast-seo-wordpress\/ -->\n<title>Le Opere Barbera D&#039;Asti - B2B MVGD PL<\/title>\n<meta name=\"robots\" content=\"index, follow, max-snippet:-1, max-image-preview:large, max-video-preview:-1\" \/>\n<link rel=\"canonical\" href=\"https:\/\/b2b.mvgd.pl\/index.php\/produkt\/le-opere-barbera-dasti\/\" \/>\n<meta property=\"og:locale\" content=\"pl_PL\" \/>\n<meta property=\"og:type\" content=\"article\" \/>\n<meta property=\"og:title\" content=\"Le Opere Barbera D&#039;Asti - B2B MVGD PL\" \/>\n<meta property=\"og:description\" content=\"Barbera d&#039;Asti jest jedn\u0105 z najwa\u017cniejszych apelacji w regionie Piemont we W\u0142oszech, znanym ze swoich wyj\u0105tkowych win czerwonych. Wina s\u0105 tam tworzone ze szczepu Barbera, kt\u00f3re s\u0105 jednymi z najstarszych i najszerzej uprawianych szczep\u00f3w w Piemoncie. Historia uprawy Barbera si\u0119ga czas\u00f3w rzymskich, jednak dopiero w XIX wieku Barbera d&#039;Asti ugruntowa\u0142a swoj\u0105 reputacj\u0119. Znaczenie apelacji wzros\u0142o jeszcze bardziej po drugiej wojnie \u015bwiatowej, kiedy wino zacz\u0119to eksportowa\u0107 i zyska\u0142o mi\u0119dzynarodowe uznanie. Dzi\u015b Barbera d&#039;Asti jest jednym z najbardziej rozpoznawalnych win z Piemontu, docenianym zar\u00f3wno przez krytyk\u00f3w, jak i mi\u0142o\u015bnik\u00f3w wina na ca\u0142ym \u015bwiecie. Wino to jest cenione za dobr\u0105 struktur\u0119 z doskona\u0142\u0105 kwasowo\u015bci\u0105, kt\u00f3ra doskonale komponuje si\u0119 z potrawami. Barbera d&#039;Asti jest apelacj\u0105 z Denominazione di Origine Controllata e Garantita (DOCG), najwy\u017cszym oznaczeniem jako\u015bci we w\u0142oskim systemie klasyfikacji win. Ka\u017cda butelka z tej apelacji jest gwarancj\u0105 najwy\u017cszej jako\u015bci i autentyczno\u015bci, co dodatkowo podnosi warto\u015b\u0107 i presti\u017c tego wyj\u0105tkowego wina.\" \/>\n<meta property=\"og:url\" content=\"https:\/\/b2b.mvgd.pl\/index.php\/produkt\/le-opere-barbera-dasti\/\" \/>\n<meta property=\"og:site_name\" content=\"B2B MVGD PL\" \/>\n<meta property=\"article:modified_time\" content=\"2026-02-16T18:44:29+00:00\" \/>\n<meta name=\"twitter:card\" content=\"summary_large_image\" \/>\n<script type=\"application\/ld+json\" class=\"yoast-schema-graph\">{\"@context\":\"https:\/\/schema.org\",\"@graph\":[{\"@type\":\"WebPage\",\"@id\":\"https:\/\/b2b.mvgd.pl\/index.php\/produkt\/le-opere-barbera-dasti\/\",\"url\":\"https:\/\/b2b.mvgd.pl\/index.php\/produkt\/le-opere-barbera-dasti\/\",\"name\":\"Le Opere Barbera D'Asti - B2B MVGD PL\",\"isPartOf\":{\"@id\":\"https:\/\/b2b.mvgd.pl\/#website\"},\"primaryImageOfPage\":{\"@id\":\"https:\/\/b2b.mvgd.pl\/index.php\/produkt\/le-opere-barbera-dasti\/#primaryimage\"},\"image\":{\"@id\":\"https:\/\/b2b.mvgd.pl\/index.php\/produkt\/le-opere-barbera-dasti\/#primaryimage\"},\"thumbnailUrl\":\"https:\/\/b2b.mvgd.pl\/wp-content\/uploads\/2026\/02\/41610070.png\",\"datePublished\":\"2026-02-16T18:43:14+00:00\",\"dateModified\":\"2026-02-16T18:44:29+00:00\",\"breadcrumb\":{\"@id\":\"https:\/\/b2b.mvgd.pl\/index.php\/produkt\/le-opere-barbera-dasti\/#breadcrumb\"},\"inLanguage\":\"pl-PL\",\"potentialAction\":[{\"@type\":\"ReadAction\",\"target\":[\"https:\/\/b2b.mvgd.pl\/index.php\/produkt\/le-opere-barbera-dasti\/\"]}]},{\"@type\":\"ImageObject\",\"inLanguage\":\"pl-PL\",\"@id\":\"https:\/\/b2b.mvgd.pl\/index.php\/produkt\/le-opere-barbera-dasti\/#primaryimage\",\"url\":\"https:\/\/b2b.mvgd.pl\/wp-content\/uploads\/2026\/02\/41610070.png\",\"contentUrl\":\"https:\/\/b2b.mvgd.pl\/wp-content\/uploads\/2026\/02\/41610070.png\",\"width\":900,\"height\":1200},{\"@type\":\"BreadcrumbList\",\"@id\":\"https:\/\/b2b.mvgd.pl\/index.php\/produkt\/le-opere-barbera-dasti\/#breadcrumb\",\"itemListElement\":[{\"@type\":\"ListItem\",\"position\":1,\"name\":\"Strona g\u0142\u00f3wna\",\"item\":\"https:\/\/b2b.mvgd.pl\/\"},{\"@type\":\"ListItem\",\"position\":2,\"name\":\"Shop\",\"item\":\"https:\/\/b2b.mvgd.pl\/index.php\/shop\/\"},{\"@type\":\"ListItem\",\"position\":3,\"name\":\"Le Opere Barbera D&#8217;Asti\"}]},{\"@type\":\"WebSite\",\"@id\":\"https:\/\/b2b.mvgd.pl\/#website\",\"url\":\"https:\/\/b2b.mvgd.pl\/\",\"name\":\"B2B MVGD PL\",\"description\":\"\",\"potentialAction\":[{\"@type\":\"SearchAction\",\"target\":{\"@type\":\"EntryPoint\",\"urlTemplate\":\"https:\/\/b2b.mvgd.pl\/?s={search_term_string}\"},\"query-input\":{\"@type\":\"PropertyValueSpecification\",\"valueRequired\":true,\"valueName\":\"search_term_string\"}}],\"inLanguage\":\"pl-PL\"}]}<\/script>\n<!-- \/ Yoast SEO plugin. -->","yoast_head_json":{"title":"Le Opere Barbera D'Asti - B2B MVGD PL","robots":{"index":"index","follow":"follow","max-snippet":"max-snippet:-1","max-image-preview":"max-image-preview:large","max-video-preview":"max-video-preview:-1"},"canonical":"https:\/\/b2b.mvgd.pl\/index.php\/produkt\/le-opere-barbera-dasti\/","og_locale":"pl_PL","og_type":"article","og_title":"Le Opere Barbera D'Asti - B2B MVGD PL","og_description":"Barbera d'Asti jest jedn\u0105 z najwa\u017cniejszych apelacji w regionie Piemont we W\u0142oszech, znanym ze swoich wyj\u0105tkowych win czerwonych. Wina s\u0105 tam tworzone ze szczepu Barbera, kt\u00f3re s\u0105 jednymi z najstarszych i najszerzej uprawianych szczep\u00f3w w Piemoncie. Historia uprawy Barbera si\u0119ga czas\u00f3w rzymskich, jednak dopiero w XIX wieku Barbera d'Asti ugruntowa\u0142a swoj\u0105 reputacj\u0119. Znaczenie apelacji wzros\u0142o jeszcze bardziej po drugiej wojnie \u015bwiatowej, kiedy wino zacz\u0119to eksportowa\u0107 i zyska\u0142o mi\u0119dzynarodowe uznanie. Dzi\u015b Barbera d'Asti jest jednym z najbardziej rozpoznawalnych win z Piemontu, docenianym zar\u00f3wno przez krytyk\u00f3w, jak i mi\u0142o\u015bnik\u00f3w wina na ca\u0142ym \u015bwiecie. Wino to jest cenione za dobr\u0105 struktur\u0119 z doskona\u0142\u0105 kwasowo\u015bci\u0105, kt\u00f3ra doskonale komponuje si\u0119 z potrawami. Barbera d'Asti jest apelacj\u0105 z Denominazione di Origine Controllata e Garantita (DOCG), najwy\u017cszym oznaczeniem jako\u015bci we w\u0142oskim systemie klasyfikacji win. Ka\u017cda butelka z tej apelacji jest gwarancj\u0105 najwy\u017cszej jako\u015bci i autentyczno\u015bci, co dodatkowo podnosi warto\u015b\u0107 i presti\u017c tego wyj\u0105tkowego wina.","og_url":"https:\/\/b2b.mvgd.pl\/index.php\/produkt\/le-opere-barbera-dasti\/","og_site_name":"B2B MVGD PL","article_modified_time":"2026-02-16T18:44:29+00:00","twitter_card":"summary_large_image","schema":{"@context":"https:\/\/schema.org","@graph":[{"@type":"WebPage","@id":"https:\/\/b2b.mvgd.pl\/index.php\/produkt\/le-opere-barbera-dasti\/","url":"https:\/\/b2b.mvgd.pl\/index.php\/produkt\/le-opere-barbera-dasti\/","name":"Le Opere Barbera D'Asti - B2B MVGD PL","isPartOf":{"@id":"https:\/\/b2b.mvgd.pl\/#website"},"primaryImageOfPage":{"@id":"https:\/\/b2b.mvgd.pl\/index.php\/produkt\/le-opere-barbera-dasti\/#primaryimage"},"image":{"@id":"https:\/\/b2b.mvgd.pl\/index.php\/produkt\/le-opere-barbera-dasti\/#primaryimage"},"thumbnailUrl":"https:\/\/b2b.mvgd.pl\/wp-content\/uploads\/2026\/02\/41610070.png","datePublished":"2026-02-16T18:43:14+00:00","dateModified":"2026-02-16T18:44:29+00:00","breadcrumb":{"@id":"https:\/\/b2b.mvgd.pl\/index.php\/produkt\/le-opere-barbera-dasti\/#breadcrumb"},"inLanguage":"pl-PL","potentialAction":[{"@type":"ReadAction","target":["https:\/\/b2b.mvgd.pl\/index.php\/produkt\/le-opere-barbera-dasti\/"]}]},{"@type":"ImageObject","inLanguage":"pl-PL","@id":"https:\/\/b2b.mvgd.pl\/index.php\/produkt\/le-opere-barbera-dasti\/#primaryimage","url":"https:\/\/b2b.mvgd.pl\/wp-content\/uploads\/2026\/02\/41610070.png","contentUrl":"https:\/\/b2b.mvgd.pl\/wp-content\/uploads\/2026\/02\/41610070.png","width":900,"height":1200},{"@type":"BreadcrumbList","@id":"https:\/\/b2b.mvgd.pl\/index.php\/produkt\/le-opere-barbera-dasti\/#breadcrumb","itemListElement":[{"@type":"ListItem","position":1,"name":"Strona g\u0142\u00f3wna","item":"https:\/\/b2b.mvgd.pl\/"},{"@type":"ListItem","position":2,"name":"Shop","item":"https:\/\/b2b.mvgd.pl\/index.php\/shop\/"},{"@type":"ListItem","position":3,"name":"Le Opere Barbera D&#8217;Asti"}]},{"@type":"WebSite","@id":"https:\/\/b2b.mvgd.pl\/#website","url":"https:\/\/b2b.mvgd.pl\/","name":"B2B MVGD PL","description":"","potentialAction":[{"@type":"SearchAction","target":{"@type":"EntryPoint","urlTemplate":"https:\/\/b2b.mvgd.pl\/?s={search_term_string}"},"query-input":{"@type":"PropertyValueSpecification","valueRequired":true,"valueName":"search_term_string"}}],"inLanguage":"pl-PL"}]}},"jetpack_sharing_enabled":true,"_links":{"self":[{"href":"https:\/\/b2b.mvgd.pl\/index.php\/wp-json\/wp\/v2\/product\/454","targetHints":{"allow":["GET"]}}],"collection":[{"href":"https:\/\/b2b.mvgd.pl\/index.php\/wp-json\/wp\/v2\/product"}],"about":[{"href":"https:\/\/b2b.mvgd.pl\/index.php\/wp-json\/wp\/v2\/types\/product"}],"replies":[{"embeddable":true,"href":"https:\/\/b2b.mvgd.pl\/index.php\/wp-json\/wp\/v2\/comments?post=454"}],"version-history":[{"count":0,"href":"https:\/\/b2b.mvgd.pl\/index.php\/wp-json\/wp\/v2\/product\/454\/revisions"}],"wp:featuredmedia":[{"embeddable":true,"href":"https:\/\/b2b.mvgd.pl\/index.php\/wp-json\/wp\/v2\/media\/508"}],"wp:attachment":[{"href":"https:\/\/b2b.mvgd.pl\/index.php\/wp-json\/wp\/v2\/media?parent=454"}],"wp:term":[{"taxonomy":"product_brand","embeddable":true,"href":"https:\/\/b2b.mvgd.pl\/index.php\/wp-json\/wp\/v2\/product_brand?post=454"},{"taxonomy":"product_cat","embeddable":true,"href":"https:\/\/b2b.mvgd.pl\/index.php\/wp-json\/wp\/v2\/product_cat?post=454"},{"taxonomy":"product_tag","embeddable":true,"href":"https:\/\/b2b.mvgd.pl\/index.php\/wp-json\/wp\/v2\/product_tag?post=454"}],"curies":[{"name":"wp","href":"https:\/\/api.w.org\/{rel}","templated":true}]}}