{"id":445,"date":"2026-02-16T18:42:50","date_gmt":"2026-02-16T18:42:50","guid":{"rendered":"https:\/\/b2b.mvgd.pl\/?post_type=product&#038;p=445"},"modified":"2026-02-16T18:44:19","modified_gmt":"2026-02-16T18:44:19","slug":"ayah-family-collection-matriarch","status":"publish","type":"product","link":"https:\/\/b2b.mvgd.pl\/index.php\/produkt\/ayah-family-collection-matriarch\/","title":{"rendered":"Ayah Family Collection Matriarch"},"content":{"rendered":"<p>Serwowanie: To wino dobrze komponuje si\u0119 z dziczyzn\u0105, czerwonym mi\u0119sem i pikantnymi potrawami. Podawa\u0107 sch\u0142odzone do temperatury 19\u2070C<\/p>\n<p>Szczep: Matriarch Blend: Pinotage, Cabernet Sauvignon, Malbec<br \/>\nDojrzewanie: 18 m-cy w najlepszej jako\u015bci beczkach 500l z d\u0119bu francuskiego<\/p>\n","protected":false},"excerpt":{"rendered":"<p>Kolor wina to intensywnie ciemny purpurowy odcie\u0144. W nosie wyczuwalny bukiet aromat\u00f3w ciemnych jag\u00f3d, czarnej porzeczki oraz wanilii, z subteln\u0105 nut\u0105 pikantnych przypraw. Na podniebieniu dominuj\u0105 smaki jag\u00f3d, wi\u015bni oraz delikatnej czekolady. Struktura wina jest dobrze zbalansowana, elegancka, z d\u0142ugim i aksamitnym finiszem. Idealnie komponuje si\u0119 z dziczyzn\u0105, czerwonym mi\u0119sem oraz pikantnymi potrawami. Najlepiej serwowa\u0107 sch\u0142odzone do temperatury 19\u2070C.<\/p>\n","protected":false},"featured_media":496,"comment_status":"open","ping_status":"closed","template":"","meta":[],"product_brand":[],"product_cat":[318,18],"product_tag":[494,495,319,320],"class_list":{"0":"post-445","1":"product","2":"type-product","3":"status-publish","4":"has-post-thumbnail","6":"product_cat-rpa","7":"product_cat-wina","8":"product_tag-ayah","9":"product_tag-family-collection","10":"product_tag-rpa","11":"product_tag-wino","13":"first","14":"instock","15":"shipping-taxable","16":"purchasable","17":"product-type-simple"},"yoast_head":"<!-- This site is optimized with the Yoast SEO plugin v26.9 - https:\/\/yoast.com\/product\/yoast-seo-wordpress\/ -->\n<title>Ayah Family Collection Matriarch - B2B MVGD PL<\/title>\n<meta name=\"robots\" content=\"index, follow, max-snippet:-1, max-image-preview:large, max-video-preview:-1\" \/>\n<link rel=\"canonical\" href=\"https:\/\/b2b.mvgd.pl\/index.php\/produkt\/ayah-family-collection-matriarch\/\" \/>\n<meta property=\"og:locale\" content=\"pl_PL\" \/>\n<meta property=\"og:type\" content=\"article\" \/>\n<meta property=\"og:title\" content=\"Ayah Family Collection Matriarch - B2B MVGD PL\" \/>\n<meta property=\"og:description\" content=\"Kolor wina to intensywnie ciemny purpurowy odcie\u0144. W nosie wyczuwalny bukiet aromat\u00f3w ciemnych jag\u00f3d, czarnej porzeczki oraz wanilii, z subteln\u0105 nut\u0105 pikantnych przypraw. Na podniebieniu dominuj\u0105 smaki jag\u00f3d, wi\u015bni oraz delikatnej czekolady. Struktura wina jest dobrze zbalansowana, elegancka, z d\u0142ugim i aksamitnym finiszem. Idealnie komponuje si\u0119 z dziczyzn\u0105, czerwonym mi\u0119sem oraz pikantnymi potrawami. Najlepiej serwowa\u0107 sch\u0142odzone do temperatury 19\u2070C.\" \/>\n<meta property=\"og:url\" content=\"https:\/\/b2b.mvgd.pl\/index.php\/produkt\/ayah-family-collection-matriarch\/\" \/>\n<meta property=\"og:site_name\" content=\"B2B MVGD PL\" \/>\n<meta property=\"article:modified_time\" content=\"2026-02-16T18:44:19+00:00\" \/>\n<meta name=\"twitter:card\" content=\"summary_large_image\" \/>\n<script type=\"application\/ld+json\" class=\"yoast-schema-graph\">{\"@context\":\"https:\/\/schema.org\",\"@graph\":[{\"@type\":\"WebPage\",\"@id\":\"https:\/\/b2b.mvgd.pl\/index.php\/produkt\/ayah-family-collection-matriarch\/\",\"url\":\"https:\/\/b2b.mvgd.pl\/index.php\/produkt\/ayah-family-collection-matriarch\/\",\"name\":\"Ayah Family Collection Matriarch - B2B MVGD PL\",\"isPartOf\":{\"@id\":\"https:\/\/b2b.mvgd.pl\/#website\"},\"primaryImageOfPage\":{\"@id\":\"https:\/\/b2b.mvgd.pl\/index.php\/produkt\/ayah-family-collection-matriarch\/#primaryimage\"},\"image\":{\"@id\":\"https:\/\/b2b.mvgd.pl\/index.php\/produkt\/ayah-family-collection-matriarch\/#primaryimage\"},\"thumbnailUrl\":\"https:\/\/b2b.mvgd.pl\/wp-content\/uploads\/2026\/02\/PVYCPW1060.png\",\"datePublished\":\"2026-02-16T18:42:50+00:00\",\"dateModified\":\"2026-02-16T18:44:19+00:00\",\"breadcrumb\":{\"@id\":\"https:\/\/b2b.mvgd.pl\/index.php\/produkt\/ayah-family-collection-matriarch\/#breadcrumb\"},\"inLanguage\":\"pl-PL\",\"potentialAction\":[{\"@type\":\"ReadAction\",\"target\":[\"https:\/\/b2b.mvgd.pl\/index.php\/produkt\/ayah-family-collection-matriarch\/\"]}]},{\"@type\":\"ImageObject\",\"inLanguage\":\"pl-PL\",\"@id\":\"https:\/\/b2b.mvgd.pl\/index.php\/produkt\/ayah-family-collection-matriarch\/#primaryimage\",\"url\":\"https:\/\/b2b.mvgd.pl\/wp-content\/uploads\/2026\/02\/PVYCPW1060.png\",\"contentUrl\":\"https:\/\/b2b.mvgd.pl\/wp-content\/uploads\/2026\/02\/PVYCPW1060.png\",\"width\":900,\"height\":1200},{\"@type\":\"BreadcrumbList\",\"@id\":\"https:\/\/b2b.mvgd.pl\/index.php\/produkt\/ayah-family-collection-matriarch\/#breadcrumb\",\"itemListElement\":[{\"@type\":\"ListItem\",\"position\":1,\"name\":\"Strona g\u0142\u00f3wna\",\"item\":\"https:\/\/b2b.mvgd.pl\/\"},{\"@type\":\"ListItem\",\"position\":2,\"name\":\"Shop\",\"item\":\"https:\/\/b2b.mvgd.pl\/index.php\/shop\/\"},{\"@type\":\"ListItem\",\"position\":3,\"name\":\"Ayah Family Collection Matriarch\"}]},{\"@type\":\"WebSite\",\"@id\":\"https:\/\/b2b.mvgd.pl\/#website\",\"url\":\"https:\/\/b2b.mvgd.pl\/\",\"name\":\"B2B MVGD PL\",\"description\":\"\",\"potentialAction\":[{\"@type\":\"SearchAction\",\"target\":{\"@type\":\"EntryPoint\",\"urlTemplate\":\"https:\/\/b2b.mvgd.pl\/?s={search_term_string}\"},\"query-input\":{\"@type\":\"PropertyValueSpecification\",\"valueRequired\":true,\"valueName\":\"search_term_string\"}}],\"inLanguage\":\"pl-PL\"}]}<\/script>\n<!-- \/ Yoast SEO plugin. -->","yoast_head_json":{"title":"Ayah Family Collection Matriarch - B2B MVGD PL","robots":{"index":"index","follow":"follow","max-snippet":"max-snippet:-1","max-image-preview":"max-image-preview:large","max-video-preview":"max-video-preview:-1"},"canonical":"https:\/\/b2b.mvgd.pl\/index.php\/produkt\/ayah-family-collection-matriarch\/","og_locale":"pl_PL","og_type":"article","og_title":"Ayah Family Collection Matriarch - B2B MVGD PL","og_description":"Kolor wina to intensywnie ciemny purpurowy odcie\u0144. W nosie wyczuwalny bukiet aromat\u00f3w ciemnych jag\u00f3d, czarnej porzeczki oraz wanilii, z subteln\u0105 nut\u0105 pikantnych przypraw. Na podniebieniu dominuj\u0105 smaki jag\u00f3d, wi\u015bni oraz delikatnej czekolady. Struktura wina jest dobrze zbalansowana, elegancka, z d\u0142ugim i aksamitnym finiszem. Idealnie komponuje si\u0119 z dziczyzn\u0105, czerwonym mi\u0119sem oraz pikantnymi potrawami. Najlepiej serwowa\u0107 sch\u0142odzone do temperatury 19\u2070C.","og_url":"https:\/\/b2b.mvgd.pl\/index.php\/produkt\/ayah-family-collection-matriarch\/","og_site_name":"B2B MVGD PL","article_modified_time":"2026-02-16T18:44:19+00:00","twitter_card":"summary_large_image","schema":{"@context":"https:\/\/schema.org","@graph":[{"@type":"WebPage","@id":"https:\/\/b2b.mvgd.pl\/index.php\/produkt\/ayah-family-collection-matriarch\/","url":"https:\/\/b2b.mvgd.pl\/index.php\/produkt\/ayah-family-collection-matriarch\/","name":"Ayah Family Collection Matriarch - B2B MVGD PL","isPartOf":{"@id":"https:\/\/b2b.mvgd.pl\/#website"},"primaryImageOfPage":{"@id":"https:\/\/b2b.mvgd.pl\/index.php\/produkt\/ayah-family-collection-matriarch\/#primaryimage"},"image":{"@id":"https:\/\/b2b.mvgd.pl\/index.php\/produkt\/ayah-family-collection-matriarch\/#primaryimage"},"thumbnailUrl":"https:\/\/b2b.mvgd.pl\/wp-content\/uploads\/2026\/02\/PVYCPW1060.png","datePublished":"2026-02-16T18:42:50+00:00","dateModified":"2026-02-16T18:44:19+00:00","breadcrumb":{"@id":"https:\/\/b2b.mvgd.pl\/index.php\/produkt\/ayah-family-collection-matriarch\/#breadcrumb"},"inLanguage":"pl-PL","potentialAction":[{"@type":"ReadAction","target":["https:\/\/b2b.mvgd.pl\/index.php\/produkt\/ayah-family-collection-matriarch\/"]}]},{"@type":"ImageObject","inLanguage":"pl-PL","@id":"https:\/\/b2b.mvgd.pl\/index.php\/produkt\/ayah-family-collection-matriarch\/#primaryimage","url":"https:\/\/b2b.mvgd.pl\/wp-content\/uploads\/2026\/02\/PVYCPW1060.png","contentUrl":"https:\/\/b2b.mvgd.pl\/wp-content\/uploads\/2026\/02\/PVYCPW1060.png","width":900,"height":1200},{"@type":"BreadcrumbList","@id":"https:\/\/b2b.mvgd.pl\/index.php\/produkt\/ayah-family-collection-matriarch\/#breadcrumb","itemListElement":[{"@type":"ListItem","position":1,"name":"Strona g\u0142\u00f3wna","item":"https:\/\/b2b.mvgd.pl\/"},{"@type":"ListItem","position":2,"name":"Shop","item":"https:\/\/b2b.mvgd.pl\/index.php\/shop\/"},{"@type":"ListItem","position":3,"name":"Ayah Family Collection Matriarch"}]},{"@type":"WebSite","@id":"https:\/\/b2b.mvgd.pl\/#website","url":"https:\/\/b2b.mvgd.pl\/","name":"B2B MVGD PL","description":"","potentialAction":[{"@type":"SearchAction","target":{"@type":"EntryPoint","urlTemplate":"https:\/\/b2b.mvgd.pl\/?s={search_term_string}"},"query-input":{"@type":"PropertyValueSpecification","valueRequired":true,"valueName":"search_term_string"}}],"inLanguage":"pl-PL"}]}},"jetpack_sharing_enabled":true,"_links":{"self":[{"href":"https:\/\/b2b.mvgd.pl\/index.php\/wp-json\/wp\/v2\/product\/445","targetHints":{"allow":["GET"]}}],"collection":[{"href":"https:\/\/b2b.mvgd.pl\/index.php\/wp-json\/wp\/v2\/product"}],"about":[{"href":"https:\/\/b2b.mvgd.pl\/index.php\/wp-json\/wp\/v2\/types\/product"}],"replies":[{"embeddable":true,"href":"https:\/\/b2b.mvgd.pl\/index.php\/wp-json\/wp\/v2\/comments?post=445"}],"version-history":[{"count":0,"href":"https:\/\/b2b.mvgd.pl\/index.php\/wp-json\/wp\/v2\/product\/445\/revisions"}],"wp:featuredmedia":[{"embeddable":true,"href":"https:\/\/b2b.mvgd.pl\/index.php\/wp-json\/wp\/v2\/media\/496"}],"wp:attachment":[{"href":"https:\/\/b2b.mvgd.pl\/index.php\/wp-json\/wp\/v2\/media?parent=445"}],"wp:term":[{"taxonomy":"product_brand","embeddable":true,"href":"https:\/\/b2b.mvgd.pl\/index.php\/wp-json\/wp\/v2\/product_brand?post=445"},{"taxonomy":"product_cat","embeddable":true,"href":"https:\/\/b2b.mvgd.pl\/index.php\/wp-json\/wp\/v2\/product_cat?post=445"},{"taxonomy":"product_tag","embeddable":true,"href":"https:\/\/b2b.mvgd.pl\/index.php\/wp-json\/wp\/v2\/product_tag?post=445"}],"curies":[{"name":"wp","href":"https:\/\/api.w.org\/{rel}","templated":true}]}}