{"id":44,"date":"2026-02-16T18:31:05","date_gmt":"2026-02-16T18:31:05","guid":{"rendered":"https:\/\/b2b.mvgd.pl\/?post_type=product&#038;p=44"},"modified":"2026-02-16T18:32:56","modified_gmt":"2026-02-16T18:32:56","slug":"angostura-1787-07l-40","status":"publish","type":"product","link":"https:\/\/b2b.mvgd.pl\/index.php\/produkt\/angostura-1787-07l-40\/","title":{"rendered":"Angostura 1787 0,7l 40%"},"content":{"rendered":"<p><strong>NOTY SMAKOWE<\/strong><\/p>\n<p>Aromat: s\u0142odki bukiet banan\u00f3w, suszonych owoc\u00f3w i d\u0119bu z lekkim niuansem jab\u0142ek<\/p>\n<p>Smak: doskonale zbalansowany z nutami suszonej \u015bliwki, d\u0119bowej s\u0142odyczy i kremowego toffi.<\/p>\n<p>Finisz: d\u0142ugi i rze\u015bki<\/p>\n","protected":false},"excerpt":{"rendered":"<p>Angostura\u00ae 1787 jest to super premium blend rum\u00f3w starzonych minimum 15 lat, dojrzewaj\u0105cych w d\u0119bowych beczka i zwie\u0144czenie 130 letniego do\u015bwiadczenia w sztuce produkcji rum\u00f3w. Jego nazwa jest uczczeniem roku za\u0142o\u017cenia pierwszej fabryki cukru na s\u0142ynnej plantacji trzciny cukrowej Lapeyrouse na Trynidadzie w 1787 roku.<\/p>\n","protected":false},"featured_media":107,"comment_status":"open","ping_status":"closed","template":"","meta":[],"product_brand":[],"product_cat":[35],"product_tag":[33,37],"class_list":{"0":"post-44","1":"product","2":"type-product","3":"status-publish","4":"has-post-thumbnail","6":"product_cat-rum","7":"product_tag-angostura","8":"product_tag-rum","10":"first","11":"instock","12":"shipping-taxable","13":"purchasable","14":"product-type-simple"},"yoast_head":"<!-- This site is optimized with the Yoast SEO plugin v26.9 - https:\/\/yoast.com\/product\/yoast-seo-wordpress\/ -->\n<title>Angostura 1787 0,7l 40% - B2B MVGD PL<\/title>\n<meta name=\"robots\" content=\"index, follow, max-snippet:-1, max-image-preview:large, max-video-preview:-1\" \/>\n<link rel=\"canonical\" href=\"https:\/\/b2b.mvgd.pl\/index.php\/produkt\/angostura-1787-07l-40\/\" \/>\n<meta property=\"og:locale\" content=\"pl_PL\" \/>\n<meta property=\"og:type\" content=\"article\" \/>\n<meta property=\"og:title\" content=\"Angostura 1787 0,7l 40% - B2B MVGD PL\" \/>\n<meta property=\"og:description\" content=\"Angostura\u00ae 1787 jest to super premium blend rum\u00f3w starzonych minimum 15 lat, dojrzewaj\u0105cych w d\u0119bowych beczka i zwie\u0144czenie 130 letniego do\u015bwiadczenia w sztuce produkcji rum\u00f3w. Jego nazwa jest uczczeniem roku za\u0142o\u017cenia pierwszej fabryki cukru na s\u0142ynnej plantacji trzciny cukrowej Lapeyrouse na Trynidadzie w 1787 roku.\" \/>\n<meta property=\"og:url\" content=\"https:\/\/b2b.mvgd.pl\/index.php\/produkt\/angostura-1787-07l-40\/\" \/>\n<meta property=\"og:site_name\" content=\"B2B MVGD PL\" \/>\n<meta property=\"article:modified_time\" content=\"2026-02-16T18:32:56+00:00\" \/>\n<meta name=\"twitter:card\" content=\"summary_large_image\" \/>\n<script type=\"application\/ld+json\" class=\"yoast-schema-graph\">{\"@context\":\"https:\/\/schema.org\",\"@graph\":[{\"@type\":\"WebPage\",\"@id\":\"https:\/\/b2b.mvgd.pl\/index.php\/produkt\/angostura-1787-07l-40\/\",\"url\":\"https:\/\/b2b.mvgd.pl\/index.php\/produkt\/angostura-1787-07l-40\/\",\"name\":\"Angostura 1787 0,7l 40% - B2B MVGD PL\",\"isPartOf\":{\"@id\":\"https:\/\/b2b.mvgd.pl\/#website\"},\"primaryImageOfPage\":{\"@id\":\"https:\/\/b2b.mvgd.pl\/index.php\/produkt\/angostura-1787-07l-40\/#primaryimage\"},\"image\":{\"@id\":\"https:\/\/b2b.mvgd.pl\/index.php\/produkt\/angostura-1787-07l-40\/#primaryimage\"},\"thumbnailUrl\":\"https:\/\/b2b.mvgd.pl\/wp-content\/uploads\/2026\/02\/PROANG0746_2.png\",\"datePublished\":\"2026-02-16T18:31:05+00:00\",\"dateModified\":\"2026-02-16T18:32:56+00:00\",\"breadcrumb\":{\"@id\":\"https:\/\/b2b.mvgd.pl\/index.php\/produkt\/angostura-1787-07l-40\/#breadcrumb\"},\"inLanguage\":\"pl-PL\",\"potentialAction\":[{\"@type\":\"ReadAction\",\"target\":[\"https:\/\/b2b.mvgd.pl\/index.php\/produkt\/angostura-1787-07l-40\/\"]}]},{\"@type\":\"ImageObject\",\"inLanguage\":\"pl-PL\",\"@id\":\"https:\/\/b2b.mvgd.pl\/index.php\/produkt\/angostura-1787-07l-40\/#primaryimage\",\"url\":\"https:\/\/b2b.mvgd.pl\/wp-content\/uploads\/2026\/02\/PROANG0746_2.png\",\"contentUrl\":\"https:\/\/b2b.mvgd.pl\/wp-content\/uploads\/2026\/02\/PROANG0746_2.png\",\"width\":900,\"height\":1200},{\"@type\":\"BreadcrumbList\",\"@id\":\"https:\/\/b2b.mvgd.pl\/index.php\/produkt\/angostura-1787-07l-40\/#breadcrumb\",\"itemListElement\":[{\"@type\":\"ListItem\",\"position\":1,\"name\":\"Strona g\u0142\u00f3wna\",\"item\":\"https:\/\/b2b.mvgd.pl\/\"},{\"@type\":\"ListItem\",\"position\":2,\"name\":\"Shop\",\"item\":\"https:\/\/b2b.mvgd.pl\/index.php\/shop\/\"},{\"@type\":\"ListItem\",\"position\":3,\"name\":\"Angostura 1787 0,7l 40%\"}]},{\"@type\":\"WebSite\",\"@id\":\"https:\/\/b2b.mvgd.pl\/#website\",\"url\":\"https:\/\/b2b.mvgd.pl\/\",\"name\":\"B2B MVGD PL\",\"description\":\"\",\"potentialAction\":[{\"@type\":\"SearchAction\",\"target\":{\"@type\":\"EntryPoint\",\"urlTemplate\":\"https:\/\/b2b.mvgd.pl\/?s={search_term_string}\"},\"query-input\":{\"@type\":\"PropertyValueSpecification\",\"valueRequired\":true,\"valueName\":\"search_term_string\"}}],\"inLanguage\":\"pl-PL\"}]}<\/script>\n<!-- \/ Yoast SEO plugin. -->","yoast_head_json":{"title":"Angostura 1787 0,7l 40% - B2B MVGD PL","robots":{"index":"index","follow":"follow","max-snippet":"max-snippet:-1","max-image-preview":"max-image-preview:large","max-video-preview":"max-video-preview:-1"},"canonical":"https:\/\/b2b.mvgd.pl\/index.php\/produkt\/angostura-1787-07l-40\/","og_locale":"pl_PL","og_type":"article","og_title":"Angostura 1787 0,7l 40% - B2B MVGD PL","og_description":"Angostura\u00ae 1787 jest to super premium blend rum\u00f3w starzonych minimum 15 lat, dojrzewaj\u0105cych w d\u0119bowych beczka i zwie\u0144czenie 130 letniego do\u015bwiadczenia w sztuce produkcji rum\u00f3w. Jego nazwa jest uczczeniem roku za\u0142o\u017cenia pierwszej fabryki cukru na s\u0142ynnej plantacji trzciny cukrowej Lapeyrouse na Trynidadzie w 1787 roku.","og_url":"https:\/\/b2b.mvgd.pl\/index.php\/produkt\/angostura-1787-07l-40\/","og_site_name":"B2B MVGD PL","article_modified_time":"2026-02-16T18:32:56+00:00","twitter_card":"summary_large_image","schema":{"@context":"https:\/\/schema.org","@graph":[{"@type":"WebPage","@id":"https:\/\/b2b.mvgd.pl\/index.php\/produkt\/angostura-1787-07l-40\/","url":"https:\/\/b2b.mvgd.pl\/index.php\/produkt\/angostura-1787-07l-40\/","name":"Angostura 1787 0,7l 40% - B2B MVGD PL","isPartOf":{"@id":"https:\/\/b2b.mvgd.pl\/#website"},"primaryImageOfPage":{"@id":"https:\/\/b2b.mvgd.pl\/index.php\/produkt\/angostura-1787-07l-40\/#primaryimage"},"image":{"@id":"https:\/\/b2b.mvgd.pl\/index.php\/produkt\/angostura-1787-07l-40\/#primaryimage"},"thumbnailUrl":"https:\/\/b2b.mvgd.pl\/wp-content\/uploads\/2026\/02\/PROANG0746_2.png","datePublished":"2026-02-16T18:31:05+00:00","dateModified":"2026-02-16T18:32:56+00:00","breadcrumb":{"@id":"https:\/\/b2b.mvgd.pl\/index.php\/produkt\/angostura-1787-07l-40\/#breadcrumb"},"inLanguage":"pl-PL","potentialAction":[{"@type":"ReadAction","target":["https:\/\/b2b.mvgd.pl\/index.php\/produkt\/angostura-1787-07l-40\/"]}]},{"@type":"ImageObject","inLanguage":"pl-PL","@id":"https:\/\/b2b.mvgd.pl\/index.php\/produkt\/angostura-1787-07l-40\/#primaryimage","url":"https:\/\/b2b.mvgd.pl\/wp-content\/uploads\/2026\/02\/PROANG0746_2.png","contentUrl":"https:\/\/b2b.mvgd.pl\/wp-content\/uploads\/2026\/02\/PROANG0746_2.png","width":900,"height":1200},{"@type":"BreadcrumbList","@id":"https:\/\/b2b.mvgd.pl\/index.php\/produkt\/angostura-1787-07l-40\/#breadcrumb","itemListElement":[{"@type":"ListItem","position":1,"name":"Strona g\u0142\u00f3wna","item":"https:\/\/b2b.mvgd.pl\/"},{"@type":"ListItem","position":2,"name":"Shop","item":"https:\/\/b2b.mvgd.pl\/index.php\/shop\/"},{"@type":"ListItem","position":3,"name":"Angostura 1787 0,7l 40%"}]},{"@type":"WebSite","@id":"https:\/\/b2b.mvgd.pl\/#website","url":"https:\/\/b2b.mvgd.pl\/","name":"B2B MVGD PL","description":"","potentialAction":[{"@type":"SearchAction","target":{"@type":"EntryPoint","urlTemplate":"https:\/\/b2b.mvgd.pl\/?s={search_term_string}"},"query-input":{"@type":"PropertyValueSpecification","valueRequired":true,"valueName":"search_term_string"}}],"inLanguage":"pl-PL"}]}},"jetpack_sharing_enabled":true,"_links":{"self":[{"href":"https:\/\/b2b.mvgd.pl\/index.php\/wp-json\/wp\/v2\/product\/44","targetHints":{"allow":["GET"]}}],"collection":[{"href":"https:\/\/b2b.mvgd.pl\/index.php\/wp-json\/wp\/v2\/product"}],"about":[{"href":"https:\/\/b2b.mvgd.pl\/index.php\/wp-json\/wp\/v2\/types\/product"}],"replies":[{"embeddable":true,"href":"https:\/\/b2b.mvgd.pl\/index.php\/wp-json\/wp\/v2\/comments?post=44"}],"version-history":[{"count":0,"href":"https:\/\/b2b.mvgd.pl\/index.php\/wp-json\/wp\/v2\/product\/44\/revisions"}],"wp:featuredmedia":[{"embeddable":true,"href":"https:\/\/b2b.mvgd.pl\/index.php\/wp-json\/wp\/v2\/media\/107"}],"wp:attachment":[{"href":"https:\/\/b2b.mvgd.pl\/index.php\/wp-json\/wp\/v2\/media?parent=44"}],"wp:term":[{"taxonomy":"product_brand","embeddable":true,"href":"https:\/\/b2b.mvgd.pl\/index.php\/wp-json\/wp\/v2\/product_brand?post=44"},{"taxonomy":"product_cat","embeddable":true,"href":"https:\/\/b2b.mvgd.pl\/index.php\/wp-json\/wp\/v2\/product_cat?post=44"},{"taxonomy":"product_tag","embeddable":true,"href":"https:\/\/b2b.mvgd.pl\/index.php\/wp-json\/wp\/v2\/product_tag?post=44"}],"curies":[{"name":"wp","href":"https:\/\/api.w.org\/{rel}","templated":true}]}}