{"id":428,"date":"2026-02-16T18:41:55","date_gmt":"2026-02-16T18:41:55","guid":{"rendered":"https:\/\/b2b.mvgd.pl\/?post_type=product&#038;p=428"},"modified":"2026-02-16T18:43:58","modified_gmt":"2026-02-16T18:43:58","slug":"franklin-sons-mallorcan-tonic-water-02l","status":"publish","type":"product","link":"https:\/\/b2b.mvgd.pl\/index.php\/produkt\/franklin-sons-mallorcan-tonic-water-02l\/","title":{"rendered":"Franklin &amp; Sons Mallorcan Tonic Water 0,2l"},"content":{"rendered":"<p>Oryginalny tonik z Majorki od Franklin &amp; Sons sk\u0142ada si\u0119 z cytrus\u00f3w z Majorki, naturalnych sk\u0142adnik\u00f3w ro\u015blinnych, \u015br\u00f3dziemnomorskich smak\u00f3w, a tak\u017ce gazowanej wody \u017ar\u00f3dlanej i najlepszego ekstraktu z kory chinowca. Zmieszane, tworz\u0105 ten orze\u017awiaj\u0105cy tonik. Oryginalny Mallorcan Tonic Water najlepiej smakuje z cytrusowymi d\u017cinami i w\u00f3dkami smakowymi.<\/p>\n","protected":false},"excerpt":{"rendered":"<p>Oryginalny tonik z Majorki od Franklin &amp; Sons sk\u0142ada si\u0119 z cytrus\u00f3w z Majorki, naturalnych sk\u0142adnik\u00f3w ro\u015blinnych, \u015br\u00f3dziemnomorskich smak\u00f3w, a tak\u017ce gazowanej wody \u017ar\u00f3dlanej i najlepszego ekstraktu z kory chinowca. Zmieszane, tworz\u0105 ten orze\u017awiaj\u0105cy tonik. Oryginalny Mallorcan Tonic Water najlepiej smakuje z cytrusowymi d\u017cinami i w\u00f3dkami smakowymi.<\/p>\n","protected":false},"featured_media":479,"comment_status":"closed","ping_status":"closed","template":"","meta":[],"product_brand":[],"product_cat":[439],"product_tag":[472,440,468,442],"class_list":{"0":"post-428","1":"product","2":"type-product","3":"status-publish","4":"has-post-thumbnail","6":"product_cat-tonic","7":"product_tag-cytrusowy","8":"product_tag-franklin-sons","9":"product_tag-soda","10":"product_tag-tonic","12":"first","13":"instock","14":"shipping-taxable","15":"purchasable","16":"product-type-simple"},"yoast_head":"<!-- This site is optimized with the Yoast SEO plugin v26.9 - https:\/\/yoast.com\/product\/yoast-seo-wordpress\/ -->\n<title>Franklin &amp; Sons Mallorcan Tonic Water 0,2l - B2B MVGD PL<\/title>\n<meta name=\"robots\" content=\"index, follow, max-snippet:-1, max-image-preview:large, max-video-preview:-1\" \/>\n<link rel=\"canonical\" href=\"https:\/\/b2b.mvgd.pl\/index.php\/produkt\/franklin-sons-mallorcan-tonic-water-02l\/\" \/>\n<meta property=\"og:locale\" content=\"pl_PL\" \/>\n<meta property=\"og:type\" content=\"article\" \/>\n<meta property=\"og:title\" content=\"Franklin &amp; Sons Mallorcan Tonic Water 0,2l - B2B MVGD PL\" \/>\n<meta property=\"og:description\" content=\"Oryginalny tonik z Majorki od Franklin &amp; Sons sk\u0142ada si\u0119 z cytrus\u00f3w z Majorki, naturalnych sk\u0142adnik\u00f3w ro\u015blinnych, \u015br\u00f3dziemnomorskich smak\u00f3w, a tak\u017ce gazowanej wody \u017ar\u00f3dlanej i najlepszego ekstraktu z kory chinowca. Zmieszane, tworz\u0105 ten orze\u017awiaj\u0105cy tonik. Oryginalny Mallorcan Tonic Water najlepiej smakuje z cytrusowymi d\u017cinami i w\u00f3dkami smakowymi.\" \/>\n<meta property=\"og:url\" content=\"https:\/\/b2b.mvgd.pl\/index.php\/produkt\/franklin-sons-mallorcan-tonic-water-02l\/\" \/>\n<meta property=\"og:site_name\" content=\"B2B MVGD PL\" \/>\n<meta property=\"article:modified_time\" content=\"2026-02-16T18:43:58+00:00\" \/>\n<meta name=\"twitter:card\" content=\"summary_large_image\" \/>\n<script type=\"application\/ld+json\" class=\"yoast-schema-graph\">{\"@context\":\"https:\/\/schema.org\",\"@graph\":[{\"@type\":\"WebPage\",\"@id\":\"https:\/\/b2b.mvgd.pl\/index.php\/produkt\/franklin-sons-mallorcan-tonic-water-02l\/\",\"url\":\"https:\/\/b2b.mvgd.pl\/index.php\/produkt\/franklin-sons-mallorcan-tonic-water-02l\/\",\"name\":\"Franklin &amp; Sons Mallorcan Tonic Water 0,2l - B2B MVGD PL\",\"isPartOf\":{\"@id\":\"https:\/\/b2b.mvgd.pl\/#website\"},\"primaryImageOfPage\":{\"@id\":\"https:\/\/b2b.mvgd.pl\/index.php\/produkt\/franklin-sons-mallorcan-tonic-water-02l\/#primaryimage\"},\"image\":{\"@id\":\"https:\/\/b2b.mvgd.pl\/index.php\/produkt\/franklin-sons-mallorcan-tonic-water-02l\/#primaryimage\"},\"thumbnailUrl\":\"https:\/\/b2b.mvgd.pl\/wp-content\/uploads\/2026\/02\/PVGMBG8910.png\",\"datePublished\":\"2026-02-16T18:41:55+00:00\",\"dateModified\":\"2026-02-16T18:43:58+00:00\",\"breadcrumb\":{\"@id\":\"https:\/\/b2b.mvgd.pl\/index.php\/produkt\/franklin-sons-mallorcan-tonic-water-02l\/#breadcrumb\"},\"inLanguage\":\"pl-PL\",\"potentialAction\":[{\"@type\":\"ReadAction\",\"target\":[\"https:\/\/b2b.mvgd.pl\/index.php\/produkt\/franklin-sons-mallorcan-tonic-water-02l\/\"]}]},{\"@type\":\"ImageObject\",\"inLanguage\":\"pl-PL\",\"@id\":\"https:\/\/b2b.mvgd.pl\/index.php\/produkt\/franklin-sons-mallorcan-tonic-water-02l\/#primaryimage\",\"url\":\"https:\/\/b2b.mvgd.pl\/wp-content\/uploads\/2026\/02\/PVGMBG8910.png\",\"contentUrl\":\"https:\/\/b2b.mvgd.pl\/wp-content\/uploads\/2026\/02\/PVGMBG8910.png\",\"width\":900,\"height\":1200},{\"@type\":\"BreadcrumbList\",\"@id\":\"https:\/\/b2b.mvgd.pl\/index.php\/produkt\/franklin-sons-mallorcan-tonic-water-02l\/#breadcrumb\",\"itemListElement\":[{\"@type\":\"ListItem\",\"position\":1,\"name\":\"Strona g\u0142\u00f3wna\",\"item\":\"https:\/\/b2b.mvgd.pl\/\"},{\"@type\":\"ListItem\",\"position\":2,\"name\":\"Shop\",\"item\":\"https:\/\/b2b.mvgd.pl\/index.php\/shop\/\"},{\"@type\":\"ListItem\",\"position\":3,\"name\":\"Franklin &amp; Sons Mallorcan Tonic Water 0,2l\"}]},{\"@type\":\"WebSite\",\"@id\":\"https:\/\/b2b.mvgd.pl\/#website\",\"url\":\"https:\/\/b2b.mvgd.pl\/\",\"name\":\"B2B MVGD PL\",\"description\":\"\",\"potentialAction\":[{\"@type\":\"SearchAction\",\"target\":{\"@type\":\"EntryPoint\",\"urlTemplate\":\"https:\/\/b2b.mvgd.pl\/?s={search_term_string}\"},\"query-input\":{\"@type\":\"PropertyValueSpecification\",\"valueRequired\":true,\"valueName\":\"search_term_string\"}}],\"inLanguage\":\"pl-PL\"}]}<\/script>\n<!-- \/ Yoast SEO plugin. -->","yoast_head_json":{"title":"Franklin &amp; Sons Mallorcan Tonic Water 0,2l - B2B MVGD PL","robots":{"index":"index","follow":"follow","max-snippet":"max-snippet:-1","max-image-preview":"max-image-preview:large","max-video-preview":"max-video-preview:-1"},"canonical":"https:\/\/b2b.mvgd.pl\/index.php\/produkt\/franklin-sons-mallorcan-tonic-water-02l\/","og_locale":"pl_PL","og_type":"article","og_title":"Franklin &amp; Sons Mallorcan Tonic Water 0,2l - B2B MVGD PL","og_description":"Oryginalny tonik z Majorki od Franklin &amp; Sons sk\u0142ada si\u0119 z cytrus\u00f3w z Majorki, naturalnych sk\u0142adnik\u00f3w ro\u015blinnych, \u015br\u00f3dziemnomorskich smak\u00f3w, a tak\u017ce gazowanej wody \u017ar\u00f3dlanej i najlepszego ekstraktu z kory chinowca. Zmieszane, tworz\u0105 ten orze\u017awiaj\u0105cy tonik. Oryginalny Mallorcan Tonic Water najlepiej smakuje z cytrusowymi d\u017cinami i w\u00f3dkami smakowymi.","og_url":"https:\/\/b2b.mvgd.pl\/index.php\/produkt\/franklin-sons-mallorcan-tonic-water-02l\/","og_site_name":"B2B MVGD PL","article_modified_time":"2026-02-16T18:43:58+00:00","twitter_card":"summary_large_image","schema":{"@context":"https:\/\/schema.org","@graph":[{"@type":"WebPage","@id":"https:\/\/b2b.mvgd.pl\/index.php\/produkt\/franklin-sons-mallorcan-tonic-water-02l\/","url":"https:\/\/b2b.mvgd.pl\/index.php\/produkt\/franklin-sons-mallorcan-tonic-water-02l\/","name":"Franklin &amp; Sons Mallorcan Tonic Water 0,2l - B2B MVGD PL","isPartOf":{"@id":"https:\/\/b2b.mvgd.pl\/#website"},"primaryImageOfPage":{"@id":"https:\/\/b2b.mvgd.pl\/index.php\/produkt\/franklin-sons-mallorcan-tonic-water-02l\/#primaryimage"},"image":{"@id":"https:\/\/b2b.mvgd.pl\/index.php\/produkt\/franklin-sons-mallorcan-tonic-water-02l\/#primaryimage"},"thumbnailUrl":"https:\/\/b2b.mvgd.pl\/wp-content\/uploads\/2026\/02\/PVGMBG8910.png","datePublished":"2026-02-16T18:41:55+00:00","dateModified":"2026-02-16T18:43:58+00:00","breadcrumb":{"@id":"https:\/\/b2b.mvgd.pl\/index.php\/produkt\/franklin-sons-mallorcan-tonic-water-02l\/#breadcrumb"},"inLanguage":"pl-PL","potentialAction":[{"@type":"ReadAction","target":["https:\/\/b2b.mvgd.pl\/index.php\/produkt\/franklin-sons-mallorcan-tonic-water-02l\/"]}]},{"@type":"ImageObject","inLanguage":"pl-PL","@id":"https:\/\/b2b.mvgd.pl\/index.php\/produkt\/franklin-sons-mallorcan-tonic-water-02l\/#primaryimage","url":"https:\/\/b2b.mvgd.pl\/wp-content\/uploads\/2026\/02\/PVGMBG8910.png","contentUrl":"https:\/\/b2b.mvgd.pl\/wp-content\/uploads\/2026\/02\/PVGMBG8910.png","width":900,"height":1200},{"@type":"BreadcrumbList","@id":"https:\/\/b2b.mvgd.pl\/index.php\/produkt\/franklin-sons-mallorcan-tonic-water-02l\/#breadcrumb","itemListElement":[{"@type":"ListItem","position":1,"name":"Strona g\u0142\u00f3wna","item":"https:\/\/b2b.mvgd.pl\/"},{"@type":"ListItem","position":2,"name":"Shop","item":"https:\/\/b2b.mvgd.pl\/index.php\/shop\/"},{"@type":"ListItem","position":3,"name":"Franklin &amp; Sons Mallorcan Tonic Water 0,2l"}]},{"@type":"WebSite","@id":"https:\/\/b2b.mvgd.pl\/#website","url":"https:\/\/b2b.mvgd.pl\/","name":"B2B MVGD PL","description":"","potentialAction":[{"@type":"SearchAction","target":{"@type":"EntryPoint","urlTemplate":"https:\/\/b2b.mvgd.pl\/?s={search_term_string}"},"query-input":{"@type":"PropertyValueSpecification","valueRequired":true,"valueName":"search_term_string"}}],"inLanguage":"pl-PL"}]}},"jetpack_sharing_enabled":true,"_links":{"self":[{"href":"https:\/\/b2b.mvgd.pl\/index.php\/wp-json\/wp\/v2\/product\/428","targetHints":{"allow":["GET"]}}],"collection":[{"href":"https:\/\/b2b.mvgd.pl\/index.php\/wp-json\/wp\/v2\/product"}],"about":[{"href":"https:\/\/b2b.mvgd.pl\/index.php\/wp-json\/wp\/v2\/types\/product"}],"replies":[{"embeddable":true,"href":"https:\/\/b2b.mvgd.pl\/index.php\/wp-json\/wp\/v2\/comments?post=428"}],"version-history":[{"count":0,"href":"https:\/\/b2b.mvgd.pl\/index.php\/wp-json\/wp\/v2\/product\/428\/revisions"}],"wp:featuredmedia":[{"embeddable":true,"href":"https:\/\/b2b.mvgd.pl\/index.php\/wp-json\/wp\/v2\/media\/479"}],"wp:attachment":[{"href":"https:\/\/b2b.mvgd.pl\/index.php\/wp-json\/wp\/v2\/media?parent=428"}],"wp:term":[{"taxonomy":"product_brand","embeddable":true,"href":"https:\/\/b2b.mvgd.pl\/index.php\/wp-json\/wp\/v2\/product_brand?post=428"},{"taxonomy":"product_cat","embeddable":true,"href":"https:\/\/b2b.mvgd.pl\/index.php\/wp-json\/wp\/v2\/product_cat?post=428"},{"taxonomy":"product_tag","embeddable":true,"href":"https:\/\/b2b.mvgd.pl\/index.php\/wp-json\/wp\/v2\/product_tag?post=428"}],"curies":[{"name":"wp","href":"https:\/\/api.w.org\/{rel}","templated":true}]}}