{"id":41,"date":"2026-02-16T18:31:05","date_gmt":"2026-02-16T18:31:05","guid":{"rendered":"https:\/\/b2b.mvgd.pl\/?post_type=product&#038;p=41"},"modified":"2026-02-16T18:32:27","modified_gmt":"2026-02-16T18:32:27","slug":"angostura-7yo-07l-40","status":"publish","type":"product","link":"https:\/\/b2b.mvgd.pl\/index.php\/produkt\/angostura-7yo-07l-40\/","title":{"rendered":"Angostura 7YO 0,7l 40%"},"content":{"rendered":"<p><strong>NOTY DEGUSTACYJNE<\/strong><\/p>\n<p>Aromat: kusz\u0105cy bukiet kremowych aromat\u00f3w czekolady, melasy, espresso z lekk\u0105 pikantno\u015bci\u0105<\/p>\n<p>Smak: subtelne niuanse czekolady, miodu, toffi, karmelu, kawy i pra\u017conych orzech\u00f3w<\/p>\n<p>Finisz: trwa\u0142y z akcentami cynamonu i przypraw<\/p>\n","protected":false},"excerpt":{"rendered":"<p>Aby stworzy\u0107 Angostura\u00ae 7 YO, Master Blender z The House of Angostura\u00ae stworzy\u0142 wyj\u0105tkow\u0105 selekcj\u0119 lekkich, \u015brednich i ci\u0119\u017ckich rum\u00f3w dojrzewaj\u0105cych przez minimum 7 lat.\u00a0 Mieszkanka jest ponownie zamykana w beczce na kolejne 2 lata, dzi\u0119ki czemu mo\u017cemy pochwali\u0107 si\u0119 niezapomnianym, g\u0142\u0119boki i bogatym rumem.\u00a0 Jedwabista g\u0142adko\u015b\u0107 ujawnia si\u0119 po chwili, dlatego poleca si\u0119 pozwoli\u0107 rumowi \u201eodpocz\u0105\u0107\u201d chwilk\u0119 w szklance aby nabra\u0142 swoich najznamienitszych w\u0142a\u015bciwo\u015bci.<\/p>\n","protected":false},"featured_media":96,"comment_status":"open","ping_status":"closed","template":"","meta":[],"product_brand":[],"product_cat":[35],"product_tag":[33,37],"class_list":{"0":"post-41","1":"product","2":"type-product","3":"status-publish","4":"has-post-thumbnail","6":"product_cat-rum","7":"product_tag-angostura","8":"product_tag-rum","10":"first","11":"instock","12":"shipping-taxable","13":"purchasable","14":"product-type-simple"},"yoast_head":"<!-- This site is optimized with the Yoast SEO plugin v26.9 - https:\/\/yoast.com\/product\/yoast-seo-wordpress\/ -->\n<title>Angostura 7YO 0,7l 40% - B2B MVGD PL<\/title>\n<meta name=\"robots\" content=\"index, follow, max-snippet:-1, max-image-preview:large, max-video-preview:-1\" \/>\n<link rel=\"canonical\" href=\"https:\/\/b2b.mvgd.pl\/index.php\/produkt\/angostura-7yo-07l-40\/\" \/>\n<meta property=\"og:locale\" content=\"pl_PL\" \/>\n<meta property=\"og:type\" content=\"article\" \/>\n<meta property=\"og:title\" content=\"Angostura 7YO 0,7l 40% - B2B MVGD PL\" \/>\n<meta property=\"og:description\" content=\"Aby stworzy\u0107 Angostura\u00ae 7 YO, Master Blender z The House of Angostura\u00ae stworzy\u0142 wyj\u0105tkow\u0105 selekcj\u0119 lekkich, \u015brednich i ci\u0119\u017ckich rum\u00f3w dojrzewaj\u0105cych przez minimum 7 lat.\u00a0 Mieszkanka jest ponownie zamykana w beczce na kolejne 2 lata, dzi\u0119ki czemu mo\u017cemy pochwali\u0107 si\u0119 niezapomnianym, g\u0142\u0119boki i bogatym rumem.\u00a0 Jedwabista g\u0142adko\u015b\u0107 ujawnia si\u0119 po chwili, dlatego poleca si\u0119 pozwoli\u0107 rumowi \u201eodpocz\u0105\u0107\u201d chwilk\u0119 w szklance aby nabra\u0142 swoich najznamienitszych w\u0142a\u015bciwo\u015bci.\" \/>\n<meta property=\"og:url\" content=\"https:\/\/b2b.mvgd.pl\/index.php\/produkt\/angostura-7yo-07l-40\/\" \/>\n<meta property=\"og:site_name\" content=\"B2B MVGD PL\" \/>\n<meta property=\"article:modified_time\" content=\"2026-02-16T18:32:27+00:00\" \/>\n<meta name=\"twitter:card\" content=\"summary_large_image\" \/>\n<script type=\"application\/ld+json\" class=\"yoast-schema-graph\">{\"@context\":\"https:\/\/schema.org\",\"@graph\":[{\"@type\":\"WebPage\",\"@id\":\"https:\/\/b2b.mvgd.pl\/index.php\/produkt\/angostura-7yo-07l-40\/\",\"url\":\"https:\/\/b2b.mvgd.pl\/index.php\/produkt\/angostura-7yo-07l-40\/\",\"name\":\"Angostura 7YO 0,7l 40% - B2B MVGD PL\",\"isPartOf\":{\"@id\":\"https:\/\/b2b.mvgd.pl\/#website\"},\"primaryImageOfPage\":{\"@id\":\"https:\/\/b2b.mvgd.pl\/index.php\/produkt\/angostura-7yo-07l-40\/#primaryimage\"},\"image\":{\"@id\":\"https:\/\/b2b.mvgd.pl\/index.php\/produkt\/angostura-7yo-07l-40\/#primaryimage\"},\"thumbnailUrl\":\"https:\/\/b2b.mvgd.pl\/wp-content\/uploads\/2026\/02\/PROANG0660.png\",\"datePublished\":\"2026-02-16T18:31:05+00:00\",\"dateModified\":\"2026-02-16T18:32:27+00:00\",\"breadcrumb\":{\"@id\":\"https:\/\/b2b.mvgd.pl\/index.php\/produkt\/angostura-7yo-07l-40\/#breadcrumb\"},\"inLanguage\":\"pl-PL\",\"potentialAction\":[{\"@type\":\"ReadAction\",\"target\":[\"https:\/\/b2b.mvgd.pl\/index.php\/produkt\/angostura-7yo-07l-40\/\"]}]},{\"@type\":\"ImageObject\",\"inLanguage\":\"pl-PL\",\"@id\":\"https:\/\/b2b.mvgd.pl\/index.php\/produkt\/angostura-7yo-07l-40\/#primaryimage\",\"url\":\"https:\/\/b2b.mvgd.pl\/wp-content\/uploads\/2026\/02\/PROANG0660.png\",\"contentUrl\":\"https:\/\/b2b.mvgd.pl\/wp-content\/uploads\/2026\/02\/PROANG0660.png\",\"width\":900,\"height\":1200},{\"@type\":\"BreadcrumbList\",\"@id\":\"https:\/\/b2b.mvgd.pl\/index.php\/produkt\/angostura-7yo-07l-40\/#breadcrumb\",\"itemListElement\":[{\"@type\":\"ListItem\",\"position\":1,\"name\":\"Strona g\u0142\u00f3wna\",\"item\":\"https:\/\/b2b.mvgd.pl\/\"},{\"@type\":\"ListItem\",\"position\":2,\"name\":\"Shop\",\"item\":\"https:\/\/b2b.mvgd.pl\/index.php\/shop\/\"},{\"@type\":\"ListItem\",\"position\":3,\"name\":\"Angostura 7YO 0,7l 40%\"}]},{\"@type\":\"WebSite\",\"@id\":\"https:\/\/b2b.mvgd.pl\/#website\",\"url\":\"https:\/\/b2b.mvgd.pl\/\",\"name\":\"B2B MVGD PL\",\"description\":\"\",\"potentialAction\":[{\"@type\":\"SearchAction\",\"target\":{\"@type\":\"EntryPoint\",\"urlTemplate\":\"https:\/\/b2b.mvgd.pl\/?s={search_term_string}\"},\"query-input\":{\"@type\":\"PropertyValueSpecification\",\"valueRequired\":true,\"valueName\":\"search_term_string\"}}],\"inLanguage\":\"pl-PL\"}]}<\/script>\n<!-- \/ Yoast SEO plugin. -->","yoast_head_json":{"title":"Angostura 7YO 0,7l 40% - B2B MVGD PL","robots":{"index":"index","follow":"follow","max-snippet":"max-snippet:-1","max-image-preview":"max-image-preview:large","max-video-preview":"max-video-preview:-1"},"canonical":"https:\/\/b2b.mvgd.pl\/index.php\/produkt\/angostura-7yo-07l-40\/","og_locale":"pl_PL","og_type":"article","og_title":"Angostura 7YO 0,7l 40% - B2B MVGD PL","og_description":"Aby stworzy\u0107 Angostura\u00ae 7 YO, Master Blender z The House of Angostura\u00ae stworzy\u0142 wyj\u0105tkow\u0105 selekcj\u0119 lekkich, \u015brednich i ci\u0119\u017ckich rum\u00f3w dojrzewaj\u0105cych przez minimum 7 lat.\u00a0 Mieszkanka jest ponownie zamykana w beczce na kolejne 2 lata, dzi\u0119ki czemu mo\u017cemy pochwali\u0107 si\u0119 niezapomnianym, g\u0142\u0119boki i bogatym rumem.\u00a0 Jedwabista g\u0142adko\u015b\u0107 ujawnia si\u0119 po chwili, dlatego poleca si\u0119 pozwoli\u0107 rumowi \u201eodpocz\u0105\u0107\u201d chwilk\u0119 w szklance aby nabra\u0142 swoich najznamienitszych w\u0142a\u015bciwo\u015bci.","og_url":"https:\/\/b2b.mvgd.pl\/index.php\/produkt\/angostura-7yo-07l-40\/","og_site_name":"B2B MVGD PL","article_modified_time":"2026-02-16T18:32:27+00:00","twitter_card":"summary_large_image","schema":{"@context":"https:\/\/schema.org","@graph":[{"@type":"WebPage","@id":"https:\/\/b2b.mvgd.pl\/index.php\/produkt\/angostura-7yo-07l-40\/","url":"https:\/\/b2b.mvgd.pl\/index.php\/produkt\/angostura-7yo-07l-40\/","name":"Angostura 7YO 0,7l 40% - B2B MVGD PL","isPartOf":{"@id":"https:\/\/b2b.mvgd.pl\/#website"},"primaryImageOfPage":{"@id":"https:\/\/b2b.mvgd.pl\/index.php\/produkt\/angostura-7yo-07l-40\/#primaryimage"},"image":{"@id":"https:\/\/b2b.mvgd.pl\/index.php\/produkt\/angostura-7yo-07l-40\/#primaryimage"},"thumbnailUrl":"https:\/\/b2b.mvgd.pl\/wp-content\/uploads\/2026\/02\/PROANG0660.png","datePublished":"2026-02-16T18:31:05+00:00","dateModified":"2026-02-16T18:32:27+00:00","breadcrumb":{"@id":"https:\/\/b2b.mvgd.pl\/index.php\/produkt\/angostura-7yo-07l-40\/#breadcrumb"},"inLanguage":"pl-PL","potentialAction":[{"@type":"ReadAction","target":["https:\/\/b2b.mvgd.pl\/index.php\/produkt\/angostura-7yo-07l-40\/"]}]},{"@type":"ImageObject","inLanguage":"pl-PL","@id":"https:\/\/b2b.mvgd.pl\/index.php\/produkt\/angostura-7yo-07l-40\/#primaryimage","url":"https:\/\/b2b.mvgd.pl\/wp-content\/uploads\/2026\/02\/PROANG0660.png","contentUrl":"https:\/\/b2b.mvgd.pl\/wp-content\/uploads\/2026\/02\/PROANG0660.png","width":900,"height":1200},{"@type":"BreadcrumbList","@id":"https:\/\/b2b.mvgd.pl\/index.php\/produkt\/angostura-7yo-07l-40\/#breadcrumb","itemListElement":[{"@type":"ListItem","position":1,"name":"Strona g\u0142\u00f3wna","item":"https:\/\/b2b.mvgd.pl\/"},{"@type":"ListItem","position":2,"name":"Shop","item":"https:\/\/b2b.mvgd.pl\/index.php\/shop\/"},{"@type":"ListItem","position":3,"name":"Angostura 7YO 0,7l 40%"}]},{"@type":"WebSite","@id":"https:\/\/b2b.mvgd.pl\/#website","url":"https:\/\/b2b.mvgd.pl\/","name":"B2B MVGD PL","description":"","potentialAction":[{"@type":"SearchAction","target":{"@type":"EntryPoint","urlTemplate":"https:\/\/b2b.mvgd.pl\/?s={search_term_string}"},"query-input":{"@type":"PropertyValueSpecification","valueRequired":true,"valueName":"search_term_string"}}],"inLanguage":"pl-PL"}]}},"jetpack_sharing_enabled":true,"_links":{"self":[{"href":"https:\/\/b2b.mvgd.pl\/index.php\/wp-json\/wp\/v2\/product\/41","targetHints":{"allow":["GET"]}}],"collection":[{"href":"https:\/\/b2b.mvgd.pl\/index.php\/wp-json\/wp\/v2\/product"}],"about":[{"href":"https:\/\/b2b.mvgd.pl\/index.php\/wp-json\/wp\/v2\/types\/product"}],"replies":[{"embeddable":true,"href":"https:\/\/b2b.mvgd.pl\/index.php\/wp-json\/wp\/v2\/comments?post=41"}],"version-history":[{"count":0,"href":"https:\/\/b2b.mvgd.pl\/index.php\/wp-json\/wp\/v2\/product\/41\/revisions"}],"wp:featuredmedia":[{"embeddable":true,"href":"https:\/\/b2b.mvgd.pl\/index.php\/wp-json\/wp\/v2\/media\/96"}],"wp:attachment":[{"href":"https:\/\/b2b.mvgd.pl\/index.php\/wp-json\/wp\/v2\/media?parent=41"}],"wp:term":[{"taxonomy":"product_brand","embeddable":true,"href":"https:\/\/b2b.mvgd.pl\/index.php\/wp-json\/wp\/v2\/product_brand?post=41"},{"taxonomy":"product_cat","embeddable":true,"href":"https:\/\/b2b.mvgd.pl\/index.php\/wp-json\/wp\/v2\/product_cat?post=41"},{"taxonomy":"product_tag","embeddable":true,"href":"https:\/\/b2b.mvgd.pl\/index.php\/wp-json\/wp\/v2\/product_tag?post=41"}],"curies":[{"name":"wp","href":"https:\/\/api.w.org\/{rel}","templated":true}]}}