{"id":403,"date":"2026-02-16T18:41:02","date_gmt":"2026-02-16T18:41:02","guid":{"rendered":"https:\/\/b2b.mvgd.pl\/?post_type=product&#038;p=403"},"modified":"2026-02-16T18:43:12","modified_gmt":"2026-02-16T18:43:12","slug":"franklin-sons-ginger-beer-02l","status":"publish","type":"product","link":"https:\/\/b2b.mvgd.pl\/index.php\/produkt\/franklin-sons-ginger-beer-02l\/","title":{"rendered":"Franklin &amp; Sons Ginger Beer 0,2l"},"content":{"rendered":"","protected":false},"excerpt":{"rendered":"<p>Brytyjski klasyk&#8230; korze\u0144 imbiru, wyci\u015bni\u0119ta cytryna i s\u0142odowy j\u0119czmie\u0144 zosta\u0142y zmieszane z wod\u0105 gazowan\u0105, daj\u0105c Twojemu podniebieniu pe\u0142ny smak, kt\u00f3ry nie jest przesadnie s\u0142odki, ale daje troch\u0119 ciep\u0142a. Imbir jest warzony botanicznie przez pi\u0119\u0107 dni, a\u017c wkr\u00f3tce stanie si\u0119 alkoholem. To wydobywa ciep\u0142o imbiru, kt\u00f3re \u0142\u0105czymy z wyciskan\u0105 cytryn\u0105 i brytyjskim cukrem, aby zr\u00f3wnowa\u017cy\u0107 nap\u00f3j. Po s\u0142odko-s\u0142odowym aromacie szybko pojawia si\u0119 \u015bwie\u017co\u015b\u0107 cytryn. Przekonaj si\u0119, \u017ce ten cudowny nap\u00f3j imponuj\u0105co szybko wydobywa ciep\u0142o i przyjemny smak.<\/p>\n","protected":false},"featured_media":452,"comment_status":"open","ping_status":"closed","template":"","meta":[],"product_brand":[],"product_cat":[439],"product_tag":[440,441,442,443],"class_list":{"0":"post-403","1":"product","2":"type-product","3":"status-publish","4":"has-post-thumbnail","6":"product_cat-tonic","7":"product_tag-franklin-sons","8":"product_tag-ginger-beer","9":"product_tag-tonic","10":"product_tag-tonik","12":"first","13":"instock","14":"shipping-taxable","15":"purchasable","16":"product-type-simple"},"yoast_head":"<!-- This site is optimized with the Yoast SEO plugin v26.9 - https:\/\/yoast.com\/product\/yoast-seo-wordpress\/ -->\n<title>Franklin &amp; Sons Ginger Beer 0,2l - B2B MVGD PL<\/title>\n<meta name=\"robots\" content=\"index, follow, max-snippet:-1, max-image-preview:large, max-video-preview:-1\" \/>\n<link rel=\"canonical\" href=\"https:\/\/b2b.mvgd.pl\/index.php\/produkt\/franklin-sons-ginger-beer-02l\/\" \/>\n<meta property=\"og:locale\" content=\"pl_PL\" \/>\n<meta property=\"og:type\" content=\"article\" \/>\n<meta property=\"og:title\" content=\"Franklin &amp; Sons Ginger Beer 0,2l - B2B MVGD PL\" \/>\n<meta property=\"og:description\" content=\"Brytyjski klasyk... korze\u0144 imbiru, wyci\u015bni\u0119ta cytryna i s\u0142odowy j\u0119czmie\u0144 zosta\u0142y zmieszane z wod\u0105 gazowan\u0105, daj\u0105c Twojemu podniebieniu pe\u0142ny smak, kt\u00f3ry nie jest przesadnie s\u0142odki, ale daje troch\u0119 ciep\u0142a. Imbir jest warzony botanicznie przez pi\u0119\u0107 dni, a\u017c wkr\u00f3tce stanie si\u0119 alkoholem. To wydobywa ciep\u0142o imbiru, kt\u00f3re \u0142\u0105czymy z wyciskan\u0105 cytryn\u0105 i brytyjskim cukrem, aby zr\u00f3wnowa\u017cy\u0107 nap\u00f3j. Po s\u0142odko-s\u0142odowym aromacie szybko pojawia si\u0119 \u015bwie\u017co\u015b\u0107 cytryn. Przekonaj si\u0119, \u017ce ten cudowny nap\u00f3j imponuj\u0105co szybko wydobywa ciep\u0142o i przyjemny smak.\" \/>\n<meta property=\"og:url\" content=\"https:\/\/b2b.mvgd.pl\/index.php\/produkt\/franklin-sons-ginger-beer-02l\/\" \/>\n<meta property=\"og:site_name\" content=\"B2B MVGD PL\" \/>\n<meta property=\"article:modified_time\" content=\"2026-02-16T18:43:12+00:00\" \/>\n<meta name=\"twitter:card\" content=\"summary_large_image\" \/>\n<script type=\"application\/ld+json\" class=\"yoast-schema-graph\">{\"@context\":\"https:\/\/schema.org\",\"@graph\":[{\"@type\":\"WebPage\",\"@id\":\"https:\/\/b2b.mvgd.pl\/index.php\/produkt\/franklin-sons-ginger-beer-02l\/\",\"url\":\"https:\/\/b2b.mvgd.pl\/index.php\/produkt\/franklin-sons-ginger-beer-02l\/\",\"name\":\"Franklin &amp; Sons Ginger Beer 0,2l - B2B MVGD PL\",\"isPartOf\":{\"@id\":\"https:\/\/b2b.mvgd.pl\/#website\"},\"primaryImageOfPage\":{\"@id\":\"https:\/\/b2b.mvgd.pl\/index.php\/produkt\/franklin-sons-ginger-beer-02l\/#primaryimage\"},\"image\":{\"@id\":\"https:\/\/b2b.mvgd.pl\/index.php\/produkt\/franklin-sons-ginger-beer-02l\/#primaryimage\"},\"thumbnailUrl\":\"https:\/\/b2b.mvgd.pl\/wp-content\/uploads\/2026\/02\/PVGMBG5405.png\",\"datePublished\":\"2026-02-16T18:41:02+00:00\",\"dateModified\":\"2026-02-16T18:43:12+00:00\",\"breadcrumb\":{\"@id\":\"https:\/\/b2b.mvgd.pl\/index.php\/produkt\/franklin-sons-ginger-beer-02l\/#breadcrumb\"},\"inLanguage\":\"pl-PL\",\"potentialAction\":[{\"@type\":\"ReadAction\",\"target\":[\"https:\/\/b2b.mvgd.pl\/index.php\/produkt\/franklin-sons-ginger-beer-02l\/\"]}]},{\"@type\":\"ImageObject\",\"inLanguage\":\"pl-PL\",\"@id\":\"https:\/\/b2b.mvgd.pl\/index.php\/produkt\/franklin-sons-ginger-beer-02l\/#primaryimage\",\"url\":\"https:\/\/b2b.mvgd.pl\/wp-content\/uploads\/2026\/02\/PVGMBG5405.png\",\"contentUrl\":\"https:\/\/b2b.mvgd.pl\/wp-content\/uploads\/2026\/02\/PVGMBG5405.png\",\"width\":900,\"height\":1200},{\"@type\":\"BreadcrumbList\",\"@id\":\"https:\/\/b2b.mvgd.pl\/index.php\/produkt\/franklin-sons-ginger-beer-02l\/#breadcrumb\",\"itemListElement\":[{\"@type\":\"ListItem\",\"position\":1,\"name\":\"Strona g\u0142\u00f3wna\",\"item\":\"https:\/\/b2b.mvgd.pl\/\"},{\"@type\":\"ListItem\",\"position\":2,\"name\":\"Shop\",\"item\":\"https:\/\/b2b.mvgd.pl\/index.php\/shop\/\"},{\"@type\":\"ListItem\",\"position\":3,\"name\":\"Franklin &amp; Sons Ginger Beer 0,2l\"}]},{\"@type\":\"WebSite\",\"@id\":\"https:\/\/b2b.mvgd.pl\/#website\",\"url\":\"https:\/\/b2b.mvgd.pl\/\",\"name\":\"B2B MVGD PL\",\"description\":\"\",\"potentialAction\":[{\"@type\":\"SearchAction\",\"target\":{\"@type\":\"EntryPoint\",\"urlTemplate\":\"https:\/\/b2b.mvgd.pl\/?s={search_term_string}\"},\"query-input\":{\"@type\":\"PropertyValueSpecification\",\"valueRequired\":true,\"valueName\":\"search_term_string\"}}],\"inLanguage\":\"pl-PL\"}]}<\/script>\n<!-- \/ Yoast SEO plugin. -->","yoast_head_json":{"title":"Franklin &amp; Sons Ginger Beer 0,2l - B2B MVGD PL","robots":{"index":"index","follow":"follow","max-snippet":"max-snippet:-1","max-image-preview":"max-image-preview:large","max-video-preview":"max-video-preview:-1"},"canonical":"https:\/\/b2b.mvgd.pl\/index.php\/produkt\/franklin-sons-ginger-beer-02l\/","og_locale":"pl_PL","og_type":"article","og_title":"Franklin &amp; Sons Ginger Beer 0,2l - B2B MVGD PL","og_description":"Brytyjski klasyk... korze\u0144 imbiru, wyci\u015bni\u0119ta cytryna i s\u0142odowy j\u0119czmie\u0144 zosta\u0142y zmieszane z wod\u0105 gazowan\u0105, daj\u0105c Twojemu podniebieniu pe\u0142ny smak, kt\u00f3ry nie jest przesadnie s\u0142odki, ale daje troch\u0119 ciep\u0142a. Imbir jest warzony botanicznie przez pi\u0119\u0107 dni, a\u017c wkr\u00f3tce stanie si\u0119 alkoholem. To wydobywa ciep\u0142o imbiru, kt\u00f3re \u0142\u0105czymy z wyciskan\u0105 cytryn\u0105 i brytyjskim cukrem, aby zr\u00f3wnowa\u017cy\u0107 nap\u00f3j. Po s\u0142odko-s\u0142odowym aromacie szybko pojawia si\u0119 \u015bwie\u017co\u015b\u0107 cytryn. Przekonaj si\u0119, \u017ce ten cudowny nap\u00f3j imponuj\u0105co szybko wydobywa ciep\u0142o i przyjemny smak.","og_url":"https:\/\/b2b.mvgd.pl\/index.php\/produkt\/franklin-sons-ginger-beer-02l\/","og_site_name":"B2B MVGD PL","article_modified_time":"2026-02-16T18:43:12+00:00","twitter_card":"summary_large_image","schema":{"@context":"https:\/\/schema.org","@graph":[{"@type":"WebPage","@id":"https:\/\/b2b.mvgd.pl\/index.php\/produkt\/franklin-sons-ginger-beer-02l\/","url":"https:\/\/b2b.mvgd.pl\/index.php\/produkt\/franklin-sons-ginger-beer-02l\/","name":"Franklin &amp; Sons Ginger Beer 0,2l - B2B MVGD PL","isPartOf":{"@id":"https:\/\/b2b.mvgd.pl\/#website"},"primaryImageOfPage":{"@id":"https:\/\/b2b.mvgd.pl\/index.php\/produkt\/franklin-sons-ginger-beer-02l\/#primaryimage"},"image":{"@id":"https:\/\/b2b.mvgd.pl\/index.php\/produkt\/franklin-sons-ginger-beer-02l\/#primaryimage"},"thumbnailUrl":"https:\/\/b2b.mvgd.pl\/wp-content\/uploads\/2026\/02\/PVGMBG5405.png","datePublished":"2026-02-16T18:41:02+00:00","dateModified":"2026-02-16T18:43:12+00:00","breadcrumb":{"@id":"https:\/\/b2b.mvgd.pl\/index.php\/produkt\/franklin-sons-ginger-beer-02l\/#breadcrumb"},"inLanguage":"pl-PL","potentialAction":[{"@type":"ReadAction","target":["https:\/\/b2b.mvgd.pl\/index.php\/produkt\/franklin-sons-ginger-beer-02l\/"]}]},{"@type":"ImageObject","inLanguage":"pl-PL","@id":"https:\/\/b2b.mvgd.pl\/index.php\/produkt\/franklin-sons-ginger-beer-02l\/#primaryimage","url":"https:\/\/b2b.mvgd.pl\/wp-content\/uploads\/2026\/02\/PVGMBG5405.png","contentUrl":"https:\/\/b2b.mvgd.pl\/wp-content\/uploads\/2026\/02\/PVGMBG5405.png","width":900,"height":1200},{"@type":"BreadcrumbList","@id":"https:\/\/b2b.mvgd.pl\/index.php\/produkt\/franklin-sons-ginger-beer-02l\/#breadcrumb","itemListElement":[{"@type":"ListItem","position":1,"name":"Strona g\u0142\u00f3wna","item":"https:\/\/b2b.mvgd.pl\/"},{"@type":"ListItem","position":2,"name":"Shop","item":"https:\/\/b2b.mvgd.pl\/index.php\/shop\/"},{"@type":"ListItem","position":3,"name":"Franklin &amp; Sons Ginger Beer 0,2l"}]},{"@type":"WebSite","@id":"https:\/\/b2b.mvgd.pl\/#website","url":"https:\/\/b2b.mvgd.pl\/","name":"B2B MVGD PL","description":"","potentialAction":[{"@type":"SearchAction","target":{"@type":"EntryPoint","urlTemplate":"https:\/\/b2b.mvgd.pl\/?s={search_term_string}"},"query-input":{"@type":"PropertyValueSpecification","valueRequired":true,"valueName":"search_term_string"}}],"inLanguage":"pl-PL"}]}},"jetpack_sharing_enabled":true,"_links":{"self":[{"href":"https:\/\/b2b.mvgd.pl\/index.php\/wp-json\/wp\/v2\/product\/403","targetHints":{"allow":["GET"]}}],"collection":[{"href":"https:\/\/b2b.mvgd.pl\/index.php\/wp-json\/wp\/v2\/product"}],"about":[{"href":"https:\/\/b2b.mvgd.pl\/index.php\/wp-json\/wp\/v2\/types\/product"}],"replies":[{"embeddable":true,"href":"https:\/\/b2b.mvgd.pl\/index.php\/wp-json\/wp\/v2\/comments?post=403"}],"version-history":[{"count":0,"href":"https:\/\/b2b.mvgd.pl\/index.php\/wp-json\/wp\/v2\/product\/403\/revisions"}],"wp:featuredmedia":[{"embeddable":true,"href":"https:\/\/b2b.mvgd.pl\/index.php\/wp-json\/wp\/v2\/media\/452"}],"wp:attachment":[{"href":"https:\/\/b2b.mvgd.pl\/index.php\/wp-json\/wp\/v2\/media?parent=403"}],"wp:term":[{"taxonomy":"product_brand","embeddable":true,"href":"https:\/\/b2b.mvgd.pl\/index.php\/wp-json\/wp\/v2\/product_brand?post=403"},{"taxonomy":"product_cat","embeddable":true,"href":"https:\/\/b2b.mvgd.pl\/index.php\/wp-json\/wp\/v2\/product_cat?post=403"},{"taxonomy":"product_tag","embeddable":true,"href":"https:\/\/b2b.mvgd.pl\/index.php\/wp-json\/wp\/v2\/product_tag?post=403"}],"curies":[{"name":"wp","href":"https:\/\/api.w.org\/{rel}","templated":true}]}}