{"id":402,"date":"2026-02-16T18:41:02","date_gmt":"2026-02-16T18:41:02","guid":{"rendered":"https:\/\/b2b.mvgd.pl\/?post_type=product&#038;p=402"},"modified":"2026-02-16T18:43:09","modified_gmt":"2026-02-16T18:43:09","slug":"berkshire-botanical-rhubarbraspberry-gin-05l-403","status":"publish","type":"product","link":"https:\/\/b2b.mvgd.pl\/index.php\/produkt\/berkshire-botanical-rhubarbraspberry-gin-05l-403\/","title":{"rendered":"Berkshire Botanical Rhubarb&amp;Raspberry Gin 0,5l 40,3%"},"content":{"rendered":"","protected":false},"excerpt":{"rendered":"<p><span class=\"OYPEnA text-decoration-none text-strikethrough-none\">Bershire Botanical Rhubarb&amp;Raspberry Gin to rzemie\u015blniczy gin, d<\/span><span class=\"OYPEnA text-decoration-none text-strikethrough-none\">estylowany w miedzianym alembiku, a nast\u0119pnie infuzowany najlepszym rabarbarem i malinami. <\/span><span class=\"OYPEnA text-decoration-none text-strikethrough-none\">Nasz\u0105 inspiracj\u0119 czerpiemy z flory i fauny przy posiad\u0142o\u015bci Yattendon. <\/span><span class=\"OYPEnA text-decoration-none text-strikethrough-none\">\u015awie\u017ce, owocowe i eleganckie z sercem ja\u0142owca &#8211; doskona\u0142y dodatek do toniku lub musuj\u0105cych napoj\u00f3w!<\/span><\/p>\n","protected":false},"featured_media":451,"comment_status":"open","ping_status":"closed","template":"","meta":[],"product_brand":[],"product_cat":[87],"product_tag":[431,88],"class_list":{"0":"post-402","1":"product","2":"type-product","3":"status-publish","4":"has-post-thumbnail","6":"product_cat-gin","7":"product_tag-berkshire","8":"product_tag-gin","10":"first","11":"instock","12":"shipping-taxable","13":"purchasable","14":"product-type-simple"},"yoast_head":"<!-- This site is optimized with the Yoast SEO plugin v26.9 - https:\/\/yoast.com\/product\/yoast-seo-wordpress\/ -->\n<title>Berkshire Botanical Rhubarb&amp;Raspberry Gin 0,5l 40,3% - B2B MVGD PL<\/title>\n<meta name=\"robots\" content=\"index, follow, max-snippet:-1, max-image-preview:large, max-video-preview:-1\" \/>\n<link rel=\"canonical\" href=\"https:\/\/b2b.mvgd.pl\/index.php\/produkt\/berkshire-botanical-rhubarbraspberry-gin-05l-403\/\" \/>\n<meta property=\"og:locale\" content=\"pl_PL\" \/>\n<meta property=\"og:type\" content=\"article\" \/>\n<meta property=\"og:title\" content=\"Berkshire Botanical Rhubarb&amp;Raspberry Gin 0,5l 40,3% - B2B MVGD PL\" \/>\n<meta property=\"og:description\" content=\"Bershire Botanical Rhubarb&amp;Raspberry Gin to rzemie\u015blniczy gin, destylowany w miedzianym alembiku, a nast\u0119pnie infuzowany najlepszym rabarbarem i malinami. Nasz\u0105 inspiracj\u0119 czerpiemy z flory i fauny przy posiad\u0142o\u015bci Yattendon. \u015awie\u017ce, owocowe i eleganckie z sercem ja\u0142owca - doskona\u0142y dodatek do toniku lub musuj\u0105cych napoj\u00f3w!\" \/>\n<meta property=\"og:url\" content=\"https:\/\/b2b.mvgd.pl\/index.php\/produkt\/berkshire-botanical-rhubarbraspberry-gin-05l-403\/\" \/>\n<meta property=\"og:site_name\" content=\"B2B MVGD PL\" \/>\n<meta property=\"article:modified_time\" content=\"2026-02-16T18:43:09+00:00\" \/>\n<meta name=\"twitter:card\" content=\"summary_large_image\" \/>\n<script type=\"application\/ld+json\" class=\"yoast-schema-graph\">{\"@context\":\"https:\/\/schema.org\",\"@graph\":[{\"@type\":\"WebPage\",\"@id\":\"https:\/\/b2b.mvgd.pl\/index.php\/produkt\/berkshire-botanical-rhubarbraspberry-gin-05l-403\/\",\"url\":\"https:\/\/b2b.mvgd.pl\/index.php\/produkt\/berkshire-botanical-rhubarbraspberry-gin-05l-403\/\",\"name\":\"Berkshire Botanical Rhubarb&amp;Raspberry Gin 0,5l 40,3% - B2B MVGD PL\",\"isPartOf\":{\"@id\":\"https:\/\/b2b.mvgd.pl\/#website\"},\"primaryImageOfPage\":{\"@id\":\"https:\/\/b2b.mvgd.pl\/index.php\/produkt\/berkshire-botanical-rhubarbraspberry-gin-05l-403\/#primaryimage\"},\"image\":{\"@id\":\"https:\/\/b2b.mvgd.pl\/index.php\/produkt\/berkshire-botanical-rhubarbraspberry-gin-05l-403\/#primaryimage\"},\"thumbnailUrl\":\"https:\/\/b2b.mvgd.pl\/wp-content\/uploads\/2026\/02\/PDZHAS0233.png\",\"datePublished\":\"2026-02-16T18:41:02+00:00\",\"dateModified\":\"2026-02-16T18:43:09+00:00\",\"breadcrumb\":{\"@id\":\"https:\/\/b2b.mvgd.pl\/index.php\/produkt\/berkshire-botanical-rhubarbraspberry-gin-05l-403\/#breadcrumb\"},\"inLanguage\":\"pl-PL\",\"potentialAction\":[{\"@type\":\"ReadAction\",\"target\":[\"https:\/\/b2b.mvgd.pl\/index.php\/produkt\/berkshire-botanical-rhubarbraspberry-gin-05l-403\/\"]}]},{\"@type\":\"ImageObject\",\"inLanguage\":\"pl-PL\",\"@id\":\"https:\/\/b2b.mvgd.pl\/index.php\/produkt\/berkshire-botanical-rhubarbraspberry-gin-05l-403\/#primaryimage\",\"url\":\"https:\/\/b2b.mvgd.pl\/wp-content\/uploads\/2026\/02\/PDZHAS0233.png\",\"contentUrl\":\"https:\/\/b2b.mvgd.pl\/wp-content\/uploads\/2026\/02\/PDZHAS0233.png\",\"width\":900,\"height\":1200},{\"@type\":\"BreadcrumbList\",\"@id\":\"https:\/\/b2b.mvgd.pl\/index.php\/produkt\/berkshire-botanical-rhubarbraspberry-gin-05l-403\/#breadcrumb\",\"itemListElement\":[{\"@type\":\"ListItem\",\"position\":1,\"name\":\"Strona g\u0142\u00f3wna\",\"item\":\"https:\/\/b2b.mvgd.pl\/\"},{\"@type\":\"ListItem\",\"position\":2,\"name\":\"Shop\",\"item\":\"https:\/\/b2b.mvgd.pl\/index.php\/shop\/\"},{\"@type\":\"ListItem\",\"position\":3,\"name\":\"Berkshire Botanical Rhubarb&amp;Raspberry Gin 0,5l 40,3%\"}]},{\"@type\":\"WebSite\",\"@id\":\"https:\/\/b2b.mvgd.pl\/#website\",\"url\":\"https:\/\/b2b.mvgd.pl\/\",\"name\":\"B2B MVGD PL\",\"description\":\"\",\"potentialAction\":[{\"@type\":\"SearchAction\",\"target\":{\"@type\":\"EntryPoint\",\"urlTemplate\":\"https:\/\/b2b.mvgd.pl\/?s={search_term_string}\"},\"query-input\":{\"@type\":\"PropertyValueSpecification\",\"valueRequired\":true,\"valueName\":\"search_term_string\"}}],\"inLanguage\":\"pl-PL\"}]}<\/script>\n<!-- \/ Yoast SEO plugin. -->","yoast_head_json":{"title":"Berkshire Botanical Rhubarb&amp;Raspberry Gin 0,5l 40,3% - B2B MVGD PL","robots":{"index":"index","follow":"follow","max-snippet":"max-snippet:-1","max-image-preview":"max-image-preview:large","max-video-preview":"max-video-preview:-1"},"canonical":"https:\/\/b2b.mvgd.pl\/index.php\/produkt\/berkshire-botanical-rhubarbraspberry-gin-05l-403\/","og_locale":"pl_PL","og_type":"article","og_title":"Berkshire Botanical Rhubarb&amp;Raspberry Gin 0,5l 40,3% - B2B MVGD PL","og_description":"Bershire Botanical Rhubarb&amp;Raspberry Gin to rzemie\u015blniczy gin, destylowany w miedzianym alembiku, a nast\u0119pnie infuzowany najlepszym rabarbarem i malinami. Nasz\u0105 inspiracj\u0119 czerpiemy z flory i fauny przy posiad\u0142o\u015bci Yattendon. \u015awie\u017ce, owocowe i eleganckie z sercem ja\u0142owca - doskona\u0142y dodatek do toniku lub musuj\u0105cych napoj\u00f3w!","og_url":"https:\/\/b2b.mvgd.pl\/index.php\/produkt\/berkshire-botanical-rhubarbraspberry-gin-05l-403\/","og_site_name":"B2B MVGD PL","article_modified_time":"2026-02-16T18:43:09+00:00","twitter_card":"summary_large_image","schema":{"@context":"https:\/\/schema.org","@graph":[{"@type":"WebPage","@id":"https:\/\/b2b.mvgd.pl\/index.php\/produkt\/berkshire-botanical-rhubarbraspberry-gin-05l-403\/","url":"https:\/\/b2b.mvgd.pl\/index.php\/produkt\/berkshire-botanical-rhubarbraspberry-gin-05l-403\/","name":"Berkshire Botanical Rhubarb&amp;Raspberry Gin 0,5l 40,3% - B2B MVGD PL","isPartOf":{"@id":"https:\/\/b2b.mvgd.pl\/#website"},"primaryImageOfPage":{"@id":"https:\/\/b2b.mvgd.pl\/index.php\/produkt\/berkshire-botanical-rhubarbraspberry-gin-05l-403\/#primaryimage"},"image":{"@id":"https:\/\/b2b.mvgd.pl\/index.php\/produkt\/berkshire-botanical-rhubarbraspberry-gin-05l-403\/#primaryimage"},"thumbnailUrl":"https:\/\/b2b.mvgd.pl\/wp-content\/uploads\/2026\/02\/PDZHAS0233.png","datePublished":"2026-02-16T18:41:02+00:00","dateModified":"2026-02-16T18:43:09+00:00","breadcrumb":{"@id":"https:\/\/b2b.mvgd.pl\/index.php\/produkt\/berkshire-botanical-rhubarbraspberry-gin-05l-403\/#breadcrumb"},"inLanguage":"pl-PL","potentialAction":[{"@type":"ReadAction","target":["https:\/\/b2b.mvgd.pl\/index.php\/produkt\/berkshire-botanical-rhubarbraspberry-gin-05l-403\/"]}]},{"@type":"ImageObject","inLanguage":"pl-PL","@id":"https:\/\/b2b.mvgd.pl\/index.php\/produkt\/berkshire-botanical-rhubarbraspberry-gin-05l-403\/#primaryimage","url":"https:\/\/b2b.mvgd.pl\/wp-content\/uploads\/2026\/02\/PDZHAS0233.png","contentUrl":"https:\/\/b2b.mvgd.pl\/wp-content\/uploads\/2026\/02\/PDZHAS0233.png","width":900,"height":1200},{"@type":"BreadcrumbList","@id":"https:\/\/b2b.mvgd.pl\/index.php\/produkt\/berkshire-botanical-rhubarbraspberry-gin-05l-403\/#breadcrumb","itemListElement":[{"@type":"ListItem","position":1,"name":"Strona g\u0142\u00f3wna","item":"https:\/\/b2b.mvgd.pl\/"},{"@type":"ListItem","position":2,"name":"Shop","item":"https:\/\/b2b.mvgd.pl\/index.php\/shop\/"},{"@type":"ListItem","position":3,"name":"Berkshire Botanical Rhubarb&amp;Raspberry Gin 0,5l 40,3%"}]},{"@type":"WebSite","@id":"https:\/\/b2b.mvgd.pl\/#website","url":"https:\/\/b2b.mvgd.pl\/","name":"B2B MVGD PL","description":"","potentialAction":[{"@type":"SearchAction","target":{"@type":"EntryPoint","urlTemplate":"https:\/\/b2b.mvgd.pl\/?s={search_term_string}"},"query-input":{"@type":"PropertyValueSpecification","valueRequired":true,"valueName":"search_term_string"}}],"inLanguage":"pl-PL"}]}},"jetpack_sharing_enabled":true,"_links":{"self":[{"href":"https:\/\/b2b.mvgd.pl\/index.php\/wp-json\/wp\/v2\/product\/402","targetHints":{"allow":["GET"]}}],"collection":[{"href":"https:\/\/b2b.mvgd.pl\/index.php\/wp-json\/wp\/v2\/product"}],"about":[{"href":"https:\/\/b2b.mvgd.pl\/index.php\/wp-json\/wp\/v2\/types\/product"}],"replies":[{"embeddable":true,"href":"https:\/\/b2b.mvgd.pl\/index.php\/wp-json\/wp\/v2\/comments?post=402"}],"version-history":[{"count":0,"href":"https:\/\/b2b.mvgd.pl\/index.php\/wp-json\/wp\/v2\/product\/402\/revisions"}],"wp:featuredmedia":[{"embeddable":true,"href":"https:\/\/b2b.mvgd.pl\/index.php\/wp-json\/wp\/v2\/media\/451"}],"wp:attachment":[{"href":"https:\/\/b2b.mvgd.pl\/index.php\/wp-json\/wp\/v2\/media?parent=402"}],"wp:term":[{"taxonomy":"product_brand","embeddable":true,"href":"https:\/\/b2b.mvgd.pl\/index.php\/wp-json\/wp\/v2\/product_brand?post=402"},{"taxonomy":"product_cat","embeddable":true,"href":"https:\/\/b2b.mvgd.pl\/index.php\/wp-json\/wp\/v2\/product_cat?post=402"},{"taxonomy":"product_tag","embeddable":true,"href":"https:\/\/b2b.mvgd.pl\/index.php\/wp-json\/wp\/v2\/product_tag?post=402"}],"curies":[{"name":"wp","href":"https:\/\/api.w.org\/{rel}","templated":true}]}}