{"id":393,"date":"2026-02-16T18:40:36","date_gmt":"2026-02-16T18:40:36","guid":{"rendered":"https:\/\/b2b.mvgd.pl\/?post_type=product&#038;p=393"},"modified":"2026-02-16T18:42:58","modified_gmt":"2026-02-16T18:42:58","slug":"jj-whitley-london-dry-gin-07-38","status":"publish","type":"product","link":"https:\/\/b2b.mvgd.pl\/index.php\/produkt\/jj-whitley-london-dry-gin-07-38\/","title":{"rendered":"JJ Whitley London Dry Gin 0,7 38%"},"content":{"rendered":"","protected":false},"excerpt":{"rendered":"<p>JJ London Dry Gin to efekt o\u015bmiu pokole\u0144 historii destylacji. To klasyczna receptura London Dry, oparta na mieszance o\u015bmiu botanicznych sk\u0142adnik\u00f3w: sk\u00f3rki pomara\u0144czy, sk\u00f3rki cytryny, ja\u0142owiec, nasiona angeliki, nasiona kolendry, lukrecja, cynamon kory chi\u0144skiej i korze\u0144 irysa.<\/p>\n","protected":false},"featured_media":448,"comment_status":"open","ping_status":"closed","template":"","meta":[],"product_brand":[],"product_cat":[87],"product_tag":[88,430],"class_list":{"0":"post-393","1":"product","2":"type-product","3":"status-publish","4":"has-post-thumbnail","6":"product_cat-gin","7":"product_tag-gin","8":"product_tag-jj-whitley","10":"first","11":"instock","12":"shipping-taxable","13":"purchasable","14":"product-type-simple"},"yoast_head":"<!-- This site is optimized with the Yoast SEO plugin v26.9 - https:\/\/yoast.com\/product\/yoast-seo-wordpress\/ -->\n<title>JJ Whitley London Dry Gin 0,7 38% - B2B MVGD PL<\/title>\n<meta name=\"robots\" content=\"index, follow, max-snippet:-1, max-image-preview:large, max-video-preview:-1\" \/>\n<link rel=\"canonical\" href=\"https:\/\/b2b.mvgd.pl\/index.php\/produkt\/jj-whitley-london-dry-gin-07-38\/\" \/>\n<meta property=\"og:locale\" content=\"pl_PL\" \/>\n<meta property=\"og:type\" content=\"article\" \/>\n<meta property=\"og:title\" content=\"JJ Whitley London Dry Gin 0,7 38% - B2B MVGD PL\" \/>\n<meta property=\"og:description\" content=\"JJ London Dry Gin to efekt o\u015bmiu pokole\u0144 historii destylacji. To klasyczna receptura London Dry, oparta na mieszance o\u015bmiu botanicznych sk\u0142adnik\u00f3w: sk\u00f3rki pomara\u0144czy, sk\u00f3rki cytryny, ja\u0142owiec, nasiona angeliki, nasiona kolendry, lukrecja, cynamon kory chi\u0144skiej i korze\u0144 irysa.\" \/>\n<meta property=\"og:url\" content=\"https:\/\/b2b.mvgd.pl\/index.php\/produkt\/jj-whitley-london-dry-gin-07-38\/\" \/>\n<meta property=\"og:site_name\" content=\"B2B MVGD PL\" \/>\n<meta property=\"article:modified_time\" content=\"2026-02-16T18:42:58+00:00\" \/>\n<meta name=\"twitter:card\" content=\"summary_large_image\" \/>\n<script type=\"application\/ld+json\" class=\"yoast-schema-graph\">{\"@context\":\"https:\/\/schema.org\",\"@graph\":[{\"@type\":\"WebPage\",\"@id\":\"https:\/\/b2b.mvgd.pl\/index.php\/produkt\/jj-whitley-london-dry-gin-07-38\/\",\"url\":\"https:\/\/b2b.mvgd.pl\/index.php\/produkt\/jj-whitley-london-dry-gin-07-38\/\",\"name\":\"JJ Whitley London Dry Gin 0,7 38% - B2B MVGD PL\",\"isPartOf\":{\"@id\":\"https:\/\/b2b.mvgd.pl\/#website\"},\"primaryImageOfPage\":{\"@id\":\"https:\/\/b2b.mvgd.pl\/index.php\/produkt\/jj-whitley-london-dry-gin-07-38\/#primaryimage\"},\"image\":{\"@id\":\"https:\/\/b2b.mvgd.pl\/index.php\/produkt\/jj-whitley-london-dry-gin-07-38\/#primaryimage\"},\"thumbnailUrl\":\"https:\/\/b2b.mvgd.pl\/wp-content\/uploads\/2026\/02\/PDZHAS0146.png\",\"datePublished\":\"2026-02-16T18:40:36+00:00\",\"dateModified\":\"2026-02-16T18:42:58+00:00\",\"breadcrumb\":{\"@id\":\"https:\/\/b2b.mvgd.pl\/index.php\/produkt\/jj-whitley-london-dry-gin-07-38\/#breadcrumb\"},\"inLanguage\":\"pl-PL\",\"potentialAction\":[{\"@type\":\"ReadAction\",\"target\":[\"https:\/\/b2b.mvgd.pl\/index.php\/produkt\/jj-whitley-london-dry-gin-07-38\/\"]}]},{\"@type\":\"ImageObject\",\"inLanguage\":\"pl-PL\",\"@id\":\"https:\/\/b2b.mvgd.pl\/index.php\/produkt\/jj-whitley-london-dry-gin-07-38\/#primaryimage\",\"url\":\"https:\/\/b2b.mvgd.pl\/wp-content\/uploads\/2026\/02\/PDZHAS0146.png\",\"contentUrl\":\"https:\/\/b2b.mvgd.pl\/wp-content\/uploads\/2026\/02\/PDZHAS0146.png\",\"width\":900,\"height\":1200},{\"@type\":\"BreadcrumbList\",\"@id\":\"https:\/\/b2b.mvgd.pl\/index.php\/produkt\/jj-whitley-london-dry-gin-07-38\/#breadcrumb\",\"itemListElement\":[{\"@type\":\"ListItem\",\"position\":1,\"name\":\"Strona g\u0142\u00f3wna\",\"item\":\"https:\/\/b2b.mvgd.pl\/\"},{\"@type\":\"ListItem\",\"position\":2,\"name\":\"Shop\",\"item\":\"https:\/\/b2b.mvgd.pl\/index.php\/shop\/\"},{\"@type\":\"ListItem\",\"position\":3,\"name\":\"JJ Whitley London Dry Gin 0,7 38%\"}]},{\"@type\":\"WebSite\",\"@id\":\"https:\/\/b2b.mvgd.pl\/#website\",\"url\":\"https:\/\/b2b.mvgd.pl\/\",\"name\":\"B2B MVGD PL\",\"description\":\"\",\"potentialAction\":[{\"@type\":\"SearchAction\",\"target\":{\"@type\":\"EntryPoint\",\"urlTemplate\":\"https:\/\/b2b.mvgd.pl\/?s={search_term_string}\"},\"query-input\":{\"@type\":\"PropertyValueSpecification\",\"valueRequired\":true,\"valueName\":\"search_term_string\"}}],\"inLanguage\":\"pl-PL\"}]}<\/script>\n<!-- \/ Yoast SEO plugin. -->","yoast_head_json":{"title":"JJ Whitley London Dry Gin 0,7 38% - B2B MVGD PL","robots":{"index":"index","follow":"follow","max-snippet":"max-snippet:-1","max-image-preview":"max-image-preview:large","max-video-preview":"max-video-preview:-1"},"canonical":"https:\/\/b2b.mvgd.pl\/index.php\/produkt\/jj-whitley-london-dry-gin-07-38\/","og_locale":"pl_PL","og_type":"article","og_title":"JJ Whitley London Dry Gin 0,7 38% - B2B MVGD PL","og_description":"JJ London Dry Gin to efekt o\u015bmiu pokole\u0144 historii destylacji. To klasyczna receptura London Dry, oparta na mieszance o\u015bmiu botanicznych sk\u0142adnik\u00f3w: sk\u00f3rki pomara\u0144czy, sk\u00f3rki cytryny, ja\u0142owiec, nasiona angeliki, nasiona kolendry, lukrecja, cynamon kory chi\u0144skiej i korze\u0144 irysa.","og_url":"https:\/\/b2b.mvgd.pl\/index.php\/produkt\/jj-whitley-london-dry-gin-07-38\/","og_site_name":"B2B MVGD PL","article_modified_time":"2026-02-16T18:42:58+00:00","twitter_card":"summary_large_image","schema":{"@context":"https:\/\/schema.org","@graph":[{"@type":"WebPage","@id":"https:\/\/b2b.mvgd.pl\/index.php\/produkt\/jj-whitley-london-dry-gin-07-38\/","url":"https:\/\/b2b.mvgd.pl\/index.php\/produkt\/jj-whitley-london-dry-gin-07-38\/","name":"JJ Whitley London Dry Gin 0,7 38% - B2B MVGD PL","isPartOf":{"@id":"https:\/\/b2b.mvgd.pl\/#website"},"primaryImageOfPage":{"@id":"https:\/\/b2b.mvgd.pl\/index.php\/produkt\/jj-whitley-london-dry-gin-07-38\/#primaryimage"},"image":{"@id":"https:\/\/b2b.mvgd.pl\/index.php\/produkt\/jj-whitley-london-dry-gin-07-38\/#primaryimage"},"thumbnailUrl":"https:\/\/b2b.mvgd.pl\/wp-content\/uploads\/2026\/02\/PDZHAS0146.png","datePublished":"2026-02-16T18:40:36+00:00","dateModified":"2026-02-16T18:42:58+00:00","breadcrumb":{"@id":"https:\/\/b2b.mvgd.pl\/index.php\/produkt\/jj-whitley-london-dry-gin-07-38\/#breadcrumb"},"inLanguage":"pl-PL","potentialAction":[{"@type":"ReadAction","target":["https:\/\/b2b.mvgd.pl\/index.php\/produkt\/jj-whitley-london-dry-gin-07-38\/"]}]},{"@type":"ImageObject","inLanguage":"pl-PL","@id":"https:\/\/b2b.mvgd.pl\/index.php\/produkt\/jj-whitley-london-dry-gin-07-38\/#primaryimage","url":"https:\/\/b2b.mvgd.pl\/wp-content\/uploads\/2026\/02\/PDZHAS0146.png","contentUrl":"https:\/\/b2b.mvgd.pl\/wp-content\/uploads\/2026\/02\/PDZHAS0146.png","width":900,"height":1200},{"@type":"BreadcrumbList","@id":"https:\/\/b2b.mvgd.pl\/index.php\/produkt\/jj-whitley-london-dry-gin-07-38\/#breadcrumb","itemListElement":[{"@type":"ListItem","position":1,"name":"Strona g\u0142\u00f3wna","item":"https:\/\/b2b.mvgd.pl\/"},{"@type":"ListItem","position":2,"name":"Shop","item":"https:\/\/b2b.mvgd.pl\/index.php\/shop\/"},{"@type":"ListItem","position":3,"name":"JJ Whitley London Dry Gin 0,7 38%"}]},{"@type":"WebSite","@id":"https:\/\/b2b.mvgd.pl\/#website","url":"https:\/\/b2b.mvgd.pl\/","name":"B2B MVGD PL","description":"","potentialAction":[{"@type":"SearchAction","target":{"@type":"EntryPoint","urlTemplate":"https:\/\/b2b.mvgd.pl\/?s={search_term_string}"},"query-input":{"@type":"PropertyValueSpecification","valueRequired":true,"valueName":"search_term_string"}}],"inLanguage":"pl-PL"}]}},"jetpack_sharing_enabled":true,"_links":{"self":[{"href":"https:\/\/b2b.mvgd.pl\/index.php\/wp-json\/wp\/v2\/product\/393","targetHints":{"allow":["GET"]}}],"collection":[{"href":"https:\/\/b2b.mvgd.pl\/index.php\/wp-json\/wp\/v2\/product"}],"about":[{"href":"https:\/\/b2b.mvgd.pl\/index.php\/wp-json\/wp\/v2\/types\/product"}],"replies":[{"embeddable":true,"href":"https:\/\/b2b.mvgd.pl\/index.php\/wp-json\/wp\/v2\/comments?post=393"}],"version-history":[{"count":0,"href":"https:\/\/b2b.mvgd.pl\/index.php\/wp-json\/wp\/v2\/product\/393\/revisions"}],"wp:featuredmedia":[{"embeddable":true,"href":"https:\/\/b2b.mvgd.pl\/index.php\/wp-json\/wp\/v2\/media\/448"}],"wp:attachment":[{"href":"https:\/\/b2b.mvgd.pl\/index.php\/wp-json\/wp\/v2\/media?parent=393"}],"wp:term":[{"taxonomy":"product_brand","embeddable":true,"href":"https:\/\/b2b.mvgd.pl\/index.php\/wp-json\/wp\/v2\/product_brand?post=393"},{"taxonomy":"product_cat","embeddable":true,"href":"https:\/\/b2b.mvgd.pl\/index.php\/wp-json\/wp\/v2\/product_cat?post=393"},{"taxonomy":"product_tag","embeddable":true,"href":"https:\/\/b2b.mvgd.pl\/index.php\/wp-json\/wp\/v2\/product_tag?post=393"}],"curies":[{"name":"wp","href":"https:\/\/api.w.org\/{rel}","templated":true}]}}