{"id":390,"date":"2026-02-16T18:40:36","date_gmt":"2026-02-16T18:40:36","guid":{"rendered":"https:\/\/b2b.mvgd.pl\/?post_type=product&#038;p=390"},"modified":"2026-02-16T18:42:44","modified_gmt":"2026-02-16T18:42:44","slug":"dead-mans-fingers-mango-tequila-cream-liqueur-07l-15","status":"publish","type":"product","link":"https:\/\/b2b.mvgd.pl\/index.php\/produkt\/dead-mans-fingers-mango-tequila-cream-liqueur-07l-15\/","title":{"rendered":"Dead Man&#8217;s Fingers Mango Tequila Cream Liqueur 0,7l 15%"},"content":{"rendered":"","protected":false},"excerpt":{"rendered":"<p><span class=\"OYPEnA text-decoration-none text-strikethrough-none\">G\u0142adki, luksusowy likier kremowy o smaku mango, stworzony z Tequili Reposado. Wysokiej jako\u015bci Tequila po\u0142\u0105czona z kremem o bogatym smaku oraz tropikalnymi nutami mango oferuje pyszne doznania podczas picia. Tequila Reposado dojrzewa w beczkach po bourbonie, co nadaje jej g\u0142adki smak oraz nuty wanilii i miodu. Ten proces starzenia pozwala trunkowi z\u0142agodnie\u0107 i przyj\u0105\u0107 g\u0142\u0119boki, z\u0142o\u017cony charakter.<\/span><\/p>\n","protected":false},"featured_media":441,"comment_status":"open","ping_status":"closed","template":"","meta":[],"product_brand":[],"product_cat":[428],"product_tag":[404,405,429],"class_list":{"0":"post-390","1":"product","2":"type-product","3":"status-publish","4":"has-post-thumbnail","6":"product_cat-likiery","7":"product_tag-dead-mans-fingers","8":"product_tag-dmf","9":"product_tag-likier","11":"first","12":"instock","13":"shipping-taxable","14":"purchasable","15":"product-type-simple"},"yoast_head":"<!-- This site is optimized with the Yoast SEO plugin v26.9 - https:\/\/yoast.com\/product\/yoast-seo-wordpress\/ -->\n<title>Dead Man&#039;s Fingers Mango Tequila Cream Liqueur 0,7l 15% - B2B MVGD PL<\/title>\n<meta name=\"robots\" content=\"index, follow, max-snippet:-1, max-image-preview:large, max-video-preview:-1\" \/>\n<link rel=\"canonical\" href=\"https:\/\/b2b.mvgd.pl\/index.php\/produkt\/dead-mans-fingers-mango-tequila-cream-liqueur-07l-15\/\" \/>\n<meta property=\"og:locale\" content=\"pl_PL\" \/>\n<meta property=\"og:type\" content=\"article\" \/>\n<meta property=\"og:title\" content=\"Dead Man&#039;s Fingers Mango Tequila Cream Liqueur 0,7l 15% - B2B MVGD PL\" \/>\n<meta property=\"og:description\" content=\"G\u0142adki, luksusowy likier kremowy o smaku mango, stworzony z Tequili Reposado. Wysokiej jako\u015bci Tequila po\u0142\u0105czona z kremem o bogatym smaku oraz tropikalnymi nutami mango oferuje pyszne doznania podczas picia. Tequila Reposado dojrzewa w beczkach po bourbonie, co nadaje jej g\u0142adki smak oraz nuty wanilii i miodu. Ten proces starzenia pozwala trunkowi z\u0142agodnie\u0107 i przyj\u0105\u0107 g\u0142\u0119boki, z\u0142o\u017cony charakter.\" \/>\n<meta property=\"og:url\" content=\"https:\/\/b2b.mvgd.pl\/index.php\/produkt\/dead-mans-fingers-mango-tequila-cream-liqueur-07l-15\/\" \/>\n<meta property=\"og:site_name\" content=\"B2B MVGD PL\" \/>\n<meta property=\"article:modified_time\" content=\"2026-02-16T18:42:44+00:00\" \/>\n<meta name=\"twitter:card\" content=\"summary_large_image\" \/>\n<script type=\"application\/ld+json\" class=\"yoast-schema-graph\">{\"@context\":\"https:\/\/schema.org\",\"@graph\":[{\"@type\":\"WebPage\",\"@id\":\"https:\/\/b2b.mvgd.pl\/index.php\/produkt\/dead-mans-fingers-mango-tequila-cream-liqueur-07l-15\/\",\"url\":\"https:\/\/b2b.mvgd.pl\/index.php\/produkt\/dead-mans-fingers-mango-tequila-cream-liqueur-07l-15\/\",\"name\":\"Dead Man's Fingers Mango Tequila Cream Liqueur 0,7l 15% - B2B MVGD PL\",\"isPartOf\":{\"@id\":\"https:\/\/b2b.mvgd.pl\/#website\"},\"primaryImageOfPage\":{\"@id\":\"https:\/\/b2b.mvgd.pl\/index.php\/produkt\/dead-mans-fingers-mango-tequila-cream-liqueur-07l-15\/#primaryimage\"},\"image\":{\"@id\":\"https:\/\/b2b.mvgd.pl\/index.php\/produkt\/dead-mans-fingers-mango-tequila-cream-liqueur-07l-15\/#primaryimage\"},\"thumbnailUrl\":\"https:\/\/b2b.mvgd.pl\/wp-content\/uploads\/2026\/02\/PLIHAS0446.png\",\"datePublished\":\"2026-02-16T18:40:36+00:00\",\"dateModified\":\"2026-02-16T18:42:44+00:00\",\"breadcrumb\":{\"@id\":\"https:\/\/b2b.mvgd.pl\/index.php\/produkt\/dead-mans-fingers-mango-tequila-cream-liqueur-07l-15\/#breadcrumb\"},\"inLanguage\":\"pl-PL\",\"potentialAction\":[{\"@type\":\"ReadAction\",\"target\":[\"https:\/\/b2b.mvgd.pl\/index.php\/produkt\/dead-mans-fingers-mango-tequila-cream-liqueur-07l-15\/\"]}]},{\"@type\":\"ImageObject\",\"inLanguage\":\"pl-PL\",\"@id\":\"https:\/\/b2b.mvgd.pl\/index.php\/produkt\/dead-mans-fingers-mango-tequila-cream-liqueur-07l-15\/#primaryimage\",\"url\":\"https:\/\/b2b.mvgd.pl\/wp-content\/uploads\/2026\/02\/PLIHAS0446.png\",\"contentUrl\":\"https:\/\/b2b.mvgd.pl\/wp-content\/uploads\/2026\/02\/PLIHAS0446.png\",\"width\":900,\"height\":1200},{\"@type\":\"BreadcrumbList\",\"@id\":\"https:\/\/b2b.mvgd.pl\/index.php\/produkt\/dead-mans-fingers-mango-tequila-cream-liqueur-07l-15\/#breadcrumb\",\"itemListElement\":[{\"@type\":\"ListItem\",\"position\":1,\"name\":\"Strona g\u0142\u00f3wna\",\"item\":\"https:\/\/b2b.mvgd.pl\/\"},{\"@type\":\"ListItem\",\"position\":2,\"name\":\"Shop\",\"item\":\"https:\/\/b2b.mvgd.pl\/index.php\/shop\/\"},{\"@type\":\"ListItem\",\"position\":3,\"name\":\"Dead Man&#8217;s Fingers Mango Tequila Cream Liqueur 0,7l 15%\"}]},{\"@type\":\"WebSite\",\"@id\":\"https:\/\/b2b.mvgd.pl\/#website\",\"url\":\"https:\/\/b2b.mvgd.pl\/\",\"name\":\"B2B MVGD PL\",\"description\":\"\",\"potentialAction\":[{\"@type\":\"SearchAction\",\"target\":{\"@type\":\"EntryPoint\",\"urlTemplate\":\"https:\/\/b2b.mvgd.pl\/?s={search_term_string}\"},\"query-input\":{\"@type\":\"PropertyValueSpecification\",\"valueRequired\":true,\"valueName\":\"search_term_string\"}}],\"inLanguage\":\"pl-PL\"}]}<\/script>\n<!-- \/ Yoast SEO plugin. -->","yoast_head_json":{"title":"Dead Man's Fingers Mango Tequila Cream Liqueur 0,7l 15% - B2B MVGD PL","robots":{"index":"index","follow":"follow","max-snippet":"max-snippet:-1","max-image-preview":"max-image-preview:large","max-video-preview":"max-video-preview:-1"},"canonical":"https:\/\/b2b.mvgd.pl\/index.php\/produkt\/dead-mans-fingers-mango-tequila-cream-liqueur-07l-15\/","og_locale":"pl_PL","og_type":"article","og_title":"Dead Man's Fingers Mango Tequila Cream Liqueur 0,7l 15% - B2B MVGD PL","og_description":"G\u0142adki, luksusowy likier kremowy o smaku mango, stworzony z Tequili Reposado. Wysokiej jako\u015bci Tequila po\u0142\u0105czona z kremem o bogatym smaku oraz tropikalnymi nutami mango oferuje pyszne doznania podczas picia. Tequila Reposado dojrzewa w beczkach po bourbonie, co nadaje jej g\u0142adki smak oraz nuty wanilii i miodu. Ten proces starzenia pozwala trunkowi z\u0142agodnie\u0107 i przyj\u0105\u0107 g\u0142\u0119boki, z\u0142o\u017cony charakter.","og_url":"https:\/\/b2b.mvgd.pl\/index.php\/produkt\/dead-mans-fingers-mango-tequila-cream-liqueur-07l-15\/","og_site_name":"B2B MVGD PL","article_modified_time":"2026-02-16T18:42:44+00:00","twitter_card":"summary_large_image","schema":{"@context":"https:\/\/schema.org","@graph":[{"@type":"WebPage","@id":"https:\/\/b2b.mvgd.pl\/index.php\/produkt\/dead-mans-fingers-mango-tequila-cream-liqueur-07l-15\/","url":"https:\/\/b2b.mvgd.pl\/index.php\/produkt\/dead-mans-fingers-mango-tequila-cream-liqueur-07l-15\/","name":"Dead Man's Fingers Mango Tequila Cream Liqueur 0,7l 15% - B2B MVGD PL","isPartOf":{"@id":"https:\/\/b2b.mvgd.pl\/#website"},"primaryImageOfPage":{"@id":"https:\/\/b2b.mvgd.pl\/index.php\/produkt\/dead-mans-fingers-mango-tequila-cream-liqueur-07l-15\/#primaryimage"},"image":{"@id":"https:\/\/b2b.mvgd.pl\/index.php\/produkt\/dead-mans-fingers-mango-tequila-cream-liqueur-07l-15\/#primaryimage"},"thumbnailUrl":"https:\/\/b2b.mvgd.pl\/wp-content\/uploads\/2026\/02\/PLIHAS0446.png","datePublished":"2026-02-16T18:40:36+00:00","dateModified":"2026-02-16T18:42:44+00:00","breadcrumb":{"@id":"https:\/\/b2b.mvgd.pl\/index.php\/produkt\/dead-mans-fingers-mango-tequila-cream-liqueur-07l-15\/#breadcrumb"},"inLanguage":"pl-PL","potentialAction":[{"@type":"ReadAction","target":["https:\/\/b2b.mvgd.pl\/index.php\/produkt\/dead-mans-fingers-mango-tequila-cream-liqueur-07l-15\/"]}]},{"@type":"ImageObject","inLanguage":"pl-PL","@id":"https:\/\/b2b.mvgd.pl\/index.php\/produkt\/dead-mans-fingers-mango-tequila-cream-liqueur-07l-15\/#primaryimage","url":"https:\/\/b2b.mvgd.pl\/wp-content\/uploads\/2026\/02\/PLIHAS0446.png","contentUrl":"https:\/\/b2b.mvgd.pl\/wp-content\/uploads\/2026\/02\/PLIHAS0446.png","width":900,"height":1200},{"@type":"BreadcrumbList","@id":"https:\/\/b2b.mvgd.pl\/index.php\/produkt\/dead-mans-fingers-mango-tequila-cream-liqueur-07l-15\/#breadcrumb","itemListElement":[{"@type":"ListItem","position":1,"name":"Strona g\u0142\u00f3wna","item":"https:\/\/b2b.mvgd.pl\/"},{"@type":"ListItem","position":2,"name":"Shop","item":"https:\/\/b2b.mvgd.pl\/index.php\/shop\/"},{"@type":"ListItem","position":3,"name":"Dead Man&#8217;s Fingers Mango Tequila Cream Liqueur 0,7l 15%"}]},{"@type":"WebSite","@id":"https:\/\/b2b.mvgd.pl\/#website","url":"https:\/\/b2b.mvgd.pl\/","name":"B2B MVGD PL","description":"","potentialAction":[{"@type":"SearchAction","target":{"@type":"EntryPoint","urlTemplate":"https:\/\/b2b.mvgd.pl\/?s={search_term_string}"},"query-input":{"@type":"PropertyValueSpecification","valueRequired":true,"valueName":"search_term_string"}}],"inLanguage":"pl-PL"}]}},"jetpack_sharing_enabled":true,"_links":{"self":[{"href":"https:\/\/b2b.mvgd.pl\/index.php\/wp-json\/wp\/v2\/product\/390","targetHints":{"allow":["GET"]}}],"collection":[{"href":"https:\/\/b2b.mvgd.pl\/index.php\/wp-json\/wp\/v2\/product"}],"about":[{"href":"https:\/\/b2b.mvgd.pl\/index.php\/wp-json\/wp\/v2\/types\/product"}],"replies":[{"embeddable":true,"href":"https:\/\/b2b.mvgd.pl\/index.php\/wp-json\/wp\/v2\/comments?post=390"}],"version-history":[{"count":0,"href":"https:\/\/b2b.mvgd.pl\/index.php\/wp-json\/wp\/v2\/product\/390\/revisions"}],"wp:featuredmedia":[{"embeddable":true,"href":"https:\/\/b2b.mvgd.pl\/index.php\/wp-json\/wp\/v2\/media\/441"}],"wp:attachment":[{"href":"https:\/\/b2b.mvgd.pl\/index.php\/wp-json\/wp\/v2\/media?parent=390"}],"wp:term":[{"taxonomy":"product_brand","embeddable":true,"href":"https:\/\/b2b.mvgd.pl\/index.php\/wp-json\/wp\/v2\/product_brand?post=390"},{"taxonomy":"product_cat","embeddable":true,"href":"https:\/\/b2b.mvgd.pl\/index.php\/wp-json\/wp\/v2\/product_cat?post=390"},{"taxonomy":"product_tag","embeddable":true,"href":"https:\/\/b2b.mvgd.pl\/index.php\/wp-json\/wp\/v2\/product_tag?post=390"}],"curies":[{"name":"wp","href":"https:\/\/api.w.org\/{rel}","templated":true}]}}