{"id":332,"date":"2026-02-16T18:38:29","date_gmt":"2026-02-16T18:38:29","guid":{"rendered":"https:\/\/b2b.mvgd.pl\/?post_type=product&#038;p=332"},"modified":"2026-02-16T18:40:51","modified_gmt":"2026-02-16T18:40:51","slug":"red-band-tutti-frutti-bears15g","status":"publish","type":"product","link":"https:\/\/b2b.mvgd.pl\/index.php\/produkt\/red-band-tutti-frutti-bears15g\/","title":{"rendered":"Red Band Tutti Frutti Bears15g"},"content":{"rendered":"","protected":false},"excerpt":{"rendered":"<div class=\"woocommerce-product-details__short-description\">\n<p>Cukierki o owocowym smaku w kszta\u0142cie misi\u00f3w. S\u0105 bezglutenowe, przyjazne dla wegetarian, dodatkowo nie zawieraj\u0105 sztucznych barwnik\u00f3w.<\/p>\n<p>Red Band Tutti Frutti od dekad jest znan\u0105 na ca\u0142ym \u015bwiecie i uwielbian\u0105 przez dzieci mark\u0105. Uwielbiaj\u0105 je zar\u00f3wno dzieci, jaki i nastolatkowie.<\/p>\n<\/div>\n","protected":false},"featured_media":399,"comment_status":"open","ping_status":"closed","template":"","meta":[],"product_brand":[],"product_cat":[393],"product_tag":[],"class_list":{"0":"post-332","1":"product","2":"type-product","3":"status-publish","4":"has-post-thumbnail","6":"product_cat-slodycze","8":"first","9":"instock","10":"shipping-taxable","11":"purchasable","12":"product-type-simple"},"yoast_head":"<!-- This site is optimized with the Yoast SEO plugin v26.9 - https:\/\/yoast.com\/product\/yoast-seo-wordpress\/ -->\n<title>Red Band Tutti Frutti Bears15g - B2B MVGD PL<\/title>\n<meta name=\"robots\" content=\"index, follow, max-snippet:-1, max-image-preview:large, max-video-preview:-1\" \/>\n<link rel=\"canonical\" href=\"https:\/\/b2b.mvgd.pl\/index.php\/produkt\/red-band-tutti-frutti-bears15g\/\" \/>\n<meta property=\"og:locale\" content=\"pl_PL\" \/>\n<meta property=\"og:type\" content=\"article\" \/>\n<meta property=\"og:title\" content=\"Red Band Tutti Frutti Bears15g - B2B MVGD PL\" \/>\n<meta property=\"og:description\" content=\"Cukierki o owocowym smaku w kszta\u0142cie misi\u00f3w. S\u0105 bezglutenowe, przyjazne dla wegetarian, dodatkowo nie zawieraj\u0105 sztucznych barwnik\u00f3w.  Red Band Tutti Frutti od dekad jest znan\u0105 na ca\u0142ym \u015bwiecie i uwielbian\u0105 przez dzieci mark\u0105. Uwielbiaj\u0105 je zar\u00f3wno dzieci, jaki i nastolatkowie.\" \/>\n<meta property=\"og:url\" content=\"https:\/\/b2b.mvgd.pl\/index.php\/produkt\/red-band-tutti-frutti-bears15g\/\" \/>\n<meta property=\"og:site_name\" content=\"B2B MVGD PL\" \/>\n<meta property=\"article:modified_time\" content=\"2026-02-16T18:40:51+00:00\" \/>\n<meta name=\"twitter:card\" content=\"summary_large_image\" \/>\n<script type=\"application\/ld+json\" class=\"yoast-schema-graph\">{\"@context\":\"https:\/\/schema.org\",\"@graph\":[{\"@type\":\"WebPage\",\"@id\":\"https:\/\/b2b.mvgd.pl\/index.php\/produkt\/red-band-tutti-frutti-bears15g\/\",\"url\":\"https:\/\/b2b.mvgd.pl\/index.php\/produkt\/red-band-tutti-frutti-bears15g\/\",\"name\":\"Red Band Tutti Frutti Bears15g - B2B MVGD PL\",\"isPartOf\":{\"@id\":\"https:\/\/b2b.mvgd.pl\/#website\"},\"primaryImageOfPage\":{\"@id\":\"https:\/\/b2b.mvgd.pl\/index.php\/produkt\/red-band-tutti-frutti-bears15g\/#primaryimage\"},\"image\":{\"@id\":\"https:\/\/b2b.mvgd.pl\/index.php\/produkt\/red-band-tutti-frutti-bears15g\/#primaryimage\"},\"thumbnailUrl\":\"https:\/\/b2b.mvgd.pl\/wp-content\/uploads\/2026\/02\/bears.png\",\"datePublished\":\"2026-02-16T18:38:29+00:00\",\"dateModified\":\"2026-02-16T18:40:51+00:00\",\"breadcrumb\":{\"@id\":\"https:\/\/b2b.mvgd.pl\/index.php\/produkt\/red-band-tutti-frutti-bears15g\/#breadcrumb\"},\"inLanguage\":\"pl-PL\",\"potentialAction\":[{\"@type\":\"ReadAction\",\"target\":[\"https:\/\/b2b.mvgd.pl\/index.php\/produkt\/red-band-tutti-frutti-bears15g\/\"]}]},{\"@type\":\"ImageObject\",\"inLanguage\":\"pl-PL\",\"@id\":\"https:\/\/b2b.mvgd.pl\/index.php\/produkt\/red-band-tutti-frutti-bears15g\/#primaryimage\",\"url\":\"https:\/\/b2b.mvgd.pl\/wp-content\/uploads\/2026\/02\/bears.png\",\"contentUrl\":\"https:\/\/b2b.mvgd.pl\/wp-content\/uploads\/2026\/02\/bears.png\",\"width\":900,\"height\":1200},{\"@type\":\"BreadcrumbList\",\"@id\":\"https:\/\/b2b.mvgd.pl\/index.php\/produkt\/red-band-tutti-frutti-bears15g\/#breadcrumb\",\"itemListElement\":[{\"@type\":\"ListItem\",\"position\":1,\"name\":\"Strona g\u0142\u00f3wna\",\"item\":\"https:\/\/b2b.mvgd.pl\/\"},{\"@type\":\"ListItem\",\"position\":2,\"name\":\"Shop\",\"item\":\"https:\/\/b2b.mvgd.pl\/index.php\/shop\/\"},{\"@type\":\"ListItem\",\"position\":3,\"name\":\"Red Band Tutti Frutti Bears15g\"}]},{\"@type\":\"WebSite\",\"@id\":\"https:\/\/b2b.mvgd.pl\/#website\",\"url\":\"https:\/\/b2b.mvgd.pl\/\",\"name\":\"B2B MVGD PL\",\"description\":\"\",\"potentialAction\":[{\"@type\":\"SearchAction\",\"target\":{\"@type\":\"EntryPoint\",\"urlTemplate\":\"https:\/\/b2b.mvgd.pl\/?s={search_term_string}\"},\"query-input\":{\"@type\":\"PropertyValueSpecification\",\"valueRequired\":true,\"valueName\":\"search_term_string\"}}],\"inLanguage\":\"pl-PL\"}]}<\/script>\n<!-- \/ Yoast SEO plugin. -->","yoast_head_json":{"title":"Red Band Tutti Frutti Bears15g - B2B MVGD PL","robots":{"index":"index","follow":"follow","max-snippet":"max-snippet:-1","max-image-preview":"max-image-preview:large","max-video-preview":"max-video-preview:-1"},"canonical":"https:\/\/b2b.mvgd.pl\/index.php\/produkt\/red-band-tutti-frutti-bears15g\/","og_locale":"pl_PL","og_type":"article","og_title":"Red Band Tutti Frutti Bears15g - B2B MVGD PL","og_description":"Cukierki o owocowym smaku w kszta\u0142cie misi\u00f3w. S\u0105 bezglutenowe, przyjazne dla wegetarian, dodatkowo nie zawieraj\u0105 sztucznych barwnik\u00f3w.  Red Band Tutti Frutti od dekad jest znan\u0105 na ca\u0142ym \u015bwiecie i uwielbian\u0105 przez dzieci mark\u0105. Uwielbiaj\u0105 je zar\u00f3wno dzieci, jaki i nastolatkowie.","og_url":"https:\/\/b2b.mvgd.pl\/index.php\/produkt\/red-band-tutti-frutti-bears15g\/","og_site_name":"B2B MVGD PL","article_modified_time":"2026-02-16T18:40:51+00:00","twitter_card":"summary_large_image","schema":{"@context":"https:\/\/schema.org","@graph":[{"@type":"WebPage","@id":"https:\/\/b2b.mvgd.pl\/index.php\/produkt\/red-band-tutti-frutti-bears15g\/","url":"https:\/\/b2b.mvgd.pl\/index.php\/produkt\/red-band-tutti-frutti-bears15g\/","name":"Red Band Tutti Frutti Bears15g - B2B MVGD PL","isPartOf":{"@id":"https:\/\/b2b.mvgd.pl\/#website"},"primaryImageOfPage":{"@id":"https:\/\/b2b.mvgd.pl\/index.php\/produkt\/red-band-tutti-frutti-bears15g\/#primaryimage"},"image":{"@id":"https:\/\/b2b.mvgd.pl\/index.php\/produkt\/red-band-tutti-frutti-bears15g\/#primaryimage"},"thumbnailUrl":"https:\/\/b2b.mvgd.pl\/wp-content\/uploads\/2026\/02\/bears.png","datePublished":"2026-02-16T18:38:29+00:00","dateModified":"2026-02-16T18:40:51+00:00","breadcrumb":{"@id":"https:\/\/b2b.mvgd.pl\/index.php\/produkt\/red-band-tutti-frutti-bears15g\/#breadcrumb"},"inLanguage":"pl-PL","potentialAction":[{"@type":"ReadAction","target":["https:\/\/b2b.mvgd.pl\/index.php\/produkt\/red-band-tutti-frutti-bears15g\/"]}]},{"@type":"ImageObject","inLanguage":"pl-PL","@id":"https:\/\/b2b.mvgd.pl\/index.php\/produkt\/red-band-tutti-frutti-bears15g\/#primaryimage","url":"https:\/\/b2b.mvgd.pl\/wp-content\/uploads\/2026\/02\/bears.png","contentUrl":"https:\/\/b2b.mvgd.pl\/wp-content\/uploads\/2026\/02\/bears.png","width":900,"height":1200},{"@type":"BreadcrumbList","@id":"https:\/\/b2b.mvgd.pl\/index.php\/produkt\/red-band-tutti-frutti-bears15g\/#breadcrumb","itemListElement":[{"@type":"ListItem","position":1,"name":"Strona g\u0142\u00f3wna","item":"https:\/\/b2b.mvgd.pl\/"},{"@type":"ListItem","position":2,"name":"Shop","item":"https:\/\/b2b.mvgd.pl\/index.php\/shop\/"},{"@type":"ListItem","position":3,"name":"Red Band Tutti Frutti Bears15g"}]},{"@type":"WebSite","@id":"https:\/\/b2b.mvgd.pl\/#website","url":"https:\/\/b2b.mvgd.pl\/","name":"B2B MVGD PL","description":"","potentialAction":[{"@type":"SearchAction","target":{"@type":"EntryPoint","urlTemplate":"https:\/\/b2b.mvgd.pl\/?s={search_term_string}"},"query-input":{"@type":"PropertyValueSpecification","valueRequired":true,"valueName":"search_term_string"}}],"inLanguage":"pl-PL"}]}},"jetpack_sharing_enabled":true,"_links":{"self":[{"href":"https:\/\/b2b.mvgd.pl\/index.php\/wp-json\/wp\/v2\/product\/332","targetHints":{"allow":["GET"]}}],"collection":[{"href":"https:\/\/b2b.mvgd.pl\/index.php\/wp-json\/wp\/v2\/product"}],"about":[{"href":"https:\/\/b2b.mvgd.pl\/index.php\/wp-json\/wp\/v2\/types\/product"}],"replies":[{"embeddable":true,"href":"https:\/\/b2b.mvgd.pl\/index.php\/wp-json\/wp\/v2\/comments?post=332"}],"version-history":[{"count":0,"href":"https:\/\/b2b.mvgd.pl\/index.php\/wp-json\/wp\/v2\/product\/332\/revisions"}],"wp:featuredmedia":[{"embeddable":true,"href":"https:\/\/b2b.mvgd.pl\/index.php\/wp-json\/wp\/v2\/media\/399"}],"wp:attachment":[{"href":"https:\/\/b2b.mvgd.pl\/index.php\/wp-json\/wp\/v2\/media?parent=332"}],"wp:term":[{"taxonomy":"product_brand","embeddable":true,"href":"https:\/\/b2b.mvgd.pl\/index.php\/wp-json\/wp\/v2\/product_brand?post=332"},{"taxonomy":"product_cat","embeddable":true,"href":"https:\/\/b2b.mvgd.pl\/index.php\/wp-json\/wp\/v2\/product_cat?post=332"},{"taxonomy":"product_tag","embeddable":true,"href":"https:\/\/b2b.mvgd.pl\/index.php\/wp-json\/wp\/v2\/product_tag?post=332"}],"curies":[{"name":"wp","href":"https:\/\/api.w.org\/{rel}","templated":true}]}}