{"id":314,"date":"2026-02-16T18:38:01","date_gmt":"2026-02-16T18:38:01","guid":{"rendered":"https:\/\/b2b.mvgd.pl\/?post_type=product&#038;p=314"},"modified":"2026-02-16T18:40:20","modified_gmt":"2026-02-16T18:40:20","slug":"gubernija-brown-ale","status":"publish","type":"product","link":"https:\/\/b2b.mvgd.pl\/index.php\/produkt\/gubernija-brown-ale\/","title":{"rendered":"Gubernija Brown Ale"},"content":{"rendered":"<p><strong>Dodatkowe informacje:<\/strong><\/p>\n<p><strong>Chmiel\/s\u0142\u00f3d:<\/strong> S\u0142\u00f3d j\u0119czmienny, s\u0142\u00f3d pszeniczny i chmiel.<br \/>\n<strong>Kolor:<\/strong> G\u0142\u0119boki ciemno br\u0105zowy kolor z g\u0119st\u0105 i trwa\u0142\u0105 piank\u0105, kt\u00f3ra nadaje szlachetno\u015bci wygl\u0105dowi.<br \/>\n<strong>Smak:<\/strong> Bogata s\u0142odowa s\u0142odycz, lekka goryczka, przypominaj\u0105ca kaw\u0119.<\/p>\n","protected":false},"excerpt":{"rendered":"<p>Ciemne piwo pe\u0142ne smaku i aromatu. Posiada delikatne aromaty owoc\u00f3w i \u0142agodnego miodu. Piwo zwie\u0144czone jest g\u0119st\u0105 i trwa\u0142\u0105 pian\u0105, kt\u00f3ra nadaje mu szlachetny wygl\u0105d.<\/p>\n","protected":false},"featured_media":383,"comment_status":"open","ping_status":"closed","template":"","meta":[],"product_brand":[],"product_cat":[380],"product_tag":[],"class_list":{"0":"post-314","1":"product","2":"type-product","3":"status-publish","4":"has-post-thumbnail","6":"product_cat-piwo","8":"first","9":"instock","10":"shipping-taxable","11":"purchasable","12":"product-type-simple"},"yoast_head":"<!-- This site is optimized with the Yoast SEO plugin v26.9 - https:\/\/yoast.com\/product\/yoast-seo-wordpress\/ -->\n<title>Gubernija Brown Ale - B2B MVGD PL<\/title>\n<meta name=\"robots\" content=\"index, follow, max-snippet:-1, max-image-preview:large, max-video-preview:-1\" \/>\n<link rel=\"canonical\" href=\"https:\/\/b2b.mvgd.pl\/index.php\/produkt\/gubernija-brown-ale\/\" \/>\n<meta property=\"og:locale\" content=\"pl_PL\" \/>\n<meta property=\"og:type\" content=\"article\" \/>\n<meta property=\"og:title\" content=\"Gubernija Brown Ale - B2B MVGD PL\" \/>\n<meta property=\"og:description\" content=\"Ciemne piwo pe\u0142ne smaku i aromatu. Posiada delikatne aromaty owoc\u00f3w i \u0142agodnego miodu. Piwo zwie\u0144czone jest g\u0119st\u0105 i trwa\u0142\u0105 pian\u0105, kt\u00f3ra nadaje mu szlachetny wygl\u0105d.\" \/>\n<meta property=\"og:url\" content=\"https:\/\/b2b.mvgd.pl\/index.php\/produkt\/gubernija-brown-ale\/\" \/>\n<meta property=\"og:site_name\" content=\"B2B MVGD PL\" \/>\n<meta property=\"article:modified_time\" content=\"2026-02-16T18:40:20+00:00\" \/>\n<meta name=\"twitter:card\" content=\"summary_large_image\" \/>\n<script type=\"application\/ld+json\" class=\"yoast-schema-graph\">{\"@context\":\"https:\/\/schema.org\",\"@graph\":[{\"@type\":\"WebPage\",\"@id\":\"https:\/\/b2b.mvgd.pl\/index.php\/produkt\/gubernija-brown-ale\/\",\"url\":\"https:\/\/b2b.mvgd.pl\/index.php\/produkt\/gubernija-brown-ale\/\",\"name\":\"Gubernija Brown Ale - B2B MVGD PL\",\"isPartOf\":{\"@id\":\"https:\/\/b2b.mvgd.pl\/#website\"},\"primaryImageOfPage\":{\"@id\":\"https:\/\/b2b.mvgd.pl\/index.php\/produkt\/gubernija-brown-ale\/#primaryimage\"},\"image\":{\"@id\":\"https:\/\/b2b.mvgd.pl\/index.php\/produkt\/gubernija-brown-ale\/#primaryimage\"},\"thumbnailUrl\":\"https:\/\/b2b.mvgd.pl\/wp-content\/uploads\/2026\/02\/Gubernija-Brown-Ale.png\",\"datePublished\":\"2026-02-16T18:38:01+00:00\",\"dateModified\":\"2026-02-16T18:40:20+00:00\",\"breadcrumb\":{\"@id\":\"https:\/\/b2b.mvgd.pl\/index.php\/produkt\/gubernija-brown-ale\/#breadcrumb\"},\"inLanguage\":\"pl-PL\",\"potentialAction\":[{\"@type\":\"ReadAction\",\"target\":[\"https:\/\/b2b.mvgd.pl\/index.php\/produkt\/gubernija-brown-ale\/\"]}]},{\"@type\":\"ImageObject\",\"inLanguage\":\"pl-PL\",\"@id\":\"https:\/\/b2b.mvgd.pl\/index.php\/produkt\/gubernija-brown-ale\/#primaryimage\",\"url\":\"https:\/\/b2b.mvgd.pl\/wp-content\/uploads\/2026\/02\/Gubernija-Brown-Ale.png\",\"contentUrl\":\"https:\/\/b2b.mvgd.pl\/wp-content\/uploads\/2026\/02\/Gubernija-Brown-Ale.png\",\"width\":900,\"height\":1200},{\"@type\":\"BreadcrumbList\",\"@id\":\"https:\/\/b2b.mvgd.pl\/index.php\/produkt\/gubernija-brown-ale\/#breadcrumb\",\"itemListElement\":[{\"@type\":\"ListItem\",\"position\":1,\"name\":\"Strona g\u0142\u00f3wna\",\"item\":\"https:\/\/b2b.mvgd.pl\/\"},{\"@type\":\"ListItem\",\"position\":2,\"name\":\"Shop\",\"item\":\"https:\/\/b2b.mvgd.pl\/index.php\/shop\/\"},{\"@type\":\"ListItem\",\"position\":3,\"name\":\"Gubernija Brown Ale\"}]},{\"@type\":\"WebSite\",\"@id\":\"https:\/\/b2b.mvgd.pl\/#website\",\"url\":\"https:\/\/b2b.mvgd.pl\/\",\"name\":\"B2B MVGD PL\",\"description\":\"\",\"potentialAction\":[{\"@type\":\"SearchAction\",\"target\":{\"@type\":\"EntryPoint\",\"urlTemplate\":\"https:\/\/b2b.mvgd.pl\/?s={search_term_string}\"},\"query-input\":{\"@type\":\"PropertyValueSpecification\",\"valueRequired\":true,\"valueName\":\"search_term_string\"}}],\"inLanguage\":\"pl-PL\"}]}<\/script>\n<!-- \/ Yoast SEO plugin. -->","yoast_head_json":{"title":"Gubernija Brown Ale - B2B MVGD PL","robots":{"index":"index","follow":"follow","max-snippet":"max-snippet:-1","max-image-preview":"max-image-preview:large","max-video-preview":"max-video-preview:-1"},"canonical":"https:\/\/b2b.mvgd.pl\/index.php\/produkt\/gubernija-brown-ale\/","og_locale":"pl_PL","og_type":"article","og_title":"Gubernija Brown Ale - B2B MVGD PL","og_description":"Ciemne piwo pe\u0142ne smaku i aromatu. Posiada delikatne aromaty owoc\u00f3w i \u0142agodnego miodu. Piwo zwie\u0144czone jest g\u0119st\u0105 i trwa\u0142\u0105 pian\u0105, kt\u00f3ra nadaje mu szlachetny wygl\u0105d.","og_url":"https:\/\/b2b.mvgd.pl\/index.php\/produkt\/gubernija-brown-ale\/","og_site_name":"B2B MVGD PL","article_modified_time":"2026-02-16T18:40:20+00:00","twitter_card":"summary_large_image","schema":{"@context":"https:\/\/schema.org","@graph":[{"@type":"WebPage","@id":"https:\/\/b2b.mvgd.pl\/index.php\/produkt\/gubernija-brown-ale\/","url":"https:\/\/b2b.mvgd.pl\/index.php\/produkt\/gubernija-brown-ale\/","name":"Gubernija Brown Ale - B2B MVGD PL","isPartOf":{"@id":"https:\/\/b2b.mvgd.pl\/#website"},"primaryImageOfPage":{"@id":"https:\/\/b2b.mvgd.pl\/index.php\/produkt\/gubernija-brown-ale\/#primaryimage"},"image":{"@id":"https:\/\/b2b.mvgd.pl\/index.php\/produkt\/gubernija-brown-ale\/#primaryimage"},"thumbnailUrl":"https:\/\/b2b.mvgd.pl\/wp-content\/uploads\/2026\/02\/Gubernija-Brown-Ale.png","datePublished":"2026-02-16T18:38:01+00:00","dateModified":"2026-02-16T18:40:20+00:00","breadcrumb":{"@id":"https:\/\/b2b.mvgd.pl\/index.php\/produkt\/gubernija-brown-ale\/#breadcrumb"},"inLanguage":"pl-PL","potentialAction":[{"@type":"ReadAction","target":["https:\/\/b2b.mvgd.pl\/index.php\/produkt\/gubernija-brown-ale\/"]}]},{"@type":"ImageObject","inLanguage":"pl-PL","@id":"https:\/\/b2b.mvgd.pl\/index.php\/produkt\/gubernija-brown-ale\/#primaryimage","url":"https:\/\/b2b.mvgd.pl\/wp-content\/uploads\/2026\/02\/Gubernija-Brown-Ale.png","contentUrl":"https:\/\/b2b.mvgd.pl\/wp-content\/uploads\/2026\/02\/Gubernija-Brown-Ale.png","width":900,"height":1200},{"@type":"BreadcrumbList","@id":"https:\/\/b2b.mvgd.pl\/index.php\/produkt\/gubernija-brown-ale\/#breadcrumb","itemListElement":[{"@type":"ListItem","position":1,"name":"Strona g\u0142\u00f3wna","item":"https:\/\/b2b.mvgd.pl\/"},{"@type":"ListItem","position":2,"name":"Shop","item":"https:\/\/b2b.mvgd.pl\/index.php\/shop\/"},{"@type":"ListItem","position":3,"name":"Gubernija Brown Ale"}]},{"@type":"WebSite","@id":"https:\/\/b2b.mvgd.pl\/#website","url":"https:\/\/b2b.mvgd.pl\/","name":"B2B MVGD PL","description":"","potentialAction":[{"@type":"SearchAction","target":{"@type":"EntryPoint","urlTemplate":"https:\/\/b2b.mvgd.pl\/?s={search_term_string}"},"query-input":{"@type":"PropertyValueSpecification","valueRequired":true,"valueName":"search_term_string"}}],"inLanguage":"pl-PL"}]}},"jetpack_sharing_enabled":true,"_links":{"self":[{"href":"https:\/\/b2b.mvgd.pl\/index.php\/wp-json\/wp\/v2\/product\/314","targetHints":{"allow":["GET"]}}],"collection":[{"href":"https:\/\/b2b.mvgd.pl\/index.php\/wp-json\/wp\/v2\/product"}],"about":[{"href":"https:\/\/b2b.mvgd.pl\/index.php\/wp-json\/wp\/v2\/types\/product"}],"replies":[{"embeddable":true,"href":"https:\/\/b2b.mvgd.pl\/index.php\/wp-json\/wp\/v2\/comments?post=314"}],"version-history":[{"count":0,"href":"https:\/\/b2b.mvgd.pl\/index.php\/wp-json\/wp\/v2\/product\/314\/revisions"}],"wp:featuredmedia":[{"embeddable":true,"href":"https:\/\/b2b.mvgd.pl\/index.php\/wp-json\/wp\/v2\/media\/383"}],"wp:attachment":[{"href":"https:\/\/b2b.mvgd.pl\/index.php\/wp-json\/wp\/v2\/media?parent=314"}],"wp:term":[{"taxonomy":"product_brand","embeddable":true,"href":"https:\/\/b2b.mvgd.pl\/index.php\/wp-json\/wp\/v2\/product_brand?post=314"},{"taxonomy":"product_cat","embeddable":true,"href":"https:\/\/b2b.mvgd.pl\/index.php\/wp-json\/wp\/v2\/product_cat?post=314"},{"taxonomy":"product_tag","embeddable":true,"href":"https:\/\/b2b.mvgd.pl\/index.php\/wp-json\/wp\/v2\/product_tag?post=314"}],"curies":[{"name":"wp","href":"https:\/\/api.w.org\/{rel}","templated":true}]}}