{"id":301,"date":"2026-02-16T18:37:38","date_gmt":"2026-02-16T18:37:38","guid":{"rendered":"https:\/\/b2b.mvgd.pl\/?post_type=product&#038;p=301"},"modified":"2026-02-16T18:39:58","modified_gmt":"2026-02-16T18:39:58","slug":"jura-journey-07l","status":"publish","type":"product","link":"https:\/\/b2b.mvgd.pl\/index.php\/produkt\/jura-journey-07l\/","title":{"rendered":"Jura Journey 0,7l"},"content":{"rendered":"<p>Aromat: Wanilia i kokos<\/p>\n<p>Smak: Kremowe toffee, morela z nut\u0105 gruszki, cynamon i odrobina kakaowca<\/p>\n<p>Finish: \u015brednio d\u0142ugi, z nutami kakao, wanilii, letnich owoc\u00f3w z subteln\u0105 goryczk\u0105 d\u0119bu<\/p>\n","protected":false},"excerpt":{"rendered":"<p>Do\u015bwiadcz prawdziwego charakteru i stylu Jura Single Malt Whisky w podstawowym wydaniu portfolio. Jura Journey sw\u00f3j wyj\u0105tkowy charakter zawdzi\u0119cza r\u0119cznie selekcjonowanym beczkom po bourbonie, wykonanym z bia\u0142ego d\u0119bu ameryka\u0144skiego, w kt\u00f3rych dojrzewa, uzyskuj\u0105c nuty kremowej wanilii, ciasta z orzechami pekan oraz delikatnego cynamonu i \u015bwie\u017cej gruszki. Lekka i owocowa z delikatn\u0105, korzenn\u0105 nut\u0105 stanowi idealny pocz\u0105tek przygody z Jur\u0105.<\/p>\n","protected":false},"featured_media":370,"comment_status":"open","ping_status":"closed","template":"","meta":[],"product_brand":[],"product_cat":[344,316],"product_tag":[],"class_list":{"0":"post-301","1":"product","2":"type-product","3":"status-publish","4":"has-post-thumbnail","6":"product_cat-single-malt","7":"product_cat-whisky","9":"first","10":"instock","11":"shipping-taxable","12":"purchasable","13":"product-type-simple"},"yoast_head":"<!-- This site is optimized with the Yoast SEO plugin v26.9 - https:\/\/yoast.com\/product\/yoast-seo-wordpress\/ -->\n<title>Jura Journey 0,7l - B2B MVGD PL<\/title>\n<meta name=\"robots\" content=\"index, follow, max-snippet:-1, max-image-preview:large, max-video-preview:-1\" \/>\n<link rel=\"canonical\" href=\"https:\/\/b2b.mvgd.pl\/index.php\/produkt\/jura-journey-07l\/\" \/>\n<meta property=\"og:locale\" content=\"pl_PL\" \/>\n<meta property=\"og:type\" content=\"article\" \/>\n<meta property=\"og:title\" content=\"Jura Journey 0,7l - B2B MVGD PL\" \/>\n<meta property=\"og:description\" content=\"Do\u015bwiadcz prawdziwego charakteru i stylu Jura Single Malt Whisky w podstawowym wydaniu portfolio. Jura Journey sw\u00f3j wyj\u0105tkowy charakter zawdzi\u0119cza r\u0119cznie selekcjonowanym beczkom po bourbonie, wykonanym z bia\u0142ego d\u0119bu ameryka\u0144skiego, w kt\u00f3rych dojrzewa, uzyskuj\u0105c nuty kremowej wanilii, ciasta z orzechami pekan oraz delikatnego cynamonu i \u015bwie\u017cej gruszki. Lekka i owocowa z delikatn\u0105, korzenn\u0105 nut\u0105 stanowi idealny pocz\u0105tek przygody z Jur\u0105.\" \/>\n<meta property=\"og:url\" content=\"https:\/\/b2b.mvgd.pl\/index.php\/produkt\/jura-journey-07l\/\" \/>\n<meta property=\"og:site_name\" content=\"B2B MVGD PL\" \/>\n<meta property=\"article:modified_time\" content=\"2026-02-16T18:39:58+00:00\" \/>\n<meta name=\"twitter:card\" content=\"summary_large_image\" \/>\n<script type=\"application\/ld+json\" class=\"yoast-schema-graph\">{\"@context\":\"https:\/\/schema.org\",\"@graph\":[{\"@type\":\"WebPage\",\"@id\":\"https:\/\/b2b.mvgd.pl\/index.php\/produkt\/jura-journey-07l\/\",\"url\":\"https:\/\/b2b.mvgd.pl\/index.php\/produkt\/jura-journey-07l\/\",\"name\":\"Jura Journey 0,7l - B2B MVGD PL\",\"isPartOf\":{\"@id\":\"https:\/\/b2b.mvgd.pl\/#website\"},\"primaryImageOfPage\":{\"@id\":\"https:\/\/b2b.mvgd.pl\/index.php\/produkt\/jura-journey-07l\/#primaryimage\"},\"image\":{\"@id\":\"https:\/\/b2b.mvgd.pl\/index.php\/produkt\/jura-journey-07l\/#primaryimage\"},\"thumbnailUrl\":\"https:\/\/b2b.mvgd.pl\/wp-content\/uploads\/2026\/02\/journey-tuba.png\",\"datePublished\":\"2026-02-16T18:37:38+00:00\",\"dateModified\":\"2026-02-16T18:39:58+00:00\",\"breadcrumb\":{\"@id\":\"https:\/\/b2b.mvgd.pl\/index.php\/produkt\/jura-journey-07l\/#breadcrumb\"},\"inLanguage\":\"pl-PL\",\"potentialAction\":[{\"@type\":\"ReadAction\",\"target\":[\"https:\/\/b2b.mvgd.pl\/index.php\/produkt\/jura-journey-07l\/\"]}]},{\"@type\":\"ImageObject\",\"inLanguage\":\"pl-PL\",\"@id\":\"https:\/\/b2b.mvgd.pl\/index.php\/produkt\/jura-journey-07l\/#primaryimage\",\"url\":\"https:\/\/b2b.mvgd.pl\/wp-content\/uploads\/2026\/02\/journey-tuba.png\",\"contentUrl\":\"https:\/\/b2b.mvgd.pl\/wp-content\/uploads\/2026\/02\/journey-tuba.png\",\"width\":900,\"height\":1200},{\"@type\":\"BreadcrumbList\",\"@id\":\"https:\/\/b2b.mvgd.pl\/index.php\/produkt\/jura-journey-07l\/#breadcrumb\",\"itemListElement\":[{\"@type\":\"ListItem\",\"position\":1,\"name\":\"Strona g\u0142\u00f3wna\",\"item\":\"https:\/\/b2b.mvgd.pl\/\"},{\"@type\":\"ListItem\",\"position\":2,\"name\":\"Shop\",\"item\":\"https:\/\/b2b.mvgd.pl\/index.php\/shop\/\"},{\"@type\":\"ListItem\",\"position\":3,\"name\":\"Jura Journey 0,7l\"}]},{\"@type\":\"WebSite\",\"@id\":\"https:\/\/b2b.mvgd.pl\/#website\",\"url\":\"https:\/\/b2b.mvgd.pl\/\",\"name\":\"B2B MVGD PL\",\"description\":\"\",\"potentialAction\":[{\"@type\":\"SearchAction\",\"target\":{\"@type\":\"EntryPoint\",\"urlTemplate\":\"https:\/\/b2b.mvgd.pl\/?s={search_term_string}\"},\"query-input\":{\"@type\":\"PropertyValueSpecification\",\"valueRequired\":true,\"valueName\":\"search_term_string\"}}],\"inLanguage\":\"pl-PL\"}]}<\/script>\n<!-- \/ Yoast SEO plugin. -->","yoast_head_json":{"title":"Jura Journey 0,7l - B2B MVGD PL","robots":{"index":"index","follow":"follow","max-snippet":"max-snippet:-1","max-image-preview":"max-image-preview:large","max-video-preview":"max-video-preview:-1"},"canonical":"https:\/\/b2b.mvgd.pl\/index.php\/produkt\/jura-journey-07l\/","og_locale":"pl_PL","og_type":"article","og_title":"Jura Journey 0,7l - B2B MVGD PL","og_description":"Do\u015bwiadcz prawdziwego charakteru i stylu Jura Single Malt Whisky w podstawowym wydaniu portfolio. Jura Journey sw\u00f3j wyj\u0105tkowy charakter zawdzi\u0119cza r\u0119cznie selekcjonowanym beczkom po bourbonie, wykonanym z bia\u0142ego d\u0119bu ameryka\u0144skiego, w kt\u00f3rych dojrzewa, uzyskuj\u0105c nuty kremowej wanilii, ciasta z orzechami pekan oraz delikatnego cynamonu i \u015bwie\u017cej gruszki. Lekka i owocowa z delikatn\u0105, korzenn\u0105 nut\u0105 stanowi idealny pocz\u0105tek przygody z Jur\u0105.","og_url":"https:\/\/b2b.mvgd.pl\/index.php\/produkt\/jura-journey-07l\/","og_site_name":"B2B MVGD PL","article_modified_time":"2026-02-16T18:39:58+00:00","twitter_card":"summary_large_image","schema":{"@context":"https:\/\/schema.org","@graph":[{"@type":"WebPage","@id":"https:\/\/b2b.mvgd.pl\/index.php\/produkt\/jura-journey-07l\/","url":"https:\/\/b2b.mvgd.pl\/index.php\/produkt\/jura-journey-07l\/","name":"Jura Journey 0,7l - B2B MVGD PL","isPartOf":{"@id":"https:\/\/b2b.mvgd.pl\/#website"},"primaryImageOfPage":{"@id":"https:\/\/b2b.mvgd.pl\/index.php\/produkt\/jura-journey-07l\/#primaryimage"},"image":{"@id":"https:\/\/b2b.mvgd.pl\/index.php\/produkt\/jura-journey-07l\/#primaryimage"},"thumbnailUrl":"https:\/\/b2b.mvgd.pl\/wp-content\/uploads\/2026\/02\/journey-tuba.png","datePublished":"2026-02-16T18:37:38+00:00","dateModified":"2026-02-16T18:39:58+00:00","breadcrumb":{"@id":"https:\/\/b2b.mvgd.pl\/index.php\/produkt\/jura-journey-07l\/#breadcrumb"},"inLanguage":"pl-PL","potentialAction":[{"@type":"ReadAction","target":["https:\/\/b2b.mvgd.pl\/index.php\/produkt\/jura-journey-07l\/"]}]},{"@type":"ImageObject","inLanguage":"pl-PL","@id":"https:\/\/b2b.mvgd.pl\/index.php\/produkt\/jura-journey-07l\/#primaryimage","url":"https:\/\/b2b.mvgd.pl\/wp-content\/uploads\/2026\/02\/journey-tuba.png","contentUrl":"https:\/\/b2b.mvgd.pl\/wp-content\/uploads\/2026\/02\/journey-tuba.png","width":900,"height":1200},{"@type":"BreadcrumbList","@id":"https:\/\/b2b.mvgd.pl\/index.php\/produkt\/jura-journey-07l\/#breadcrumb","itemListElement":[{"@type":"ListItem","position":1,"name":"Strona g\u0142\u00f3wna","item":"https:\/\/b2b.mvgd.pl\/"},{"@type":"ListItem","position":2,"name":"Shop","item":"https:\/\/b2b.mvgd.pl\/index.php\/shop\/"},{"@type":"ListItem","position":3,"name":"Jura Journey 0,7l"}]},{"@type":"WebSite","@id":"https:\/\/b2b.mvgd.pl\/#website","url":"https:\/\/b2b.mvgd.pl\/","name":"B2B MVGD PL","description":"","potentialAction":[{"@type":"SearchAction","target":{"@type":"EntryPoint","urlTemplate":"https:\/\/b2b.mvgd.pl\/?s={search_term_string}"},"query-input":{"@type":"PropertyValueSpecification","valueRequired":true,"valueName":"search_term_string"}}],"inLanguage":"pl-PL"}]}},"jetpack_sharing_enabled":true,"_links":{"self":[{"href":"https:\/\/b2b.mvgd.pl\/index.php\/wp-json\/wp\/v2\/product\/301","targetHints":{"allow":["GET"]}}],"collection":[{"href":"https:\/\/b2b.mvgd.pl\/index.php\/wp-json\/wp\/v2\/product"}],"about":[{"href":"https:\/\/b2b.mvgd.pl\/index.php\/wp-json\/wp\/v2\/types\/product"}],"replies":[{"embeddable":true,"href":"https:\/\/b2b.mvgd.pl\/index.php\/wp-json\/wp\/v2\/comments?post=301"}],"version-history":[{"count":0,"href":"https:\/\/b2b.mvgd.pl\/index.php\/wp-json\/wp\/v2\/product\/301\/revisions"}],"wp:featuredmedia":[{"embeddable":true,"href":"https:\/\/b2b.mvgd.pl\/index.php\/wp-json\/wp\/v2\/media\/370"}],"wp:attachment":[{"href":"https:\/\/b2b.mvgd.pl\/index.php\/wp-json\/wp\/v2\/media?parent=301"}],"wp:term":[{"taxonomy":"product_brand","embeddable":true,"href":"https:\/\/b2b.mvgd.pl\/index.php\/wp-json\/wp\/v2\/product_brand?post=301"},{"taxonomy":"product_cat","embeddable":true,"href":"https:\/\/b2b.mvgd.pl\/index.php\/wp-json\/wp\/v2\/product_cat?post=301"},{"taxonomy":"product_tag","embeddable":true,"href":"https:\/\/b2b.mvgd.pl\/index.php\/wp-json\/wp\/v2\/product_tag?post=301"}],"curies":[{"name":"wp","href":"https:\/\/api.w.org\/{rel}","templated":true}]}}