{"id":297,"date":"2026-02-16T18:37:37","date_gmt":"2026-02-16T18:37:37","guid":{"rendered":"https:\/\/b2b.mvgd.pl\/?post_type=product&#038;p=297"},"modified":"2026-02-16T18:39:28","modified_gmt":"2026-02-16T18:39:28","slug":"jura-18yo-07l","status":"publish","type":"product","link":"https:\/\/b2b.mvgd.pl\/index.php\/produkt\/jura-18yo-07l\/","title":{"rendered":"Jura 18YO 0,7l"},"content":{"rendered":"<p>Aromat: Wyra\u017ane czerwone owoce, toffee, wanilia i cynamon<\/p>\n<p>Smak: Przyprawy korzenne, jagody, maliny, truskawki z nut\u0105 gorzkiej czekolady<\/p>\n<p>Finish: d\u0142ugi z nutami suszonych owoc\u00f3w, karmelu, pieprzu, cynamonu z odrobin\u0105 toffi i d\u0119bu<\/p>\n","protected":false},"excerpt":{"rendered":"<p>Niezwykle bogata i owocowa whisky single malt. Dojrzewaj\u0105ca przez 18 lat w beczkach po bourbonie z ameryka\u0144skiego bia\u0142ego d\u0119bu, a nast\u0119pnie finiszowana w beczkach po czerwonym winie Premier Grand Cru Class\u00e9 Bordeaux z po\u0142udnia Francji. W rezultacie powstaje doskona\u0142a whisky z nutami owoc\u00f3w le\u015bnych, cr\u00e8me anglaise, karmelu oraz rozgrzewaj\u0105cych przypraw.<\/p>\n","protected":false},"featured_media":358,"comment_status":"open","ping_status":"closed","template":"","meta":[],"product_brand":[],"product_cat":[344,316],"product_tag":[],"class_list":{"0":"post-297","1":"product","2":"type-product","3":"status-publish","4":"has-post-thumbnail","6":"product_cat-single-malt","7":"product_cat-whisky","9":"first","10":"instock","11":"shipping-taxable","12":"purchasable","13":"product-type-simple"},"yoast_head":"<!-- This site is optimized with the Yoast SEO plugin v26.9 - https:\/\/yoast.com\/product\/yoast-seo-wordpress\/ -->\n<title>Jura 18YO 0,7l - B2B MVGD PL<\/title>\n<meta name=\"robots\" content=\"index, follow, max-snippet:-1, max-image-preview:large, max-video-preview:-1\" \/>\n<link rel=\"canonical\" href=\"https:\/\/b2b.mvgd.pl\/index.php\/produkt\/jura-18yo-07l\/\" \/>\n<meta property=\"og:locale\" content=\"pl_PL\" \/>\n<meta property=\"og:type\" content=\"article\" \/>\n<meta property=\"og:title\" content=\"Jura 18YO 0,7l - B2B MVGD PL\" \/>\n<meta property=\"og:description\" content=\"Niezwykle bogata i owocowa whisky single malt. Dojrzewaj\u0105ca przez 18 lat w beczkach po bourbonie z ameryka\u0144skiego bia\u0142ego d\u0119bu, a nast\u0119pnie finiszowana w beczkach po czerwonym winie Premier Grand Cru Class\u00e9 Bordeaux z po\u0142udnia Francji. W rezultacie powstaje doskona\u0142a whisky z nutami owoc\u00f3w le\u015bnych, cr\u00e8me anglaise, karmelu oraz rozgrzewaj\u0105cych przypraw.\" \/>\n<meta property=\"og:url\" content=\"https:\/\/b2b.mvgd.pl\/index.php\/produkt\/jura-18yo-07l\/\" \/>\n<meta property=\"og:site_name\" content=\"B2B MVGD PL\" \/>\n<meta property=\"article:modified_time\" content=\"2026-02-16T18:39:28+00:00\" \/>\n<meta name=\"twitter:card\" content=\"summary_large_image\" \/>\n<script type=\"application\/ld+json\" class=\"yoast-schema-graph\">{\"@context\":\"https:\/\/schema.org\",\"@graph\":[{\"@type\":\"WebPage\",\"@id\":\"https:\/\/b2b.mvgd.pl\/index.php\/produkt\/jura-18yo-07l\/\",\"url\":\"https:\/\/b2b.mvgd.pl\/index.php\/produkt\/jura-18yo-07l\/\",\"name\":\"Jura 18YO 0,7l - B2B MVGD PL\",\"isPartOf\":{\"@id\":\"https:\/\/b2b.mvgd.pl\/#website\"},\"primaryImageOfPage\":{\"@id\":\"https:\/\/b2b.mvgd.pl\/index.php\/produkt\/jura-18yo-07l\/#primaryimage\"},\"image\":{\"@id\":\"https:\/\/b2b.mvgd.pl\/index.php\/produkt\/jura-18yo-07l\/#primaryimage\"},\"thumbnailUrl\":\"https:\/\/b2b.mvgd.pl\/wp-content\/uploads\/2026\/02\/18-tuba.png\",\"datePublished\":\"2026-02-16T18:37:37+00:00\",\"dateModified\":\"2026-02-16T18:39:28+00:00\",\"breadcrumb\":{\"@id\":\"https:\/\/b2b.mvgd.pl\/index.php\/produkt\/jura-18yo-07l\/#breadcrumb\"},\"inLanguage\":\"pl-PL\",\"potentialAction\":[{\"@type\":\"ReadAction\",\"target\":[\"https:\/\/b2b.mvgd.pl\/index.php\/produkt\/jura-18yo-07l\/\"]}]},{\"@type\":\"ImageObject\",\"inLanguage\":\"pl-PL\",\"@id\":\"https:\/\/b2b.mvgd.pl\/index.php\/produkt\/jura-18yo-07l\/#primaryimage\",\"url\":\"https:\/\/b2b.mvgd.pl\/wp-content\/uploads\/2026\/02\/18-tuba.png\",\"contentUrl\":\"https:\/\/b2b.mvgd.pl\/wp-content\/uploads\/2026\/02\/18-tuba.png\",\"width\":900,\"height\":1200},{\"@type\":\"BreadcrumbList\",\"@id\":\"https:\/\/b2b.mvgd.pl\/index.php\/produkt\/jura-18yo-07l\/#breadcrumb\",\"itemListElement\":[{\"@type\":\"ListItem\",\"position\":1,\"name\":\"Strona g\u0142\u00f3wna\",\"item\":\"https:\/\/b2b.mvgd.pl\/\"},{\"@type\":\"ListItem\",\"position\":2,\"name\":\"Shop\",\"item\":\"https:\/\/b2b.mvgd.pl\/index.php\/shop\/\"},{\"@type\":\"ListItem\",\"position\":3,\"name\":\"Jura 18YO 0,7l\"}]},{\"@type\":\"WebSite\",\"@id\":\"https:\/\/b2b.mvgd.pl\/#website\",\"url\":\"https:\/\/b2b.mvgd.pl\/\",\"name\":\"B2B MVGD PL\",\"description\":\"\",\"potentialAction\":[{\"@type\":\"SearchAction\",\"target\":{\"@type\":\"EntryPoint\",\"urlTemplate\":\"https:\/\/b2b.mvgd.pl\/?s={search_term_string}\"},\"query-input\":{\"@type\":\"PropertyValueSpecification\",\"valueRequired\":true,\"valueName\":\"search_term_string\"}}],\"inLanguage\":\"pl-PL\"}]}<\/script>\n<!-- \/ Yoast SEO plugin. -->","yoast_head_json":{"title":"Jura 18YO 0,7l - B2B MVGD PL","robots":{"index":"index","follow":"follow","max-snippet":"max-snippet:-1","max-image-preview":"max-image-preview:large","max-video-preview":"max-video-preview:-1"},"canonical":"https:\/\/b2b.mvgd.pl\/index.php\/produkt\/jura-18yo-07l\/","og_locale":"pl_PL","og_type":"article","og_title":"Jura 18YO 0,7l - B2B MVGD PL","og_description":"Niezwykle bogata i owocowa whisky single malt. Dojrzewaj\u0105ca przez 18 lat w beczkach po bourbonie z ameryka\u0144skiego bia\u0142ego d\u0119bu, a nast\u0119pnie finiszowana w beczkach po czerwonym winie Premier Grand Cru Class\u00e9 Bordeaux z po\u0142udnia Francji. W rezultacie powstaje doskona\u0142a whisky z nutami owoc\u00f3w le\u015bnych, cr\u00e8me anglaise, karmelu oraz rozgrzewaj\u0105cych przypraw.","og_url":"https:\/\/b2b.mvgd.pl\/index.php\/produkt\/jura-18yo-07l\/","og_site_name":"B2B MVGD PL","article_modified_time":"2026-02-16T18:39:28+00:00","twitter_card":"summary_large_image","schema":{"@context":"https:\/\/schema.org","@graph":[{"@type":"WebPage","@id":"https:\/\/b2b.mvgd.pl\/index.php\/produkt\/jura-18yo-07l\/","url":"https:\/\/b2b.mvgd.pl\/index.php\/produkt\/jura-18yo-07l\/","name":"Jura 18YO 0,7l - B2B MVGD PL","isPartOf":{"@id":"https:\/\/b2b.mvgd.pl\/#website"},"primaryImageOfPage":{"@id":"https:\/\/b2b.mvgd.pl\/index.php\/produkt\/jura-18yo-07l\/#primaryimage"},"image":{"@id":"https:\/\/b2b.mvgd.pl\/index.php\/produkt\/jura-18yo-07l\/#primaryimage"},"thumbnailUrl":"https:\/\/b2b.mvgd.pl\/wp-content\/uploads\/2026\/02\/18-tuba.png","datePublished":"2026-02-16T18:37:37+00:00","dateModified":"2026-02-16T18:39:28+00:00","breadcrumb":{"@id":"https:\/\/b2b.mvgd.pl\/index.php\/produkt\/jura-18yo-07l\/#breadcrumb"},"inLanguage":"pl-PL","potentialAction":[{"@type":"ReadAction","target":["https:\/\/b2b.mvgd.pl\/index.php\/produkt\/jura-18yo-07l\/"]}]},{"@type":"ImageObject","inLanguage":"pl-PL","@id":"https:\/\/b2b.mvgd.pl\/index.php\/produkt\/jura-18yo-07l\/#primaryimage","url":"https:\/\/b2b.mvgd.pl\/wp-content\/uploads\/2026\/02\/18-tuba.png","contentUrl":"https:\/\/b2b.mvgd.pl\/wp-content\/uploads\/2026\/02\/18-tuba.png","width":900,"height":1200},{"@type":"BreadcrumbList","@id":"https:\/\/b2b.mvgd.pl\/index.php\/produkt\/jura-18yo-07l\/#breadcrumb","itemListElement":[{"@type":"ListItem","position":1,"name":"Strona g\u0142\u00f3wna","item":"https:\/\/b2b.mvgd.pl\/"},{"@type":"ListItem","position":2,"name":"Shop","item":"https:\/\/b2b.mvgd.pl\/index.php\/shop\/"},{"@type":"ListItem","position":3,"name":"Jura 18YO 0,7l"}]},{"@type":"WebSite","@id":"https:\/\/b2b.mvgd.pl\/#website","url":"https:\/\/b2b.mvgd.pl\/","name":"B2B MVGD PL","description":"","potentialAction":[{"@type":"SearchAction","target":{"@type":"EntryPoint","urlTemplate":"https:\/\/b2b.mvgd.pl\/?s={search_term_string}"},"query-input":{"@type":"PropertyValueSpecification","valueRequired":true,"valueName":"search_term_string"}}],"inLanguage":"pl-PL"}]}},"jetpack_sharing_enabled":true,"_links":{"self":[{"href":"https:\/\/b2b.mvgd.pl\/index.php\/wp-json\/wp\/v2\/product\/297","targetHints":{"allow":["GET"]}}],"collection":[{"href":"https:\/\/b2b.mvgd.pl\/index.php\/wp-json\/wp\/v2\/product"}],"about":[{"href":"https:\/\/b2b.mvgd.pl\/index.php\/wp-json\/wp\/v2\/types\/product"}],"replies":[{"embeddable":true,"href":"https:\/\/b2b.mvgd.pl\/index.php\/wp-json\/wp\/v2\/comments?post=297"}],"version-history":[{"count":0,"href":"https:\/\/b2b.mvgd.pl\/index.php\/wp-json\/wp\/v2\/product\/297\/revisions"}],"wp:featuredmedia":[{"embeddable":true,"href":"https:\/\/b2b.mvgd.pl\/index.php\/wp-json\/wp\/v2\/media\/358"}],"wp:attachment":[{"href":"https:\/\/b2b.mvgd.pl\/index.php\/wp-json\/wp\/v2\/media?parent=297"}],"wp:term":[{"taxonomy":"product_brand","embeddable":true,"href":"https:\/\/b2b.mvgd.pl\/index.php\/wp-json\/wp\/v2\/product_brand?post=297"},{"taxonomy":"product_cat","embeddable":true,"href":"https:\/\/b2b.mvgd.pl\/index.php\/wp-json\/wp\/v2\/product_cat?post=297"},{"taxonomy":"product_tag","embeddable":true,"href":"https:\/\/b2b.mvgd.pl\/index.php\/wp-json\/wp\/v2\/product_tag?post=297"}],"curies":[{"name":"wp","href":"https:\/\/api.w.org\/{rel}","templated":true}]}}