{"id":282,"date":"2026-02-16T18:37:12","date_gmt":"2026-02-16T18:37:12","guid":{"rendered":"https:\/\/b2b.mvgd.pl\/?post_type=product&#038;p=282"},"modified":"2026-02-16T18:38:45","modified_gmt":"2026-02-16T18:38:45","slug":"cape-dreams-colombar","status":"publish","type":"product","link":"https:\/\/b2b.mvgd.pl\/index.php\/produkt\/cape-dreams-colombar\/","title":{"rendered":"Cape Dreams Colombar"},"content":{"rendered":"<p><strong>Sugestie kulinarne<br \/>\n<\/strong>Mo\u017cna podawa\u0107 z rybami, sma\u017conymi kalmarami, zapiekankami z kurczaka i pieczon\u0105 wieprzowin\u0105 z sosem jab\u0142kowym, a tak\u017ce z indykiem i ciel\u0119cin\u0105.<\/p>\n<p><strong>Informacje o mieszance<br \/>\n<\/strong>100% Colombard<\/p>\n<p>Alc: 11,9 RS: 19,2 pH: 3,4 TA: 5,7 VA: 0,5 SO2: 103 FSO2: 39<\/p>\n","protected":false},"excerpt":{"rendered":"<p>Dzi\u0119ki l\u015bni\u0105cej z\u0142otozielonej barwie, lekkiemu, \u015bwie\u017cemu miodowi i mocnemu bukietowi gujawy, a tak\u017ce wype\u0142niaj\u0105cym usta smakom sa\u0142atki z owoc\u00f3w tropikalnych, jest to naprawd\u0119 pi\u0119kne wino.<\/p>\n<p>Smak: Mi\u0119kki, \u201es\u0142odki\u201d i owocowy<\/p>\n","protected":false},"featured_media":339,"comment_status":"open","ping_status":"closed","template":"","meta":[],"product_brand":[],"product_cat":[318,18],"product_tag":[345,319,320],"class_list":{"0":"post-282","1":"product","2":"type-product","3":"status-publish","4":"has-post-thumbnail","6":"product_cat-rpa","7":"product_cat-wina","8":"product_tag-polslodkie","9":"product_tag-rpa","10":"product_tag-wino","12":"first","13":"instock","14":"shipping-taxable","15":"purchasable","16":"product-type-simple"},"yoast_head":"<!-- This site is optimized with the Yoast SEO plugin v26.9 - https:\/\/yoast.com\/product\/yoast-seo-wordpress\/ -->\n<title>Cape Dreams Colombar - B2B MVGD PL<\/title>\n<meta name=\"robots\" content=\"index, follow, max-snippet:-1, max-image-preview:large, max-video-preview:-1\" \/>\n<link rel=\"canonical\" href=\"https:\/\/b2b.mvgd.pl\/index.php\/produkt\/cape-dreams-colombar\/\" \/>\n<meta property=\"og:locale\" content=\"pl_PL\" \/>\n<meta property=\"og:type\" content=\"article\" \/>\n<meta property=\"og:title\" content=\"Cape Dreams Colombar - B2B MVGD PL\" \/>\n<meta property=\"og:description\" content=\"Dzi\u0119ki l\u015bni\u0105cej z\u0142otozielonej barwie, lekkiemu, \u015bwie\u017cemu miodowi i mocnemu bukietowi gujawy, a tak\u017ce wype\u0142niaj\u0105cym usta smakom sa\u0142atki z owoc\u00f3w tropikalnych, jest to naprawd\u0119 pi\u0119kne wino.  Smak: Mi\u0119kki, \u201es\u0142odki\u201d i owocowy\" \/>\n<meta property=\"og:url\" content=\"https:\/\/b2b.mvgd.pl\/index.php\/produkt\/cape-dreams-colombar\/\" \/>\n<meta property=\"og:site_name\" content=\"B2B MVGD PL\" \/>\n<meta property=\"article:modified_time\" content=\"2026-02-16T18:38:45+00:00\" \/>\n<meta name=\"twitter:card\" content=\"summary_large_image\" \/>\n<script type=\"application\/ld+json\" class=\"yoast-schema-graph\">{\"@context\":\"https:\/\/schema.org\",\"@graph\":[{\"@type\":\"WebPage\",\"@id\":\"https:\/\/b2b.mvgd.pl\/index.php\/produkt\/cape-dreams-colombar\/\",\"url\":\"https:\/\/b2b.mvgd.pl\/index.php\/produkt\/cape-dreams-colombar\/\",\"name\":\"Cape Dreams Colombar - B2B MVGD PL\",\"isPartOf\":{\"@id\":\"https:\/\/b2b.mvgd.pl\/#website\"},\"primaryImageOfPage\":{\"@id\":\"https:\/\/b2b.mvgd.pl\/index.php\/produkt\/cape-dreams-colombar\/#primaryimage\"},\"image\":{\"@id\":\"https:\/\/b2b.mvgd.pl\/index.php\/produkt\/cape-dreams-colombar\/#primaryimage\"},\"thumbnailUrl\":\"https:\/\/b2b.mvgd.pl\/wp-content\/uploads\/2026\/02\/PVYCPW0360.png\",\"datePublished\":\"2026-02-16T18:37:12+00:00\",\"dateModified\":\"2026-02-16T18:38:45+00:00\",\"breadcrumb\":{\"@id\":\"https:\/\/b2b.mvgd.pl\/index.php\/produkt\/cape-dreams-colombar\/#breadcrumb\"},\"inLanguage\":\"pl-PL\",\"potentialAction\":[{\"@type\":\"ReadAction\",\"target\":[\"https:\/\/b2b.mvgd.pl\/index.php\/produkt\/cape-dreams-colombar\/\"]}]},{\"@type\":\"ImageObject\",\"inLanguage\":\"pl-PL\",\"@id\":\"https:\/\/b2b.mvgd.pl\/index.php\/produkt\/cape-dreams-colombar\/#primaryimage\",\"url\":\"https:\/\/b2b.mvgd.pl\/wp-content\/uploads\/2026\/02\/PVYCPW0360.png\",\"contentUrl\":\"https:\/\/b2b.mvgd.pl\/wp-content\/uploads\/2026\/02\/PVYCPW0360.png\",\"width\":900,\"height\":1200},{\"@type\":\"BreadcrumbList\",\"@id\":\"https:\/\/b2b.mvgd.pl\/index.php\/produkt\/cape-dreams-colombar\/#breadcrumb\",\"itemListElement\":[{\"@type\":\"ListItem\",\"position\":1,\"name\":\"Strona g\u0142\u00f3wna\",\"item\":\"https:\/\/b2b.mvgd.pl\/\"},{\"@type\":\"ListItem\",\"position\":2,\"name\":\"Shop\",\"item\":\"https:\/\/b2b.mvgd.pl\/index.php\/shop\/\"},{\"@type\":\"ListItem\",\"position\":3,\"name\":\"Cape Dreams Colombar\"}]},{\"@type\":\"WebSite\",\"@id\":\"https:\/\/b2b.mvgd.pl\/#website\",\"url\":\"https:\/\/b2b.mvgd.pl\/\",\"name\":\"B2B MVGD PL\",\"description\":\"\",\"potentialAction\":[{\"@type\":\"SearchAction\",\"target\":{\"@type\":\"EntryPoint\",\"urlTemplate\":\"https:\/\/b2b.mvgd.pl\/?s={search_term_string}\"},\"query-input\":{\"@type\":\"PropertyValueSpecification\",\"valueRequired\":true,\"valueName\":\"search_term_string\"}}],\"inLanguage\":\"pl-PL\"}]}<\/script>\n<!-- \/ Yoast SEO plugin. -->","yoast_head_json":{"title":"Cape Dreams Colombar - B2B MVGD PL","robots":{"index":"index","follow":"follow","max-snippet":"max-snippet:-1","max-image-preview":"max-image-preview:large","max-video-preview":"max-video-preview:-1"},"canonical":"https:\/\/b2b.mvgd.pl\/index.php\/produkt\/cape-dreams-colombar\/","og_locale":"pl_PL","og_type":"article","og_title":"Cape Dreams Colombar - B2B MVGD PL","og_description":"Dzi\u0119ki l\u015bni\u0105cej z\u0142otozielonej barwie, lekkiemu, \u015bwie\u017cemu miodowi i mocnemu bukietowi gujawy, a tak\u017ce wype\u0142niaj\u0105cym usta smakom sa\u0142atki z owoc\u00f3w tropikalnych, jest to naprawd\u0119 pi\u0119kne wino.  Smak: Mi\u0119kki, \u201es\u0142odki\u201d i owocowy","og_url":"https:\/\/b2b.mvgd.pl\/index.php\/produkt\/cape-dreams-colombar\/","og_site_name":"B2B MVGD PL","article_modified_time":"2026-02-16T18:38:45+00:00","twitter_card":"summary_large_image","schema":{"@context":"https:\/\/schema.org","@graph":[{"@type":"WebPage","@id":"https:\/\/b2b.mvgd.pl\/index.php\/produkt\/cape-dreams-colombar\/","url":"https:\/\/b2b.mvgd.pl\/index.php\/produkt\/cape-dreams-colombar\/","name":"Cape Dreams Colombar - B2B MVGD PL","isPartOf":{"@id":"https:\/\/b2b.mvgd.pl\/#website"},"primaryImageOfPage":{"@id":"https:\/\/b2b.mvgd.pl\/index.php\/produkt\/cape-dreams-colombar\/#primaryimage"},"image":{"@id":"https:\/\/b2b.mvgd.pl\/index.php\/produkt\/cape-dreams-colombar\/#primaryimage"},"thumbnailUrl":"https:\/\/b2b.mvgd.pl\/wp-content\/uploads\/2026\/02\/PVYCPW0360.png","datePublished":"2026-02-16T18:37:12+00:00","dateModified":"2026-02-16T18:38:45+00:00","breadcrumb":{"@id":"https:\/\/b2b.mvgd.pl\/index.php\/produkt\/cape-dreams-colombar\/#breadcrumb"},"inLanguage":"pl-PL","potentialAction":[{"@type":"ReadAction","target":["https:\/\/b2b.mvgd.pl\/index.php\/produkt\/cape-dreams-colombar\/"]}]},{"@type":"ImageObject","inLanguage":"pl-PL","@id":"https:\/\/b2b.mvgd.pl\/index.php\/produkt\/cape-dreams-colombar\/#primaryimage","url":"https:\/\/b2b.mvgd.pl\/wp-content\/uploads\/2026\/02\/PVYCPW0360.png","contentUrl":"https:\/\/b2b.mvgd.pl\/wp-content\/uploads\/2026\/02\/PVYCPW0360.png","width":900,"height":1200},{"@type":"BreadcrumbList","@id":"https:\/\/b2b.mvgd.pl\/index.php\/produkt\/cape-dreams-colombar\/#breadcrumb","itemListElement":[{"@type":"ListItem","position":1,"name":"Strona g\u0142\u00f3wna","item":"https:\/\/b2b.mvgd.pl\/"},{"@type":"ListItem","position":2,"name":"Shop","item":"https:\/\/b2b.mvgd.pl\/index.php\/shop\/"},{"@type":"ListItem","position":3,"name":"Cape Dreams Colombar"}]},{"@type":"WebSite","@id":"https:\/\/b2b.mvgd.pl\/#website","url":"https:\/\/b2b.mvgd.pl\/","name":"B2B MVGD PL","description":"","potentialAction":[{"@type":"SearchAction","target":{"@type":"EntryPoint","urlTemplate":"https:\/\/b2b.mvgd.pl\/?s={search_term_string}"},"query-input":{"@type":"PropertyValueSpecification","valueRequired":true,"valueName":"search_term_string"}}],"inLanguage":"pl-PL"}]}},"jetpack_sharing_enabled":true,"_links":{"self":[{"href":"https:\/\/b2b.mvgd.pl\/index.php\/wp-json\/wp\/v2\/product\/282","targetHints":{"allow":["GET"]}}],"collection":[{"href":"https:\/\/b2b.mvgd.pl\/index.php\/wp-json\/wp\/v2\/product"}],"about":[{"href":"https:\/\/b2b.mvgd.pl\/index.php\/wp-json\/wp\/v2\/types\/product"}],"replies":[{"embeddable":true,"href":"https:\/\/b2b.mvgd.pl\/index.php\/wp-json\/wp\/v2\/comments?post=282"}],"version-history":[{"count":0,"href":"https:\/\/b2b.mvgd.pl\/index.php\/wp-json\/wp\/v2\/product\/282\/revisions"}],"wp:featuredmedia":[{"embeddable":true,"href":"https:\/\/b2b.mvgd.pl\/index.php\/wp-json\/wp\/v2\/media\/339"}],"wp:attachment":[{"href":"https:\/\/b2b.mvgd.pl\/index.php\/wp-json\/wp\/v2\/media?parent=282"}],"wp:term":[{"taxonomy":"product_brand","embeddable":true,"href":"https:\/\/b2b.mvgd.pl\/index.php\/wp-json\/wp\/v2\/product_brand?post=282"},{"taxonomy":"product_cat","embeddable":true,"href":"https:\/\/b2b.mvgd.pl\/index.php\/wp-json\/wp\/v2\/product_cat?post=282"},{"taxonomy":"product_tag","embeddable":true,"href":"https:\/\/b2b.mvgd.pl\/index.php\/wp-json\/wp\/v2\/product_tag?post=282"}],"curies":[{"name":"wp","href":"https:\/\/api.w.org\/{rel}","templated":true}]}}