{"id":27,"date":"2026-02-16T18:31:02","date_gmt":"2026-02-16T18:31:02","guid":{"rendered":"https:\/\/b2b.mvgd.pl\/?post_type=product&#038;p=27"},"modified":"2026-02-16T18:31:46","modified_gmt":"2026-02-16T18:31:46","slug":"arribas-do-douro-tinto-colheita","status":"publish","type":"product","link":"https:\/\/b2b.mvgd.pl\/index.php\/produkt\/arribas-do-douro-tinto-colheita\/","title":{"rendered":"Arribas do Douro &#8211; Tinto Colheita"},"content":{"rendered":"","protected":false},"excerpt":{"rendered":"<p>To wytrawne wino o g\u0142\u0119bokim rubinowym kolorze z fioletowymi refleksami to kwintesencja elegancji i g\u0142\u0119bi smaku. Nos wina ujawnia bogate aromaty dojrza\u0142ych czarnych owoc\u00f3w, takich jak czarna porzeczka i \u015bliwka, kt\u00f3re \u0142\u0105cz\u0105 si\u0119 z subtelnymi nutami przypraw i sk\u00f3ry, tworz\u0105c z\u0142o\u017con\u0105 i poci\u0105gaj\u0105c\u0105 kompozycj\u0119. Na podniebieniu wino jest pe\u0142ne i dobrze zbudowane, z intensywnym smakiem owoc\u00f3w i delikatnymi taninami, kt\u00f3re nadaj\u0105 mu struktur\u0119 i g\u0142\u0119bi\u0119. D\u0142ugie, owocowe i pikantne zako\u0144czenie podkre\u015bla jego charakter i trwa\u0142o\u015b\u0107. Jest to doskona\u0142y wyb\u00f3r do da\u0144 mi\u0119snych, takich jak steki, piecze\u0144 czy intensywne sery, gdzie jego bogaty smak i struktura doskonale komplementuj\u0105 te pot\u0119\u017cne potrawy. Serwowane w temperaturze 16-18 \u00b0C, pozwala w pe\u0142ni doceni\u0107 jego z\u0142o\u017cono\u015b\u0107 i harmoni\u0119 smak\u00f3w.<\/p>\n","protected":false},"featured_media":65,"comment_status":"open","ping_status":"closed","template":"","meta":[],"product_brand":[],"product_cat":[22,21,18],"product_tag":[],"class_list":{"0":"post-27","1":"product","2":"type-product","3":"status-publish","4":"has-post-thumbnail","6":"product_cat-douro","7":"product_cat-portugalia","8":"product_cat-wina","10":"first","11":"instock","12":"shipping-taxable","13":"purchasable","14":"product-type-simple"},"yoast_head":"<!-- This site is optimized with the Yoast SEO plugin v26.9 - https:\/\/yoast.com\/product\/yoast-seo-wordpress\/ -->\n<title>Arribas do Douro - Tinto Colheita - B2B MVGD PL<\/title>\n<meta name=\"robots\" content=\"index, follow, max-snippet:-1, max-image-preview:large, max-video-preview:-1\" \/>\n<link rel=\"canonical\" href=\"https:\/\/b2b.mvgd.pl\/index.php\/produkt\/arribas-do-douro-tinto-colheita\/\" \/>\n<meta property=\"og:locale\" content=\"pl_PL\" \/>\n<meta property=\"og:type\" content=\"article\" \/>\n<meta property=\"og:title\" content=\"Arribas do Douro - Tinto Colheita - B2B MVGD PL\" \/>\n<meta property=\"og:description\" content=\"To wytrawne wino o g\u0142\u0119bokim rubinowym kolorze z fioletowymi refleksami to kwintesencja elegancji i g\u0142\u0119bi smaku. Nos wina ujawnia bogate aromaty dojrza\u0142ych czarnych owoc\u00f3w, takich jak czarna porzeczka i \u015bliwka, kt\u00f3re \u0142\u0105cz\u0105 si\u0119 z subtelnymi nutami przypraw i sk\u00f3ry, tworz\u0105c z\u0142o\u017con\u0105 i poci\u0105gaj\u0105c\u0105 kompozycj\u0119. Na podniebieniu wino jest pe\u0142ne i dobrze zbudowane, z intensywnym smakiem owoc\u00f3w i delikatnymi taninami, kt\u00f3re nadaj\u0105 mu struktur\u0119 i g\u0142\u0119bi\u0119. D\u0142ugie, owocowe i pikantne zako\u0144czenie podkre\u015bla jego charakter i trwa\u0142o\u015b\u0107. Jest to doskona\u0142y wyb\u00f3r do da\u0144 mi\u0119snych, takich jak steki, piecze\u0144 czy intensywne sery, gdzie jego bogaty smak i struktura doskonale komplementuj\u0105 te pot\u0119\u017cne potrawy. Serwowane w temperaturze 16-18 \u00b0C, pozwala w pe\u0142ni doceni\u0107 jego z\u0142o\u017cono\u015b\u0107 i harmoni\u0119 smak\u00f3w.\" \/>\n<meta property=\"og:url\" content=\"https:\/\/b2b.mvgd.pl\/index.php\/produkt\/arribas-do-douro-tinto-colheita\/\" \/>\n<meta property=\"og:site_name\" content=\"B2B MVGD PL\" \/>\n<meta property=\"article:modified_time\" content=\"2026-02-16T18:31:46+00:00\" \/>\n<meta name=\"twitter:card\" content=\"summary_large_image\" \/>\n<script type=\"application\/ld+json\" class=\"yoast-schema-graph\">{\"@context\":\"https:\/\/schema.org\",\"@graph\":[{\"@type\":\"WebPage\",\"@id\":\"https:\/\/b2b.mvgd.pl\/index.php\/produkt\/arribas-do-douro-tinto-colheita\/\",\"url\":\"https:\/\/b2b.mvgd.pl\/index.php\/produkt\/arribas-do-douro-tinto-colheita\/\",\"name\":\"Arribas do Douro - Tinto Colheita - B2B MVGD PL\",\"isPartOf\":{\"@id\":\"https:\/\/b2b.mvgd.pl\/#website\"},\"primaryImageOfPage\":{\"@id\":\"https:\/\/b2b.mvgd.pl\/index.php\/produkt\/arribas-do-douro-tinto-colheita\/#primaryimage\"},\"image\":{\"@id\":\"https:\/\/b2b.mvgd.pl\/index.php\/produkt\/arribas-do-douro-tinto-colheita\/#primaryimage\"},\"thumbnailUrl\":\"https:\/\/b2b.mvgd.pl\/wp-content\/uploads\/2026\/02\/PVYPPA0660.png\",\"datePublished\":\"2026-02-16T18:31:02+00:00\",\"dateModified\":\"2026-02-16T18:31:46+00:00\",\"breadcrumb\":{\"@id\":\"https:\/\/b2b.mvgd.pl\/index.php\/produkt\/arribas-do-douro-tinto-colheita\/#breadcrumb\"},\"inLanguage\":\"pl-PL\",\"potentialAction\":[{\"@type\":\"ReadAction\",\"target\":[\"https:\/\/b2b.mvgd.pl\/index.php\/produkt\/arribas-do-douro-tinto-colheita\/\"]}]},{\"@type\":\"ImageObject\",\"inLanguage\":\"pl-PL\",\"@id\":\"https:\/\/b2b.mvgd.pl\/index.php\/produkt\/arribas-do-douro-tinto-colheita\/#primaryimage\",\"url\":\"https:\/\/b2b.mvgd.pl\/wp-content\/uploads\/2026\/02\/PVYPPA0660.png\",\"contentUrl\":\"https:\/\/b2b.mvgd.pl\/wp-content\/uploads\/2026\/02\/PVYPPA0660.png\",\"width\":900,\"height\":1200},{\"@type\":\"BreadcrumbList\",\"@id\":\"https:\/\/b2b.mvgd.pl\/index.php\/produkt\/arribas-do-douro-tinto-colheita\/#breadcrumb\",\"itemListElement\":[{\"@type\":\"ListItem\",\"position\":1,\"name\":\"Strona g\u0142\u00f3wna\",\"item\":\"https:\/\/b2b.mvgd.pl\/\"},{\"@type\":\"ListItem\",\"position\":2,\"name\":\"Shop\",\"item\":\"https:\/\/b2b.mvgd.pl\/index.php\/shop\/\"},{\"@type\":\"ListItem\",\"position\":3,\"name\":\"Arribas do Douro &#8211; Tinto Colheita\"}]},{\"@type\":\"WebSite\",\"@id\":\"https:\/\/b2b.mvgd.pl\/#website\",\"url\":\"https:\/\/b2b.mvgd.pl\/\",\"name\":\"B2B MVGD PL\",\"description\":\"\",\"potentialAction\":[{\"@type\":\"SearchAction\",\"target\":{\"@type\":\"EntryPoint\",\"urlTemplate\":\"https:\/\/b2b.mvgd.pl\/?s={search_term_string}\"},\"query-input\":{\"@type\":\"PropertyValueSpecification\",\"valueRequired\":true,\"valueName\":\"search_term_string\"}}],\"inLanguage\":\"pl-PL\"}]}<\/script>\n<!-- \/ Yoast SEO plugin. -->","yoast_head_json":{"title":"Arribas do Douro - Tinto Colheita - B2B MVGD PL","robots":{"index":"index","follow":"follow","max-snippet":"max-snippet:-1","max-image-preview":"max-image-preview:large","max-video-preview":"max-video-preview:-1"},"canonical":"https:\/\/b2b.mvgd.pl\/index.php\/produkt\/arribas-do-douro-tinto-colheita\/","og_locale":"pl_PL","og_type":"article","og_title":"Arribas do Douro - Tinto Colheita - B2B MVGD PL","og_description":"To wytrawne wino o g\u0142\u0119bokim rubinowym kolorze z fioletowymi refleksami to kwintesencja elegancji i g\u0142\u0119bi smaku. Nos wina ujawnia bogate aromaty dojrza\u0142ych czarnych owoc\u00f3w, takich jak czarna porzeczka i \u015bliwka, kt\u00f3re \u0142\u0105cz\u0105 si\u0119 z subtelnymi nutami przypraw i sk\u00f3ry, tworz\u0105c z\u0142o\u017con\u0105 i poci\u0105gaj\u0105c\u0105 kompozycj\u0119. Na podniebieniu wino jest pe\u0142ne i dobrze zbudowane, z intensywnym smakiem owoc\u00f3w i delikatnymi taninami, kt\u00f3re nadaj\u0105 mu struktur\u0119 i g\u0142\u0119bi\u0119. D\u0142ugie, owocowe i pikantne zako\u0144czenie podkre\u015bla jego charakter i trwa\u0142o\u015b\u0107. Jest to doskona\u0142y wyb\u00f3r do da\u0144 mi\u0119snych, takich jak steki, piecze\u0144 czy intensywne sery, gdzie jego bogaty smak i struktura doskonale komplementuj\u0105 te pot\u0119\u017cne potrawy. Serwowane w temperaturze 16-18 \u00b0C, pozwala w pe\u0142ni doceni\u0107 jego z\u0142o\u017cono\u015b\u0107 i harmoni\u0119 smak\u00f3w.","og_url":"https:\/\/b2b.mvgd.pl\/index.php\/produkt\/arribas-do-douro-tinto-colheita\/","og_site_name":"B2B MVGD PL","article_modified_time":"2026-02-16T18:31:46+00:00","twitter_card":"summary_large_image","schema":{"@context":"https:\/\/schema.org","@graph":[{"@type":"WebPage","@id":"https:\/\/b2b.mvgd.pl\/index.php\/produkt\/arribas-do-douro-tinto-colheita\/","url":"https:\/\/b2b.mvgd.pl\/index.php\/produkt\/arribas-do-douro-tinto-colheita\/","name":"Arribas do Douro - Tinto Colheita - B2B MVGD PL","isPartOf":{"@id":"https:\/\/b2b.mvgd.pl\/#website"},"primaryImageOfPage":{"@id":"https:\/\/b2b.mvgd.pl\/index.php\/produkt\/arribas-do-douro-tinto-colheita\/#primaryimage"},"image":{"@id":"https:\/\/b2b.mvgd.pl\/index.php\/produkt\/arribas-do-douro-tinto-colheita\/#primaryimage"},"thumbnailUrl":"https:\/\/b2b.mvgd.pl\/wp-content\/uploads\/2026\/02\/PVYPPA0660.png","datePublished":"2026-02-16T18:31:02+00:00","dateModified":"2026-02-16T18:31:46+00:00","breadcrumb":{"@id":"https:\/\/b2b.mvgd.pl\/index.php\/produkt\/arribas-do-douro-tinto-colheita\/#breadcrumb"},"inLanguage":"pl-PL","potentialAction":[{"@type":"ReadAction","target":["https:\/\/b2b.mvgd.pl\/index.php\/produkt\/arribas-do-douro-tinto-colheita\/"]}]},{"@type":"ImageObject","inLanguage":"pl-PL","@id":"https:\/\/b2b.mvgd.pl\/index.php\/produkt\/arribas-do-douro-tinto-colheita\/#primaryimage","url":"https:\/\/b2b.mvgd.pl\/wp-content\/uploads\/2026\/02\/PVYPPA0660.png","contentUrl":"https:\/\/b2b.mvgd.pl\/wp-content\/uploads\/2026\/02\/PVYPPA0660.png","width":900,"height":1200},{"@type":"BreadcrumbList","@id":"https:\/\/b2b.mvgd.pl\/index.php\/produkt\/arribas-do-douro-tinto-colheita\/#breadcrumb","itemListElement":[{"@type":"ListItem","position":1,"name":"Strona g\u0142\u00f3wna","item":"https:\/\/b2b.mvgd.pl\/"},{"@type":"ListItem","position":2,"name":"Shop","item":"https:\/\/b2b.mvgd.pl\/index.php\/shop\/"},{"@type":"ListItem","position":3,"name":"Arribas do Douro &#8211; Tinto Colheita"}]},{"@type":"WebSite","@id":"https:\/\/b2b.mvgd.pl\/#website","url":"https:\/\/b2b.mvgd.pl\/","name":"B2B MVGD PL","description":"","potentialAction":[{"@type":"SearchAction","target":{"@type":"EntryPoint","urlTemplate":"https:\/\/b2b.mvgd.pl\/?s={search_term_string}"},"query-input":{"@type":"PropertyValueSpecification","valueRequired":true,"valueName":"search_term_string"}}],"inLanguage":"pl-PL"}]}},"jetpack_sharing_enabled":true,"_links":{"self":[{"href":"https:\/\/b2b.mvgd.pl\/index.php\/wp-json\/wp\/v2\/product\/27","targetHints":{"allow":["GET"]}}],"collection":[{"href":"https:\/\/b2b.mvgd.pl\/index.php\/wp-json\/wp\/v2\/product"}],"about":[{"href":"https:\/\/b2b.mvgd.pl\/index.php\/wp-json\/wp\/v2\/types\/product"}],"replies":[{"embeddable":true,"href":"https:\/\/b2b.mvgd.pl\/index.php\/wp-json\/wp\/v2\/comments?post=27"}],"version-history":[{"count":0,"href":"https:\/\/b2b.mvgd.pl\/index.php\/wp-json\/wp\/v2\/product\/27\/revisions"}],"wp:featuredmedia":[{"embeddable":true,"href":"https:\/\/b2b.mvgd.pl\/index.php\/wp-json\/wp\/v2\/media\/65"}],"wp:attachment":[{"href":"https:\/\/b2b.mvgd.pl\/index.php\/wp-json\/wp\/v2\/media?parent=27"}],"wp:term":[{"taxonomy":"product_brand","embeddable":true,"href":"https:\/\/b2b.mvgd.pl\/index.php\/wp-json\/wp\/v2\/product_brand?post=27"},{"taxonomy":"product_cat","embeddable":true,"href":"https:\/\/b2b.mvgd.pl\/index.php\/wp-json\/wp\/v2\/product_cat?post=27"},{"taxonomy":"product_tag","embeddable":true,"href":"https:\/\/b2b.mvgd.pl\/index.php\/wp-json\/wp\/v2\/product_tag?post=27"}],"curies":[{"name":"wp","href":"https:\/\/api.w.org\/{rel}","templated":true}]}}