{"id":247,"date":"2026-02-16T18:36:24","date_gmt":"2026-02-16T18:36:24","guid":{"rendered":"https:\/\/b2b.mvgd.pl\/?post_type=product&#038;p=247"},"modified":"2026-02-16T18:37:41","modified_gmt":"2026-02-16T18:37:41","slug":"g1928-refosco-dal-peduncolo-rosso-doc-lison-pramaggiore-riserva-ornella-bellia","status":"publish","type":"product","link":"https:\/\/b2b.mvgd.pl\/index.php\/produkt\/g1928-refosco-dal-peduncolo-rosso-doc-lison-pramaggiore-riserva-ornella-bellia\/","title":{"rendered":"&#8222;G1928&#8221; Refosco dal Peduncolo Rosso DOC Lison Pramaggiore Riserva Ornella Bellia"},"content":{"rendered":"<div id=\"attachment_1193\" style=\"width: 510px\" class=\"wp-caption alignright\"><img loading=\"lazy\" decoding=\"async\" aria-describedby=\"caption-attachment-1193\" class=\" wp-image-1193\" src=\"https:\/\/mvgd.pl\/wp-content\/uploads\/2023\/12\/Dziadek-Ornella_2-300x277.jpg\" alt=\"\" width=\"500\" height=\"462\" \/><p id=\"caption-attachment-1193\" class=\"wp-caption-text\">Giovanni Bellia<\/p><\/div>\n<p><strong>Rodzaj Gleby:<\/strong> Aluwialna glina wapienna.<\/p>\n<p><strong>G\u0119sto\u015b\u0107 Nasadze\u0144:<\/strong> 3,500 &#8211; 4,500 ro\u015blin na hektar.<br \/>\n<strong>Produkcja:<\/strong> 7,000 &#8211; 8,000 kg\/ha.<br \/>\n<strong>Metoda Uprawy:<\/strong> Sylvoz.<br \/>\n<strong>Zbi\u00f3r:<\/strong> Druga dekada wrze\u015bnia.<\/p>\n<p><strong>Proces Winifikacji:<\/strong><\/p>\n<p>Wino uzyskiwane z winogron zbieranych w pe\u0142ni dojrza\u0142o\u015bci. Winifikacja obejmuje maceracj\u0119<br \/>\nw kontakcie ze sk\u00f3rkami przez ponad 15 dni<br \/>\nz fermentacj\u0105 malolaktyczn\u0105 w ma\u0142ych stalowych zbiornikach przez kilka miesi\u0119cy.<br \/>\nNast\u0119puje dojrzewanie w beczkach d\u0119bowych przez 18 miesi\u0119cy i w butelce przez 6 miesi\u0119cy.<\/p>\n<p class=\"cvGsUA direction-ltr align-justify para-style-body\"><span class=\"OYPEnA text-decoration-none text-strikethrough-none\">G1928 pochodzi z jednej z pierwszych winnic za\u0142o\u017conych przez mojego ojca Giovanniego. Na dzia\u0142ce o powierzchni oko\u0142o dw\u00f3ch hektar\u00f3w ro\u015bnie sze\u015b\u0107 rz\u0119d\u00f3w Refosco dal Peduncolo Rosso i cztery Cabernet Sauvignon. Wino to by\u0142o zawsze przetwarzane jako wino m\u0142ode, ale m\u00f3j ojciec mia\u0142 intuicj\u0119, \u017ce ograniczenie produkcji i dojrzewanie wina w drewnie da doskona\u0142e rezultaty. To sk\u0142oni\u0142o nas do podj\u0119cia decyzji o zastosowaniu najlepszych metod uprawy winoro\u015bli, takich jak staranna selekcja gron w winnicy, d\u0142ugi okres fermentacji w niskiej temperaturze i dojrzewanie w beczkach<\/span> <span class=\"OYPEnA text-decoration-none text-strikethrough-none\">z najwy\u017cszej jako\u015bci d\u0119bu. W ten spos\u00f3b oddaj\u0119 ho\u0142d mojemu ojcu wyj\u0105tkowym czerwonym winem.<\/span><\/p>\n<p class=\"cvGsUA direction-ltr align-justify para-style-body\"><span class=\"OYPEnA text-decoration-none text-strikethrough-none\">Urodzony w 1928 r. m\u00f3j ojciec Giovanni, pochodz\u0105cy z rodziny rolniczej, ju\u017c jako dziecko uczy\u0142 si\u0119 ci\u0119\u017ckiej pracy na roli, ale tak\u017ce kocha\u0142 jej owoce. W latach sze\u015b\u0107dziesi\u0105tych, kiedy sko\u0144czy\u0142 si\u0119 w\u0142oski system dzier\u017cawy, specjalizowa\u0142 si\u0119 w uprawie winoro\u015bli i wkr\u00f3tce zyska\u0142 uznanie \u015bwiata uprawy winoro\u015bli we wschodniej cz\u0119\u015bci Veneto jako dalekowzroczny rolnik. Chc\u0119 mu odda\u0107 ho\u0142d t\u0105 now\u0105 wytw\u00f3rni\u0105, bo jestem wdzi\u0119czny za pasj\u0119, kt\u00f3r\u0105 przekaza\u0142 nie tylko mnie, ale i moim dzieciom. Pasja do uprawy winoro\u015bli, kt\u00f3ra go nigdy nie opu\u015bci\u0142a.<\/span><\/p>\n","protected":false},"excerpt":{"rendered":"<p>Kolor: Intensywna g\u0142\u0119boka rubinowa czerwie\u0144 z magentowymi refleksami<br \/>\nNos: Wyrafinowany i d\u0142ugotrwa\u0142y z wyra\u017anymi nutami mieszanych czerwonych owoc\u00f3w jagodowych. Waniliowe zako\u0144czenie<br \/>\nUsta: Pe\u0142ne, wyraziste, ciep\u0142e i niezwykle dobrze zbalansowane<br \/>\nSerwowanie: Absolutnie pyszne z duszonym mi\u0119sem, grillowanym mi\u0119sem i twardymi serami. Serwowa\u0107 w temperaturze 18 \u00b0C<\/p>\n","protected":false},"featured_media":303,"comment_status":"open","ping_status":"closed","template":"","meta":[],"product_brand":[],"product_cat":[20,18,19],"product_tag":[],"class_list":{"0":"post-247","1":"product","2":"type-product","3":"status-publish","4":"has-post-thumbnail","6":"product_cat-veneto","7":"product_cat-wina","8":"product_cat-wlochy-wina","10":"first","11":"instock","12":"shipping-taxable","13":"purchasable","14":"product-type-simple"},"yoast_head":"<!-- This site is optimized with the Yoast SEO plugin v26.9 - https:\/\/yoast.com\/product\/yoast-seo-wordpress\/ -->\n<title>&quot;G1928&quot; Refosco dal Peduncolo Rosso DOC Lison Pramaggiore Riserva Ornella Bellia - B2B MVGD PL<\/title>\n<meta name=\"robots\" content=\"index, follow, max-snippet:-1, max-image-preview:large, max-video-preview:-1\" \/>\n<link rel=\"canonical\" href=\"https:\/\/b2b.mvgd.pl\/index.php\/produkt\/g1928-refosco-dal-peduncolo-rosso-doc-lison-pramaggiore-riserva-ornella-bellia\/\" \/>\n<meta property=\"og:locale\" content=\"pl_PL\" \/>\n<meta property=\"og:type\" content=\"article\" \/>\n<meta property=\"og:title\" content=\"&quot;G1928&quot; Refosco dal Peduncolo Rosso DOC Lison Pramaggiore Riserva Ornella Bellia - B2B MVGD PL\" \/>\n<meta property=\"og:description\" content=\"Kolor: Intensywna g\u0142\u0119boka rubinowa czerwie\u0144 z magentowymi refleksami Nos: Wyrafinowany i d\u0142ugotrwa\u0142y z wyra\u017anymi nutami mieszanych czerwonych owoc\u00f3w jagodowych. Waniliowe zako\u0144czenie Usta: Pe\u0142ne, wyraziste, ciep\u0142e i niezwykle dobrze zbalansowane Serwowanie: Absolutnie pyszne z duszonym mi\u0119sem, grillowanym mi\u0119sem i twardymi serami. Serwowa\u0107 w temperaturze 18 \u00b0C\" \/>\n<meta property=\"og:url\" content=\"https:\/\/b2b.mvgd.pl\/index.php\/produkt\/g1928-refosco-dal-peduncolo-rosso-doc-lison-pramaggiore-riserva-ornella-bellia\/\" \/>\n<meta property=\"og:site_name\" content=\"B2B MVGD PL\" \/>\n<meta property=\"article:modified_time\" content=\"2026-02-16T18:37:41+00:00\" \/>\n<meta name=\"twitter:card\" content=\"summary_large_image\" \/>\n<meta name=\"twitter:label1\" content=\"Szacowany czas czytania\" \/>\n\t<meta name=\"twitter:data1\" content=\"2 minuty\" \/>\n<script type=\"application\/ld+json\" class=\"yoast-schema-graph\">{\"@context\":\"https:\/\/schema.org\",\"@graph\":[{\"@type\":\"WebPage\",\"@id\":\"https:\/\/b2b.mvgd.pl\/index.php\/produkt\/g1928-refosco-dal-peduncolo-rosso-doc-lison-pramaggiore-riserva-ornella-bellia\/\",\"url\":\"https:\/\/b2b.mvgd.pl\/index.php\/produkt\/g1928-refosco-dal-peduncolo-rosso-doc-lison-pramaggiore-riserva-ornella-bellia\/\",\"name\":\"\\\"G1928\\\" Refosco dal Peduncolo Rosso DOC Lison Pramaggiore Riserva Ornella Bellia - B2B MVGD PL\",\"isPartOf\":{\"@id\":\"https:\/\/b2b.mvgd.pl\/#website\"},\"primaryImageOfPage\":{\"@id\":\"https:\/\/b2b.mvgd.pl\/index.php\/produkt\/g1928-refosco-dal-peduncolo-rosso-doc-lison-pramaggiore-riserva-ornella-bellia\/#primaryimage\"},\"image\":{\"@id\":\"https:\/\/b2b.mvgd.pl\/index.php\/produkt\/g1928-refosco-dal-peduncolo-rosso-doc-lison-pramaggiore-riserva-ornella-bellia\/#primaryimage\"},\"thumbnailUrl\":\"https:\/\/b2b.mvgd.pl\/wp-content\/uploads\/2026\/02\/PVYORN0160.png\",\"datePublished\":\"2026-02-16T18:36:24+00:00\",\"dateModified\":\"2026-02-16T18:37:41+00:00\",\"breadcrumb\":{\"@id\":\"https:\/\/b2b.mvgd.pl\/index.php\/produkt\/g1928-refosco-dal-peduncolo-rosso-doc-lison-pramaggiore-riserva-ornella-bellia\/#breadcrumb\"},\"inLanguage\":\"pl-PL\",\"potentialAction\":[{\"@type\":\"ReadAction\",\"target\":[\"https:\/\/b2b.mvgd.pl\/index.php\/produkt\/g1928-refosco-dal-peduncolo-rosso-doc-lison-pramaggiore-riserva-ornella-bellia\/\"]}]},{\"@type\":\"ImageObject\",\"inLanguage\":\"pl-PL\",\"@id\":\"https:\/\/b2b.mvgd.pl\/index.php\/produkt\/g1928-refosco-dal-peduncolo-rosso-doc-lison-pramaggiore-riserva-ornella-bellia\/#primaryimage\",\"url\":\"https:\/\/b2b.mvgd.pl\/wp-content\/uploads\/2026\/02\/PVYORN0160.png\",\"contentUrl\":\"https:\/\/b2b.mvgd.pl\/wp-content\/uploads\/2026\/02\/PVYORN0160.png\",\"width\":900,\"height\":1200},{\"@type\":\"BreadcrumbList\",\"@id\":\"https:\/\/b2b.mvgd.pl\/index.php\/produkt\/g1928-refosco-dal-peduncolo-rosso-doc-lison-pramaggiore-riserva-ornella-bellia\/#breadcrumb\",\"itemListElement\":[{\"@type\":\"ListItem\",\"position\":1,\"name\":\"Strona g\u0142\u00f3wna\",\"item\":\"https:\/\/b2b.mvgd.pl\/\"},{\"@type\":\"ListItem\",\"position\":2,\"name\":\"Shop\",\"item\":\"https:\/\/b2b.mvgd.pl\/index.php\/shop\/\"},{\"@type\":\"ListItem\",\"position\":3,\"name\":\"&#8222;G1928&#8221; Refosco dal Peduncolo Rosso DOC Lison Pramaggiore Riserva Ornella Bellia\"}]},{\"@type\":\"WebSite\",\"@id\":\"https:\/\/b2b.mvgd.pl\/#website\",\"url\":\"https:\/\/b2b.mvgd.pl\/\",\"name\":\"B2B MVGD PL\",\"description\":\"\",\"potentialAction\":[{\"@type\":\"SearchAction\",\"target\":{\"@type\":\"EntryPoint\",\"urlTemplate\":\"https:\/\/b2b.mvgd.pl\/?s={search_term_string}\"},\"query-input\":{\"@type\":\"PropertyValueSpecification\",\"valueRequired\":true,\"valueName\":\"search_term_string\"}}],\"inLanguage\":\"pl-PL\"}]}<\/script>\n<!-- \/ Yoast SEO plugin. -->","yoast_head_json":{"title":"\"G1928\" Refosco dal Peduncolo Rosso DOC Lison Pramaggiore Riserva Ornella Bellia - B2B MVGD PL","robots":{"index":"index","follow":"follow","max-snippet":"max-snippet:-1","max-image-preview":"max-image-preview:large","max-video-preview":"max-video-preview:-1"},"canonical":"https:\/\/b2b.mvgd.pl\/index.php\/produkt\/g1928-refosco-dal-peduncolo-rosso-doc-lison-pramaggiore-riserva-ornella-bellia\/","og_locale":"pl_PL","og_type":"article","og_title":"\"G1928\" Refosco dal Peduncolo Rosso DOC Lison Pramaggiore Riserva Ornella Bellia - B2B MVGD PL","og_description":"Kolor: Intensywna g\u0142\u0119boka rubinowa czerwie\u0144 z magentowymi refleksami Nos: Wyrafinowany i d\u0142ugotrwa\u0142y z wyra\u017anymi nutami mieszanych czerwonych owoc\u00f3w jagodowych. Waniliowe zako\u0144czenie Usta: Pe\u0142ne, wyraziste, ciep\u0142e i niezwykle dobrze zbalansowane Serwowanie: Absolutnie pyszne z duszonym mi\u0119sem, grillowanym mi\u0119sem i twardymi serami. Serwowa\u0107 w temperaturze 18 \u00b0C","og_url":"https:\/\/b2b.mvgd.pl\/index.php\/produkt\/g1928-refosco-dal-peduncolo-rosso-doc-lison-pramaggiore-riserva-ornella-bellia\/","og_site_name":"B2B MVGD PL","article_modified_time":"2026-02-16T18:37:41+00:00","twitter_card":"summary_large_image","twitter_misc":{"Szacowany czas czytania":"2 minuty"},"schema":{"@context":"https:\/\/schema.org","@graph":[{"@type":"WebPage","@id":"https:\/\/b2b.mvgd.pl\/index.php\/produkt\/g1928-refosco-dal-peduncolo-rosso-doc-lison-pramaggiore-riserva-ornella-bellia\/","url":"https:\/\/b2b.mvgd.pl\/index.php\/produkt\/g1928-refosco-dal-peduncolo-rosso-doc-lison-pramaggiore-riserva-ornella-bellia\/","name":"\"G1928\" Refosco dal Peduncolo Rosso DOC Lison Pramaggiore Riserva Ornella Bellia - B2B MVGD PL","isPartOf":{"@id":"https:\/\/b2b.mvgd.pl\/#website"},"primaryImageOfPage":{"@id":"https:\/\/b2b.mvgd.pl\/index.php\/produkt\/g1928-refosco-dal-peduncolo-rosso-doc-lison-pramaggiore-riserva-ornella-bellia\/#primaryimage"},"image":{"@id":"https:\/\/b2b.mvgd.pl\/index.php\/produkt\/g1928-refosco-dal-peduncolo-rosso-doc-lison-pramaggiore-riserva-ornella-bellia\/#primaryimage"},"thumbnailUrl":"https:\/\/b2b.mvgd.pl\/wp-content\/uploads\/2026\/02\/PVYORN0160.png","datePublished":"2026-02-16T18:36:24+00:00","dateModified":"2026-02-16T18:37:41+00:00","breadcrumb":{"@id":"https:\/\/b2b.mvgd.pl\/index.php\/produkt\/g1928-refosco-dal-peduncolo-rosso-doc-lison-pramaggiore-riserva-ornella-bellia\/#breadcrumb"},"inLanguage":"pl-PL","potentialAction":[{"@type":"ReadAction","target":["https:\/\/b2b.mvgd.pl\/index.php\/produkt\/g1928-refosco-dal-peduncolo-rosso-doc-lison-pramaggiore-riserva-ornella-bellia\/"]}]},{"@type":"ImageObject","inLanguage":"pl-PL","@id":"https:\/\/b2b.mvgd.pl\/index.php\/produkt\/g1928-refosco-dal-peduncolo-rosso-doc-lison-pramaggiore-riserva-ornella-bellia\/#primaryimage","url":"https:\/\/b2b.mvgd.pl\/wp-content\/uploads\/2026\/02\/PVYORN0160.png","contentUrl":"https:\/\/b2b.mvgd.pl\/wp-content\/uploads\/2026\/02\/PVYORN0160.png","width":900,"height":1200},{"@type":"BreadcrumbList","@id":"https:\/\/b2b.mvgd.pl\/index.php\/produkt\/g1928-refosco-dal-peduncolo-rosso-doc-lison-pramaggiore-riserva-ornella-bellia\/#breadcrumb","itemListElement":[{"@type":"ListItem","position":1,"name":"Strona g\u0142\u00f3wna","item":"https:\/\/b2b.mvgd.pl\/"},{"@type":"ListItem","position":2,"name":"Shop","item":"https:\/\/b2b.mvgd.pl\/index.php\/shop\/"},{"@type":"ListItem","position":3,"name":"&#8222;G1928&#8221; Refosco dal Peduncolo Rosso DOC Lison Pramaggiore Riserva Ornella Bellia"}]},{"@type":"WebSite","@id":"https:\/\/b2b.mvgd.pl\/#website","url":"https:\/\/b2b.mvgd.pl\/","name":"B2B MVGD PL","description":"","potentialAction":[{"@type":"SearchAction","target":{"@type":"EntryPoint","urlTemplate":"https:\/\/b2b.mvgd.pl\/?s={search_term_string}"},"query-input":{"@type":"PropertyValueSpecification","valueRequired":true,"valueName":"search_term_string"}}],"inLanguage":"pl-PL"}]}},"jetpack_sharing_enabled":true,"_links":{"self":[{"href":"https:\/\/b2b.mvgd.pl\/index.php\/wp-json\/wp\/v2\/product\/247","targetHints":{"allow":["GET"]}}],"collection":[{"href":"https:\/\/b2b.mvgd.pl\/index.php\/wp-json\/wp\/v2\/product"}],"about":[{"href":"https:\/\/b2b.mvgd.pl\/index.php\/wp-json\/wp\/v2\/types\/product"}],"replies":[{"embeddable":true,"href":"https:\/\/b2b.mvgd.pl\/index.php\/wp-json\/wp\/v2\/comments?post=247"}],"version-history":[{"count":0,"href":"https:\/\/b2b.mvgd.pl\/index.php\/wp-json\/wp\/v2\/product\/247\/revisions"}],"wp:featuredmedia":[{"embeddable":true,"href":"https:\/\/b2b.mvgd.pl\/index.php\/wp-json\/wp\/v2\/media\/303"}],"wp:attachment":[{"href":"https:\/\/b2b.mvgd.pl\/index.php\/wp-json\/wp\/v2\/media?parent=247"}],"wp:term":[{"taxonomy":"product_brand","embeddable":true,"href":"https:\/\/b2b.mvgd.pl\/index.php\/wp-json\/wp\/v2\/product_brand?post=247"},{"taxonomy":"product_cat","embeddable":true,"href":"https:\/\/b2b.mvgd.pl\/index.php\/wp-json\/wp\/v2\/product_cat?post=247"},{"taxonomy":"product_tag","embeddable":true,"href":"https:\/\/b2b.mvgd.pl\/index.php\/wp-json\/wp\/v2\/product_tag?post=247"}],"curies":[{"name":"wp","href":"https:\/\/api.w.org\/{rel}","templated":true}]}}