{"id":19,"date":"2026-02-16T18:31:00","date_gmt":"2026-02-16T18:31:00","guid":{"rendered":"https:\/\/b2b.mvgd.pl\/?post_type=product&#038;p=19"},"modified":"2026-02-16T18:31:18","modified_gmt":"2026-02-16T18:31:18","slug":"cesteira-verde-doc-premium-white","status":"publish","type":"product","link":"https:\/\/b2b.mvgd.pl\/index.php\/produkt\/cesteira-verde-doc-premium-white\/","title":{"rendered":"Cesteira Verde DOC &#8211; Premium White"},"content":{"rendered":"","protected":false},"excerpt":{"rendered":"<p>To p\u00f3\u0142wytrawne wino o cytrusowo-\u017c\u00f3\u0142tym kolorze stanowi idealn\u0105 harmoni\u0119 smaku i aromatu. Nos wina jest pe\u0142en \u015bwie\u017cych aromat\u00f3w cytrus\u00f3w, kwiatowych nut oraz owoc\u00f3w, co razem tworzy przyjemn\u0105 i zach\u0119caj\u0105c\u0105 kompozycj\u0119. Na podniebieniu wino jest g\u0142adkie i zbalansowane, z delikatnym musowaniem, kt\u00f3re nadaje mu m\u0142odzie\u0144cz\u0105 i \u015bwie\u017c\u0105 charakterystyk\u0119. Jest to doskona\u0142y wyb\u00f3r do komponowania z sa\u0142atkami, warzywami oraz bia\u0142ym mi\u0119sem, gdzie jego delikatno\u015b\u0107 i \u015bwie\u017co\u015b\u0107 pi\u0119knie podkre\u015blaj\u0105 smaki tych da\u0144. Serwowane w temperaturze 6-8 \u00b0C, pozwala w pe\u0142ni doceni\u0107 jego lekko\u015b\u0107 i subtelne nuty, stanowi\u0105c doskona\u0142y dodatek do wielu lekkich i zdrowych posi\u0142k\u00f3w.<\/p>\n","protected":false},"featured_media":49,"comment_status":"open","ping_status":"closed","template":"","meta":[],"product_brand":[],"product_cat":[21,29,18],"product_tag":[],"class_list":{"0":"post-19","1":"product","2":"type-product","3":"status-publish","4":"has-post-thumbnail","6":"product_cat-portugalia","7":"product_cat-vinho-verde","8":"product_cat-wina","10":"first","11":"instock","12":"shipping-taxable","13":"purchasable","14":"product-type-simple"},"yoast_head":"<!-- This site is optimized with the Yoast SEO plugin v26.9 - https:\/\/yoast.com\/product\/yoast-seo-wordpress\/ -->\n<title>Cesteira Verde DOC - Premium White - B2B MVGD PL<\/title>\n<meta name=\"robots\" content=\"index, follow, max-snippet:-1, max-image-preview:large, max-video-preview:-1\" \/>\n<link rel=\"canonical\" href=\"https:\/\/b2b.mvgd.pl\/index.php\/produkt\/cesteira-verde-doc-premium-white\/\" \/>\n<meta property=\"og:locale\" content=\"pl_PL\" \/>\n<meta property=\"og:type\" content=\"article\" \/>\n<meta property=\"og:title\" content=\"Cesteira Verde DOC - Premium White - B2B MVGD PL\" \/>\n<meta property=\"og:description\" content=\"To p\u00f3\u0142wytrawne wino o cytrusowo-\u017c\u00f3\u0142tym kolorze stanowi idealn\u0105 harmoni\u0119 smaku i aromatu. Nos wina jest pe\u0142en \u015bwie\u017cych aromat\u00f3w cytrus\u00f3w, kwiatowych nut oraz owoc\u00f3w, co razem tworzy przyjemn\u0105 i zach\u0119caj\u0105c\u0105 kompozycj\u0119. Na podniebieniu wino jest g\u0142adkie i zbalansowane, z delikatnym musowaniem, kt\u00f3re nadaje mu m\u0142odzie\u0144cz\u0105 i \u015bwie\u017c\u0105 charakterystyk\u0119. Jest to doskona\u0142y wyb\u00f3r do komponowania z sa\u0142atkami, warzywami oraz bia\u0142ym mi\u0119sem, gdzie jego delikatno\u015b\u0107 i \u015bwie\u017co\u015b\u0107 pi\u0119knie podkre\u015blaj\u0105 smaki tych da\u0144. Serwowane w temperaturze 6-8 \u00b0C, pozwala w pe\u0142ni doceni\u0107 jego lekko\u015b\u0107 i subtelne nuty, stanowi\u0105c doskona\u0142y dodatek do wielu lekkich i zdrowych posi\u0142k\u00f3w.\" \/>\n<meta property=\"og:url\" content=\"https:\/\/b2b.mvgd.pl\/index.php\/produkt\/cesteira-verde-doc-premium-white\/\" \/>\n<meta property=\"og:site_name\" content=\"B2B MVGD PL\" \/>\n<meta property=\"article:modified_time\" content=\"2026-02-16T18:31:18+00:00\" \/>\n<meta name=\"twitter:card\" content=\"summary_large_image\" \/>\n<script type=\"application\/ld+json\" class=\"yoast-schema-graph\">{\"@context\":\"https:\/\/schema.org\",\"@graph\":[{\"@type\":\"WebPage\",\"@id\":\"https:\/\/b2b.mvgd.pl\/index.php\/produkt\/cesteira-verde-doc-premium-white\/\",\"url\":\"https:\/\/b2b.mvgd.pl\/index.php\/produkt\/cesteira-verde-doc-premium-white\/\",\"name\":\"Cesteira Verde DOC - Premium White - B2B MVGD PL\",\"isPartOf\":{\"@id\":\"https:\/\/b2b.mvgd.pl\/#website\"},\"primaryImageOfPage\":{\"@id\":\"https:\/\/b2b.mvgd.pl\/index.php\/produkt\/cesteira-verde-doc-premium-white\/#primaryimage\"},\"image\":{\"@id\":\"https:\/\/b2b.mvgd.pl\/index.php\/produkt\/cesteira-verde-doc-premium-white\/#primaryimage\"},\"thumbnailUrl\":\"https:\/\/b2b.mvgd.pl\/wp-content\/uploads\/2026\/02\/PVYPPA0860.png\",\"datePublished\":\"2026-02-16T18:31:00+00:00\",\"dateModified\":\"2026-02-16T18:31:18+00:00\",\"breadcrumb\":{\"@id\":\"https:\/\/b2b.mvgd.pl\/index.php\/produkt\/cesteira-verde-doc-premium-white\/#breadcrumb\"},\"inLanguage\":\"pl-PL\",\"potentialAction\":[{\"@type\":\"ReadAction\",\"target\":[\"https:\/\/b2b.mvgd.pl\/index.php\/produkt\/cesteira-verde-doc-premium-white\/\"]}]},{\"@type\":\"ImageObject\",\"inLanguage\":\"pl-PL\",\"@id\":\"https:\/\/b2b.mvgd.pl\/index.php\/produkt\/cesteira-verde-doc-premium-white\/#primaryimage\",\"url\":\"https:\/\/b2b.mvgd.pl\/wp-content\/uploads\/2026\/02\/PVYPPA0860.png\",\"contentUrl\":\"https:\/\/b2b.mvgd.pl\/wp-content\/uploads\/2026\/02\/PVYPPA0860.png\",\"width\":900,\"height\":1200},{\"@type\":\"BreadcrumbList\",\"@id\":\"https:\/\/b2b.mvgd.pl\/index.php\/produkt\/cesteira-verde-doc-premium-white\/#breadcrumb\",\"itemListElement\":[{\"@type\":\"ListItem\",\"position\":1,\"name\":\"Strona g\u0142\u00f3wna\",\"item\":\"https:\/\/b2b.mvgd.pl\/\"},{\"@type\":\"ListItem\",\"position\":2,\"name\":\"Shop\",\"item\":\"https:\/\/b2b.mvgd.pl\/index.php\/shop\/\"},{\"@type\":\"ListItem\",\"position\":3,\"name\":\"Cesteira Verde DOC &#8211; Premium White\"}]},{\"@type\":\"WebSite\",\"@id\":\"https:\/\/b2b.mvgd.pl\/#website\",\"url\":\"https:\/\/b2b.mvgd.pl\/\",\"name\":\"B2B MVGD PL\",\"description\":\"\",\"potentialAction\":[{\"@type\":\"SearchAction\",\"target\":{\"@type\":\"EntryPoint\",\"urlTemplate\":\"https:\/\/b2b.mvgd.pl\/?s={search_term_string}\"},\"query-input\":{\"@type\":\"PropertyValueSpecification\",\"valueRequired\":true,\"valueName\":\"search_term_string\"}}],\"inLanguage\":\"pl-PL\"}]}<\/script>\n<!-- \/ Yoast SEO plugin. -->","yoast_head_json":{"title":"Cesteira Verde DOC - Premium White - B2B MVGD PL","robots":{"index":"index","follow":"follow","max-snippet":"max-snippet:-1","max-image-preview":"max-image-preview:large","max-video-preview":"max-video-preview:-1"},"canonical":"https:\/\/b2b.mvgd.pl\/index.php\/produkt\/cesteira-verde-doc-premium-white\/","og_locale":"pl_PL","og_type":"article","og_title":"Cesteira Verde DOC - Premium White - B2B MVGD PL","og_description":"To p\u00f3\u0142wytrawne wino o cytrusowo-\u017c\u00f3\u0142tym kolorze stanowi idealn\u0105 harmoni\u0119 smaku i aromatu. Nos wina jest pe\u0142en \u015bwie\u017cych aromat\u00f3w cytrus\u00f3w, kwiatowych nut oraz owoc\u00f3w, co razem tworzy przyjemn\u0105 i zach\u0119caj\u0105c\u0105 kompozycj\u0119. Na podniebieniu wino jest g\u0142adkie i zbalansowane, z delikatnym musowaniem, kt\u00f3re nadaje mu m\u0142odzie\u0144cz\u0105 i \u015bwie\u017c\u0105 charakterystyk\u0119. Jest to doskona\u0142y wyb\u00f3r do komponowania z sa\u0142atkami, warzywami oraz bia\u0142ym mi\u0119sem, gdzie jego delikatno\u015b\u0107 i \u015bwie\u017co\u015b\u0107 pi\u0119knie podkre\u015blaj\u0105 smaki tych da\u0144. Serwowane w temperaturze 6-8 \u00b0C, pozwala w pe\u0142ni doceni\u0107 jego lekko\u015b\u0107 i subtelne nuty, stanowi\u0105c doskona\u0142y dodatek do wielu lekkich i zdrowych posi\u0142k\u00f3w.","og_url":"https:\/\/b2b.mvgd.pl\/index.php\/produkt\/cesteira-verde-doc-premium-white\/","og_site_name":"B2B MVGD PL","article_modified_time":"2026-02-16T18:31:18+00:00","twitter_card":"summary_large_image","schema":{"@context":"https:\/\/schema.org","@graph":[{"@type":"WebPage","@id":"https:\/\/b2b.mvgd.pl\/index.php\/produkt\/cesteira-verde-doc-premium-white\/","url":"https:\/\/b2b.mvgd.pl\/index.php\/produkt\/cesteira-verde-doc-premium-white\/","name":"Cesteira Verde DOC - Premium White - B2B MVGD PL","isPartOf":{"@id":"https:\/\/b2b.mvgd.pl\/#website"},"primaryImageOfPage":{"@id":"https:\/\/b2b.mvgd.pl\/index.php\/produkt\/cesteira-verde-doc-premium-white\/#primaryimage"},"image":{"@id":"https:\/\/b2b.mvgd.pl\/index.php\/produkt\/cesteira-verde-doc-premium-white\/#primaryimage"},"thumbnailUrl":"https:\/\/b2b.mvgd.pl\/wp-content\/uploads\/2026\/02\/PVYPPA0860.png","datePublished":"2026-02-16T18:31:00+00:00","dateModified":"2026-02-16T18:31:18+00:00","breadcrumb":{"@id":"https:\/\/b2b.mvgd.pl\/index.php\/produkt\/cesteira-verde-doc-premium-white\/#breadcrumb"},"inLanguage":"pl-PL","potentialAction":[{"@type":"ReadAction","target":["https:\/\/b2b.mvgd.pl\/index.php\/produkt\/cesteira-verde-doc-premium-white\/"]}]},{"@type":"ImageObject","inLanguage":"pl-PL","@id":"https:\/\/b2b.mvgd.pl\/index.php\/produkt\/cesteira-verde-doc-premium-white\/#primaryimage","url":"https:\/\/b2b.mvgd.pl\/wp-content\/uploads\/2026\/02\/PVYPPA0860.png","contentUrl":"https:\/\/b2b.mvgd.pl\/wp-content\/uploads\/2026\/02\/PVYPPA0860.png","width":900,"height":1200},{"@type":"BreadcrumbList","@id":"https:\/\/b2b.mvgd.pl\/index.php\/produkt\/cesteira-verde-doc-premium-white\/#breadcrumb","itemListElement":[{"@type":"ListItem","position":1,"name":"Strona g\u0142\u00f3wna","item":"https:\/\/b2b.mvgd.pl\/"},{"@type":"ListItem","position":2,"name":"Shop","item":"https:\/\/b2b.mvgd.pl\/index.php\/shop\/"},{"@type":"ListItem","position":3,"name":"Cesteira Verde DOC &#8211; Premium White"}]},{"@type":"WebSite","@id":"https:\/\/b2b.mvgd.pl\/#website","url":"https:\/\/b2b.mvgd.pl\/","name":"B2B MVGD PL","description":"","potentialAction":[{"@type":"SearchAction","target":{"@type":"EntryPoint","urlTemplate":"https:\/\/b2b.mvgd.pl\/?s={search_term_string}"},"query-input":{"@type":"PropertyValueSpecification","valueRequired":true,"valueName":"search_term_string"}}],"inLanguage":"pl-PL"}]}},"jetpack_sharing_enabled":true,"_links":{"self":[{"href":"https:\/\/b2b.mvgd.pl\/index.php\/wp-json\/wp\/v2\/product\/19","targetHints":{"allow":["GET"]}}],"collection":[{"href":"https:\/\/b2b.mvgd.pl\/index.php\/wp-json\/wp\/v2\/product"}],"about":[{"href":"https:\/\/b2b.mvgd.pl\/index.php\/wp-json\/wp\/v2\/types\/product"}],"replies":[{"embeddable":true,"href":"https:\/\/b2b.mvgd.pl\/index.php\/wp-json\/wp\/v2\/comments?post=19"}],"version-history":[{"count":0,"href":"https:\/\/b2b.mvgd.pl\/index.php\/wp-json\/wp\/v2\/product\/19\/revisions"}],"wp:featuredmedia":[{"embeddable":true,"href":"https:\/\/b2b.mvgd.pl\/index.php\/wp-json\/wp\/v2\/media\/49"}],"wp:attachment":[{"href":"https:\/\/b2b.mvgd.pl\/index.php\/wp-json\/wp\/v2\/media?parent=19"}],"wp:term":[{"taxonomy":"product_brand","embeddable":true,"href":"https:\/\/b2b.mvgd.pl\/index.php\/wp-json\/wp\/v2\/product_brand?post=19"},{"taxonomy":"product_cat","embeddable":true,"href":"https:\/\/b2b.mvgd.pl\/index.php\/wp-json\/wp\/v2\/product_cat?post=19"},{"taxonomy":"product_tag","embeddable":true,"href":"https:\/\/b2b.mvgd.pl\/index.php\/wp-json\/wp\/v2\/product_tag?post=19"}],"curies":[{"name":"wp","href":"https:\/\/api.w.org\/{rel}","templated":true}]}}