{"id":17,"date":"2026-02-16T18:30:59","date_gmt":"2026-02-16T18:30:59","guid":{"rendered":"https:\/\/b2b.mvgd.pl\/?post_type=product&#038;p=17"},"modified":"2026-02-16T18:31:14","modified_gmt":"2026-02-16T18:31:14","slug":"cesteira-colheita-branco","status":"publish","type":"product","link":"https:\/\/b2b.mvgd.pl\/index.php\/produkt\/cesteira-colheita-branco\/","title":{"rendered":"Cesteira Colheita Branco"},"content":{"rendered":"","protected":false},"excerpt":{"rendered":"<p class=\"cvGsUA direction-ltr align-start para-style-body\">To wino charakteryzuje si\u0119 bia\u0142o-z\u0142otym odcieniem, co nadaje mu elegancki wygl\u0105d. W nosie odkrywa si\u0119 lekkie i \u015bwie\u017ce aromaty, z dominuj\u0105cymi nutami owoc\u00f3w cytrusowych, kt\u00f3re s\u0105 idealnie zr\u00f3wnowa\u017cone delikatnymi kwiatowymi niuansami. Na podniebieniu prezentuje si\u0119 jako delikatnie wytrawne, z bogactwem dojrza\u0142ych owoc\u00f3w i wyczuwalnymi nutami mineralnymi, tworz\u0105c z\u0142o\u017cony i przyjemny profil smakowy. To wino jest idealne do serwowania z sa\u0142atkami, bia\u0142ymi mi\u0119sami czy rybami. Najlepiej smakuje serwowane w temperaturze od 8 do 10 \u00b0C, co pozwala w pe\u0142ni cieszy\u0107 si\u0119 jego wyj\u0105tkowym profilem smakowym.<\/p>\n","protected":false},"featured_media":47,"comment_status":"open","ping_status":"closed","template":"","meta":[],"product_brand":[],"product_cat":[22,21,18],"product_tag":[23,24,25],"class_list":{"0":"post-17","1":"product","2":"type-product","3":"status-publish","4":"has-post-thumbnail","6":"product_cat-douro","7":"product_cat-portugalia","8":"product_cat-wina","9":"product_tag-drob","10":"product_tag-ryby","11":"product_tag-salatki","13":"first","14":"instock","15":"shipping-taxable","16":"purchasable","17":"product-type-simple"},"yoast_head":"<!-- This site is optimized with the Yoast SEO plugin v26.9 - https:\/\/yoast.com\/product\/yoast-seo-wordpress\/ -->\n<title>Cesteira Colheita Branco - B2B MVGD PL<\/title>\n<meta name=\"robots\" content=\"index, follow, max-snippet:-1, max-image-preview:large, max-video-preview:-1\" \/>\n<link rel=\"canonical\" href=\"https:\/\/b2b.mvgd.pl\/index.php\/produkt\/cesteira-colheita-branco\/\" \/>\n<meta property=\"og:locale\" content=\"pl_PL\" \/>\n<meta property=\"og:type\" content=\"article\" \/>\n<meta property=\"og:title\" content=\"Cesteira Colheita Branco - B2B MVGD PL\" \/>\n<meta property=\"og:description\" content=\"To wino charakteryzuje si\u0119 bia\u0142o-z\u0142otym odcieniem, co nadaje mu elegancki wygl\u0105d. W nosie odkrywa si\u0119 lekkie i \u015bwie\u017ce aromaty, z dominuj\u0105cymi nutami owoc\u00f3w cytrusowych, kt\u00f3re s\u0105 idealnie zr\u00f3wnowa\u017cone delikatnymi kwiatowymi niuansami. Na podniebieniu prezentuje si\u0119 jako delikatnie wytrawne, z bogactwem dojrza\u0142ych owoc\u00f3w i wyczuwalnymi nutami mineralnymi, tworz\u0105c z\u0142o\u017cony i przyjemny profil smakowy. To wino jest idealne do serwowania z sa\u0142atkami, bia\u0142ymi mi\u0119sami czy rybami. Najlepiej smakuje serwowane w temperaturze od 8 do 10 \u00b0C, co pozwala w pe\u0142ni cieszy\u0107 si\u0119 jego wyj\u0105tkowym profilem smakowym.\" \/>\n<meta property=\"og:url\" content=\"https:\/\/b2b.mvgd.pl\/index.php\/produkt\/cesteira-colheita-branco\/\" \/>\n<meta property=\"og:site_name\" content=\"B2B MVGD PL\" \/>\n<meta property=\"article:modified_time\" content=\"2026-02-16T18:31:14+00:00\" \/>\n<meta name=\"twitter:card\" content=\"summary_large_image\" \/>\n<script type=\"application\/ld+json\" class=\"yoast-schema-graph\">{\"@context\":\"https:\/\/schema.org\",\"@graph\":[{\"@type\":\"WebPage\",\"@id\":\"https:\/\/b2b.mvgd.pl\/index.php\/produkt\/cesteira-colheita-branco\/\",\"url\":\"https:\/\/b2b.mvgd.pl\/index.php\/produkt\/cesteira-colheita-branco\/\",\"name\":\"Cesteira Colheita Branco - B2B MVGD PL\",\"isPartOf\":{\"@id\":\"https:\/\/b2b.mvgd.pl\/#website\"},\"primaryImageOfPage\":{\"@id\":\"https:\/\/b2b.mvgd.pl\/index.php\/produkt\/cesteira-colheita-branco\/#primaryimage\"},\"image\":{\"@id\":\"https:\/\/b2b.mvgd.pl\/index.php\/produkt\/cesteira-colheita-branco\/#primaryimage\"},\"thumbnailUrl\":\"https:\/\/b2b.mvgd.pl\/wp-content\/uploads\/2026\/02\/PVYPPA0260.png\",\"datePublished\":\"2026-02-16T18:30:59+00:00\",\"dateModified\":\"2026-02-16T18:31:14+00:00\",\"breadcrumb\":{\"@id\":\"https:\/\/b2b.mvgd.pl\/index.php\/produkt\/cesteira-colheita-branco\/#breadcrumb\"},\"inLanguage\":\"pl-PL\",\"potentialAction\":[{\"@type\":\"ReadAction\",\"target\":[\"https:\/\/b2b.mvgd.pl\/index.php\/produkt\/cesteira-colheita-branco\/\"]}]},{\"@type\":\"ImageObject\",\"inLanguage\":\"pl-PL\",\"@id\":\"https:\/\/b2b.mvgd.pl\/index.php\/produkt\/cesteira-colheita-branco\/#primaryimage\",\"url\":\"https:\/\/b2b.mvgd.pl\/wp-content\/uploads\/2026\/02\/PVYPPA0260.png\",\"contentUrl\":\"https:\/\/b2b.mvgd.pl\/wp-content\/uploads\/2026\/02\/PVYPPA0260.png\",\"width\":900,\"height\":1200},{\"@type\":\"BreadcrumbList\",\"@id\":\"https:\/\/b2b.mvgd.pl\/index.php\/produkt\/cesteira-colheita-branco\/#breadcrumb\",\"itemListElement\":[{\"@type\":\"ListItem\",\"position\":1,\"name\":\"Strona g\u0142\u00f3wna\",\"item\":\"https:\/\/b2b.mvgd.pl\/\"},{\"@type\":\"ListItem\",\"position\":2,\"name\":\"Shop\",\"item\":\"https:\/\/b2b.mvgd.pl\/index.php\/shop\/\"},{\"@type\":\"ListItem\",\"position\":3,\"name\":\"Cesteira Colheita Branco\"}]},{\"@type\":\"WebSite\",\"@id\":\"https:\/\/b2b.mvgd.pl\/#website\",\"url\":\"https:\/\/b2b.mvgd.pl\/\",\"name\":\"B2B MVGD PL\",\"description\":\"\",\"potentialAction\":[{\"@type\":\"SearchAction\",\"target\":{\"@type\":\"EntryPoint\",\"urlTemplate\":\"https:\/\/b2b.mvgd.pl\/?s={search_term_string}\"},\"query-input\":{\"@type\":\"PropertyValueSpecification\",\"valueRequired\":true,\"valueName\":\"search_term_string\"}}],\"inLanguage\":\"pl-PL\"}]}<\/script>\n<!-- \/ Yoast SEO plugin. -->","yoast_head_json":{"title":"Cesteira Colheita Branco - B2B MVGD PL","robots":{"index":"index","follow":"follow","max-snippet":"max-snippet:-1","max-image-preview":"max-image-preview:large","max-video-preview":"max-video-preview:-1"},"canonical":"https:\/\/b2b.mvgd.pl\/index.php\/produkt\/cesteira-colheita-branco\/","og_locale":"pl_PL","og_type":"article","og_title":"Cesteira Colheita Branco - B2B MVGD PL","og_description":"To wino charakteryzuje si\u0119 bia\u0142o-z\u0142otym odcieniem, co nadaje mu elegancki wygl\u0105d. W nosie odkrywa si\u0119 lekkie i \u015bwie\u017ce aromaty, z dominuj\u0105cymi nutami owoc\u00f3w cytrusowych, kt\u00f3re s\u0105 idealnie zr\u00f3wnowa\u017cone delikatnymi kwiatowymi niuansami. Na podniebieniu prezentuje si\u0119 jako delikatnie wytrawne, z bogactwem dojrza\u0142ych owoc\u00f3w i wyczuwalnymi nutami mineralnymi, tworz\u0105c z\u0142o\u017cony i przyjemny profil smakowy. To wino jest idealne do serwowania z sa\u0142atkami, bia\u0142ymi mi\u0119sami czy rybami. Najlepiej smakuje serwowane w temperaturze od 8 do 10 \u00b0C, co pozwala w pe\u0142ni cieszy\u0107 si\u0119 jego wyj\u0105tkowym profilem smakowym.","og_url":"https:\/\/b2b.mvgd.pl\/index.php\/produkt\/cesteira-colheita-branco\/","og_site_name":"B2B MVGD PL","article_modified_time":"2026-02-16T18:31:14+00:00","twitter_card":"summary_large_image","schema":{"@context":"https:\/\/schema.org","@graph":[{"@type":"WebPage","@id":"https:\/\/b2b.mvgd.pl\/index.php\/produkt\/cesteira-colheita-branco\/","url":"https:\/\/b2b.mvgd.pl\/index.php\/produkt\/cesteira-colheita-branco\/","name":"Cesteira Colheita Branco - B2B MVGD PL","isPartOf":{"@id":"https:\/\/b2b.mvgd.pl\/#website"},"primaryImageOfPage":{"@id":"https:\/\/b2b.mvgd.pl\/index.php\/produkt\/cesteira-colheita-branco\/#primaryimage"},"image":{"@id":"https:\/\/b2b.mvgd.pl\/index.php\/produkt\/cesteira-colheita-branco\/#primaryimage"},"thumbnailUrl":"https:\/\/b2b.mvgd.pl\/wp-content\/uploads\/2026\/02\/PVYPPA0260.png","datePublished":"2026-02-16T18:30:59+00:00","dateModified":"2026-02-16T18:31:14+00:00","breadcrumb":{"@id":"https:\/\/b2b.mvgd.pl\/index.php\/produkt\/cesteira-colheita-branco\/#breadcrumb"},"inLanguage":"pl-PL","potentialAction":[{"@type":"ReadAction","target":["https:\/\/b2b.mvgd.pl\/index.php\/produkt\/cesteira-colheita-branco\/"]}]},{"@type":"ImageObject","inLanguage":"pl-PL","@id":"https:\/\/b2b.mvgd.pl\/index.php\/produkt\/cesteira-colheita-branco\/#primaryimage","url":"https:\/\/b2b.mvgd.pl\/wp-content\/uploads\/2026\/02\/PVYPPA0260.png","contentUrl":"https:\/\/b2b.mvgd.pl\/wp-content\/uploads\/2026\/02\/PVYPPA0260.png","width":900,"height":1200},{"@type":"BreadcrumbList","@id":"https:\/\/b2b.mvgd.pl\/index.php\/produkt\/cesteira-colheita-branco\/#breadcrumb","itemListElement":[{"@type":"ListItem","position":1,"name":"Strona g\u0142\u00f3wna","item":"https:\/\/b2b.mvgd.pl\/"},{"@type":"ListItem","position":2,"name":"Shop","item":"https:\/\/b2b.mvgd.pl\/index.php\/shop\/"},{"@type":"ListItem","position":3,"name":"Cesteira Colheita Branco"}]},{"@type":"WebSite","@id":"https:\/\/b2b.mvgd.pl\/#website","url":"https:\/\/b2b.mvgd.pl\/","name":"B2B MVGD PL","description":"","potentialAction":[{"@type":"SearchAction","target":{"@type":"EntryPoint","urlTemplate":"https:\/\/b2b.mvgd.pl\/?s={search_term_string}"},"query-input":{"@type":"PropertyValueSpecification","valueRequired":true,"valueName":"search_term_string"}}],"inLanguage":"pl-PL"}]}},"jetpack_sharing_enabled":true,"_links":{"self":[{"href":"https:\/\/b2b.mvgd.pl\/index.php\/wp-json\/wp\/v2\/product\/17","targetHints":{"allow":["GET"]}}],"collection":[{"href":"https:\/\/b2b.mvgd.pl\/index.php\/wp-json\/wp\/v2\/product"}],"about":[{"href":"https:\/\/b2b.mvgd.pl\/index.php\/wp-json\/wp\/v2\/types\/product"}],"replies":[{"embeddable":true,"href":"https:\/\/b2b.mvgd.pl\/index.php\/wp-json\/wp\/v2\/comments?post=17"}],"version-history":[{"count":0,"href":"https:\/\/b2b.mvgd.pl\/index.php\/wp-json\/wp\/v2\/product\/17\/revisions"}],"wp:featuredmedia":[{"embeddable":true,"href":"https:\/\/b2b.mvgd.pl\/index.php\/wp-json\/wp\/v2\/media\/47"}],"wp:attachment":[{"href":"https:\/\/b2b.mvgd.pl\/index.php\/wp-json\/wp\/v2\/media?parent=17"}],"wp:term":[{"taxonomy":"product_brand","embeddable":true,"href":"https:\/\/b2b.mvgd.pl\/index.php\/wp-json\/wp\/v2\/product_brand?post=17"},{"taxonomy":"product_cat","embeddable":true,"href":"https:\/\/b2b.mvgd.pl\/index.php\/wp-json\/wp\/v2\/product_cat?post=17"},{"taxonomy":"product_tag","embeddable":true,"href":"https:\/\/b2b.mvgd.pl\/index.php\/wp-json\/wp\/v2\/product_tag?post=17"}],"curies":[{"name":"wp","href":"https:\/\/api.w.org\/{rel}","templated":true}]}}