{"id":142,"date":"2026-02-16T18:34:00","date_gmt":"2026-02-16T18:34:00","guid":{"rendered":"https:\/\/b2b.mvgd.pl\/?post_type=product&#038;p=142"},"modified":"2026-02-16T18:35:29","modified_gmt":"2026-02-16T18:35:29","slug":"the-nines-aperitif-05l-35","status":"publish","type":"product","link":"https:\/\/b2b.mvgd.pl\/index.php\/produkt\/the-nines-aperitif-05l-35\/","title":{"rendered":"The Nines Aperitif 0,5l 35%"},"content":{"rendered":"<p><strong>NOTY DEGUSTACYJNE: <\/strong><\/p>\n<p><strong>Kolor<\/strong>: g\u0142\u0119boka pomara\u0144cz z rudymi refleksami<\/p>\n<p><strong>Smak<\/strong>: Go\u017adziki, cynamon, ga\u0142ka muszkato\u0142owa, suszone \u015bliwki i morele i mi\u00f3d zapewniaj\u0105 delikatny smak; natomiast mi\u0119ta pieprzowa, mi\u0119ta, wanilia patyki, a kwiaty lipy dodaj\u0105 s\u0142odyczy i ostrego finiszu.<\/p>\n<p><strong>Serwowanie<\/strong>: \u015bwietnie sprawdz\u0105 si\u0119 w aperitivo z tonikiem.<\/p>\n","protected":false},"excerpt":{"rendered":"<p>Najm\u0142odsza, najbardziej dynamiczna i egzotyczna odmiana klasycznych 999. The Nines Aperitif to trzeci cz\u0142onek rodziny uzupe\u0142niony o pomara\u0144cz\u0119 i aromaty cytrynowe. Podczas procesu produkcyjnego, nap\u00f3j jest pozostawiony do dojrzewania przez okre\u015blony czas, tak aby smaki wszystkich 27 zi\u00f3\u0142 i egzotycznych owoc\u00f3w mog\u0142y po\u0142\u0105czy\u0107 si\u0119 w ca\u0142o\u015b\u0107 i nada\u0107 napojowi wyra\u017an\u0105 i zr\u00f3wnowa\u017con\u0105 mieszank\u0119 cytrus\u00f3w i zi\u00f3\u0142. S\u0142oneczne owoce, pomara\u0144cze i cytryny, blendujemy z r\u00f3\u017cnymi zio\u0142ami i przyprawami, ujawniaj\u0105c egzotyczny smak i aksamitny aromat napoju. Idealnie sprawdzi si\u0119 do serwowania jako aperitivo z tonikiem i plasterkiem pomara\u0144czy.<\/p>\n","protected":false},"featured_media":199,"comment_status":"open","ping_status":"closed","template":"","meta":[],"product_brand":[],"product_cat":[32],"product_tag":[201,188,191,189],"class_list":{"0":"post-142","1":"product","2":"type-product","3":"status-publish","4":"has-post-thumbnail","6":"product_cat-bittery","7":"product_tag-aperitif","8":"product_tag-bitter","9":"product_tag-likier-ziolowy","10":"product_tag-the-nines","12":"first","13":"instock","14":"shipping-taxable","15":"purchasable","16":"product-type-simple"},"yoast_head":"<!-- This site is optimized with the Yoast SEO plugin v26.9 - https:\/\/yoast.com\/product\/yoast-seo-wordpress\/ -->\n<title>The Nines Aperitif 0,5l 35% - B2B MVGD PL<\/title>\n<meta name=\"robots\" content=\"index, follow, max-snippet:-1, max-image-preview:large, max-video-preview:-1\" \/>\n<link rel=\"canonical\" href=\"https:\/\/b2b.mvgd.pl\/index.php\/produkt\/the-nines-aperitif-05l-35\/\" \/>\n<meta property=\"og:locale\" content=\"pl_PL\" \/>\n<meta property=\"og:type\" content=\"article\" \/>\n<meta property=\"og:title\" content=\"The Nines Aperitif 0,5l 35% - B2B MVGD PL\" \/>\n<meta property=\"og:description\" content=\"Najm\u0142odsza, najbardziej dynamiczna i egzotyczna odmiana klasycznych 999. The Nines Aperitif to trzeci cz\u0142onek rodziny uzupe\u0142niony o pomara\u0144cz\u0119 i aromaty cytrynowe. Podczas procesu produkcyjnego, nap\u00f3j jest pozostawiony do dojrzewania przez okre\u015blony czas, tak aby smaki wszystkich 27 zi\u00f3\u0142 i egzotycznych owoc\u00f3w mog\u0142y po\u0142\u0105czy\u0107 si\u0119 w ca\u0142o\u015b\u0107 i nada\u0107 napojowi wyra\u017an\u0105 i zr\u00f3wnowa\u017con\u0105 mieszank\u0119 cytrus\u00f3w i zi\u00f3\u0142. S\u0142oneczne owoce, pomara\u0144cze i cytryny, blendujemy z r\u00f3\u017cnymi zio\u0142ami i przyprawami, ujawniaj\u0105c egzotyczny smak i aksamitny aromat napoju. Idealnie sprawdzi si\u0119 do serwowania jako aperitivo z tonikiem i plasterkiem pomara\u0144czy.\" \/>\n<meta property=\"og:url\" content=\"https:\/\/b2b.mvgd.pl\/index.php\/produkt\/the-nines-aperitif-05l-35\/\" \/>\n<meta property=\"og:site_name\" content=\"B2B MVGD PL\" \/>\n<meta property=\"article:modified_time\" content=\"2026-02-16T18:35:29+00:00\" \/>\n<meta name=\"twitter:card\" content=\"summary_large_image\" \/>\n<script type=\"application\/ld+json\" class=\"yoast-schema-graph\">{\"@context\":\"https:\/\/schema.org\",\"@graph\":[{\"@type\":\"WebPage\",\"@id\":\"https:\/\/b2b.mvgd.pl\/index.php\/produkt\/the-nines-aperitif-05l-35\/\",\"url\":\"https:\/\/b2b.mvgd.pl\/index.php\/produkt\/the-nines-aperitif-05l-35\/\",\"name\":\"The Nines Aperitif 0,5l 35% - B2B MVGD PL\",\"isPartOf\":{\"@id\":\"https:\/\/b2b.mvgd.pl\/#website\"},\"primaryImageOfPage\":{\"@id\":\"https:\/\/b2b.mvgd.pl\/index.php\/produkt\/the-nines-aperitif-05l-35\/#primaryimage\"},\"image\":{\"@id\":\"https:\/\/b2b.mvgd.pl\/index.php\/produkt\/the-nines-aperitif-05l-35\/#primaryimage\"},\"thumbnailUrl\":\"https:\/\/b2b.mvgd.pl\/wp-content\/uploads\/2026\/02\/PTRSTX0034.png\",\"datePublished\":\"2026-02-16T18:34:00+00:00\",\"dateModified\":\"2026-02-16T18:35:29+00:00\",\"breadcrumb\":{\"@id\":\"https:\/\/b2b.mvgd.pl\/index.php\/produkt\/the-nines-aperitif-05l-35\/#breadcrumb\"},\"inLanguage\":\"pl-PL\",\"potentialAction\":[{\"@type\":\"ReadAction\",\"target\":[\"https:\/\/b2b.mvgd.pl\/index.php\/produkt\/the-nines-aperitif-05l-35\/\"]}]},{\"@type\":\"ImageObject\",\"inLanguage\":\"pl-PL\",\"@id\":\"https:\/\/b2b.mvgd.pl\/index.php\/produkt\/the-nines-aperitif-05l-35\/#primaryimage\",\"url\":\"https:\/\/b2b.mvgd.pl\/wp-content\/uploads\/2026\/02\/PTRSTX0034.png\",\"contentUrl\":\"https:\/\/b2b.mvgd.pl\/wp-content\/uploads\/2026\/02\/PTRSTX0034.png\",\"width\":900,\"height\":1200},{\"@type\":\"BreadcrumbList\",\"@id\":\"https:\/\/b2b.mvgd.pl\/index.php\/produkt\/the-nines-aperitif-05l-35\/#breadcrumb\",\"itemListElement\":[{\"@type\":\"ListItem\",\"position\":1,\"name\":\"Strona g\u0142\u00f3wna\",\"item\":\"https:\/\/b2b.mvgd.pl\/\"},{\"@type\":\"ListItem\",\"position\":2,\"name\":\"Shop\",\"item\":\"https:\/\/b2b.mvgd.pl\/index.php\/shop\/\"},{\"@type\":\"ListItem\",\"position\":3,\"name\":\"The Nines Aperitif 0,5l 35%\"}]},{\"@type\":\"WebSite\",\"@id\":\"https:\/\/b2b.mvgd.pl\/#website\",\"url\":\"https:\/\/b2b.mvgd.pl\/\",\"name\":\"B2B MVGD PL\",\"description\":\"\",\"potentialAction\":[{\"@type\":\"SearchAction\",\"target\":{\"@type\":\"EntryPoint\",\"urlTemplate\":\"https:\/\/b2b.mvgd.pl\/?s={search_term_string}\"},\"query-input\":{\"@type\":\"PropertyValueSpecification\",\"valueRequired\":true,\"valueName\":\"search_term_string\"}}],\"inLanguage\":\"pl-PL\"}]}<\/script>\n<!-- \/ Yoast SEO plugin. -->","yoast_head_json":{"title":"The Nines Aperitif 0,5l 35% - B2B MVGD PL","robots":{"index":"index","follow":"follow","max-snippet":"max-snippet:-1","max-image-preview":"max-image-preview:large","max-video-preview":"max-video-preview:-1"},"canonical":"https:\/\/b2b.mvgd.pl\/index.php\/produkt\/the-nines-aperitif-05l-35\/","og_locale":"pl_PL","og_type":"article","og_title":"The Nines Aperitif 0,5l 35% - B2B MVGD PL","og_description":"Najm\u0142odsza, najbardziej dynamiczna i egzotyczna odmiana klasycznych 999. The Nines Aperitif to trzeci cz\u0142onek rodziny uzupe\u0142niony o pomara\u0144cz\u0119 i aromaty cytrynowe. Podczas procesu produkcyjnego, nap\u00f3j jest pozostawiony do dojrzewania przez okre\u015blony czas, tak aby smaki wszystkich 27 zi\u00f3\u0142 i egzotycznych owoc\u00f3w mog\u0142y po\u0142\u0105czy\u0107 si\u0119 w ca\u0142o\u015b\u0107 i nada\u0107 napojowi wyra\u017an\u0105 i zr\u00f3wnowa\u017con\u0105 mieszank\u0119 cytrus\u00f3w i zi\u00f3\u0142. S\u0142oneczne owoce, pomara\u0144cze i cytryny, blendujemy z r\u00f3\u017cnymi zio\u0142ami i przyprawami, ujawniaj\u0105c egzotyczny smak i aksamitny aromat napoju. Idealnie sprawdzi si\u0119 do serwowania jako aperitivo z tonikiem i plasterkiem pomara\u0144czy.","og_url":"https:\/\/b2b.mvgd.pl\/index.php\/produkt\/the-nines-aperitif-05l-35\/","og_site_name":"B2B MVGD PL","article_modified_time":"2026-02-16T18:35:29+00:00","twitter_card":"summary_large_image","schema":{"@context":"https:\/\/schema.org","@graph":[{"@type":"WebPage","@id":"https:\/\/b2b.mvgd.pl\/index.php\/produkt\/the-nines-aperitif-05l-35\/","url":"https:\/\/b2b.mvgd.pl\/index.php\/produkt\/the-nines-aperitif-05l-35\/","name":"The Nines Aperitif 0,5l 35% - B2B MVGD PL","isPartOf":{"@id":"https:\/\/b2b.mvgd.pl\/#website"},"primaryImageOfPage":{"@id":"https:\/\/b2b.mvgd.pl\/index.php\/produkt\/the-nines-aperitif-05l-35\/#primaryimage"},"image":{"@id":"https:\/\/b2b.mvgd.pl\/index.php\/produkt\/the-nines-aperitif-05l-35\/#primaryimage"},"thumbnailUrl":"https:\/\/b2b.mvgd.pl\/wp-content\/uploads\/2026\/02\/PTRSTX0034.png","datePublished":"2026-02-16T18:34:00+00:00","dateModified":"2026-02-16T18:35:29+00:00","breadcrumb":{"@id":"https:\/\/b2b.mvgd.pl\/index.php\/produkt\/the-nines-aperitif-05l-35\/#breadcrumb"},"inLanguage":"pl-PL","potentialAction":[{"@type":"ReadAction","target":["https:\/\/b2b.mvgd.pl\/index.php\/produkt\/the-nines-aperitif-05l-35\/"]}]},{"@type":"ImageObject","inLanguage":"pl-PL","@id":"https:\/\/b2b.mvgd.pl\/index.php\/produkt\/the-nines-aperitif-05l-35\/#primaryimage","url":"https:\/\/b2b.mvgd.pl\/wp-content\/uploads\/2026\/02\/PTRSTX0034.png","contentUrl":"https:\/\/b2b.mvgd.pl\/wp-content\/uploads\/2026\/02\/PTRSTX0034.png","width":900,"height":1200},{"@type":"BreadcrumbList","@id":"https:\/\/b2b.mvgd.pl\/index.php\/produkt\/the-nines-aperitif-05l-35\/#breadcrumb","itemListElement":[{"@type":"ListItem","position":1,"name":"Strona g\u0142\u00f3wna","item":"https:\/\/b2b.mvgd.pl\/"},{"@type":"ListItem","position":2,"name":"Shop","item":"https:\/\/b2b.mvgd.pl\/index.php\/shop\/"},{"@type":"ListItem","position":3,"name":"The Nines Aperitif 0,5l 35%"}]},{"@type":"WebSite","@id":"https:\/\/b2b.mvgd.pl\/#website","url":"https:\/\/b2b.mvgd.pl\/","name":"B2B MVGD PL","description":"","potentialAction":[{"@type":"SearchAction","target":{"@type":"EntryPoint","urlTemplate":"https:\/\/b2b.mvgd.pl\/?s={search_term_string}"},"query-input":{"@type":"PropertyValueSpecification","valueRequired":true,"valueName":"search_term_string"}}],"inLanguage":"pl-PL"}]}},"jetpack_sharing_enabled":true,"_links":{"self":[{"href":"https:\/\/b2b.mvgd.pl\/index.php\/wp-json\/wp\/v2\/product\/142","targetHints":{"allow":["GET"]}}],"collection":[{"href":"https:\/\/b2b.mvgd.pl\/index.php\/wp-json\/wp\/v2\/product"}],"about":[{"href":"https:\/\/b2b.mvgd.pl\/index.php\/wp-json\/wp\/v2\/types\/product"}],"replies":[{"embeddable":true,"href":"https:\/\/b2b.mvgd.pl\/index.php\/wp-json\/wp\/v2\/comments?post=142"}],"version-history":[{"count":0,"href":"https:\/\/b2b.mvgd.pl\/index.php\/wp-json\/wp\/v2\/product\/142\/revisions"}],"wp:featuredmedia":[{"embeddable":true,"href":"https:\/\/b2b.mvgd.pl\/index.php\/wp-json\/wp\/v2\/media\/199"}],"wp:attachment":[{"href":"https:\/\/b2b.mvgd.pl\/index.php\/wp-json\/wp\/v2\/media?parent=142"}],"wp:term":[{"taxonomy":"product_brand","embeddable":true,"href":"https:\/\/b2b.mvgd.pl\/index.php\/wp-json\/wp\/v2\/product_brand?post=142"},{"taxonomy":"product_cat","embeddable":true,"href":"https:\/\/b2b.mvgd.pl\/index.php\/wp-json\/wp\/v2\/product_cat?post=142"},{"taxonomy":"product_tag","embeddable":true,"href":"https:\/\/b2b.mvgd.pl\/index.php\/wp-json\/wp\/v2\/product_tag?post=142"}],"curies":[{"name":"wp","href":"https:\/\/api.w.org\/{rel}","templated":true}]}}