{"id":1334,"date":"2026-02-16T19:10:55","date_gmt":"2026-02-16T19:10:55","guid":{"rendered":"https:\/\/b2b.mvgd.pl\/?post_type=product&#038;p=1334"},"modified":"2026-02-16T19:14:20","modified_gmt":"2026-02-16T19:14:20","slug":"ketevan-alazani-red","status":"publish","type":"product","link":"https:\/\/b2b.mvgd.pl\/index.php\/produkt\/ketevan-alazani-red\/","title":{"rendered":"Ketevan Alazani Red"},"content":{"rendered":"<p>Ketevan Alazani Red to czerwone, p\u00f3\u0142s\u0142odkie wino powstaj\u0105ce z odmiany Saperavi, uprawianej w s\u0142ynnym gruzi\u0144skim regionie Kakheti. Charakteryzuje si\u0119 g\u0142\u0119bok\u0105, ciemnorubinow\u0105 barw\u0105 oraz wyrazistym aromatem d\u017cemu jagodowego i suszonych owoc\u00f3w. Harmonijne, przyjemnie owocowe w smaku, doskonale komponuje si\u0119 z deserami, a tak\u017ce \u015bwietnie sprawdza si\u0119 jako elegancki aperitif.<\/p>\n","protected":false},"excerpt":{"rendered":"<p>Ketevan Alazani Red to czerwone, p\u00f3\u0142s\u0142odkie wino powstaj\u0105ce z odmiany Saperavi, uprawianej w s\u0142ynnym gruzi\u0144skim regionie Kakheti. Charakteryzuje si\u0119 g\u0142\u0119bok\u0105,<\/p>\n","protected":false},"featured_media":0,"comment_status":"closed","ping_status":"closed","template":"","meta":[],"product_brand":[1613],"product_cat":[1605,1606,18],"product_tag":[737,1607,1608,345,1226,1454],"class_list":{"0":"post-1334","1":"product","2":"type-product","3":"status-publish","5":"product_brand-ketevan","6":"product_cat-gruzja","7":"product_cat-gruzja-2","8":"product_cat-wina","9":"product_tag-czerwone","10":"product_tag-gruzja","11":"product_tag-ketevan","12":"product_tag-polslodkie","13":"product_tag-spokojne","14":"product_tag-wino-czerwone","16":"first","17":"instock","18":"shipping-taxable","19":"purchasable","20":"product-type-simple"},"yoast_head":"<!-- This site is optimized with the Yoast SEO plugin v26.9 - https:\/\/yoast.com\/product\/yoast-seo-wordpress\/ -->\n<title>Ketevan Alazani Red - B2B MVGD PL<\/title>\n<meta name=\"robots\" content=\"index, follow, max-snippet:-1, max-image-preview:large, max-video-preview:-1\" \/>\n<link rel=\"canonical\" href=\"https:\/\/b2b.mvgd.pl\/index.php\/produkt\/ketevan-alazani-red\/\" \/>\n<meta property=\"og:locale\" content=\"pl_PL\" \/>\n<meta property=\"og:type\" content=\"article\" \/>\n<meta property=\"og:title\" content=\"Ketevan Alazani Red - B2B MVGD PL\" \/>\n<meta property=\"og:description\" content=\"Ketevan Alazani Red to czerwone, p\u00f3\u0142s\u0142odkie wino powstaj\u0105ce z odmiany Saperavi, uprawianej w s\u0142ynnym gruzi\u0144skim regionie Kakheti. Charakteryzuje si\u0119 g\u0142\u0119bok\u0105,\" \/>\n<meta property=\"og:url\" content=\"https:\/\/b2b.mvgd.pl\/index.php\/produkt\/ketevan-alazani-red\/\" \/>\n<meta property=\"og:site_name\" content=\"B2B MVGD PL\" \/>\n<meta property=\"article:modified_time\" content=\"2026-02-16T19:14:20+00:00\" \/>\n<meta name=\"twitter:card\" content=\"summary_large_image\" \/>\n<script type=\"application\/ld+json\" class=\"yoast-schema-graph\">{\"@context\":\"https:\/\/schema.org\",\"@graph\":[{\"@type\":\"WebPage\",\"@id\":\"https:\/\/b2b.mvgd.pl\/index.php\/produkt\/ketevan-alazani-red\/\",\"url\":\"https:\/\/b2b.mvgd.pl\/index.php\/produkt\/ketevan-alazani-red\/\",\"name\":\"Ketevan Alazani Red - B2B MVGD PL\",\"isPartOf\":{\"@id\":\"https:\/\/b2b.mvgd.pl\/#website\"},\"datePublished\":\"2026-02-16T19:10:55+00:00\",\"dateModified\":\"2026-02-16T19:14:20+00:00\",\"breadcrumb\":{\"@id\":\"https:\/\/b2b.mvgd.pl\/index.php\/produkt\/ketevan-alazani-red\/#breadcrumb\"},\"inLanguage\":\"pl-PL\",\"potentialAction\":[{\"@type\":\"ReadAction\",\"target\":[\"https:\/\/b2b.mvgd.pl\/index.php\/produkt\/ketevan-alazani-red\/\"]}]},{\"@type\":\"BreadcrumbList\",\"@id\":\"https:\/\/b2b.mvgd.pl\/index.php\/produkt\/ketevan-alazani-red\/#breadcrumb\",\"itemListElement\":[{\"@type\":\"ListItem\",\"position\":1,\"name\":\"Strona g\u0142\u00f3wna\",\"item\":\"https:\/\/b2b.mvgd.pl\/\"},{\"@type\":\"ListItem\",\"position\":2,\"name\":\"Shop\",\"item\":\"https:\/\/b2b.mvgd.pl\/index.php\/shop\/\"},{\"@type\":\"ListItem\",\"position\":3,\"name\":\"Ketevan Alazani Red\"}]},{\"@type\":\"WebSite\",\"@id\":\"https:\/\/b2b.mvgd.pl\/#website\",\"url\":\"https:\/\/b2b.mvgd.pl\/\",\"name\":\"B2B MVGD PL\",\"description\":\"\",\"potentialAction\":[{\"@type\":\"SearchAction\",\"target\":{\"@type\":\"EntryPoint\",\"urlTemplate\":\"https:\/\/b2b.mvgd.pl\/?s={search_term_string}\"},\"query-input\":{\"@type\":\"PropertyValueSpecification\",\"valueRequired\":true,\"valueName\":\"search_term_string\"}}],\"inLanguage\":\"pl-PL\"}]}<\/script>\n<!-- \/ Yoast SEO plugin. -->","yoast_head_json":{"title":"Ketevan Alazani Red - B2B MVGD PL","robots":{"index":"index","follow":"follow","max-snippet":"max-snippet:-1","max-image-preview":"max-image-preview:large","max-video-preview":"max-video-preview:-1"},"canonical":"https:\/\/b2b.mvgd.pl\/index.php\/produkt\/ketevan-alazani-red\/","og_locale":"pl_PL","og_type":"article","og_title":"Ketevan Alazani Red - B2B MVGD PL","og_description":"Ketevan Alazani Red to czerwone, p\u00f3\u0142s\u0142odkie wino powstaj\u0105ce z odmiany Saperavi, uprawianej w s\u0142ynnym gruzi\u0144skim regionie Kakheti. Charakteryzuje si\u0119 g\u0142\u0119bok\u0105,","og_url":"https:\/\/b2b.mvgd.pl\/index.php\/produkt\/ketevan-alazani-red\/","og_site_name":"B2B MVGD PL","article_modified_time":"2026-02-16T19:14:20+00:00","twitter_card":"summary_large_image","schema":{"@context":"https:\/\/schema.org","@graph":[{"@type":"WebPage","@id":"https:\/\/b2b.mvgd.pl\/index.php\/produkt\/ketevan-alazani-red\/","url":"https:\/\/b2b.mvgd.pl\/index.php\/produkt\/ketevan-alazani-red\/","name":"Ketevan Alazani Red - B2B MVGD PL","isPartOf":{"@id":"https:\/\/b2b.mvgd.pl\/#website"},"datePublished":"2026-02-16T19:10:55+00:00","dateModified":"2026-02-16T19:14:20+00:00","breadcrumb":{"@id":"https:\/\/b2b.mvgd.pl\/index.php\/produkt\/ketevan-alazani-red\/#breadcrumb"},"inLanguage":"pl-PL","potentialAction":[{"@type":"ReadAction","target":["https:\/\/b2b.mvgd.pl\/index.php\/produkt\/ketevan-alazani-red\/"]}]},{"@type":"BreadcrumbList","@id":"https:\/\/b2b.mvgd.pl\/index.php\/produkt\/ketevan-alazani-red\/#breadcrumb","itemListElement":[{"@type":"ListItem","position":1,"name":"Strona g\u0142\u00f3wna","item":"https:\/\/b2b.mvgd.pl\/"},{"@type":"ListItem","position":2,"name":"Shop","item":"https:\/\/b2b.mvgd.pl\/index.php\/shop\/"},{"@type":"ListItem","position":3,"name":"Ketevan Alazani Red"}]},{"@type":"WebSite","@id":"https:\/\/b2b.mvgd.pl\/#website","url":"https:\/\/b2b.mvgd.pl\/","name":"B2B MVGD PL","description":"","potentialAction":[{"@type":"SearchAction","target":{"@type":"EntryPoint","urlTemplate":"https:\/\/b2b.mvgd.pl\/?s={search_term_string}"},"query-input":{"@type":"PropertyValueSpecification","valueRequired":true,"valueName":"search_term_string"}}],"inLanguage":"pl-PL"}]}},"jetpack_sharing_enabled":true,"_links":{"self":[{"href":"https:\/\/b2b.mvgd.pl\/index.php\/wp-json\/wp\/v2\/product\/1334","targetHints":{"allow":["GET"]}}],"collection":[{"href":"https:\/\/b2b.mvgd.pl\/index.php\/wp-json\/wp\/v2\/product"}],"about":[{"href":"https:\/\/b2b.mvgd.pl\/index.php\/wp-json\/wp\/v2\/types\/product"}],"replies":[{"embeddable":true,"href":"https:\/\/b2b.mvgd.pl\/index.php\/wp-json\/wp\/v2\/comments?post=1334"}],"version-history":[{"count":0,"href":"https:\/\/b2b.mvgd.pl\/index.php\/wp-json\/wp\/v2\/product\/1334\/revisions"}],"wp:attachment":[{"href":"https:\/\/b2b.mvgd.pl\/index.php\/wp-json\/wp\/v2\/media?parent=1334"}],"wp:term":[{"taxonomy":"product_brand","embeddable":true,"href":"https:\/\/b2b.mvgd.pl\/index.php\/wp-json\/wp\/v2\/product_brand?post=1334"},{"taxonomy":"product_cat","embeddable":true,"href":"https:\/\/b2b.mvgd.pl\/index.php\/wp-json\/wp\/v2\/product_cat?post=1334"},{"taxonomy":"product_tag","embeddable":true,"href":"https:\/\/b2b.mvgd.pl\/index.php\/wp-json\/wp\/v2\/product_tag?post=1334"}],"curies":[{"name":"wp","href":"https:\/\/api.w.org\/{rel}","templated":true}]}}