{"id":133,"date":"2026-02-16T18:33:38","date_gmt":"2026-02-16T18:33:38","guid":{"rendered":"https:\/\/b2b.mvgd.pl\/?post_type=product&#038;p=133"},"modified":"2026-02-16T18:35:27","modified_gmt":"2026-02-16T18:35:27","slug":"the-nines-botanical-05l-35","status":"publish","type":"product","link":"https:\/\/b2b.mvgd.pl\/index.php\/produkt\/the-nines-botanical-05l-35\/","title":{"rendered":"The Nines Botanical 0,5l 35%"},"content":{"rendered":"<p><strong>NOTY DEGUSTACYJNE:<\/strong><\/p>\n<p><strong>Kolor:<\/strong> g\u0142\u0119boki br\u0105z<\/p>\n<p><strong>Smak:<\/strong> wyra\u017any any\u017c, wanilia, cynamon, cytryna i pomara\u0144czowa sk\u00f3rka, go\u017adziki, rodzynki czy ziarna kawy.<\/p>\n<p><strong>Serwowanie<\/strong>: idealne do picia solo lub w koktajlach z tonikiem i pomara\u0144cz\u0105.<\/p>\n","protected":false},"excerpt":{"rendered":"<p>Najpopularniejsza i naj\u0142agodniejsza ods\u0142ona litewskich 999. The Nines Botanical jest drugim cz\u0142onkiem rodziny marki The Nines. Nap\u00f3j dla tych, kt\u00f3rzy ceni\u0105 sobie tradycj\u0119, ale potrafi\u0105 te\u017c podziwia\u0107 innowacje.<\/p>\n<p>The Nines Botanical jest zbalansowan\u0105 mieszank\u0105 kwiat\u00f3w, kory, li\u015bci, owoc\u00f3w i korzeni 27 zi\u00f3\u0142, ze specjalnie udoskonalon\u0105 receptur\u0105 przez ekspert\u00f3w Stumbras. Podczas procesu produkcyjnego The Nines Botanical dojrzewa w kadziach przez jaki\u015b czas, aby smaki wszystkich sk\u0142adnik\u00f3w po\u0142\u0105czy\u0142y si\u0119 w ca\u0142o\u015b\u0107 i mog\u0142y nada\u0107 napojowi wyrazistego, \u0142agodnego s\u0142odko-gorzki smaku i niepowtarzalny koloru.<\/p>\n","protected":false},"featured_media":198,"comment_status":"open","ping_status":"closed","template":"","meta":[],"product_brand":[],"product_cat":[32],"product_tag":[188,190,191,189],"class_list":{"0":"post-133","1":"product","2":"type-product","3":"status-publish","4":"has-post-thumbnail","6":"product_cat-bittery","7":"product_tag-bitter","8":"product_tag-botanical","9":"product_tag-likier-ziolowy","10":"product_tag-the-nines","12":"first","13":"instock","14":"shipping-taxable","15":"purchasable","16":"product-type-simple"},"yoast_head":"<!-- This site is optimized with the Yoast SEO plugin v26.9 - https:\/\/yoast.com\/product\/yoast-seo-wordpress\/ -->\n<title>The Nines Botanical 0,5l 35% - B2B MVGD PL<\/title>\n<meta name=\"robots\" content=\"index, follow, max-snippet:-1, max-image-preview:large, max-video-preview:-1\" \/>\n<link rel=\"canonical\" href=\"https:\/\/b2b.mvgd.pl\/index.php\/produkt\/the-nines-botanical-05l-35\/\" \/>\n<meta property=\"og:locale\" content=\"pl_PL\" \/>\n<meta property=\"og:type\" content=\"article\" \/>\n<meta property=\"og:title\" content=\"The Nines Botanical 0,5l 35% - B2B MVGD PL\" \/>\n<meta property=\"og:description\" content=\"Najpopularniejsza i naj\u0142agodniejsza ods\u0142ona litewskich 999. The Nines Botanical jest drugim cz\u0142onkiem rodziny marki The Nines. Nap\u00f3j dla tych, kt\u00f3rzy ceni\u0105 sobie tradycj\u0119, ale potrafi\u0105 te\u017c podziwia\u0107 innowacje.  The Nines Botanical jest zbalansowan\u0105 mieszank\u0105 kwiat\u00f3w, kory, li\u015bci, owoc\u00f3w i korzeni 27 zi\u00f3\u0142, ze specjalnie udoskonalon\u0105 receptur\u0105 przez ekspert\u00f3w Stumbras. Podczas procesu produkcyjnego The Nines Botanical dojrzewa w kadziach przez jaki\u015b czas, aby smaki wszystkich sk\u0142adnik\u00f3w po\u0142\u0105czy\u0142y si\u0119 w ca\u0142o\u015b\u0107 i mog\u0142y nada\u0107 napojowi wyrazistego, \u0142agodnego s\u0142odko-gorzki smaku i niepowtarzalny koloru.\" \/>\n<meta property=\"og:url\" content=\"https:\/\/b2b.mvgd.pl\/index.php\/produkt\/the-nines-botanical-05l-35\/\" \/>\n<meta property=\"og:site_name\" content=\"B2B MVGD PL\" \/>\n<meta property=\"article:modified_time\" content=\"2026-02-16T18:35:27+00:00\" \/>\n<meta name=\"twitter:card\" content=\"summary_large_image\" \/>\n<script type=\"application\/ld+json\" class=\"yoast-schema-graph\">{\"@context\":\"https:\/\/schema.org\",\"@graph\":[{\"@type\":\"WebPage\",\"@id\":\"https:\/\/b2b.mvgd.pl\/index.php\/produkt\/the-nines-botanical-05l-35\/\",\"url\":\"https:\/\/b2b.mvgd.pl\/index.php\/produkt\/the-nines-botanical-05l-35\/\",\"name\":\"The Nines Botanical 0,5l 35% - B2B MVGD PL\",\"isPartOf\":{\"@id\":\"https:\/\/b2b.mvgd.pl\/#website\"},\"primaryImageOfPage\":{\"@id\":\"https:\/\/b2b.mvgd.pl\/index.php\/produkt\/the-nines-botanical-05l-35\/#primaryimage\"},\"image\":{\"@id\":\"https:\/\/b2b.mvgd.pl\/index.php\/produkt\/the-nines-botanical-05l-35\/#primaryimage\"},\"thumbnailUrl\":\"https:\/\/b2b.mvgd.pl\/wp-content\/uploads\/2026\/02\/PTRSTX0134.png\",\"datePublished\":\"2026-02-16T18:33:38+00:00\",\"dateModified\":\"2026-02-16T18:35:27+00:00\",\"breadcrumb\":{\"@id\":\"https:\/\/b2b.mvgd.pl\/index.php\/produkt\/the-nines-botanical-05l-35\/#breadcrumb\"},\"inLanguage\":\"pl-PL\",\"potentialAction\":[{\"@type\":\"ReadAction\",\"target\":[\"https:\/\/b2b.mvgd.pl\/index.php\/produkt\/the-nines-botanical-05l-35\/\"]}]},{\"@type\":\"ImageObject\",\"inLanguage\":\"pl-PL\",\"@id\":\"https:\/\/b2b.mvgd.pl\/index.php\/produkt\/the-nines-botanical-05l-35\/#primaryimage\",\"url\":\"https:\/\/b2b.mvgd.pl\/wp-content\/uploads\/2026\/02\/PTRSTX0134.png\",\"contentUrl\":\"https:\/\/b2b.mvgd.pl\/wp-content\/uploads\/2026\/02\/PTRSTX0134.png\",\"width\":900,\"height\":1200},{\"@type\":\"BreadcrumbList\",\"@id\":\"https:\/\/b2b.mvgd.pl\/index.php\/produkt\/the-nines-botanical-05l-35\/#breadcrumb\",\"itemListElement\":[{\"@type\":\"ListItem\",\"position\":1,\"name\":\"Strona g\u0142\u00f3wna\",\"item\":\"https:\/\/b2b.mvgd.pl\/\"},{\"@type\":\"ListItem\",\"position\":2,\"name\":\"Shop\",\"item\":\"https:\/\/b2b.mvgd.pl\/index.php\/shop\/\"},{\"@type\":\"ListItem\",\"position\":3,\"name\":\"The Nines Botanical 0,5l 35%\"}]},{\"@type\":\"WebSite\",\"@id\":\"https:\/\/b2b.mvgd.pl\/#website\",\"url\":\"https:\/\/b2b.mvgd.pl\/\",\"name\":\"B2B MVGD PL\",\"description\":\"\",\"potentialAction\":[{\"@type\":\"SearchAction\",\"target\":{\"@type\":\"EntryPoint\",\"urlTemplate\":\"https:\/\/b2b.mvgd.pl\/?s={search_term_string}\"},\"query-input\":{\"@type\":\"PropertyValueSpecification\",\"valueRequired\":true,\"valueName\":\"search_term_string\"}}],\"inLanguage\":\"pl-PL\"}]}<\/script>\n<!-- \/ Yoast SEO plugin. -->","yoast_head_json":{"title":"The Nines Botanical 0,5l 35% - B2B MVGD PL","robots":{"index":"index","follow":"follow","max-snippet":"max-snippet:-1","max-image-preview":"max-image-preview:large","max-video-preview":"max-video-preview:-1"},"canonical":"https:\/\/b2b.mvgd.pl\/index.php\/produkt\/the-nines-botanical-05l-35\/","og_locale":"pl_PL","og_type":"article","og_title":"The Nines Botanical 0,5l 35% - B2B MVGD PL","og_description":"Najpopularniejsza i naj\u0142agodniejsza ods\u0142ona litewskich 999. The Nines Botanical jest drugim cz\u0142onkiem rodziny marki The Nines. Nap\u00f3j dla tych, kt\u00f3rzy ceni\u0105 sobie tradycj\u0119, ale potrafi\u0105 te\u017c podziwia\u0107 innowacje.  The Nines Botanical jest zbalansowan\u0105 mieszank\u0105 kwiat\u00f3w, kory, li\u015bci, owoc\u00f3w i korzeni 27 zi\u00f3\u0142, ze specjalnie udoskonalon\u0105 receptur\u0105 przez ekspert\u00f3w Stumbras. Podczas procesu produkcyjnego The Nines Botanical dojrzewa w kadziach przez jaki\u015b czas, aby smaki wszystkich sk\u0142adnik\u00f3w po\u0142\u0105czy\u0142y si\u0119 w ca\u0142o\u015b\u0107 i mog\u0142y nada\u0107 napojowi wyrazistego, \u0142agodnego s\u0142odko-gorzki smaku i niepowtarzalny koloru.","og_url":"https:\/\/b2b.mvgd.pl\/index.php\/produkt\/the-nines-botanical-05l-35\/","og_site_name":"B2B MVGD PL","article_modified_time":"2026-02-16T18:35:27+00:00","twitter_card":"summary_large_image","schema":{"@context":"https:\/\/schema.org","@graph":[{"@type":"WebPage","@id":"https:\/\/b2b.mvgd.pl\/index.php\/produkt\/the-nines-botanical-05l-35\/","url":"https:\/\/b2b.mvgd.pl\/index.php\/produkt\/the-nines-botanical-05l-35\/","name":"The Nines Botanical 0,5l 35% - B2B MVGD PL","isPartOf":{"@id":"https:\/\/b2b.mvgd.pl\/#website"},"primaryImageOfPage":{"@id":"https:\/\/b2b.mvgd.pl\/index.php\/produkt\/the-nines-botanical-05l-35\/#primaryimage"},"image":{"@id":"https:\/\/b2b.mvgd.pl\/index.php\/produkt\/the-nines-botanical-05l-35\/#primaryimage"},"thumbnailUrl":"https:\/\/b2b.mvgd.pl\/wp-content\/uploads\/2026\/02\/PTRSTX0134.png","datePublished":"2026-02-16T18:33:38+00:00","dateModified":"2026-02-16T18:35:27+00:00","breadcrumb":{"@id":"https:\/\/b2b.mvgd.pl\/index.php\/produkt\/the-nines-botanical-05l-35\/#breadcrumb"},"inLanguage":"pl-PL","potentialAction":[{"@type":"ReadAction","target":["https:\/\/b2b.mvgd.pl\/index.php\/produkt\/the-nines-botanical-05l-35\/"]}]},{"@type":"ImageObject","inLanguage":"pl-PL","@id":"https:\/\/b2b.mvgd.pl\/index.php\/produkt\/the-nines-botanical-05l-35\/#primaryimage","url":"https:\/\/b2b.mvgd.pl\/wp-content\/uploads\/2026\/02\/PTRSTX0134.png","contentUrl":"https:\/\/b2b.mvgd.pl\/wp-content\/uploads\/2026\/02\/PTRSTX0134.png","width":900,"height":1200},{"@type":"BreadcrumbList","@id":"https:\/\/b2b.mvgd.pl\/index.php\/produkt\/the-nines-botanical-05l-35\/#breadcrumb","itemListElement":[{"@type":"ListItem","position":1,"name":"Strona g\u0142\u00f3wna","item":"https:\/\/b2b.mvgd.pl\/"},{"@type":"ListItem","position":2,"name":"Shop","item":"https:\/\/b2b.mvgd.pl\/index.php\/shop\/"},{"@type":"ListItem","position":3,"name":"The Nines Botanical 0,5l 35%"}]},{"@type":"WebSite","@id":"https:\/\/b2b.mvgd.pl\/#website","url":"https:\/\/b2b.mvgd.pl\/","name":"B2B MVGD PL","description":"","potentialAction":[{"@type":"SearchAction","target":{"@type":"EntryPoint","urlTemplate":"https:\/\/b2b.mvgd.pl\/?s={search_term_string}"},"query-input":{"@type":"PropertyValueSpecification","valueRequired":true,"valueName":"search_term_string"}}],"inLanguage":"pl-PL"}]}},"jetpack_sharing_enabled":true,"_links":{"self":[{"href":"https:\/\/b2b.mvgd.pl\/index.php\/wp-json\/wp\/v2\/product\/133","targetHints":{"allow":["GET"]}}],"collection":[{"href":"https:\/\/b2b.mvgd.pl\/index.php\/wp-json\/wp\/v2\/product"}],"about":[{"href":"https:\/\/b2b.mvgd.pl\/index.php\/wp-json\/wp\/v2\/types\/product"}],"replies":[{"embeddable":true,"href":"https:\/\/b2b.mvgd.pl\/index.php\/wp-json\/wp\/v2\/comments?post=133"}],"version-history":[{"count":0,"href":"https:\/\/b2b.mvgd.pl\/index.php\/wp-json\/wp\/v2\/product\/133\/revisions"}],"wp:featuredmedia":[{"embeddable":true,"href":"https:\/\/b2b.mvgd.pl\/index.php\/wp-json\/wp\/v2\/media\/198"}],"wp:attachment":[{"href":"https:\/\/b2b.mvgd.pl\/index.php\/wp-json\/wp\/v2\/media?parent=133"}],"wp:term":[{"taxonomy":"product_brand","embeddable":true,"href":"https:\/\/b2b.mvgd.pl\/index.php\/wp-json\/wp\/v2\/product_brand?post=133"},{"taxonomy":"product_cat","embeddable":true,"href":"https:\/\/b2b.mvgd.pl\/index.php\/wp-json\/wp\/v2\/product_cat?post=133"},{"taxonomy":"product_tag","embeddable":true,"href":"https:\/\/b2b.mvgd.pl\/index.php\/wp-json\/wp\/v2\/product_tag?post=133"}],"curies":[{"name":"wp","href":"https:\/\/api.w.org\/{rel}","templated":true}]}}