{"id":1325,"date":"2026-02-16T19:10:26","date_gmt":"2026-02-16T19:10:26","guid":{"rendered":"https:\/\/b2b.mvgd.pl\/?post_type=product&#038;p=1325"},"modified":"2026-02-16T19:14:16","modified_gmt":"2026-02-16T19:14:16","slug":"cremaschi-furlotti-edicion-limitada-malbec-075l-14","status":"publish","type":"product","link":"https:\/\/b2b.mvgd.pl\/index.php\/produkt\/cremaschi-furlotti-edicion-limitada-malbec-075l-14\/","title":{"rendered":"Cremaschi Furlotti Edicion Limitada Malbec 0,75l 14%"},"content":{"rendered":"<article class=\"text-token-text-primary w-full focus:outline-none scroll-mt-[calc(var(--header-height)+min(200px,max(70px,20svh)))]\" dir=\"auto\" data-testid=\"conversation-turn-302\" data-scroll-anchor=\"true\" data-turn=\"assistant\">\n<div class=\"text-base my-auto mx-auto pb-10 [--thread-content-margin:--spacing(4)] @[37rem]:[--thread-content-margin:--spacing(6)] @[72rem]:[--thread-content-margin:--spacing(16)] px-(--thread-content-margin)\">\n<div class=\"[--thread-content-max-width:32rem] @[34rem]:[--thread-content-max-width:40rem] @[64rem]:[--thread-content-max-width:48rem] mx-auto max-w-(--thread-content-max-width) flex-1 group\/turn-messages focus-visible:outline-hidden relative flex w-full min-w-0 flex-col agent-turn\">\n<div class=\"flex max-w-full flex-col grow\">\n<div class=\"min-h-8 text-message relative flex w-full flex-col items-end gap-2 text-start break-words whitespace-normal [.text-message+&amp;]:mt-5\" dir=\"auto\" data-message-author-role=\"assistant\" data-message-id=\"020de48d-4bf9-4c57-864d-2d0b023c83c4\" data-message-model-slug=\"gpt-4o\">\n<div class=\"flex w-full flex-col gap-1 empty:hidden first:pt-[3px]\">\n<div class=\"markdown prose dark:prose-invert w-full break-words dark\">\n<p class=\"ds-markdown-paragraph\">Nasz Malbec Edici\u00f3n Limitada charakteryzuje si\u0119 intensywnym, g\u0142\u0119bokim, purpurowym kolorem i kusz\u0105cym aromatem dojrza\u0142ych je\u017cyn, \u015bliwek i fio\u0142k\u00f3w, kt\u00f3rym towarzysz\u0105 subtelne nuty kakao i przypraw. Pe\u0142ne cia\u0142o tego wina oferuje aksamitne taniny, ujawniaj\u0105c bogate aromaty ciemnych owoc\u00f3w, czarnych wi\u015bni i nut\u0119 tytoniu. Dobrze zr\u00f3wnowa\u017cona kwasowo\u015b\u0107 podkre\u015bla \u015bwie\u017co\u015b\u0107 i struktur\u0119 wina, prowadz\u0105c do d\u0142ugiego i satysfakcjonuj\u0105cego finiszu z d\u0142ugo utrzymuj\u0105cymi si\u0119 nutami owocowymi. Doskonale komponuje si\u0119 z grillowanym mi\u0119sem, zw\u0142aszcza wo\u0142owin\u0105 i jagni\u0119cin\u0105, a tak\u017ce z tre\u015bciwymi gulaszami i daniami z w\u0119dzonymi lub pikantnymi dodatkami. Jego wyrazisty i wyrazisty charakter sprawia, \u017ce \u200b\u200bidealnie nadaje si\u0119 do wytrawnych i wykwintnych dozna\u0144 kulinarnych.<\/p>\n<\/div>\n<\/div>\n<\/div>\n<\/div>\n<\/div>\n<\/div>\n<\/article>\n","protected":false},"excerpt":{"rendered":"<p>Nos: Czarne owoce, tyto\u0144, kwiaty, ziemia.<\/p>\n<p>Szczep: Nebbiolo (100%)<\/p>\n<p>Kraj &#8211; Region Chile &#8211; Dolina Maule<\/p>\n<p>Dojrzewanie 18 miesi\u0119cy w beczkach z francuskiego d\u0119bu pierwszego i drugiego u\u017cytku, plus 6 miesi\u0119cy w butelce.<\/p>\n","protected":false},"featured_media":1389,"comment_status":"closed","ping_status":"closed","template":"","meta":[],"product_brand":[1600],"product_cat":[1244],"product_tag":[1245,1258,737,538,321],"class_list":{"0":"post-1325","1":"product","2":"type-product","3":"status-publish","4":"has-post-thumbnail","6":"product_brand-cremaschi-furlotti","7":"product_cat-chile","8":"product_tag-chile","9":"product_tag-cremaschi-furlotti","10":"product_tag-czerwone","11":"product_tag-malbec","12":"product_tag-wytrawne","14":"first","15":"instock","16":"shipping-taxable","17":"purchasable","18":"product-type-simple"},"yoast_head":"<!-- This site is optimized with the Yoast SEO plugin v26.9 - https:\/\/yoast.com\/product\/yoast-seo-wordpress\/ -->\n<title>Cremaschi Furlotti Edicion Limitada Malbec 0,75l 14% - B2B MVGD PL<\/title>\n<meta name=\"robots\" content=\"index, follow, max-snippet:-1, max-image-preview:large, max-video-preview:-1\" \/>\n<link rel=\"canonical\" href=\"https:\/\/b2b.mvgd.pl\/index.php\/produkt\/cremaschi-furlotti-edicion-limitada-malbec-075l-14\/\" \/>\n<meta property=\"og:locale\" content=\"pl_PL\" \/>\n<meta property=\"og:type\" content=\"article\" \/>\n<meta property=\"og:title\" content=\"Cremaschi Furlotti Edicion Limitada Malbec 0,75l 14% - B2B MVGD PL\" \/>\n<meta property=\"og:description\" content=\"Nos: Czarne owoce, tyto\u0144, kwiaty, ziemia.  Szczep: Nebbiolo (100%)  Kraj - Region Chile - Dolina Maule  Dojrzewanie 18 miesi\u0119cy w beczkach z francuskiego d\u0119bu pierwszego i drugiego u\u017cytku, plus 6 miesi\u0119cy w butelce.\" \/>\n<meta property=\"og:url\" content=\"https:\/\/b2b.mvgd.pl\/index.php\/produkt\/cremaschi-furlotti-edicion-limitada-malbec-075l-14\/\" \/>\n<meta property=\"og:site_name\" content=\"B2B MVGD PL\" \/>\n<meta property=\"article:modified_time\" content=\"2026-02-16T19:14:16+00:00\" \/>\n<meta name=\"twitter:card\" content=\"summary_large_image\" \/>\n<meta name=\"twitter:label1\" content=\"Szacowany czas czytania\" \/>\n\t<meta name=\"twitter:data1\" content=\"1 minuta\" \/>\n<script type=\"application\/ld+json\" class=\"yoast-schema-graph\">{\"@context\":\"https:\/\/schema.org\",\"@graph\":[{\"@type\":\"WebPage\",\"@id\":\"https:\/\/b2b.mvgd.pl\/index.php\/produkt\/cremaschi-furlotti-edicion-limitada-malbec-075l-14\/\",\"url\":\"https:\/\/b2b.mvgd.pl\/index.php\/produkt\/cremaschi-furlotti-edicion-limitada-malbec-075l-14\/\",\"name\":\"Cremaschi Furlotti Edicion Limitada Malbec 0,75l 14% - B2B MVGD PL\",\"isPartOf\":{\"@id\":\"https:\/\/b2b.mvgd.pl\/#website\"},\"primaryImageOfPage\":{\"@id\":\"https:\/\/b2b.mvgd.pl\/index.php\/produkt\/cremaschi-furlotti-edicion-limitada-malbec-075l-14\/#primaryimage\"},\"image\":{\"@id\":\"https:\/\/b2b.mvgd.pl\/index.php\/produkt\/cremaschi-furlotti-edicion-limitada-malbec-075l-14\/#primaryimage\"},\"thumbnailUrl\":\"https:\/\/b2b.mvgd.pl\/wp-content\/uploads\/2026\/02\/Cremaschi-furlotti-limited-edition-nebbiolo.png\",\"datePublished\":\"2026-02-16T19:10:26+00:00\",\"dateModified\":\"2026-02-16T19:14:16+00:00\",\"breadcrumb\":{\"@id\":\"https:\/\/b2b.mvgd.pl\/index.php\/produkt\/cremaschi-furlotti-edicion-limitada-malbec-075l-14\/#breadcrumb\"},\"inLanguage\":\"pl-PL\",\"potentialAction\":[{\"@type\":\"ReadAction\",\"target\":[\"https:\/\/b2b.mvgd.pl\/index.php\/produkt\/cremaschi-furlotti-edicion-limitada-malbec-075l-14\/\"]}]},{\"@type\":\"ImageObject\",\"inLanguage\":\"pl-PL\",\"@id\":\"https:\/\/b2b.mvgd.pl\/index.php\/produkt\/cremaschi-furlotti-edicion-limitada-malbec-075l-14\/#primaryimage\",\"url\":\"https:\/\/b2b.mvgd.pl\/wp-content\/uploads\/2026\/02\/Cremaschi-furlotti-limited-edition-nebbiolo.png\",\"contentUrl\":\"https:\/\/b2b.mvgd.pl\/wp-content\/uploads\/2026\/02\/Cremaschi-furlotti-limited-edition-nebbiolo.png\",\"width\":900,\"height\":1200},{\"@type\":\"BreadcrumbList\",\"@id\":\"https:\/\/b2b.mvgd.pl\/index.php\/produkt\/cremaschi-furlotti-edicion-limitada-malbec-075l-14\/#breadcrumb\",\"itemListElement\":[{\"@type\":\"ListItem\",\"position\":1,\"name\":\"Strona g\u0142\u00f3wna\",\"item\":\"https:\/\/b2b.mvgd.pl\/\"},{\"@type\":\"ListItem\",\"position\":2,\"name\":\"Shop\",\"item\":\"https:\/\/b2b.mvgd.pl\/index.php\/shop\/\"},{\"@type\":\"ListItem\",\"position\":3,\"name\":\"Cremaschi Furlotti Edicion Limitada Malbec 0,75l 14%\"}]},{\"@type\":\"WebSite\",\"@id\":\"https:\/\/b2b.mvgd.pl\/#website\",\"url\":\"https:\/\/b2b.mvgd.pl\/\",\"name\":\"B2B MVGD PL\",\"description\":\"\",\"potentialAction\":[{\"@type\":\"SearchAction\",\"target\":{\"@type\":\"EntryPoint\",\"urlTemplate\":\"https:\/\/b2b.mvgd.pl\/?s={search_term_string}\"},\"query-input\":{\"@type\":\"PropertyValueSpecification\",\"valueRequired\":true,\"valueName\":\"search_term_string\"}}],\"inLanguage\":\"pl-PL\"}]}<\/script>\n<!-- \/ Yoast SEO plugin. -->","yoast_head_json":{"title":"Cremaschi Furlotti Edicion Limitada Malbec 0,75l 14% - B2B MVGD PL","robots":{"index":"index","follow":"follow","max-snippet":"max-snippet:-1","max-image-preview":"max-image-preview:large","max-video-preview":"max-video-preview:-1"},"canonical":"https:\/\/b2b.mvgd.pl\/index.php\/produkt\/cremaschi-furlotti-edicion-limitada-malbec-075l-14\/","og_locale":"pl_PL","og_type":"article","og_title":"Cremaschi Furlotti Edicion Limitada Malbec 0,75l 14% - B2B MVGD PL","og_description":"Nos: Czarne owoce, tyto\u0144, kwiaty, ziemia.  Szczep: Nebbiolo (100%)  Kraj - Region Chile - Dolina Maule  Dojrzewanie 18 miesi\u0119cy w beczkach z francuskiego d\u0119bu pierwszego i drugiego u\u017cytku, plus 6 miesi\u0119cy w butelce.","og_url":"https:\/\/b2b.mvgd.pl\/index.php\/produkt\/cremaschi-furlotti-edicion-limitada-malbec-075l-14\/","og_site_name":"B2B MVGD PL","article_modified_time":"2026-02-16T19:14:16+00:00","twitter_card":"summary_large_image","twitter_misc":{"Szacowany czas czytania":"1 minuta"},"schema":{"@context":"https:\/\/schema.org","@graph":[{"@type":"WebPage","@id":"https:\/\/b2b.mvgd.pl\/index.php\/produkt\/cremaschi-furlotti-edicion-limitada-malbec-075l-14\/","url":"https:\/\/b2b.mvgd.pl\/index.php\/produkt\/cremaschi-furlotti-edicion-limitada-malbec-075l-14\/","name":"Cremaschi Furlotti Edicion Limitada Malbec 0,75l 14% - B2B MVGD PL","isPartOf":{"@id":"https:\/\/b2b.mvgd.pl\/#website"},"primaryImageOfPage":{"@id":"https:\/\/b2b.mvgd.pl\/index.php\/produkt\/cremaschi-furlotti-edicion-limitada-malbec-075l-14\/#primaryimage"},"image":{"@id":"https:\/\/b2b.mvgd.pl\/index.php\/produkt\/cremaschi-furlotti-edicion-limitada-malbec-075l-14\/#primaryimage"},"thumbnailUrl":"https:\/\/b2b.mvgd.pl\/wp-content\/uploads\/2026\/02\/Cremaschi-furlotti-limited-edition-nebbiolo.png","datePublished":"2026-02-16T19:10:26+00:00","dateModified":"2026-02-16T19:14:16+00:00","breadcrumb":{"@id":"https:\/\/b2b.mvgd.pl\/index.php\/produkt\/cremaschi-furlotti-edicion-limitada-malbec-075l-14\/#breadcrumb"},"inLanguage":"pl-PL","potentialAction":[{"@type":"ReadAction","target":["https:\/\/b2b.mvgd.pl\/index.php\/produkt\/cremaschi-furlotti-edicion-limitada-malbec-075l-14\/"]}]},{"@type":"ImageObject","inLanguage":"pl-PL","@id":"https:\/\/b2b.mvgd.pl\/index.php\/produkt\/cremaschi-furlotti-edicion-limitada-malbec-075l-14\/#primaryimage","url":"https:\/\/b2b.mvgd.pl\/wp-content\/uploads\/2026\/02\/Cremaschi-furlotti-limited-edition-nebbiolo.png","contentUrl":"https:\/\/b2b.mvgd.pl\/wp-content\/uploads\/2026\/02\/Cremaschi-furlotti-limited-edition-nebbiolo.png","width":900,"height":1200},{"@type":"BreadcrumbList","@id":"https:\/\/b2b.mvgd.pl\/index.php\/produkt\/cremaschi-furlotti-edicion-limitada-malbec-075l-14\/#breadcrumb","itemListElement":[{"@type":"ListItem","position":1,"name":"Strona g\u0142\u00f3wna","item":"https:\/\/b2b.mvgd.pl\/"},{"@type":"ListItem","position":2,"name":"Shop","item":"https:\/\/b2b.mvgd.pl\/index.php\/shop\/"},{"@type":"ListItem","position":3,"name":"Cremaschi Furlotti Edicion Limitada Malbec 0,75l 14%"}]},{"@type":"WebSite","@id":"https:\/\/b2b.mvgd.pl\/#website","url":"https:\/\/b2b.mvgd.pl\/","name":"B2B MVGD PL","description":"","potentialAction":[{"@type":"SearchAction","target":{"@type":"EntryPoint","urlTemplate":"https:\/\/b2b.mvgd.pl\/?s={search_term_string}"},"query-input":{"@type":"PropertyValueSpecification","valueRequired":true,"valueName":"search_term_string"}}],"inLanguage":"pl-PL"}]}},"jetpack_sharing_enabled":true,"_links":{"self":[{"href":"https:\/\/b2b.mvgd.pl\/index.php\/wp-json\/wp\/v2\/product\/1325","targetHints":{"allow":["GET"]}}],"collection":[{"href":"https:\/\/b2b.mvgd.pl\/index.php\/wp-json\/wp\/v2\/product"}],"about":[{"href":"https:\/\/b2b.mvgd.pl\/index.php\/wp-json\/wp\/v2\/types\/product"}],"replies":[{"embeddable":true,"href":"https:\/\/b2b.mvgd.pl\/index.php\/wp-json\/wp\/v2\/comments?post=1325"}],"version-history":[{"count":0,"href":"https:\/\/b2b.mvgd.pl\/index.php\/wp-json\/wp\/v2\/product\/1325\/revisions"}],"wp:featuredmedia":[{"embeddable":true,"href":"https:\/\/b2b.mvgd.pl\/index.php\/wp-json\/wp\/v2\/media\/1389"}],"wp:attachment":[{"href":"https:\/\/b2b.mvgd.pl\/index.php\/wp-json\/wp\/v2\/media?parent=1325"}],"wp:term":[{"taxonomy":"product_brand","embeddable":true,"href":"https:\/\/b2b.mvgd.pl\/index.php\/wp-json\/wp\/v2\/product_brand?post=1325"},{"taxonomy":"product_cat","embeddable":true,"href":"https:\/\/b2b.mvgd.pl\/index.php\/wp-json\/wp\/v2\/product_cat?post=1325"},{"taxonomy":"product_tag","embeddable":true,"href":"https:\/\/b2b.mvgd.pl\/index.php\/wp-json\/wp\/v2\/product_tag?post=1325"}],"curies":[{"name":"wp","href":"https:\/\/api.w.org\/{rel}","templated":true}]}}