{"id":132,"date":"2026-02-16T18:33:38","date_gmt":"2026-02-16T18:33:38","guid":{"rendered":"https:\/\/b2b.mvgd.pl\/?post_type=product&#038;p=132"},"modified":"2026-02-16T18:35:25","modified_gmt":"2026-02-16T18:35:25","slug":"the-nines-authentic-05l-40","status":"publish","type":"product","link":"https:\/\/b2b.mvgd.pl\/index.php\/produkt\/the-nines-authentic-05l-40\/","title":{"rendered":"The Nines Authentic 0,5l 40%"},"content":{"rendered":"<p><strong>NOTY DEGUSTACYJNE:<\/strong><\/p>\n<p><strong>Kolor: <\/strong>po\u0142yskuj\u0105ce z\u0142oto<\/p>\n<p><strong>Smak<\/strong>: imbir, any\u017c, czarny i czerwony pieprz; nuty korzenia rabarbaru, ga\u0142ki muszkato\u0142owej, kardamonu i inny wyrazistych zi\u00f3\u0142 i przypraw. THE NINES AUTHENTIC jest ceniony za s\u0142odko-gorzki smak i bogaty aromat.<\/p>\n<p><strong>Serwowanie<\/strong>: idealne do picia solo lub w koktajlach z tonikiem.<\/p>\n","protected":false},"excerpt":{"rendered":"<p>Pierwszy, najstarszy, najbardziej tradycyjny cz\u0142onek rodziny marki \u201eTHE NINES\u201d Authentic jest jednym z najbardziej wyj\u0105tkowych napoj\u00f3w produkowanych na Litwie. Tajny przepis klasycznych 999, kt\u00f3ry pochodzi z XV-XVI wieku idealnie obrazuje mark\u0119 i jej powi\u0105zanie z tradycj\u0105 i tajemniczo\u015bci\u0105. THE NINES AUTHENTIC jest wykonany z kwiat\u00f3w, kory, li\u015bci, owoc\u00f3w i korzeni 27 (9 + 9 + 9) r\u00f3\u017cnych zi\u00f3\u0142, zawartych w starej litewskiej recepturze. The Nines Authentic posiadaj\u0105 Odznaczenie Pochodzenia Geograficznego Produkt\u00f3w Rolnych w EU, maj\u0105cy na celu ochron\u0119 produkt\u00f3w i zapewnienia ich autentyczno\u015bci pochodzenia.<\/p>\n","protected":false},"featured_media":197,"comment_status":"open","ping_status":"closed","template":"","meta":[],"product_brand":[],"product_cat":[32],"product_tag":[187,188,189],"class_list":{"0":"post-132","1":"product","2":"type-product","3":"status-publish","4":"has-post-thumbnail","6":"product_cat-bittery","7":"product_tag-authentic","8":"product_tag-bitter","9":"product_tag-the-nines","11":"first","12":"instock","13":"shipping-taxable","14":"purchasable","15":"product-type-simple"},"yoast_head":"<!-- This site is optimized with the Yoast SEO plugin v26.9 - https:\/\/yoast.com\/product\/yoast-seo-wordpress\/ -->\n<title>The Nines Authentic 0,5l 40% - B2B MVGD PL<\/title>\n<meta name=\"robots\" content=\"index, follow, max-snippet:-1, max-image-preview:large, max-video-preview:-1\" \/>\n<link rel=\"canonical\" href=\"https:\/\/b2b.mvgd.pl\/index.php\/produkt\/the-nines-authentic-05l-40\/\" \/>\n<meta property=\"og:locale\" content=\"pl_PL\" \/>\n<meta property=\"og:type\" content=\"article\" \/>\n<meta property=\"og:title\" content=\"The Nines Authentic 0,5l 40% - B2B MVGD PL\" \/>\n<meta property=\"og:description\" content=\"Pierwszy, najstarszy, najbardziej tradycyjny cz\u0142onek rodziny marki \u201eTHE NINES\u201d Authentic jest jednym z najbardziej wyj\u0105tkowych napoj\u00f3w produkowanych na Litwie. Tajny przepis klasycznych 999, kt\u00f3ry pochodzi z XV-XVI wieku idealnie obrazuje mark\u0119 i jej powi\u0105zanie z tradycj\u0105 i tajemniczo\u015bci\u0105. THE NINES AUTHENTIC jest wykonany z kwiat\u00f3w, kory, li\u015bci, owoc\u00f3w i korzeni 27 (9 + 9 + 9) r\u00f3\u017cnych zi\u00f3\u0142, zawartych w starej litewskiej recepturze. The Nines Authentic posiadaj\u0105 Odznaczenie Pochodzenia Geograficznego Produkt\u00f3w Rolnych w EU, maj\u0105cy na celu ochron\u0119 produkt\u00f3w i zapewnienia ich autentyczno\u015bci pochodzenia.\" \/>\n<meta property=\"og:url\" content=\"https:\/\/b2b.mvgd.pl\/index.php\/produkt\/the-nines-authentic-05l-40\/\" \/>\n<meta property=\"og:site_name\" content=\"B2B MVGD PL\" \/>\n<meta property=\"article:modified_time\" content=\"2026-02-16T18:35:25+00:00\" \/>\n<meta name=\"twitter:card\" content=\"summary_large_image\" \/>\n<script type=\"application\/ld+json\" class=\"yoast-schema-graph\">{\"@context\":\"https:\/\/schema.org\",\"@graph\":[{\"@type\":\"WebPage\",\"@id\":\"https:\/\/b2b.mvgd.pl\/index.php\/produkt\/the-nines-authentic-05l-40\/\",\"url\":\"https:\/\/b2b.mvgd.pl\/index.php\/produkt\/the-nines-authentic-05l-40\/\",\"name\":\"The Nines Authentic 0,5l 40% - B2B MVGD PL\",\"isPartOf\":{\"@id\":\"https:\/\/b2b.mvgd.pl\/#website\"},\"primaryImageOfPage\":{\"@id\":\"https:\/\/b2b.mvgd.pl\/index.php\/produkt\/the-nines-authentic-05l-40\/#primaryimage\"},\"image\":{\"@id\":\"https:\/\/b2b.mvgd.pl\/index.php\/produkt\/the-nines-authentic-05l-40\/#primaryimage\"},\"thumbnailUrl\":\"https:\/\/b2b.mvgd.pl\/wp-content\/uploads\/2026\/02\/PTRSTX0235.png\",\"datePublished\":\"2026-02-16T18:33:38+00:00\",\"dateModified\":\"2026-02-16T18:35:25+00:00\",\"breadcrumb\":{\"@id\":\"https:\/\/b2b.mvgd.pl\/index.php\/produkt\/the-nines-authentic-05l-40\/#breadcrumb\"},\"inLanguage\":\"pl-PL\",\"potentialAction\":[{\"@type\":\"ReadAction\",\"target\":[\"https:\/\/b2b.mvgd.pl\/index.php\/produkt\/the-nines-authentic-05l-40\/\"]}]},{\"@type\":\"ImageObject\",\"inLanguage\":\"pl-PL\",\"@id\":\"https:\/\/b2b.mvgd.pl\/index.php\/produkt\/the-nines-authentic-05l-40\/#primaryimage\",\"url\":\"https:\/\/b2b.mvgd.pl\/wp-content\/uploads\/2026\/02\/PTRSTX0235.png\",\"contentUrl\":\"https:\/\/b2b.mvgd.pl\/wp-content\/uploads\/2026\/02\/PTRSTX0235.png\",\"width\":900,\"height\":1200},{\"@type\":\"BreadcrumbList\",\"@id\":\"https:\/\/b2b.mvgd.pl\/index.php\/produkt\/the-nines-authentic-05l-40\/#breadcrumb\",\"itemListElement\":[{\"@type\":\"ListItem\",\"position\":1,\"name\":\"Strona g\u0142\u00f3wna\",\"item\":\"https:\/\/b2b.mvgd.pl\/\"},{\"@type\":\"ListItem\",\"position\":2,\"name\":\"Shop\",\"item\":\"https:\/\/b2b.mvgd.pl\/index.php\/shop\/\"},{\"@type\":\"ListItem\",\"position\":3,\"name\":\"The Nines Authentic 0,5l 40%\"}]},{\"@type\":\"WebSite\",\"@id\":\"https:\/\/b2b.mvgd.pl\/#website\",\"url\":\"https:\/\/b2b.mvgd.pl\/\",\"name\":\"B2B MVGD PL\",\"description\":\"\",\"potentialAction\":[{\"@type\":\"SearchAction\",\"target\":{\"@type\":\"EntryPoint\",\"urlTemplate\":\"https:\/\/b2b.mvgd.pl\/?s={search_term_string}\"},\"query-input\":{\"@type\":\"PropertyValueSpecification\",\"valueRequired\":true,\"valueName\":\"search_term_string\"}}],\"inLanguage\":\"pl-PL\"}]}<\/script>\n<!-- \/ Yoast SEO plugin. -->","yoast_head_json":{"title":"The Nines Authentic 0,5l 40% - B2B MVGD PL","robots":{"index":"index","follow":"follow","max-snippet":"max-snippet:-1","max-image-preview":"max-image-preview:large","max-video-preview":"max-video-preview:-1"},"canonical":"https:\/\/b2b.mvgd.pl\/index.php\/produkt\/the-nines-authentic-05l-40\/","og_locale":"pl_PL","og_type":"article","og_title":"The Nines Authentic 0,5l 40% - B2B MVGD PL","og_description":"Pierwszy, najstarszy, najbardziej tradycyjny cz\u0142onek rodziny marki \u201eTHE NINES\u201d Authentic jest jednym z najbardziej wyj\u0105tkowych napoj\u00f3w produkowanych na Litwie. Tajny przepis klasycznych 999, kt\u00f3ry pochodzi z XV-XVI wieku idealnie obrazuje mark\u0119 i jej powi\u0105zanie z tradycj\u0105 i tajemniczo\u015bci\u0105. THE NINES AUTHENTIC jest wykonany z kwiat\u00f3w, kory, li\u015bci, owoc\u00f3w i korzeni 27 (9 + 9 + 9) r\u00f3\u017cnych zi\u00f3\u0142, zawartych w starej litewskiej recepturze. The Nines Authentic posiadaj\u0105 Odznaczenie Pochodzenia Geograficznego Produkt\u00f3w Rolnych w EU, maj\u0105cy na celu ochron\u0119 produkt\u00f3w i zapewnienia ich autentyczno\u015bci pochodzenia.","og_url":"https:\/\/b2b.mvgd.pl\/index.php\/produkt\/the-nines-authentic-05l-40\/","og_site_name":"B2B MVGD PL","article_modified_time":"2026-02-16T18:35:25+00:00","twitter_card":"summary_large_image","schema":{"@context":"https:\/\/schema.org","@graph":[{"@type":"WebPage","@id":"https:\/\/b2b.mvgd.pl\/index.php\/produkt\/the-nines-authentic-05l-40\/","url":"https:\/\/b2b.mvgd.pl\/index.php\/produkt\/the-nines-authentic-05l-40\/","name":"The Nines Authentic 0,5l 40% - B2B MVGD PL","isPartOf":{"@id":"https:\/\/b2b.mvgd.pl\/#website"},"primaryImageOfPage":{"@id":"https:\/\/b2b.mvgd.pl\/index.php\/produkt\/the-nines-authentic-05l-40\/#primaryimage"},"image":{"@id":"https:\/\/b2b.mvgd.pl\/index.php\/produkt\/the-nines-authentic-05l-40\/#primaryimage"},"thumbnailUrl":"https:\/\/b2b.mvgd.pl\/wp-content\/uploads\/2026\/02\/PTRSTX0235.png","datePublished":"2026-02-16T18:33:38+00:00","dateModified":"2026-02-16T18:35:25+00:00","breadcrumb":{"@id":"https:\/\/b2b.mvgd.pl\/index.php\/produkt\/the-nines-authentic-05l-40\/#breadcrumb"},"inLanguage":"pl-PL","potentialAction":[{"@type":"ReadAction","target":["https:\/\/b2b.mvgd.pl\/index.php\/produkt\/the-nines-authentic-05l-40\/"]}]},{"@type":"ImageObject","inLanguage":"pl-PL","@id":"https:\/\/b2b.mvgd.pl\/index.php\/produkt\/the-nines-authentic-05l-40\/#primaryimage","url":"https:\/\/b2b.mvgd.pl\/wp-content\/uploads\/2026\/02\/PTRSTX0235.png","contentUrl":"https:\/\/b2b.mvgd.pl\/wp-content\/uploads\/2026\/02\/PTRSTX0235.png","width":900,"height":1200},{"@type":"BreadcrumbList","@id":"https:\/\/b2b.mvgd.pl\/index.php\/produkt\/the-nines-authentic-05l-40\/#breadcrumb","itemListElement":[{"@type":"ListItem","position":1,"name":"Strona g\u0142\u00f3wna","item":"https:\/\/b2b.mvgd.pl\/"},{"@type":"ListItem","position":2,"name":"Shop","item":"https:\/\/b2b.mvgd.pl\/index.php\/shop\/"},{"@type":"ListItem","position":3,"name":"The Nines Authentic 0,5l 40%"}]},{"@type":"WebSite","@id":"https:\/\/b2b.mvgd.pl\/#website","url":"https:\/\/b2b.mvgd.pl\/","name":"B2B MVGD PL","description":"","potentialAction":[{"@type":"SearchAction","target":{"@type":"EntryPoint","urlTemplate":"https:\/\/b2b.mvgd.pl\/?s={search_term_string}"},"query-input":{"@type":"PropertyValueSpecification","valueRequired":true,"valueName":"search_term_string"}}],"inLanguage":"pl-PL"}]}},"jetpack_sharing_enabled":true,"_links":{"self":[{"href":"https:\/\/b2b.mvgd.pl\/index.php\/wp-json\/wp\/v2\/product\/132","targetHints":{"allow":["GET"]}}],"collection":[{"href":"https:\/\/b2b.mvgd.pl\/index.php\/wp-json\/wp\/v2\/product"}],"about":[{"href":"https:\/\/b2b.mvgd.pl\/index.php\/wp-json\/wp\/v2\/types\/product"}],"replies":[{"embeddable":true,"href":"https:\/\/b2b.mvgd.pl\/index.php\/wp-json\/wp\/v2\/comments?post=132"}],"version-history":[{"count":0,"href":"https:\/\/b2b.mvgd.pl\/index.php\/wp-json\/wp\/v2\/product\/132\/revisions"}],"wp:featuredmedia":[{"embeddable":true,"href":"https:\/\/b2b.mvgd.pl\/index.php\/wp-json\/wp\/v2\/media\/197"}],"wp:attachment":[{"href":"https:\/\/b2b.mvgd.pl\/index.php\/wp-json\/wp\/v2\/media?parent=132"}],"wp:term":[{"taxonomy":"product_brand","embeddable":true,"href":"https:\/\/b2b.mvgd.pl\/index.php\/wp-json\/wp\/v2\/product_brand?post=132"},{"taxonomy":"product_cat","embeddable":true,"href":"https:\/\/b2b.mvgd.pl\/index.php\/wp-json\/wp\/v2\/product_cat?post=132"},{"taxonomy":"product_tag","embeddable":true,"href":"https:\/\/b2b.mvgd.pl\/index.php\/wp-json\/wp\/v2\/product_tag?post=132"}],"curies":[{"name":"wp","href":"https:\/\/api.w.org\/{rel}","templated":true}]}}