{"id":1301,"date":"2026-02-16T19:09:29","date_gmt":"2026-02-16T19:09:29","guid":{"rendered":"https:\/\/b2b.mvgd.pl\/?post_type=product&#038;p=1301"},"modified":"2026-02-16T19:13:33","modified_gmt":"2026-02-16T19:13:33","slug":"jonston-old-tom-cask-finish-07l-40","status":"publish","type":"product","link":"https:\/\/b2b.mvgd.pl\/index.php\/produkt\/jonston-old-tom-cask-finish-07l-40\/","title":{"rendered":"Jonston Old Tom Cask Finish 0,7l 40%"},"content":{"rendered":"<p>Jonston Old Tom Gin to wyj\u0105tkowy trunek, wariant ginu Old Tom, kt\u00f3ry zdobywa serca mi\u0142o\u015bnik\u00f3w gin\u00f3w z ca\u0142ego \u015bwiata. Finisz w beczce po miodzie pitnym nadaje mu g\u0142\u0119boki, bogaty smak, s\u0142omkowy kolor i subtelne nuty s\u0142odyczy, co czyni go niezwykle atrakcyjnym dla koneser\u00f3w. Dodatek miodu pitnego doskonale komponuje si\u0119 z wytrawnym charakterem ginu, tworz\u0105c harmonijn\u0105 r\u00f3wnowag\u0119 mi\u0119dzy delikatn\u0105 s\u0142odycz\u0105 a wytrawno\u015bci\u0105. To po\u0142\u0105czenie tradycji, rzemios\u0142a i innowacji sprawia, \u017ce Jonston Old Tom Gin to przyjemne do\u015bwiadczenie dla podniebienia, kt\u00f3re wyr\u00f3\u017cnia si\u0119 na tle innych gatunk\u00f3w gin\u00f3w.<\/p>\n","protected":false},"excerpt":{"rendered":"<p>Jego bogaty profil smakowy oraz unikalna historia sprawiaj\u0105, \u017ce doskonale nadaje si\u0119 do degustacji samodzielnej, zwanej r\u00f3wnie\u017c \u201eSipping Gin\u201d, umo\u017cliwiaj\u0105c odkrywanie subtelnego z\u0142o\u017conego smaku kropla po kropli. Jednocze\u015bnie, dzi\u0119ki swojej wyrazistej charakterystyce, Jonston Old Tom Gin stanowi doskona\u0142y sk\u0142adnik do klasycznych i nowatorskich koktajli w oparciu o delikatnie s\u0142odkawy gin. Dodaj\u0105c im niepowtarzalnego smaku i charakteru, nadaje ka\u017cdemu drinkowi wyj\u0105tkowego aromatu, kt\u00f3ry podkre\u015bla jego wyj\u0105tkowo\u015b\u0107 i elegancj\u0119. Ponadto, obecno\u015b\u0107 delikatnych nut kwiatowych w Jonston Old Tom Gin, kt\u00f3ra pochodzi z destylacji naturalnego py\u0142ku kwiatowego wykorzystywanego podczas procesu produkcji, dodaje mu subtelnej, kwiatowej g\u0142\u0119bi, wzbogacaj\u0105c jego kompleksowy bukiet aromatyczny.<\/p>\n","protected":false},"featured_media":1376,"comment_status":"open","ping_status":"closed","template":"","meta":[],"product_brand":[],"product_cat":[87],"product_tag":[88,807],"class_list":{"0":"post-1301","1":"product","2":"type-product","3":"status-publish","4":"has-post-thumbnail","6":"product_cat-gin","7":"product_tag-gin","8":"product_tag-jonston","10":"first","11":"instock","12":"shipping-taxable","13":"purchasable","14":"product-type-simple"},"yoast_head":"<!-- This site is optimized with the Yoast SEO plugin v26.9 - https:\/\/yoast.com\/product\/yoast-seo-wordpress\/ -->\n<title>Jonston Old Tom Cask Finish 0,7l 40% - B2B MVGD PL<\/title>\n<meta name=\"robots\" content=\"index, follow, max-snippet:-1, max-image-preview:large, max-video-preview:-1\" \/>\n<link rel=\"canonical\" href=\"https:\/\/b2b.mvgd.pl\/index.php\/produkt\/jonston-old-tom-cask-finish-07l-40\/\" \/>\n<meta property=\"og:locale\" content=\"pl_PL\" \/>\n<meta property=\"og:type\" content=\"article\" \/>\n<meta property=\"og:title\" content=\"Jonston Old Tom Cask Finish 0,7l 40% - B2B MVGD PL\" \/>\n<meta property=\"og:description\" content=\"Jego bogaty profil smakowy oraz unikalna historia sprawiaj\u0105, \u017ce doskonale nadaje si\u0119 do degustacji samodzielnej, zwanej r\u00f3wnie\u017c \u201eSipping Gin\u201d, umo\u017cliwiaj\u0105c odkrywanie subtelnego z\u0142o\u017conego smaku kropla po kropli. Jednocze\u015bnie, dzi\u0119ki swojej wyrazistej charakterystyce, Jonston Old Tom Gin stanowi doskona\u0142y sk\u0142adnik do klasycznych i nowatorskich koktajli w oparciu o delikatnie s\u0142odkawy gin. Dodaj\u0105c im niepowtarzalnego smaku i charakteru, nadaje ka\u017cdemu drinkowi wyj\u0105tkowego aromatu, kt\u00f3ry podkre\u015bla jego wyj\u0105tkowo\u015b\u0107 i elegancj\u0119. Ponadto, obecno\u015b\u0107 delikatnych nut kwiatowych w Jonston Old Tom Gin, kt\u00f3ra pochodzi z destylacji naturalnego py\u0142ku kwiatowego wykorzystywanego podczas procesu produkcji, dodaje mu subtelnej, kwiatowej g\u0142\u0119bi, wzbogacaj\u0105c jego kompleksowy bukiet aromatyczny.\" \/>\n<meta property=\"og:url\" content=\"https:\/\/b2b.mvgd.pl\/index.php\/produkt\/jonston-old-tom-cask-finish-07l-40\/\" \/>\n<meta property=\"og:site_name\" content=\"B2B MVGD PL\" \/>\n<meta property=\"article:modified_time\" content=\"2026-02-16T19:13:33+00:00\" \/>\n<meta name=\"twitter:card\" content=\"summary_large_image\" \/>\n<meta name=\"twitter:label1\" content=\"Szacowany czas czytania\" \/>\n\t<meta name=\"twitter:data1\" content=\"1 minuta\" \/>\n<script type=\"application\/ld+json\" class=\"yoast-schema-graph\">{\"@context\":\"https:\/\/schema.org\",\"@graph\":[{\"@type\":\"WebPage\",\"@id\":\"https:\/\/b2b.mvgd.pl\/index.php\/produkt\/jonston-old-tom-cask-finish-07l-40\/\",\"url\":\"https:\/\/b2b.mvgd.pl\/index.php\/produkt\/jonston-old-tom-cask-finish-07l-40\/\",\"name\":\"Jonston Old Tom Cask Finish 0,7l 40% - B2B MVGD PL\",\"isPartOf\":{\"@id\":\"https:\/\/b2b.mvgd.pl\/#website\"},\"primaryImageOfPage\":{\"@id\":\"https:\/\/b2b.mvgd.pl\/index.php\/produkt\/jonston-old-tom-cask-finish-07l-40\/#primaryimage\"},\"image\":{\"@id\":\"https:\/\/b2b.mvgd.pl\/index.php\/produkt\/jonston-old-tom-cask-finish-07l-40\/#primaryimage\"},\"thumbnailUrl\":\"https:\/\/b2b.mvgd.pl\/wp-content\/uploads\/2026\/02\/JONSTON-OLD-TOM-GIN.png\",\"datePublished\":\"2026-02-16T19:09:29+00:00\",\"dateModified\":\"2026-02-16T19:13:33+00:00\",\"breadcrumb\":{\"@id\":\"https:\/\/b2b.mvgd.pl\/index.php\/produkt\/jonston-old-tom-cask-finish-07l-40\/#breadcrumb\"},\"inLanguage\":\"pl-PL\",\"potentialAction\":[{\"@type\":\"ReadAction\",\"target\":[\"https:\/\/b2b.mvgd.pl\/index.php\/produkt\/jonston-old-tom-cask-finish-07l-40\/\"]}]},{\"@type\":\"ImageObject\",\"inLanguage\":\"pl-PL\",\"@id\":\"https:\/\/b2b.mvgd.pl\/index.php\/produkt\/jonston-old-tom-cask-finish-07l-40\/#primaryimage\",\"url\":\"https:\/\/b2b.mvgd.pl\/wp-content\/uploads\/2026\/02\/JONSTON-OLD-TOM-GIN.png\",\"contentUrl\":\"https:\/\/b2b.mvgd.pl\/wp-content\/uploads\/2026\/02\/JONSTON-OLD-TOM-GIN.png\",\"width\":900,\"height\":1200},{\"@type\":\"BreadcrumbList\",\"@id\":\"https:\/\/b2b.mvgd.pl\/index.php\/produkt\/jonston-old-tom-cask-finish-07l-40\/#breadcrumb\",\"itemListElement\":[{\"@type\":\"ListItem\",\"position\":1,\"name\":\"Strona g\u0142\u00f3wna\",\"item\":\"https:\/\/b2b.mvgd.pl\/\"},{\"@type\":\"ListItem\",\"position\":2,\"name\":\"Shop\",\"item\":\"https:\/\/b2b.mvgd.pl\/index.php\/shop\/\"},{\"@type\":\"ListItem\",\"position\":3,\"name\":\"Jonston Old Tom Cask Finish 0,7l 40%\"}]},{\"@type\":\"WebSite\",\"@id\":\"https:\/\/b2b.mvgd.pl\/#website\",\"url\":\"https:\/\/b2b.mvgd.pl\/\",\"name\":\"B2B MVGD PL\",\"description\":\"\",\"potentialAction\":[{\"@type\":\"SearchAction\",\"target\":{\"@type\":\"EntryPoint\",\"urlTemplate\":\"https:\/\/b2b.mvgd.pl\/?s={search_term_string}\"},\"query-input\":{\"@type\":\"PropertyValueSpecification\",\"valueRequired\":true,\"valueName\":\"search_term_string\"}}],\"inLanguage\":\"pl-PL\"}]}<\/script>\n<!-- \/ Yoast SEO plugin. -->","yoast_head_json":{"title":"Jonston Old Tom Cask Finish 0,7l 40% - B2B MVGD PL","robots":{"index":"index","follow":"follow","max-snippet":"max-snippet:-1","max-image-preview":"max-image-preview:large","max-video-preview":"max-video-preview:-1"},"canonical":"https:\/\/b2b.mvgd.pl\/index.php\/produkt\/jonston-old-tom-cask-finish-07l-40\/","og_locale":"pl_PL","og_type":"article","og_title":"Jonston Old Tom Cask Finish 0,7l 40% - B2B MVGD PL","og_description":"Jego bogaty profil smakowy oraz unikalna historia sprawiaj\u0105, \u017ce doskonale nadaje si\u0119 do degustacji samodzielnej, zwanej r\u00f3wnie\u017c \u201eSipping Gin\u201d, umo\u017cliwiaj\u0105c odkrywanie subtelnego z\u0142o\u017conego smaku kropla po kropli. Jednocze\u015bnie, dzi\u0119ki swojej wyrazistej charakterystyce, Jonston Old Tom Gin stanowi doskona\u0142y sk\u0142adnik do klasycznych i nowatorskich koktajli w oparciu o delikatnie s\u0142odkawy gin. Dodaj\u0105c im niepowtarzalnego smaku i charakteru, nadaje ka\u017cdemu drinkowi wyj\u0105tkowego aromatu, kt\u00f3ry podkre\u015bla jego wyj\u0105tkowo\u015b\u0107 i elegancj\u0119. Ponadto, obecno\u015b\u0107 delikatnych nut kwiatowych w Jonston Old Tom Gin, kt\u00f3ra pochodzi z destylacji naturalnego py\u0142ku kwiatowego wykorzystywanego podczas procesu produkcji, dodaje mu subtelnej, kwiatowej g\u0142\u0119bi, wzbogacaj\u0105c jego kompleksowy bukiet aromatyczny.","og_url":"https:\/\/b2b.mvgd.pl\/index.php\/produkt\/jonston-old-tom-cask-finish-07l-40\/","og_site_name":"B2B MVGD PL","article_modified_time":"2026-02-16T19:13:33+00:00","twitter_card":"summary_large_image","twitter_misc":{"Szacowany czas czytania":"1 minuta"},"schema":{"@context":"https:\/\/schema.org","@graph":[{"@type":"WebPage","@id":"https:\/\/b2b.mvgd.pl\/index.php\/produkt\/jonston-old-tom-cask-finish-07l-40\/","url":"https:\/\/b2b.mvgd.pl\/index.php\/produkt\/jonston-old-tom-cask-finish-07l-40\/","name":"Jonston Old Tom Cask Finish 0,7l 40% - B2B MVGD PL","isPartOf":{"@id":"https:\/\/b2b.mvgd.pl\/#website"},"primaryImageOfPage":{"@id":"https:\/\/b2b.mvgd.pl\/index.php\/produkt\/jonston-old-tom-cask-finish-07l-40\/#primaryimage"},"image":{"@id":"https:\/\/b2b.mvgd.pl\/index.php\/produkt\/jonston-old-tom-cask-finish-07l-40\/#primaryimage"},"thumbnailUrl":"https:\/\/b2b.mvgd.pl\/wp-content\/uploads\/2026\/02\/JONSTON-OLD-TOM-GIN.png","datePublished":"2026-02-16T19:09:29+00:00","dateModified":"2026-02-16T19:13:33+00:00","breadcrumb":{"@id":"https:\/\/b2b.mvgd.pl\/index.php\/produkt\/jonston-old-tom-cask-finish-07l-40\/#breadcrumb"},"inLanguage":"pl-PL","potentialAction":[{"@type":"ReadAction","target":["https:\/\/b2b.mvgd.pl\/index.php\/produkt\/jonston-old-tom-cask-finish-07l-40\/"]}]},{"@type":"ImageObject","inLanguage":"pl-PL","@id":"https:\/\/b2b.mvgd.pl\/index.php\/produkt\/jonston-old-tom-cask-finish-07l-40\/#primaryimage","url":"https:\/\/b2b.mvgd.pl\/wp-content\/uploads\/2026\/02\/JONSTON-OLD-TOM-GIN.png","contentUrl":"https:\/\/b2b.mvgd.pl\/wp-content\/uploads\/2026\/02\/JONSTON-OLD-TOM-GIN.png","width":900,"height":1200},{"@type":"BreadcrumbList","@id":"https:\/\/b2b.mvgd.pl\/index.php\/produkt\/jonston-old-tom-cask-finish-07l-40\/#breadcrumb","itemListElement":[{"@type":"ListItem","position":1,"name":"Strona g\u0142\u00f3wna","item":"https:\/\/b2b.mvgd.pl\/"},{"@type":"ListItem","position":2,"name":"Shop","item":"https:\/\/b2b.mvgd.pl\/index.php\/shop\/"},{"@type":"ListItem","position":3,"name":"Jonston Old Tom Cask Finish 0,7l 40%"}]},{"@type":"WebSite","@id":"https:\/\/b2b.mvgd.pl\/#website","url":"https:\/\/b2b.mvgd.pl\/","name":"B2B MVGD PL","description":"","potentialAction":[{"@type":"SearchAction","target":{"@type":"EntryPoint","urlTemplate":"https:\/\/b2b.mvgd.pl\/?s={search_term_string}"},"query-input":{"@type":"PropertyValueSpecification","valueRequired":true,"valueName":"search_term_string"}}],"inLanguage":"pl-PL"}]}},"jetpack_sharing_enabled":true,"_links":{"self":[{"href":"https:\/\/b2b.mvgd.pl\/index.php\/wp-json\/wp\/v2\/product\/1301","targetHints":{"allow":["GET"]}}],"collection":[{"href":"https:\/\/b2b.mvgd.pl\/index.php\/wp-json\/wp\/v2\/product"}],"about":[{"href":"https:\/\/b2b.mvgd.pl\/index.php\/wp-json\/wp\/v2\/types\/product"}],"replies":[{"embeddable":true,"href":"https:\/\/b2b.mvgd.pl\/index.php\/wp-json\/wp\/v2\/comments?post=1301"}],"version-history":[{"count":0,"href":"https:\/\/b2b.mvgd.pl\/index.php\/wp-json\/wp\/v2\/product\/1301\/revisions"}],"wp:featuredmedia":[{"embeddable":true,"href":"https:\/\/b2b.mvgd.pl\/index.php\/wp-json\/wp\/v2\/media\/1376"}],"wp:attachment":[{"href":"https:\/\/b2b.mvgd.pl\/index.php\/wp-json\/wp\/v2\/media?parent=1301"}],"wp:term":[{"taxonomy":"product_brand","embeddable":true,"href":"https:\/\/b2b.mvgd.pl\/index.php\/wp-json\/wp\/v2\/product_brand?post=1301"},{"taxonomy":"product_cat","embeddable":true,"href":"https:\/\/b2b.mvgd.pl\/index.php\/wp-json\/wp\/v2\/product_cat?post=1301"},{"taxonomy":"product_tag","embeddable":true,"href":"https:\/\/b2b.mvgd.pl\/index.php\/wp-json\/wp\/v2\/product_tag?post=1301"}],"curies":[{"name":"wp","href":"https:\/\/api.w.org\/{rel}","templated":true}]}}