{"id":130,"date":"2026-02-16T18:33:38","date_gmt":"2026-02-16T18:33:38","guid":{"rendered":"https:\/\/b2b.mvgd.pl\/?post_type=product&#038;p=130"},"modified":"2026-02-16T18:35:20","modified_gmt":"2026-02-16T18:35:20","slug":"stumbras-vodka-07l-40-z-kieliszkami","status":"publish","type":"product","link":"https:\/\/b2b.mvgd.pl\/index.php\/produkt\/stumbras-vodka-07l-40-z-kieliszkami\/","title":{"rendered":"Stumbras Vodka 0,7l 40% (z kieliszkami)"},"content":{"rendered":"","protected":false},"excerpt":{"rendered":"<p>STUMBRAS VODKA to w\u00f3dka, kt\u00f3rej historia si\u0119ga 1906 roku. Przekazywana z pokolenia na pokolenie tradycyjna receptura odzwierciedla do\u015bwiadczenie i wiedz\u0119 litewskich gorzelnik\u00f3w. Cech\u0105 charakterystyczn\u0105 w\u00f3dki jest k\u0142os pszenicy znajduj\u0105cy si\u0119 we wn\u0119trzu ka\u017cdej butelki. Starannie wyselekcjonowane \u017ad\u017ab\u0142a s\u0105 r\u0119cznie przycinane we w\u0142a\u015bciwym czasie, a nast\u0119pnie przechowywane w specjalnych podziemiach przez cztery tygodnie. Dzi\u0119ki temu staj\u0105 si\u0119 neutralne. Wysoka jako\u015b\u0107 STUMBRAS VODKA to tak\u017ce efekt szczeg\u00f3\u0142owej kontroli ka\u017cdego etapu produkcji.<\/p>\n","protected":false},"featured_media":195,"comment_status":"open","ping_status":"closed","template":"","meta":[],"product_brand":[],"product_cat":[118],"product_tag":[121,122,167],"class_list":{"0":"post-130","1":"product","2":"type-product","3":"status-publish","4":"has-post-thumbnail","6":"product_cat-wodka","7":"product_tag-stumbras","8":"product_tag-wodka","9":"product_tag-wodka-pszeniczna","11":"first","12":"instock","13":"shipping-taxable","14":"purchasable","15":"product-type-simple"},"yoast_head":"<!-- This site is optimized with the Yoast SEO plugin v26.9 - https:\/\/yoast.com\/product\/yoast-seo-wordpress\/ -->\n<title>Stumbras Vodka 0,7l 40% (z kieliszkami) - B2B MVGD PL<\/title>\n<meta name=\"robots\" content=\"index, follow, max-snippet:-1, max-image-preview:large, max-video-preview:-1\" \/>\n<link rel=\"canonical\" href=\"https:\/\/b2b.mvgd.pl\/index.php\/produkt\/stumbras-vodka-07l-40-z-kieliszkami\/\" \/>\n<meta property=\"og:locale\" content=\"pl_PL\" \/>\n<meta property=\"og:type\" content=\"article\" \/>\n<meta property=\"og:title\" content=\"Stumbras Vodka 0,7l 40% (z kieliszkami) - B2B MVGD PL\" \/>\n<meta property=\"og:description\" content=\"STUMBRAS VODKA to w\u00f3dka, kt\u00f3rej historia si\u0119ga 1906 roku. Przekazywana z pokolenia na pokolenie tradycyjna receptura odzwierciedla do\u015bwiadczenie i wiedz\u0119 litewskich gorzelnik\u00f3w. Cech\u0105 charakterystyczn\u0105 w\u00f3dki jest k\u0142os pszenicy znajduj\u0105cy si\u0119 we wn\u0119trzu ka\u017cdej butelki. Starannie wyselekcjonowane \u017ad\u017ab\u0142a s\u0105 r\u0119cznie przycinane we w\u0142a\u015bciwym czasie, a nast\u0119pnie przechowywane w specjalnych podziemiach przez cztery tygodnie. Dzi\u0119ki temu staj\u0105 si\u0119 neutralne. Wysoka jako\u015b\u0107 STUMBRAS VODKA to tak\u017ce efekt szczeg\u00f3\u0142owej kontroli ka\u017cdego etapu produkcji.\" \/>\n<meta property=\"og:url\" content=\"https:\/\/b2b.mvgd.pl\/index.php\/produkt\/stumbras-vodka-07l-40-z-kieliszkami\/\" \/>\n<meta property=\"og:site_name\" content=\"B2B MVGD PL\" \/>\n<meta property=\"article:modified_time\" content=\"2026-02-16T18:35:20+00:00\" \/>\n<meta name=\"twitter:card\" content=\"summary_large_image\" \/>\n<script type=\"application\/ld+json\" class=\"yoast-schema-graph\">{\"@context\":\"https:\/\/schema.org\",\"@graph\":[{\"@type\":\"WebPage\",\"@id\":\"https:\/\/b2b.mvgd.pl\/index.php\/produkt\/stumbras-vodka-07l-40-z-kieliszkami\/\",\"url\":\"https:\/\/b2b.mvgd.pl\/index.php\/produkt\/stumbras-vodka-07l-40-z-kieliszkami\/\",\"name\":\"Stumbras Vodka 0,7l 40% (z kieliszkami) - B2B MVGD PL\",\"isPartOf\":{\"@id\":\"https:\/\/b2b.mvgd.pl\/#website\"},\"primaryImageOfPage\":{\"@id\":\"https:\/\/b2b.mvgd.pl\/index.php\/produkt\/stumbras-vodka-07l-40-z-kieliszkami\/#primaryimage\"},\"image\":{\"@id\":\"https:\/\/b2b.mvgd.pl\/index.php\/produkt\/stumbras-vodka-07l-40-z-kieliszkami\/#primaryimage\"},\"thumbnailUrl\":\"https:\/\/b2b.mvgd.pl\/wp-content\/uploads\/2026\/02\/PDESTU7648.png\",\"datePublished\":\"2026-02-16T18:33:38+00:00\",\"dateModified\":\"2026-02-16T18:35:20+00:00\",\"breadcrumb\":{\"@id\":\"https:\/\/b2b.mvgd.pl\/index.php\/produkt\/stumbras-vodka-07l-40-z-kieliszkami\/#breadcrumb\"},\"inLanguage\":\"pl-PL\",\"potentialAction\":[{\"@type\":\"ReadAction\",\"target\":[\"https:\/\/b2b.mvgd.pl\/index.php\/produkt\/stumbras-vodka-07l-40-z-kieliszkami\/\"]}]},{\"@type\":\"ImageObject\",\"inLanguage\":\"pl-PL\",\"@id\":\"https:\/\/b2b.mvgd.pl\/index.php\/produkt\/stumbras-vodka-07l-40-z-kieliszkami\/#primaryimage\",\"url\":\"https:\/\/b2b.mvgd.pl\/wp-content\/uploads\/2026\/02\/PDESTU7648.png\",\"contentUrl\":\"https:\/\/b2b.mvgd.pl\/wp-content\/uploads\/2026\/02\/PDESTU7648.png\",\"width\":900,\"height\":1200},{\"@type\":\"BreadcrumbList\",\"@id\":\"https:\/\/b2b.mvgd.pl\/index.php\/produkt\/stumbras-vodka-07l-40-z-kieliszkami\/#breadcrumb\",\"itemListElement\":[{\"@type\":\"ListItem\",\"position\":1,\"name\":\"Strona g\u0142\u00f3wna\",\"item\":\"https:\/\/b2b.mvgd.pl\/\"},{\"@type\":\"ListItem\",\"position\":2,\"name\":\"Shop\",\"item\":\"https:\/\/b2b.mvgd.pl\/index.php\/shop\/\"},{\"@type\":\"ListItem\",\"position\":3,\"name\":\"Stumbras Vodka 0,7l 40% (z kieliszkami)\"}]},{\"@type\":\"WebSite\",\"@id\":\"https:\/\/b2b.mvgd.pl\/#website\",\"url\":\"https:\/\/b2b.mvgd.pl\/\",\"name\":\"B2B MVGD PL\",\"description\":\"\",\"potentialAction\":[{\"@type\":\"SearchAction\",\"target\":{\"@type\":\"EntryPoint\",\"urlTemplate\":\"https:\/\/b2b.mvgd.pl\/?s={search_term_string}\"},\"query-input\":{\"@type\":\"PropertyValueSpecification\",\"valueRequired\":true,\"valueName\":\"search_term_string\"}}],\"inLanguage\":\"pl-PL\"}]}<\/script>\n<!-- \/ Yoast SEO plugin. -->","yoast_head_json":{"title":"Stumbras Vodka 0,7l 40% (z kieliszkami) - B2B MVGD PL","robots":{"index":"index","follow":"follow","max-snippet":"max-snippet:-1","max-image-preview":"max-image-preview:large","max-video-preview":"max-video-preview:-1"},"canonical":"https:\/\/b2b.mvgd.pl\/index.php\/produkt\/stumbras-vodka-07l-40-z-kieliszkami\/","og_locale":"pl_PL","og_type":"article","og_title":"Stumbras Vodka 0,7l 40% (z kieliszkami) - B2B MVGD PL","og_description":"STUMBRAS VODKA to w\u00f3dka, kt\u00f3rej historia si\u0119ga 1906 roku. Przekazywana z pokolenia na pokolenie tradycyjna receptura odzwierciedla do\u015bwiadczenie i wiedz\u0119 litewskich gorzelnik\u00f3w. Cech\u0105 charakterystyczn\u0105 w\u00f3dki jest k\u0142os pszenicy znajduj\u0105cy si\u0119 we wn\u0119trzu ka\u017cdej butelki. Starannie wyselekcjonowane \u017ad\u017ab\u0142a s\u0105 r\u0119cznie przycinane we w\u0142a\u015bciwym czasie, a nast\u0119pnie przechowywane w specjalnych podziemiach przez cztery tygodnie. Dzi\u0119ki temu staj\u0105 si\u0119 neutralne. Wysoka jako\u015b\u0107 STUMBRAS VODKA to tak\u017ce efekt szczeg\u00f3\u0142owej kontroli ka\u017cdego etapu produkcji.","og_url":"https:\/\/b2b.mvgd.pl\/index.php\/produkt\/stumbras-vodka-07l-40-z-kieliszkami\/","og_site_name":"B2B MVGD PL","article_modified_time":"2026-02-16T18:35:20+00:00","twitter_card":"summary_large_image","schema":{"@context":"https:\/\/schema.org","@graph":[{"@type":"WebPage","@id":"https:\/\/b2b.mvgd.pl\/index.php\/produkt\/stumbras-vodka-07l-40-z-kieliszkami\/","url":"https:\/\/b2b.mvgd.pl\/index.php\/produkt\/stumbras-vodka-07l-40-z-kieliszkami\/","name":"Stumbras Vodka 0,7l 40% (z kieliszkami) - B2B MVGD PL","isPartOf":{"@id":"https:\/\/b2b.mvgd.pl\/#website"},"primaryImageOfPage":{"@id":"https:\/\/b2b.mvgd.pl\/index.php\/produkt\/stumbras-vodka-07l-40-z-kieliszkami\/#primaryimage"},"image":{"@id":"https:\/\/b2b.mvgd.pl\/index.php\/produkt\/stumbras-vodka-07l-40-z-kieliszkami\/#primaryimage"},"thumbnailUrl":"https:\/\/b2b.mvgd.pl\/wp-content\/uploads\/2026\/02\/PDESTU7648.png","datePublished":"2026-02-16T18:33:38+00:00","dateModified":"2026-02-16T18:35:20+00:00","breadcrumb":{"@id":"https:\/\/b2b.mvgd.pl\/index.php\/produkt\/stumbras-vodka-07l-40-z-kieliszkami\/#breadcrumb"},"inLanguage":"pl-PL","potentialAction":[{"@type":"ReadAction","target":["https:\/\/b2b.mvgd.pl\/index.php\/produkt\/stumbras-vodka-07l-40-z-kieliszkami\/"]}]},{"@type":"ImageObject","inLanguage":"pl-PL","@id":"https:\/\/b2b.mvgd.pl\/index.php\/produkt\/stumbras-vodka-07l-40-z-kieliszkami\/#primaryimage","url":"https:\/\/b2b.mvgd.pl\/wp-content\/uploads\/2026\/02\/PDESTU7648.png","contentUrl":"https:\/\/b2b.mvgd.pl\/wp-content\/uploads\/2026\/02\/PDESTU7648.png","width":900,"height":1200},{"@type":"BreadcrumbList","@id":"https:\/\/b2b.mvgd.pl\/index.php\/produkt\/stumbras-vodka-07l-40-z-kieliszkami\/#breadcrumb","itemListElement":[{"@type":"ListItem","position":1,"name":"Strona g\u0142\u00f3wna","item":"https:\/\/b2b.mvgd.pl\/"},{"@type":"ListItem","position":2,"name":"Shop","item":"https:\/\/b2b.mvgd.pl\/index.php\/shop\/"},{"@type":"ListItem","position":3,"name":"Stumbras Vodka 0,7l 40% (z kieliszkami)"}]},{"@type":"WebSite","@id":"https:\/\/b2b.mvgd.pl\/#website","url":"https:\/\/b2b.mvgd.pl\/","name":"B2B MVGD PL","description":"","potentialAction":[{"@type":"SearchAction","target":{"@type":"EntryPoint","urlTemplate":"https:\/\/b2b.mvgd.pl\/?s={search_term_string}"},"query-input":{"@type":"PropertyValueSpecification","valueRequired":true,"valueName":"search_term_string"}}],"inLanguage":"pl-PL"}]}},"jetpack_sharing_enabled":true,"_links":{"self":[{"href":"https:\/\/b2b.mvgd.pl\/index.php\/wp-json\/wp\/v2\/product\/130","targetHints":{"allow":["GET"]}}],"collection":[{"href":"https:\/\/b2b.mvgd.pl\/index.php\/wp-json\/wp\/v2\/product"}],"about":[{"href":"https:\/\/b2b.mvgd.pl\/index.php\/wp-json\/wp\/v2\/types\/product"}],"replies":[{"embeddable":true,"href":"https:\/\/b2b.mvgd.pl\/index.php\/wp-json\/wp\/v2\/comments?post=130"}],"version-history":[{"count":0,"href":"https:\/\/b2b.mvgd.pl\/index.php\/wp-json\/wp\/v2\/product\/130\/revisions"}],"wp:featuredmedia":[{"embeddable":true,"href":"https:\/\/b2b.mvgd.pl\/index.php\/wp-json\/wp\/v2\/media\/195"}],"wp:attachment":[{"href":"https:\/\/b2b.mvgd.pl\/index.php\/wp-json\/wp\/v2\/media?parent=130"}],"wp:term":[{"taxonomy":"product_brand","embeddable":true,"href":"https:\/\/b2b.mvgd.pl\/index.php\/wp-json\/wp\/v2\/product_brand?post=130"},{"taxonomy":"product_cat","embeddable":true,"href":"https:\/\/b2b.mvgd.pl\/index.php\/wp-json\/wp\/v2\/product_cat?post=130"},{"taxonomy":"product_tag","embeddable":true,"href":"https:\/\/b2b.mvgd.pl\/index.php\/wp-json\/wp\/v2\/product_tag?post=130"}],"curies":[{"name":"wp","href":"https:\/\/api.w.org\/{rel}","templated":true}]}}