{"id":1298,"date":"2026-02-16T19:09:29","date_gmt":"2026-02-16T19:09:29","guid":{"rendered":"https:\/\/b2b.mvgd.pl\/?post_type=product&#038;p=1298"},"modified":"2026-02-16T19:13:09","modified_gmt":"2026-02-16T19:13:09","slug":"fettercairn-28yo","status":"publish","type":"product","link":"https:\/\/b2b.mvgd.pl\/index.php\/produkt\/fettercairn-28yo\/","title":{"rendered":"FETTERCAIRN 28YO"},"content":{"rendered":"<p class=\"cvGsUA direction-ltr align-center para-style-body\">Fettercairn 28 Year Old zapewnia unikalne spektrum smak\u00f3w zamkni\u0119tych w jednej butelce.<\/p>\n","protected":false},"excerpt":{"rendered":"<p class=\"cvGsUA direction-ltr align-center para-style-body\">KOLOR Z\u0142oto-bursztynowy.<\/p>\n<p class=\"cvGsUA direction-ltr align-center para-style-body\">AROMAT Ananas, melon, melasa, banan, uzupe\u0142nione nutami \u015bwie\u017cego imbiru oraz lukrecji.<\/p>\n<p class=\"cvGsUA direction-ltr align-center para-style-body\">SMAK Gujawa, mango, mi\u00f3d i lukrecja.<\/p>\n<p class=\"cvGsUA direction-ltr align-center para-style-body\">FINISH Sk\u00f3rka cytryny, czarny pieprz, orzech w\u0142oski, wanilia z nut\u0105 przypraw. Kawa, moreli odrobina kremu balsamicznego uzupe\u0142niaj\u0105 t\u0119 kompozycj\u0119.<\/p>\n","protected":false},"featured_media":1369,"comment_status":"open","ping_status":"closed","template":"","meta":[],"product_brand":[],"product_cat":[344,316],"product_tag":[1565,1561,120,1562,1358,1532],"class_list":{"0":"post-1298","1":"product","2":"type-product","3":"status-publish","4":"has-post-thumbnail","6":"product_cat-single-malt","7":"product_cat-whisky","8":"product_tag-24yo","9":"product_tag-fettercairn","10":"product_tag-premium","11":"product_tag-single-malt","12":"product_tag-szkocja","13":"product_tag-whisky","15":"first","16":"instock","17":"shipping-taxable","18":"product-type-simple"},"yoast_head":"<!-- This site is optimized with the Yoast SEO plugin v26.9 - https:\/\/yoast.com\/product\/yoast-seo-wordpress\/ -->\n<title>FETTERCAIRN 28YO - B2B MVGD PL<\/title>\n<meta name=\"robots\" content=\"index, follow, max-snippet:-1, max-image-preview:large, max-video-preview:-1\" \/>\n<link rel=\"canonical\" href=\"https:\/\/b2b.mvgd.pl\/index.php\/produkt\/fettercairn-28yo\/\" \/>\n<meta property=\"og:locale\" content=\"pl_PL\" \/>\n<meta property=\"og:type\" content=\"article\" \/>\n<meta property=\"og:title\" content=\"FETTERCAIRN 28YO - B2B MVGD PL\" \/>\n<meta property=\"og:description\" content=\"KOLOR Z\u0142oto-bursztynowy. AROMAT Ananas, melon, melasa, banan, uzupe\u0142nione nutami \u015bwie\u017cego imbiru oraz lukrecji. SMAK Gujawa, mango, mi\u00f3d i lukrecja. FINISH Sk\u00f3rka cytryny, czarny pieprz, orzech w\u0142oski, wanilia z nut\u0105 przypraw. Kawa, moreli odrobina kremu balsamicznego uzupe\u0142niaj\u0105 t\u0119 kompozycj\u0119.\" \/>\n<meta property=\"og:url\" content=\"https:\/\/b2b.mvgd.pl\/index.php\/produkt\/fettercairn-28yo\/\" \/>\n<meta property=\"og:site_name\" content=\"B2B MVGD PL\" \/>\n<meta property=\"article:modified_time\" content=\"2026-02-16T19:13:09+00:00\" \/>\n<meta name=\"twitter:card\" content=\"summary_large_image\" \/>\n<script type=\"application\/ld+json\" class=\"yoast-schema-graph\">{\"@context\":\"https:\/\/schema.org\",\"@graph\":[{\"@type\":\"WebPage\",\"@id\":\"https:\/\/b2b.mvgd.pl\/index.php\/produkt\/fettercairn-28yo\/\",\"url\":\"https:\/\/b2b.mvgd.pl\/index.php\/produkt\/fettercairn-28yo\/\",\"name\":\"FETTERCAIRN 28YO - B2B MVGD PL\",\"isPartOf\":{\"@id\":\"https:\/\/b2b.mvgd.pl\/#website\"},\"primaryImageOfPage\":{\"@id\":\"https:\/\/b2b.mvgd.pl\/index.php\/produkt\/fettercairn-28yo\/#primaryimage\"},\"image\":{\"@id\":\"https:\/\/b2b.mvgd.pl\/index.php\/produkt\/fettercairn-28yo\/#primaryimage\"},\"thumbnailUrl\":\"https:\/\/b2b.mvgd.pl\/wp-content\/uploads\/2026\/02\/f28.png\",\"datePublished\":\"2026-02-16T19:09:29+00:00\",\"dateModified\":\"2026-02-16T19:13:09+00:00\",\"breadcrumb\":{\"@id\":\"https:\/\/b2b.mvgd.pl\/index.php\/produkt\/fettercairn-28yo\/#breadcrumb\"},\"inLanguage\":\"pl-PL\",\"potentialAction\":[{\"@type\":\"ReadAction\",\"target\":[\"https:\/\/b2b.mvgd.pl\/index.php\/produkt\/fettercairn-28yo\/\"]}]},{\"@type\":\"ImageObject\",\"inLanguage\":\"pl-PL\",\"@id\":\"https:\/\/b2b.mvgd.pl\/index.php\/produkt\/fettercairn-28yo\/#primaryimage\",\"url\":\"https:\/\/b2b.mvgd.pl\/wp-content\/uploads\/2026\/02\/f28.png\",\"contentUrl\":\"https:\/\/b2b.mvgd.pl\/wp-content\/uploads\/2026\/02\/f28.png\",\"width\":900,\"height\":1200},{\"@type\":\"BreadcrumbList\",\"@id\":\"https:\/\/b2b.mvgd.pl\/index.php\/produkt\/fettercairn-28yo\/#breadcrumb\",\"itemListElement\":[{\"@type\":\"ListItem\",\"position\":1,\"name\":\"Strona g\u0142\u00f3wna\",\"item\":\"https:\/\/b2b.mvgd.pl\/\"},{\"@type\":\"ListItem\",\"position\":2,\"name\":\"Shop\",\"item\":\"https:\/\/b2b.mvgd.pl\/index.php\/shop\/\"},{\"@type\":\"ListItem\",\"position\":3,\"name\":\"FETTERCAIRN 28YO\"}]},{\"@type\":\"WebSite\",\"@id\":\"https:\/\/b2b.mvgd.pl\/#website\",\"url\":\"https:\/\/b2b.mvgd.pl\/\",\"name\":\"B2B MVGD PL\",\"description\":\"\",\"potentialAction\":[{\"@type\":\"SearchAction\",\"target\":{\"@type\":\"EntryPoint\",\"urlTemplate\":\"https:\/\/b2b.mvgd.pl\/?s={search_term_string}\"},\"query-input\":{\"@type\":\"PropertyValueSpecification\",\"valueRequired\":true,\"valueName\":\"search_term_string\"}}],\"inLanguage\":\"pl-PL\"}]}<\/script>\n<!-- \/ Yoast SEO plugin. -->","yoast_head_json":{"title":"FETTERCAIRN 28YO - B2B MVGD PL","robots":{"index":"index","follow":"follow","max-snippet":"max-snippet:-1","max-image-preview":"max-image-preview:large","max-video-preview":"max-video-preview:-1"},"canonical":"https:\/\/b2b.mvgd.pl\/index.php\/produkt\/fettercairn-28yo\/","og_locale":"pl_PL","og_type":"article","og_title":"FETTERCAIRN 28YO - B2B MVGD PL","og_description":"KOLOR Z\u0142oto-bursztynowy. AROMAT Ananas, melon, melasa, banan, uzupe\u0142nione nutami \u015bwie\u017cego imbiru oraz lukrecji. SMAK Gujawa, mango, mi\u00f3d i lukrecja. FINISH Sk\u00f3rka cytryny, czarny pieprz, orzech w\u0142oski, wanilia z nut\u0105 przypraw. Kawa, moreli odrobina kremu balsamicznego uzupe\u0142niaj\u0105 t\u0119 kompozycj\u0119.","og_url":"https:\/\/b2b.mvgd.pl\/index.php\/produkt\/fettercairn-28yo\/","og_site_name":"B2B MVGD PL","article_modified_time":"2026-02-16T19:13:09+00:00","twitter_card":"summary_large_image","schema":{"@context":"https:\/\/schema.org","@graph":[{"@type":"WebPage","@id":"https:\/\/b2b.mvgd.pl\/index.php\/produkt\/fettercairn-28yo\/","url":"https:\/\/b2b.mvgd.pl\/index.php\/produkt\/fettercairn-28yo\/","name":"FETTERCAIRN 28YO - B2B MVGD PL","isPartOf":{"@id":"https:\/\/b2b.mvgd.pl\/#website"},"primaryImageOfPage":{"@id":"https:\/\/b2b.mvgd.pl\/index.php\/produkt\/fettercairn-28yo\/#primaryimage"},"image":{"@id":"https:\/\/b2b.mvgd.pl\/index.php\/produkt\/fettercairn-28yo\/#primaryimage"},"thumbnailUrl":"https:\/\/b2b.mvgd.pl\/wp-content\/uploads\/2026\/02\/f28.png","datePublished":"2026-02-16T19:09:29+00:00","dateModified":"2026-02-16T19:13:09+00:00","breadcrumb":{"@id":"https:\/\/b2b.mvgd.pl\/index.php\/produkt\/fettercairn-28yo\/#breadcrumb"},"inLanguage":"pl-PL","potentialAction":[{"@type":"ReadAction","target":["https:\/\/b2b.mvgd.pl\/index.php\/produkt\/fettercairn-28yo\/"]}]},{"@type":"ImageObject","inLanguage":"pl-PL","@id":"https:\/\/b2b.mvgd.pl\/index.php\/produkt\/fettercairn-28yo\/#primaryimage","url":"https:\/\/b2b.mvgd.pl\/wp-content\/uploads\/2026\/02\/f28.png","contentUrl":"https:\/\/b2b.mvgd.pl\/wp-content\/uploads\/2026\/02\/f28.png","width":900,"height":1200},{"@type":"BreadcrumbList","@id":"https:\/\/b2b.mvgd.pl\/index.php\/produkt\/fettercairn-28yo\/#breadcrumb","itemListElement":[{"@type":"ListItem","position":1,"name":"Strona g\u0142\u00f3wna","item":"https:\/\/b2b.mvgd.pl\/"},{"@type":"ListItem","position":2,"name":"Shop","item":"https:\/\/b2b.mvgd.pl\/index.php\/shop\/"},{"@type":"ListItem","position":3,"name":"FETTERCAIRN 28YO"}]},{"@type":"WebSite","@id":"https:\/\/b2b.mvgd.pl\/#website","url":"https:\/\/b2b.mvgd.pl\/","name":"B2B MVGD PL","description":"","potentialAction":[{"@type":"SearchAction","target":{"@type":"EntryPoint","urlTemplate":"https:\/\/b2b.mvgd.pl\/?s={search_term_string}"},"query-input":{"@type":"PropertyValueSpecification","valueRequired":true,"valueName":"search_term_string"}}],"inLanguage":"pl-PL"}]}},"jetpack_sharing_enabled":true,"_links":{"self":[{"href":"https:\/\/b2b.mvgd.pl\/index.php\/wp-json\/wp\/v2\/product\/1298","targetHints":{"allow":["GET"]}}],"collection":[{"href":"https:\/\/b2b.mvgd.pl\/index.php\/wp-json\/wp\/v2\/product"}],"about":[{"href":"https:\/\/b2b.mvgd.pl\/index.php\/wp-json\/wp\/v2\/types\/product"}],"replies":[{"embeddable":true,"href":"https:\/\/b2b.mvgd.pl\/index.php\/wp-json\/wp\/v2\/comments?post=1298"}],"version-history":[{"count":0,"href":"https:\/\/b2b.mvgd.pl\/index.php\/wp-json\/wp\/v2\/product\/1298\/revisions"}],"wp:featuredmedia":[{"embeddable":true,"href":"https:\/\/b2b.mvgd.pl\/index.php\/wp-json\/wp\/v2\/media\/1369"}],"wp:attachment":[{"href":"https:\/\/b2b.mvgd.pl\/index.php\/wp-json\/wp\/v2\/media?parent=1298"}],"wp:term":[{"taxonomy":"product_brand","embeddable":true,"href":"https:\/\/b2b.mvgd.pl\/index.php\/wp-json\/wp\/v2\/product_brand?post=1298"},{"taxonomy":"product_cat","embeddable":true,"href":"https:\/\/b2b.mvgd.pl\/index.php\/wp-json\/wp\/v2\/product_cat?post=1298"},{"taxonomy":"product_tag","embeddable":true,"href":"https:\/\/b2b.mvgd.pl\/index.php\/wp-json\/wp\/v2\/product_tag?post=1298"}],"curies":[{"name":"wp","href":"https:\/\/api.w.org\/{rel}","templated":true}]}}