{"id":1282,"date":"2026-02-16T19:09:06","date_gmt":"2026-02-16T19:09:06","guid":{"rendered":"https:\/\/b2b.mvgd.pl\/?post_type=product&#038;p=1282"},"modified":"2026-02-16T19:11:40","modified_gmt":"2026-02-16T19:11:40","slug":"the-dalmore-25","status":"publish","type":"product","link":"https:\/\/b2b.mvgd.pl\/index.php\/produkt\/the-dalmore-25\/","title":{"rendered":"The DALMORE 25"},"content":{"rendered":"<p>Wyj\u0105tkowa whisky dojrzewaj\u0105ca w beczkach z ameryka\u0144skiego d\u0119bu bia\u0142ego po bourbonie, beczkach typu pipe po wiekowym Tawny Port oraz \u2013 dost\u0119pnych wy\u0142\u0105cznie dla The Dalmore \u2013 beczkach, w kt\u00f3rych wcze\u015bniej przez 30 lat le\u017cakowa\u0142o sherry Matusalem Oloroso<\/p>\n<p>Pod czujnym okiem naszego Master Distillera destylat pocz\u0105tkowo dojrzewa w beczkach z ameryka\u0144skiego d\u0119bu bia\u0142ego po bourbonie. Nadaje mu to pierwsz\u0105 baz\u0119 w postaci \u0142agodnych nut wanilii i miodu. Nast\u0119pnie whisky zostaje starannie rozdzielona pomi\u0119dzy beczki po 30-letnim sherry Matusalem Oloroso oraz beczki typu pipe po porto Tawny. Na koniec wszystkie frakcje s\u0105 ponownie \u0142\u0105czone, aby zharmonizowa\u0107 si\u0119 w \u015bwie\u017cych beczkach po bourbonie (typu first-fill), co pozwala stworzy\u0107 co\u015b doprawdy wyj\u0105tkowego.<\/p>\n","protected":false},"excerpt":{"rendered":"<p class=\"cvGsUA direction-ltr align-center para-style-body\">Aromat: Owoce egzotyczne, cytrusy, wanilia, toffee i ciasto figowe.<br \/>\nSmak: Wanilia, melasa, toffee, trufle czekoladowe.<br \/>\nFinisz: Syrop klonowy, gorzka czekolada, pierniczki.<\/p>\n","protected":false},"featured_media":1346,"comment_status":"open","ping_status":"closed","template":"","meta":[],"product_brand":[],"product_cat":[344,316],"product_tag":[1546,1530,120,1358,1531,1532],"class_list":{"0":"post-1282","1":"product","2":"type-product","3":"status-publish","4":"has-post-thumbnail","6":"product_cat-single-malt","7":"product_cat-whisky","8":"product_tag-25-yo","9":"product_tag-highland","10":"product_tag-premium","11":"product_tag-szkocja","12":"product_tag-the-dalmore","13":"product_tag-whisky","15":"first","16":"instock","17":"shipping-taxable","18":"product-type-simple"},"yoast_head":"<!-- This site is optimized with the Yoast SEO plugin v26.9 - https:\/\/yoast.com\/product\/yoast-seo-wordpress\/ -->\n<title>The DALMORE 25 - B2B MVGD PL<\/title>\n<meta name=\"robots\" content=\"index, follow, max-snippet:-1, max-image-preview:large, max-video-preview:-1\" \/>\n<link rel=\"canonical\" href=\"https:\/\/b2b.mvgd.pl\/index.php\/produkt\/the-dalmore-25\/\" \/>\n<meta property=\"og:locale\" content=\"pl_PL\" \/>\n<meta property=\"og:type\" content=\"article\" \/>\n<meta property=\"og:title\" content=\"The DALMORE 25 - B2B MVGD PL\" \/>\n<meta property=\"og:description\" content=\"Aromat: Owoce egzotyczne, cytrusy, wanilia, toffee i ciasto figowe. Smak: Wanilia, melasa, toffee, trufle czekoladowe. Finisz: Syrop klonowy, gorzka czekolada, pierniczki.\" \/>\n<meta property=\"og:url\" content=\"https:\/\/b2b.mvgd.pl\/index.php\/produkt\/the-dalmore-25\/\" \/>\n<meta property=\"og:site_name\" content=\"B2B MVGD PL\" \/>\n<meta property=\"article:modified_time\" content=\"2026-02-16T19:11:40+00:00\" \/>\n<meta name=\"twitter:card\" content=\"summary_large_image\" \/>\n<meta name=\"twitter:label1\" content=\"Szacowany czas czytania\" \/>\n\t<meta name=\"twitter:data1\" content=\"1 minuta\" \/>\n<script type=\"application\/ld+json\" class=\"yoast-schema-graph\">{\"@context\":\"https:\/\/schema.org\",\"@graph\":[{\"@type\":\"WebPage\",\"@id\":\"https:\/\/b2b.mvgd.pl\/index.php\/produkt\/the-dalmore-25\/\",\"url\":\"https:\/\/b2b.mvgd.pl\/index.php\/produkt\/the-dalmore-25\/\",\"name\":\"The DALMORE 25 - B2B MVGD PL\",\"isPartOf\":{\"@id\":\"https:\/\/b2b.mvgd.pl\/#website\"},\"primaryImageOfPage\":{\"@id\":\"https:\/\/b2b.mvgd.pl\/index.php\/produkt\/the-dalmore-25\/#primaryimage\"},\"image\":{\"@id\":\"https:\/\/b2b.mvgd.pl\/index.php\/produkt\/the-dalmore-25\/#primaryimage\"},\"thumbnailUrl\":\"https:\/\/b2b.mvgd.pl\/wp-content\/uploads\/2026\/02\/DALMORE-25-YO-KARTONIK.png\",\"datePublished\":\"2026-02-16T19:09:06+00:00\",\"dateModified\":\"2026-02-16T19:11:40+00:00\",\"breadcrumb\":{\"@id\":\"https:\/\/b2b.mvgd.pl\/index.php\/produkt\/the-dalmore-25\/#breadcrumb\"},\"inLanguage\":\"pl-PL\",\"potentialAction\":[{\"@type\":\"ReadAction\",\"target\":[\"https:\/\/b2b.mvgd.pl\/index.php\/produkt\/the-dalmore-25\/\"]}]},{\"@type\":\"ImageObject\",\"inLanguage\":\"pl-PL\",\"@id\":\"https:\/\/b2b.mvgd.pl\/index.php\/produkt\/the-dalmore-25\/#primaryimage\",\"url\":\"https:\/\/b2b.mvgd.pl\/wp-content\/uploads\/2026\/02\/DALMORE-25-YO-KARTONIK.png\",\"contentUrl\":\"https:\/\/b2b.mvgd.pl\/wp-content\/uploads\/2026\/02\/DALMORE-25-YO-KARTONIK.png\",\"width\":900,\"height\":1200},{\"@type\":\"BreadcrumbList\",\"@id\":\"https:\/\/b2b.mvgd.pl\/index.php\/produkt\/the-dalmore-25\/#breadcrumb\",\"itemListElement\":[{\"@type\":\"ListItem\",\"position\":1,\"name\":\"Strona g\u0142\u00f3wna\",\"item\":\"https:\/\/b2b.mvgd.pl\/\"},{\"@type\":\"ListItem\",\"position\":2,\"name\":\"Shop\",\"item\":\"https:\/\/b2b.mvgd.pl\/index.php\/shop\/\"},{\"@type\":\"ListItem\",\"position\":3,\"name\":\"The DALMORE 25\"}]},{\"@type\":\"WebSite\",\"@id\":\"https:\/\/b2b.mvgd.pl\/#website\",\"url\":\"https:\/\/b2b.mvgd.pl\/\",\"name\":\"B2B MVGD PL\",\"description\":\"\",\"potentialAction\":[{\"@type\":\"SearchAction\",\"target\":{\"@type\":\"EntryPoint\",\"urlTemplate\":\"https:\/\/b2b.mvgd.pl\/?s={search_term_string}\"},\"query-input\":{\"@type\":\"PropertyValueSpecification\",\"valueRequired\":true,\"valueName\":\"search_term_string\"}}],\"inLanguage\":\"pl-PL\"}]}<\/script>\n<!-- \/ Yoast SEO plugin. -->","yoast_head_json":{"title":"The DALMORE 25 - B2B MVGD PL","robots":{"index":"index","follow":"follow","max-snippet":"max-snippet:-1","max-image-preview":"max-image-preview:large","max-video-preview":"max-video-preview:-1"},"canonical":"https:\/\/b2b.mvgd.pl\/index.php\/produkt\/the-dalmore-25\/","og_locale":"pl_PL","og_type":"article","og_title":"The DALMORE 25 - B2B MVGD PL","og_description":"Aromat: Owoce egzotyczne, cytrusy, wanilia, toffee i ciasto figowe. Smak: Wanilia, melasa, toffee, trufle czekoladowe. Finisz: Syrop klonowy, gorzka czekolada, pierniczki.","og_url":"https:\/\/b2b.mvgd.pl\/index.php\/produkt\/the-dalmore-25\/","og_site_name":"B2B MVGD PL","article_modified_time":"2026-02-16T19:11:40+00:00","twitter_card":"summary_large_image","twitter_misc":{"Szacowany czas czytania":"1 minuta"},"schema":{"@context":"https:\/\/schema.org","@graph":[{"@type":"WebPage","@id":"https:\/\/b2b.mvgd.pl\/index.php\/produkt\/the-dalmore-25\/","url":"https:\/\/b2b.mvgd.pl\/index.php\/produkt\/the-dalmore-25\/","name":"The DALMORE 25 - B2B MVGD PL","isPartOf":{"@id":"https:\/\/b2b.mvgd.pl\/#website"},"primaryImageOfPage":{"@id":"https:\/\/b2b.mvgd.pl\/index.php\/produkt\/the-dalmore-25\/#primaryimage"},"image":{"@id":"https:\/\/b2b.mvgd.pl\/index.php\/produkt\/the-dalmore-25\/#primaryimage"},"thumbnailUrl":"https:\/\/b2b.mvgd.pl\/wp-content\/uploads\/2026\/02\/DALMORE-25-YO-KARTONIK.png","datePublished":"2026-02-16T19:09:06+00:00","dateModified":"2026-02-16T19:11:40+00:00","breadcrumb":{"@id":"https:\/\/b2b.mvgd.pl\/index.php\/produkt\/the-dalmore-25\/#breadcrumb"},"inLanguage":"pl-PL","potentialAction":[{"@type":"ReadAction","target":["https:\/\/b2b.mvgd.pl\/index.php\/produkt\/the-dalmore-25\/"]}]},{"@type":"ImageObject","inLanguage":"pl-PL","@id":"https:\/\/b2b.mvgd.pl\/index.php\/produkt\/the-dalmore-25\/#primaryimage","url":"https:\/\/b2b.mvgd.pl\/wp-content\/uploads\/2026\/02\/DALMORE-25-YO-KARTONIK.png","contentUrl":"https:\/\/b2b.mvgd.pl\/wp-content\/uploads\/2026\/02\/DALMORE-25-YO-KARTONIK.png","width":900,"height":1200},{"@type":"BreadcrumbList","@id":"https:\/\/b2b.mvgd.pl\/index.php\/produkt\/the-dalmore-25\/#breadcrumb","itemListElement":[{"@type":"ListItem","position":1,"name":"Strona g\u0142\u00f3wna","item":"https:\/\/b2b.mvgd.pl\/"},{"@type":"ListItem","position":2,"name":"Shop","item":"https:\/\/b2b.mvgd.pl\/index.php\/shop\/"},{"@type":"ListItem","position":3,"name":"The DALMORE 25"}]},{"@type":"WebSite","@id":"https:\/\/b2b.mvgd.pl\/#website","url":"https:\/\/b2b.mvgd.pl\/","name":"B2B MVGD PL","description":"","potentialAction":[{"@type":"SearchAction","target":{"@type":"EntryPoint","urlTemplate":"https:\/\/b2b.mvgd.pl\/?s={search_term_string}"},"query-input":{"@type":"PropertyValueSpecification","valueRequired":true,"valueName":"search_term_string"}}],"inLanguage":"pl-PL"}]}},"jetpack_sharing_enabled":true,"_links":{"self":[{"href":"https:\/\/b2b.mvgd.pl\/index.php\/wp-json\/wp\/v2\/product\/1282","targetHints":{"allow":["GET"]}}],"collection":[{"href":"https:\/\/b2b.mvgd.pl\/index.php\/wp-json\/wp\/v2\/product"}],"about":[{"href":"https:\/\/b2b.mvgd.pl\/index.php\/wp-json\/wp\/v2\/types\/product"}],"replies":[{"embeddable":true,"href":"https:\/\/b2b.mvgd.pl\/index.php\/wp-json\/wp\/v2\/comments?post=1282"}],"version-history":[{"count":0,"href":"https:\/\/b2b.mvgd.pl\/index.php\/wp-json\/wp\/v2\/product\/1282\/revisions"}],"wp:featuredmedia":[{"embeddable":true,"href":"https:\/\/b2b.mvgd.pl\/index.php\/wp-json\/wp\/v2\/media\/1346"}],"wp:attachment":[{"href":"https:\/\/b2b.mvgd.pl\/index.php\/wp-json\/wp\/v2\/media?parent=1282"}],"wp:term":[{"taxonomy":"product_brand","embeddable":true,"href":"https:\/\/b2b.mvgd.pl\/index.php\/wp-json\/wp\/v2\/product_brand?post=1282"},{"taxonomy":"product_cat","embeddable":true,"href":"https:\/\/b2b.mvgd.pl\/index.php\/wp-json\/wp\/v2\/product_cat?post=1282"},{"taxonomy":"product_tag","embeddable":true,"href":"https:\/\/b2b.mvgd.pl\/index.php\/wp-json\/wp\/v2\/product_tag?post=1282"}],"curies":[{"name":"wp","href":"https:\/\/api.w.org\/{rel}","templated":true}]}}