{"id":1281,"date":"2026-02-16T19:09:06","date_gmt":"2026-02-16T19:09:06","guid":{"rendered":"https:\/\/b2b.mvgd.pl\/?post_type=product&#038;p=1281"},"modified":"2026-02-16T19:11:25","modified_gmt":"2026-02-16T19:11:25","slug":"the-dalmore-21yo","status":"publish","type":"product","link":"https:\/\/b2b.mvgd.pl\/index.php\/produkt\/the-dalmore-21yo\/","title":{"rendered":"The DALMORE 21YO"},"content":{"rendered":"<p>WIE\u0143CZ\u0104CE OSI\u0104GNI\u0118CIE serii Principal Collection. Dalmore 21 YO, poddana pe\u0142nemu procesowi finiszowania w 30-letnich beczkach Matusalem, stanowi kwintesencj\u0119 kunsztu gorzelniczego.<\/p>\n<p>Pod czujnym okiem naszego Master Distillera destylat pocz\u0105tkowo dojrzewa w beczkach z ameryka\u0144skiego d\u0119bu bia\u0142ego po bourbonie. Nadaje mu to pierwsz\u0105 baz\u0119 w postaci \u0142agodnych nut wanilii i miodu. Nast\u0119pnie whisky jest przelewana do beczek Gonzalez Byass, w kt\u00f3rych wcze\u015bniej przez 30 lat le\u017cakowa\u0142o sherry Matusalem Oloroso. Ten dodatkowy etap uszlachetniania pozwala na prawdziwe wzbogacenie smaku \u2013 destylat zmienia w beczce sw\u00f3j profil, co pozwala w pe\u0142ni rozb\u0142ysn\u0105\u0107 naszemu potencja\u0142owi. Ta wielowymiarowa whisky, butelkowana z wy\u017csz\u0105 moc\u0105 43,8%, ods\u0142ania prawdziwie rzadkie akcenty smakowe. To trunek, kt\u00f3ry osi\u0105gn\u0105\u0142sw\u0105 pe\u0142n\u0105, doros\u0142\u0105 doskona\u0142o\u015b\u0107.<\/p>\n","protected":false},"excerpt":{"rendered":"<p class=\"cvGsUA direction-ltr align-center para-style-body\">Aromat: Gorzkie pomara\u0144cze, gorzka czekolada, kawa i wanilia.<br \/>\nSmak: Lukrecja, Owoce le\u015bne, prra\u017cone orzechy w\u0142oskie, marcepan.<br \/>\nFinisz: Brzoskwinie, \u017ce\u0144-sze\u0144, gruszki, pomara\u0144cze.<\/p>\n","protected":false},"featured_media":1341,"comment_status":"open","ping_status":"closed","template":"","meta":[],"product_brand":[],"product_cat":[344,316],"product_tag":[1545,1530,120,1358,1531,1532],"class_list":{"0":"post-1281","1":"product","2":"type-product","3":"status-publish","4":"has-post-thumbnail","6":"product_cat-single-malt","7":"product_cat-whisky","8":"product_tag-21-yo","9":"product_tag-highland","10":"product_tag-premium","11":"product_tag-szkocja","12":"product_tag-the-dalmore","13":"product_tag-whisky","15":"first","16":"instock","17":"shipping-taxable","18":"product-type-simple"},"yoast_head":"<!-- This site is optimized with the Yoast SEO plugin v26.9 - https:\/\/yoast.com\/product\/yoast-seo-wordpress\/ -->\n<title>The DALMORE 21YO - B2B MVGD PL<\/title>\n<meta name=\"robots\" content=\"index, follow, max-snippet:-1, max-image-preview:large, max-video-preview:-1\" \/>\n<link rel=\"canonical\" href=\"https:\/\/b2b.mvgd.pl\/index.php\/produkt\/the-dalmore-21yo\/\" \/>\n<meta property=\"og:locale\" content=\"pl_PL\" \/>\n<meta property=\"og:type\" content=\"article\" \/>\n<meta property=\"og:title\" content=\"The DALMORE 21YO - B2B MVGD PL\" \/>\n<meta property=\"og:description\" content=\"Aromat: Gorzkie pomara\u0144cze, gorzka czekolada, kawa i wanilia. Smak: Lukrecja, Owoce le\u015bne, prra\u017cone orzechy w\u0142oskie, marcepan. Finisz: Brzoskwinie, \u017ce\u0144-sze\u0144, gruszki, pomara\u0144cze.\" \/>\n<meta property=\"og:url\" content=\"https:\/\/b2b.mvgd.pl\/index.php\/produkt\/the-dalmore-21yo\/\" \/>\n<meta property=\"og:site_name\" content=\"B2B MVGD PL\" \/>\n<meta property=\"article:modified_time\" content=\"2026-02-16T19:11:25+00:00\" \/>\n<meta name=\"twitter:card\" content=\"summary_large_image\" \/>\n<meta name=\"twitter:label1\" content=\"Szacowany czas czytania\" \/>\n\t<meta name=\"twitter:data1\" content=\"1 minuta\" \/>\n<script type=\"application\/ld+json\" class=\"yoast-schema-graph\">{\"@context\":\"https:\/\/schema.org\",\"@graph\":[{\"@type\":\"WebPage\",\"@id\":\"https:\/\/b2b.mvgd.pl\/index.php\/produkt\/the-dalmore-21yo\/\",\"url\":\"https:\/\/b2b.mvgd.pl\/index.php\/produkt\/the-dalmore-21yo\/\",\"name\":\"The DALMORE 21YO - B2B MVGD PL\",\"isPartOf\":{\"@id\":\"https:\/\/b2b.mvgd.pl\/#website\"},\"primaryImageOfPage\":{\"@id\":\"https:\/\/b2b.mvgd.pl\/index.php\/produkt\/the-dalmore-21yo\/#primaryimage\"},\"image\":{\"@id\":\"https:\/\/b2b.mvgd.pl\/index.php\/produkt\/the-dalmore-21yo\/#primaryimage\"},\"thumbnailUrl\":\"https:\/\/b2b.mvgd.pl\/wp-content\/uploads\/2026\/02\/DALMORE-21-YO-KARTONIK.png\",\"datePublished\":\"2026-02-16T19:09:06+00:00\",\"dateModified\":\"2026-02-16T19:11:25+00:00\",\"breadcrumb\":{\"@id\":\"https:\/\/b2b.mvgd.pl\/index.php\/produkt\/the-dalmore-21yo\/#breadcrumb\"},\"inLanguage\":\"pl-PL\",\"potentialAction\":[{\"@type\":\"ReadAction\",\"target\":[\"https:\/\/b2b.mvgd.pl\/index.php\/produkt\/the-dalmore-21yo\/\"]}]},{\"@type\":\"ImageObject\",\"inLanguage\":\"pl-PL\",\"@id\":\"https:\/\/b2b.mvgd.pl\/index.php\/produkt\/the-dalmore-21yo\/#primaryimage\",\"url\":\"https:\/\/b2b.mvgd.pl\/wp-content\/uploads\/2026\/02\/DALMORE-21-YO-KARTONIK.png\",\"contentUrl\":\"https:\/\/b2b.mvgd.pl\/wp-content\/uploads\/2026\/02\/DALMORE-21-YO-KARTONIK.png\",\"width\":900,\"height\":1200},{\"@type\":\"BreadcrumbList\",\"@id\":\"https:\/\/b2b.mvgd.pl\/index.php\/produkt\/the-dalmore-21yo\/#breadcrumb\",\"itemListElement\":[{\"@type\":\"ListItem\",\"position\":1,\"name\":\"Strona g\u0142\u00f3wna\",\"item\":\"https:\/\/b2b.mvgd.pl\/\"},{\"@type\":\"ListItem\",\"position\":2,\"name\":\"Shop\",\"item\":\"https:\/\/b2b.mvgd.pl\/index.php\/shop\/\"},{\"@type\":\"ListItem\",\"position\":3,\"name\":\"The DALMORE 21YO\"}]},{\"@type\":\"WebSite\",\"@id\":\"https:\/\/b2b.mvgd.pl\/#website\",\"url\":\"https:\/\/b2b.mvgd.pl\/\",\"name\":\"B2B MVGD PL\",\"description\":\"\",\"potentialAction\":[{\"@type\":\"SearchAction\",\"target\":{\"@type\":\"EntryPoint\",\"urlTemplate\":\"https:\/\/b2b.mvgd.pl\/?s={search_term_string}\"},\"query-input\":{\"@type\":\"PropertyValueSpecification\",\"valueRequired\":true,\"valueName\":\"search_term_string\"}}],\"inLanguage\":\"pl-PL\"}]}<\/script>\n<!-- \/ Yoast SEO plugin. -->","yoast_head_json":{"title":"The DALMORE 21YO - B2B MVGD PL","robots":{"index":"index","follow":"follow","max-snippet":"max-snippet:-1","max-image-preview":"max-image-preview:large","max-video-preview":"max-video-preview:-1"},"canonical":"https:\/\/b2b.mvgd.pl\/index.php\/produkt\/the-dalmore-21yo\/","og_locale":"pl_PL","og_type":"article","og_title":"The DALMORE 21YO - B2B MVGD PL","og_description":"Aromat: Gorzkie pomara\u0144cze, gorzka czekolada, kawa i wanilia. Smak: Lukrecja, Owoce le\u015bne, prra\u017cone orzechy w\u0142oskie, marcepan. Finisz: Brzoskwinie, \u017ce\u0144-sze\u0144, gruszki, pomara\u0144cze.","og_url":"https:\/\/b2b.mvgd.pl\/index.php\/produkt\/the-dalmore-21yo\/","og_site_name":"B2B MVGD PL","article_modified_time":"2026-02-16T19:11:25+00:00","twitter_card":"summary_large_image","twitter_misc":{"Szacowany czas czytania":"1 minuta"},"schema":{"@context":"https:\/\/schema.org","@graph":[{"@type":"WebPage","@id":"https:\/\/b2b.mvgd.pl\/index.php\/produkt\/the-dalmore-21yo\/","url":"https:\/\/b2b.mvgd.pl\/index.php\/produkt\/the-dalmore-21yo\/","name":"The DALMORE 21YO - B2B MVGD PL","isPartOf":{"@id":"https:\/\/b2b.mvgd.pl\/#website"},"primaryImageOfPage":{"@id":"https:\/\/b2b.mvgd.pl\/index.php\/produkt\/the-dalmore-21yo\/#primaryimage"},"image":{"@id":"https:\/\/b2b.mvgd.pl\/index.php\/produkt\/the-dalmore-21yo\/#primaryimage"},"thumbnailUrl":"https:\/\/b2b.mvgd.pl\/wp-content\/uploads\/2026\/02\/DALMORE-21-YO-KARTONIK.png","datePublished":"2026-02-16T19:09:06+00:00","dateModified":"2026-02-16T19:11:25+00:00","breadcrumb":{"@id":"https:\/\/b2b.mvgd.pl\/index.php\/produkt\/the-dalmore-21yo\/#breadcrumb"},"inLanguage":"pl-PL","potentialAction":[{"@type":"ReadAction","target":["https:\/\/b2b.mvgd.pl\/index.php\/produkt\/the-dalmore-21yo\/"]}]},{"@type":"ImageObject","inLanguage":"pl-PL","@id":"https:\/\/b2b.mvgd.pl\/index.php\/produkt\/the-dalmore-21yo\/#primaryimage","url":"https:\/\/b2b.mvgd.pl\/wp-content\/uploads\/2026\/02\/DALMORE-21-YO-KARTONIK.png","contentUrl":"https:\/\/b2b.mvgd.pl\/wp-content\/uploads\/2026\/02\/DALMORE-21-YO-KARTONIK.png","width":900,"height":1200},{"@type":"BreadcrumbList","@id":"https:\/\/b2b.mvgd.pl\/index.php\/produkt\/the-dalmore-21yo\/#breadcrumb","itemListElement":[{"@type":"ListItem","position":1,"name":"Strona g\u0142\u00f3wna","item":"https:\/\/b2b.mvgd.pl\/"},{"@type":"ListItem","position":2,"name":"Shop","item":"https:\/\/b2b.mvgd.pl\/index.php\/shop\/"},{"@type":"ListItem","position":3,"name":"The DALMORE 21YO"}]},{"@type":"WebSite","@id":"https:\/\/b2b.mvgd.pl\/#website","url":"https:\/\/b2b.mvgd.pl\/","name":"B2B MVGD PL","description":"","potentialAction":[{"@type":"SearchAction","target":{"@type":"EntryPoint","urlTemplate":"https:\/\/b2b.mvgd.pl\/?s={search_term_string}"},"query-input":{"@type":"PropertyValueSpecification","valueRequired":true,"valueName":"search_term_string"}}],"inLanguage":"pl-PL"}]}},"jetpack_sharing_enabled":true,"_links":{"self":[{"href":"https:\/\/b2b.mvgd.pl\/index.php\/wp-json\/wp\/v2\/product\/1281","targetHints":{"allow":["GET"]}}],"collection":[{"href":"https:\/\/b2b.mvgd.pl\/index.php\/wp-json\/wp\/v2\/product"}],"about":[{"href":"https:\/\/b2b.mvgd.pl\/index.php\/wp-json\/wp\/v2\/types\/product"}],"replies":[{"embeddable":true,"href":"https:\/\/b2b.mvgd.pl\/index.php\/wp-json\/wp\/v2\/comments?post=1281"}],"version-history":[{"count":0,"href":"https:\/\/b2b.mvgd.pl\/index.php\/wp-json\/wp\/v2\/product\/1281\/revisions"}],"wp:featuredmedia":[{"embeddable":true,"href":"https:\/\/b2b.mvgd.pl\/index.php\/wp-json\/wp\/v2\/media\/1341"}],"wp:attachment":[{"href":"https:\/\/b2b.mvgd.pl\/index.php\/wp-json\/wp\/v2\/media?parent=1281"}],"wp:term":[{"taxonomy":"product_brand","embeddable":true,"href":"https:\/\/b2b.mvgd.pl\/index.php\/wp-json\/wp\/v2\/product_brand?post=1281"},{"taxonomy":"product_cat","embeddable":true,"href":"https:\/\/b2b.mvgd.pl\/index.php\/wp-json\/wp\/v2\/product_cat?post=1281"},{"taxonomy":"product_tag","embeddable":true,"href":"https:\/\/b2b.mvgd.pl\/index.php\/wp-json\/wp\/v2\/product_tag?post=1281"}],"curies":[{"name":"wp","href":"https:\/\/api.w.org\/{rel}","templated":true}]}}