{"id":1280,"date":"2026-02-16T19:09:05","date_gmt":"2026-02-16T19:09:05","guid":{"rendered":"https:\/\/b2b.mvgd.pl\/?post_type=product&#038;p=1280"},"modified":"2026-02-16T19:11:15","modified_gmt":"2026-02-16T19:11:15","slug":"the-dalmore-18yo","status":"publish","type":"product","link":"https:\/\/b2b.mvgd.pl\/index.php\/produkt\/the-dalmore-18yo\/","title":{"rendered":"The DALMORE 18YO"},"content":{"rendered":"<p>Rzadka i wyj\u0105tkowa edycja, piel\u0119gnowana r\u0119cznie w beczkach z ameryka\u0144skiego d\u0119bu bia\u0142ego po bourbonie oraz w beczkach po wiekowym sherry Matusalem Oloroso<\/p>\n<p>Skrupulatnie, r\u0119cznie tworzona przez naszego Master Distillera oraz jego zesp\u00f3\u0142 rzemie\u015blnik\u00f3w, zgodnie z nasz\u0105 wiekow\u0105 filozofi\u0105 wytwarzania whisky. Ta coroczna edycja limitowana rozpoczyna swoj\u0105 podr\u00f3\u017c w beczkach z ameryka\u0144skiego d\u0119bu bia\u0142ego po bourbonie, kt\u00f3re tworz\u0105 baz\u0119 z \u0142agodnych nut wanilii i miodu. Dalszy proces uszlachetniania odbywa si\u0119 podczas wyd\u0142u\u017conego finiszowania w r\u0119cznie selekcjonowanych, 30-letnich beczkach po sherry Matusalem Oloroso. Beczki te, pochodz\u0105ce z hiszpa\u0144skiej bodegi Gonz\u00e1lez Byass,s\u0105 dost\u0119pne wy\u0142\u0105cznie dla gorzelni The Dalmore. Przechowywanie tych beczek blisko ch\u0142odnej, wilgotnej pod\u0142ogi oraz \u015bcian tradycyjnych magazyn\u00f3w klepiskowych (dunnage) w destylarni The Dalmore pozwala tej whisky osi\u0105gn\u0105\u0107 pe\u0142ni\u0119 swojego potencja\u0142u. Efektem jest wyj\u0105tkowo unikalny single malt o bogatym, g\u0142\u0119bokim czekoladowym charakterze.<\/p>\n","protected":false},"excerpt":{"rendered":"<p class=\"cvGsUA direction-ltr align-center para-style-body\">Aromat:\u00a0 Wanilia,ciemna czekolada, marmolada, lukrecja.<br \/>\nSmak: Rodzynki w czekoladzie, cytrusy, kawa.<br \/>\nFinisz: Ga\u0142ka muszkato\u0142owa, pierniczki, suszone owoce i toffee.<\/p>\n","protected":false},"featured_media":1339,"comment_status":"open","ping_status":"closed","template":"","meta":[],"product_brand":[],"product_cat":[344,316],"product_tag":[1544,1530,120,1358,1531,1532],"class_list":{"0":"post-1280","1":"product","2":"type-product","3":"status-publish","4":"has-post-thumbnail","6":"product_cat-single-malt","7":"product_cat-whisky","8":"product_tag-18-yo","9":"product_tag-highland","10":"product_tag-premium","11":"product_tag-szkocja","12":"product_tag-the-dalmore","13":"product_tag-whisky","15":"first","16":"instock","17":"shipping-taxable","18":"product-type-simple"},"yoast_head":"<!-- This site is optimized with the Yoast SEO plugin v26.9 - https:\/\/yoast.com\/product\/yoast-seo-wordpress\/ -->\n<title>The DALMORE 18YO - B2B MVGD PL<\/title>\n<meta name=\"robots\" content=\"index, follow, max-snippet:-1, max-image-preview:large, max-video-preview:-1\" \/>\n<link rel=\"canonical\" href=\"https:\/\/b2b.mvgd.pl\/index.php\/produkt\/the-dalmore-18yo\/\" \/>\n<meta property=\"og:locale\" content=\"pl_PL\" \/>\n<meta property=\"og:type\" content=\"article\" \/>\n<meta property=\"og:title\" content=\"The DALMORE 18YO - B2B MVGD PL\" \/>\n<meta property=\"og:description\" content=\"Aromat:\u00a0 Wanilia,ciemna czekolada, marmolada, lukrecja. Smak: Rodzynki w czekoladzie, cytrusy, kawa. Finisz: Ga\u0142ka muszkato\u0142owa, pierniczki, suszone owoce i toffee.\" \/>\n<meta property=\"og:url\" content=\"https:\/\/b2b.mvgd.pl\/index.php\/produkt\/the-dalmore-18yo\/\" \/>\n<meta property=\"og:site_name\" content=\"B2B MVGD PL\" \/>\n<meta property=\"article:modified_time\" content=\"2026-02-16T19:11:15+00:00\" \/>\n<meta name=\"twitter:card\" content=\"summary_large_image\" \/>\n<meta name=\"twitter:label1\" content=\"Szacowany czas czytania\" \/>\n\t<meta name=\"twitter:data1\" content=\"1 minuta\" \/>\n<script type=\"application\/ld+json\" class=\"yoast-schema-graph\">{\"@context\":\"https:\/\/schema.org\",\"@graph\":[{\"@type\":\"WebPage\",\"@id\":\"https:\/\/b2b.mvgd.pl\/index.php\/produkt\/the-dalmore-18yo\/\",\"url\":\"https:\/\/b2b.mvgd.pl\/index.php\/produkt\/the-dalmore-18yo\/\",\"name\":\"The DALMORE 18YO - B2B MVGD PL\",\"isPartOf\":{\"@id\":\"https:\/\/b2b.mvgd.pl\/#website\"},\"primaryImageOfPage\":{\"@id\":\"https:\/\/b2b.mvgd.pl\/index.php\/produkt\/the-dalmore-18yo\/#primaryimage\"},\"image\":{\"@id\":\"https:\/\/b2b.mvgd.pl\/index.php\/produkt\/the-dalmore-18yo\/#primaryimage\"},\"thumbnailUrl\":\"https:\/\/b2b.mvgd.pl\/wp-content\/uploads\/2026\/02\/DALMORE-18-YO-KARTONIK.png\",\"datePublished\":\"2026-02-16T19:09:05+00:00\",\"dateModified\":\"2026-02-16T19:11:15+00:00\",\"breadcrumb\":{\"@id\":\"https:\/\/b2b.mvgd.pl\/index.php\/produkt\/the-dalmore-18yo\/#breadcrumb\"},\"inLanguage\":\"pl-PL\",\"potentialAction\":[{\"@type\":\"ReadAction\",\"target\":[\"https:\/\/b2b.mvgd.pl\/index.php\/produkt\/the-dalmore-18yo\/\"]}]},{\"@type\":\"ImageObject\",\"inLanguage\":\"pl-PL\",\"@id\":\"https:\/\/b2b.mvgd.pl\/index.php\/produkt\/the-dalmore-18yo\/#primaryimage\",\"url\":\"https:\/\/b2b.mvgd.pl\/wp-content\/uploads\/2026\/02\/DALMORE-18-YO-KARTONIK.png\",\"contentUrl\":\"https:\/\/b2b.mvgd.pl\/wp-content\/uploads\/2026\/02\/DALMORE-18-YO-KARTONIK.png\",\"width\":900,\"height\":1200},{\"@type\":\"BreadcrumbList\",\"@id\":\"https:\/\/b2b.mvgd.pl\/index.php\/produkt\/the-dalmore-18yo\/#breadcrumb\",\"itemListElement\":[{\"@type\":\"ListItem\",\"position\":1,\"name\":\"Strona g\u0142\u00f3wna\",\"item\":\"https:\/\/b2b.mvgd.pl\/\"},{\"@type\":\"ListItem\",\"position\":2,\"name\":\"Shop\",\"item\":\"https:\/\/b2b.mvgd.pl\/index.php\/shop\/\"},{\"@type\":\"ListItem\",\"position\":3,\"name\":\"The DALMORE 18YO\"}]},{\"@type\":\"WebSite\",\"@id\":\"https:\/\/b2b.mvgd.pl\/#website\",\"url\":\"https:\/\/b2b.mvgd.pl\/\",\"name\":\"B2B MVGD PL\",\"description\":\"\",\"potentialAction\":[{\"@type\":\"SearchAction\",\"target\":{\"@type\":\"EntryPoint\",\"urlTemplate\":\"https:\/\/b2b.mvgd.pl\/?s={search_term_string}\"},\"query-input\":{\"@type\":\"PropertyValueSpecification\",\"valueRequired\":true,\"valueName\":\"search_term_string\"}}],\"inLanguage\":\"pl-PL\"}]}<\/script>\n<!-- \/ Yoast SEO plugin. -->","yoast_head_json":{"title":"The DALMORE 18YO - B2B MVGD PL","robots":{"index":"index","follow":"follow","max-snippet":"max-snippet:-1","max-image-preview":"max-image-preview:large","max-video-preview":"max-video-preview:-1"},"canonical":"https:\/\/b2b.mvgd.pl\/index.php\/produkt\/the-dalmore-18yo\/","og_locale":"pl_PL","og_type":"article","og_title":"The DALMORE 18YO - B2B MVGD PL","og_description":"Aromat:\u00a0 Wanilia,ciemna czekolada, marmolada, lukrecja. Smak: Rodzynki w czekoladzie, cytrusy, kawa. Finisz: Ga\u0142ka muszkato\u0142owa, pierniczki, suszone owoce i toffee.","og_url":"https:\/\/b2b.mvgd.pl\/index.php\/produkt\/the-dalmore-18yo\/","og_site_name":"B2B MVGD PL","article_modified_time":"2026-02-16T19:11:15+00:00","twitter_card":"summary_large_image","twitter_misc":{"Szacowany czas czytania":"1 minuta"},"schema":{"@context":"https:\/\/schema.org","@graph":[{"@type":"WebPage","@id":"https:\/\/b2b.mvgd.pl\/index.php\/produkt\/the-dalmore-18yo\/","url":"https:\/\/b2b.mvgd.pl\/index.php\/produkt\/the-dalmore-18yo\/","name":"The DALMORE 18YO - B2B MVGD PL","isPartOf":{"@id":"https:\/\/b2b.mvgd.pl\/#website"},"primaryImageOfPage":{"@id":"https:\/\/b2b.mvgd.pl\/index.php\/produkt\/the-dalmore-18yo\/#primaryimage"},"image":{"@id":"https:\/\/b2b.mvgd.pl\/index.php\/produkt\/the-dalmore-18yo\/#primaryimage"},"thumbnailUrl":"https:\/\/b2b.mvgd.pl\/wp-content\/uploads\/2026\/02\/DALMORE-18-YO-KARTONIK.png","datePublished":"2026-02-16T19:09:05+00:00","dateModified":"2026-02-16T19:11:15+00:00","breadcrumb":{"@id":"https:\/\/b2b.mvgd.pl\/index.php\/produkt\/the-dalmore-18yo\/#breadcrumb"},"inLanguage":"pl-PL","potentialAction":[{"@type":"ReadAction","target":["https:\/\/b2b.mvgd.pl\/index.php\/produkt\/the-dalmore-18yo\/"]}]},{"@type":"ImageObject","inLanguage":"pl-PL","@id":"https:\/\/b2b.mvgd.pl\/index.php\/produkt\/the-dalmore-18yo\/#primaryimage","url":"https:\/\/b2b.mvgd.pl\/wp-content\/uploads\/2026\/02\/DALMORE-18-YO-KARTONIK.png","contentUrl":"https:\/\/b2b.mvgd.pl\/wp-content\/uploads\/2026\/02\/DALMORE-18-YO-KARTONIK.png","width":900,"height":1200},{"@type":"BreadcrumbList","@id":"https:\/\/b2b.mvgd.pl\/index.php\/produkt\/the-dalmore-18yo\/#breadcrumb","itemListElement":[{"@type":"ListItem","position":1,"name":"Strona g\u0142\u00f3wna","item":"https:\/\/b2b.mvgd.pl\/"},{"@type":"ListItem","position":2,"name":"Shop","item":"https:\/\/b2b.mvgd.pl\/index.php\/shop\/"},{"@type":"ListItem","position":3,"name":"The DALMORE 18YO"}]},{"@type":"WebSite","@id":"https:\/\/b2b.mvgd.pl\/#website","url":"https:\/\/b2b.mvgd.pl\/","name":"B2B MVGD PL","description":"","potentialAction":[{"@type":"SearchAction","target":{"@type":"EntryPoint","urlTemplate":"https:\/\/b2b.mvgd.pl\/?s={search_term_string}"},"query-input":{"@type":"PropertyValueSpecification","valueRequired":true,"valueName":"search_term_string"}}],"inLanguage":"pl-PL"}]}},"jetpack_sharing_enabled":true,"_links":{"self":[{"href":"https:\/\/b2b.mvgd.pl\/index.php\/wp-json\/wp\/v2\/product\/1280","targetHints":{"allow":["GET"]}}],"collection":[{"href":"https:\/\/b2b.mvgd.pl\/index.php\/wp-json\/wp\/v2\/product"}],"about":[{"href":"https:\/\/b2b.mvgd.pl\/index.php\/wp-json\/wp\/v2\/types\/product"}],"replies":[{"embeddable":true,"href":"https:\/\/b2b.mvgd.pl\/index.php\/wp-json\/wp\/v2\/comments?post=1280"}],"version-history":[{"count":0,"href":"https:\/\/b2b.mvgd.pl\/index.php\/wp-json\/wp\/v2\/product\/1280\/revisions"}],"wp:featuredmedia":[{"embeddable":true,"href":"https:\/\/b2b.mvgd.pl\/index.php\/wp-json\/wp\/v2\/media\/1339"}],"wp:attachment":[{"href":"https:\/\/b2b.mvgd.pl\/index.php\/wp-json\/wp\/v2\/media?parent=1280"}],"wp:term":[{"taxonomy":"product_brand","embeddable":true,"href":"https:\/\/b2b.mvgd.pl\/index.php\/wp-json\/wp\/v2\/product_brand?post=1280"},{"taxonomy":"product_cat","embeddable":true,"href":"https:\/\/b2b.mvgd.pl\/index.php\/wp-json\/wp\/v2\/product_cat?post=1280"},{"taxonomy":"product_tag","embeddable":true,"href":"https:\/\/b2b.mvgd.pl\/index.php\/wp-json\/wp\/v2\/product_tag?post=1280"}],"curies":[{"name":"wp","href":"https:\/\/api.w.org\/{rel}","templated":true}]}}