{"id":1273,"date":"2026-02-16T19:08:44","date_gmt":"2026-02-16T19:08:44","guid":{"rendered":"https:\/\/b2b.mvgd.pl\/?post_type=product&#038;p=1273"},"modified":"2026-02-16T19:10:54","modified_gmt":"2026-02-16T19:10:54","slug":"the-dalmore-cigar-malt-reserve","status":"publish","type":"product","link":"https:\/\/b2b.mvgd.pl\/index.php\/produkt\/the-dalmore-cigar-malt-reserve\/","title":{"rendered":"The DALMORE CIGAR MALT RESERVE"},"content":{"rendered":"<p>Idealny towarzysz najlepszych cygar \u2013 ta whisky single malt dojrzewa w beczkach z ameryka\u0144skiego d\u0119bu bia\u0142ego po bourbonie, beczkach po sherry Matusalem Oloroso oraz po winie Cabernet Sauvignon<\/p>\n<p>Pod czujnym okiem naszego Master Distillera, destylat pocz\u0105tkowo dojrzewa w beczkach z ameryka\u0144skiego d\u0119bu bia\u0142ego po bourbonie. Nadaje mu to pierwsz\u0105 baz\u0119 \u0142agodnych nut wanilii i miodu. Cz\u0119\u015b\u0107 trunku pozostaje w beczkach po bourbonie, podczas gdy pozosta\u0142a ilo\u015b\u0107 zostaje rozdzielona pomi\u0119dzy najlepsze beczki po sherry od Gonzalez Byass \u2013 w kt\u00f3rych wcze\u015bniej przez 30 lat dojrzewa\u0142o sherry Matusalem Oloroso \u2013 oraz beczki po winie Cabernet Sauvignon. Te trzy style s\u0105 nast\u0119pnie fachowo \u0142\u0105czone,co pozwala na idealne scalenie ich unikalnej charakterystyki i bogactwa.<\/p>\n","protected":false},"excerpt":{"rendered":"<p class=\"cvGsUA direction-ltr align-center para-style-body\">Aromat: Cynamon, wanilia i owoce le\u015bne<br \/>\nSmak: Owoce tropikalne, banan, toffee lody waniliowe<br \/>\nFinisz: Sk\u00f3rka pomara\u0144czowa, gorzka czekolada i przyprawy korzenne<\/p>\n","protected":false},"featured_media":1332,"comment_status":"open","ping_status":"closed","template":"","meta":[],"product_brand":[],"product_cat":[344,316],"product_tag":[1536,1530,120,1358,1531,1532],"class_list":{"0":"post-1273","1":"product","2":"type-product","3":"status-publish","4":"has-post-thumbnail","6":"product_cat-single-malt","7":"product_cat-whisky","8":"product_tag-cigar-malt","9":"product_tag-highland","10":"product_tag-premium","11":"product_tag-szkocja","12":"product_tag-the-dalmore","13":"product_tag-whisky","15":"first","16":"instock","17":"shipping-taxable","18":"product-type-simple"},"yoast_head":"<!-- This site is optimized with the Yoast SEO plugin v26.9 - https:\/\/yoast.com\/product\/yoast-seo-wordpress\/ -->\n<title>The DALMORE CIGAR MALT RESERVE - B2B MVGD PL<\/title>\n<meta name=\"robots\" content=\"index, follow, max-snippet:-1, max-image-preview:large, max-video-preview:-1\" \/>\n<link rel=\"canonical\" href=\"https:\/\/b2b.mvgd.pl\/index.php\/produkt\/the-dalmore-cigar-malt-reserve\/\" \/>\n<meta property=\"og:locale\" content=\"pl_PL\" \/>\n<meta property=\"og:type\" content=\"article\" \/>\n<meta property=\"og:title\" content=\"The DALMORE CIGAR MALT RESERVE - B2B MVGD PL\" \/>\n<meta property=\"og:description\" content=\"Aromat: Cynamon, wanilia i owoce le\u015bne Smak: Owoce tropikalne, banan, toffee lody waniliowe Finisz: Sk\u00f3rka pomara\u0144czowa, gorzka czekolada i przyprawy korzenne\" \/>\n<meta property=\"og:url\" content=\"https:\/\/b2b.mvgd.pl\/index.php\/produkt\/the-dalmore-cigar-malt-reserve\/\" \/>\n<meta property=\"og:site_name\" content=\"B2B MVGD PL\" \/>\n<meta property=\"article:modified_time\" content=\"2026-02-16T19:10:54+00:00\" \/>\n<meta name=\"twitter:card\" content=\"summary_large_image\" \/>\n<meta name=\"twitter:label1\" content=\"Szacowany czas czytania\" \/>\n\t<meta name=\"twitter:data1\" content=\"1 minuta\" \/>\n<script type=\"application\/ld+json\" class=\"yoast-schema-graph\">{\"@context\":\"https:\/\/schema.org\",\"@graph\":[{\"@type\":\"WebPage\",\"@id\":\"https:\/\/b2b.mvgd.pl\/index.php\/produkt\/the-dalmore-cigar-malt-reserve\/\",\"url\":\"https:\/\/b2b.mvgd.pl\/index.php\/produkt\/the-dalmore-cigar-malt-reserve\/\",\"name\":\"The DALMORE CIGAR MALT RESERVE - B2B MVGD PL\",\"isPartOf\":{\"@id\":\"https:\/\/b2b.mvgd.pl\/#website\"},\"primaryImageOfPage\":{\"@id\":\"https:\/\/b2b.mvgd.pl\/index.php\/produkt\/the-dalmore-cigar-malt-reserve\/#primaryimage\"},\"image\":{\"@id\":\"https:\/\/b2b.mvgd.pl\/index.php\/produkt\/the-dalmore-cigar-malt-reserve\/#primaryimage\"},\"thumbnailUrl\":\"https:\/\/b2b.mvgd.pl\/wp-content\/uploads\/2026\/02\/DALMORE-CIGAR-MALT-KARTONIK.png\",\"datePublished\":\"2026-02-16T19:08:44+00:00\",\"dateModified\":\"2026-02-16T19:10:54+00:00\",\"breadcrumb\":{\"@id\":\"https:\/\/b2b.mvgd.pl\/index.php\/produkt\/the-dalmore-cigar-malt-reserve\/#breadcrumb\"},\"inLanguage\":\"pl-PL\",\"potentialAction\":[{\"@type\":\"ReadAction\",\"target\":[\"https:\/\/b2b.mvgd.pl\/index.php\/produkt\/the-dalmore-cigar-malt-reserve\/\"]}]},{\"@type\":\"ImageObject\",\"inLanguage\":\"pl-PL\",\"@id\":\"https:\/\/b2b.mvgd.pl\/index.php\/produkt\/the-dalmore-cigar-malt-reserve\/#primaryimage\",\"url\":\"https:\/\/b2b.mvgd.pl\/wp-content\/uploads\/2026\/02\/DALMORE-CIGAR-MALT-KARTONIK.png\",\"contentUrl\":\"https:\/\/b2b.mvgd.pl\/wp-content\/uploads\/2026\/02\/DALMORE-CIGAR-MALT-KARTONIK.png\",\"width\":900,\"height\":1200},{\"@type\":\"BreadcrumbList\",\"@id\":\"https:\/\/b2b.mvgd.pl\/index.php\/produkt\/the-dalmore-cigar-malt-reserve\/#breadcrumb\",\"itemListElement\":[{\"@type\":\"ListItem\",\"position\":1,\"name\":\"Strona g\u0142\u00f3wna\",\"item\":\"https:\/\/b2b.mvgd.pl\/\"},{\"@type\":\"ListItem\",\"position\":2,\"name\":\"Shop\",\"item\":\"https:\/\/b2b.mvgd.pl\/index.php\/shop\/\"},{\"@type\":\"ListItem\",\"position\":3,\"name\":\"The DALMORE CIGAR MALT RESERVE\"}]},{\"@type\":\"WebSite\",\"@id\":\"https:\/\/b2b.mvgd.pl\/#website\",\"url\":\"https:\/\/b2b.mvgd.pl\/\",\"name\":\"B2B MVGD PL\",\"description\":\"\",\"potentialAction\":[{\"@type\":\"SearchAction\",\"target\":{\"@type\":\"EntryPoint\",\"urlTemplate\":\"https:\/\/b2b.mvgd.pl\/?s={search_term_string}\"},\"query-input\":{\"@type\":\"PropertyValueSpecification\",\"valueRequired\":true,\"valueName\":\"search_term_string\"}}],\"inLanguage\":\"pl-PL\"}]}<\/script>\n<!-- \/ Yoast SEO plugin. -->","yoast_head_json":{"title":"The DALMORE CIGAR MALT RESERVE - B2B MVGD PL","robots":{"index":"index","follow":"follow","max-snippet":"max-snippet:-1","max-image-preview":"max-image-preview:large","max-video-preview":"max-video-preview:-1"},"canonical":"https:\/\/b2b.mvgd.pl\/index.php\/produkt\/the-dalmore-cigar-malt-reserve\/","og_locale":"pl_PL","og_type":"article","og_title":"The DALMORE CIGAR MALT RESERVE - B2B MVGD PL","og_description":"Aromat: Cynamon, wanilia i owoce le\u015bne Smak: Owoce tropikalne, banan, toffee lody waniliowe Finisz: Sk\u00f3rka pomara\u0144czowa, gorzka czekolada i przyprawy korzenne","og_url":"https:\/\/b2b.mvgd.pl\/index.php\/produkt\/the-dalmore-cigar-malt-reserve\/","og_site_name":"B2B MVGD PL","article_modified_time":"2026-02-16T19:10:54+00:00","twitter_card":"summary_large_image","twitter_misc":{"Szacowany czas czytania":"1 minuta"},"schema":{"@context":"https:\/\/schema.org","@graph":[{"@type":"WebPage","@id":"https:\/\/b2b.mvgd.pl\/index.php\/produkt\/the-dalmore-cigar-malt-reserve\/","url":"https:\/\/b2b.mvgd.pl\/index.php\/produkt\/the-dalmore-cigar-malt-reserve\/","name":"The DALMORE CIGAR MALT RESERVE - B2B MVGD PL","isPartOf":{"@id":"https:\/\/b2b.mvgd.pl\/#website"},"primaryImageOfPage":{"@id":"https:\/\/b2b.mvgd.pl\/index.php\/produkt\/the-dalmore-cigar-malt-reserve\/#primaryimage"},"image":{"@id":"https:\/\/b2b.mvgd.pl\/index.php\/produkt\/the-dalmore-cigar-malt-reserve\/#primaryimage"},"thumbnailUrl":"https:\/\/b2b.mvgd.pl\/wp-content\/uploads\/2026\/02\/DALMORE-CIGAR-MALT-KARTONIK.png","datePublished":"2026-02-16T19:08:44+00:00","dateModified":"2026-02-16T19:10:54+00:00","breadcrumb":{"@id":"https:\/\/b2b.mvgd.pl\/index.php\/produkt\/the-dalmore-cigar-malt-reserve\/#breadcrumb"},"inLanguage":"pl-PL","potentialAction":[{"@type":"ReadAction","target":["https:\/\/b2b.mvgd.pl\/index.php\/produkt\/the-dalmore-cigar-malt-reserve\/"]}]},{"@type":"ImageObject","inLanguage":"pl-PL","@id":"https:\/\/b2b.mvgd.pl\/index.php\/produkt\/the-dalmore-cigar-malt-reserve\/#primaryimage","url":"https:\/\/b2b.mvgd.pl\/wp-content\/uploads\/2026\/02\/DALMORE-CIGAR-MALT-KARTONIK.png","contentUrl":"https:\/\/b2b.mvgd.pl\/wp-content\/uploads\/2026\/02\/DALMORE-CIGAR-MALT-KARTONIK.png","width":900,"height":1200},{"@type":"BreadcrumbList","@id":"https:\/\/b2b.mvgd.pl\/index.php\/produkt\/the-dalmore-cigar-malt-reserve\/#breadcrumb","itemListElement":[{"@type":"ListItem","position":1,"name":"Strona g\u0142\u00f3wna","item":"https:\/\/b2b.mvgd.pl\/"},{"@type":"ListItem","position":2,"name":"Shop","item":"https:\/\/b2b.mvgd.pl\/index.php\/shop\/"},{"@type":"ListItem","position":3,"name":"The DALMORE CIGAR MALT RESERVE"}]},{"@type":"WebSite","@id":"https:\/\/b2b.mvgd.pl\/#website","url":"https:\/\/b2b.mvgd.pl\/","name":"B2B MVGD PL","description":"","potentialAction":[{"@type":"SearchAction","target":{"@type":"EntryPoint","urlTemplate":"https:\/\/b2b.mvgd.pl\/?s={search_term_string}"},"query-input":{"@type":"PropertyValueSpecification","valueRequired":true,"valueName":"search_term_string"}}],"inLanguage":"pl-PL"}]}},"jetpack_sharing_enabled":true,"_links":{"self":[{"href":"https:\/\/b2b.mvgd.pl\/index.php\/wp-json\/wp\/v2\/product\/1273","targetHints":{"allow":["GET"]}}],"collection":[{"href":"https:\/\/b2b.mvgd.pl\/index.php\/wp-json\/wp\/v2\/product"}],"about":[{"href":"https:\/\/b2b.mvgd.pl\/index.php\/wp-json\/wp\/v2\/types\/product"}],"replies":[{"embeddable":true,"href":"https:\/\/b2b.mvgd.pl\/index.php\/wp-json\/wp\/v2\/comments?post=1273"}],"version-history":[{"count":0,"href":"https:\/\/b2b.mvgd.pl\/index.php\/wp-json\/wp\/v2\/product\/1273\/revisions"}],"wp:featuredmedia":[{"embeddable":true,"href":"https:\/\/b2b.mvgd.pl\/index.php\/wp-json\/wp\/v2\/media\/1332"}],"wp:attachment":[{"href":"https:\/\/b2b.mvgd.pl\/index.php\/wp-json\/wp\/v2\/media?parent=1273"}],"wp:term":[{"taxonomy":"product_brand","embeddable":true,"href":"https:\/\/b2b.mvgd.pl\/index.php\/wp-json\/wp\/v2\/product_brand?post=1273"},{"taxonomy":"product_cat","embeddable":true,"href":"https:\/\/b2b.mvgd.pl\/index.php\/wp-json\/wp\/v2\/product_cat?post=1273"},{"taxonomy":"product_tag","embeddable":true,"href":"https:\/\/b2b.mvgd.pl\/index.php\/wp-json\/wp\/v2\/product_tag?post=1273"}],"curies":[{"name":"wp","href":"https:\/\/api.w.org\/{rel}","templated":true}]}}