{"id":1261,"date":"2026-02-16T19:08:18","date_gmt":"2026-02-16T19:08:18","guid":{"rendered":"https:\/\/b2b.mvgd.pl\/?post_type=product&#038;p=1261"},"modified":"2026-02-16T19:09:57","modified_gmt":"2026-02-16T19:09:57","slug":"lajver-cabernet-franc-2022-075l-1374","status":"publish","type":"product","link":"https:\/\/b2b.mvgd.pl\/index.php\/produkt\/lajver-cabernet-franc-2022-075l-1374\/","title":{"rendered":"LAJVER Cabernet franc 2022 0,75l 13,74%"},"content":{"rendered":"","protected":false},"excerpt":{"rendered":"<p>Aromat tego wina jest nieodparty dzi\u0119ki nutom le\u015bnych owoc\u00f3w, wi\u015bni i czekolady. Jedno \u0142ykni\u0119cie tego wina jest nieodparte dzi\u0119ki aksamitnym taninom i przyjemnej kwasowo\u015bci. Idealne do czerwonych, soczystych mi\u0119s, pasztet\u00f3w i czekoladowych deser\u00f3w.<\/p>\n","protected":false},"featured_media":1317,"comment_status":"open","ping_status":"closed","template":"","meta":[],"product_brand":[1517],"product_cat":[1241,18],"product_tag":[763,737,1515,1243,1454,321],"class_list":{"0":"post-1261","1":"product","2":"type-product","3":"status-publish","4":"has-post-thumbnail","6":"product_brand-lajver","7":"product_cat-wegry","8":"product_cat-wina","9":"product_tag-cabernet-sauvignon","10":"product_tag-czerwone","11":"product_tag-lajver-borhaz-kft","12":"product_tag-wegry","13":"product_tag-wino-czerwone","14":"product_tag-wytrawne","16":"first","17":"instock","18":"shipping-taxable","19":"purchasable","20":"product-type-simple"},"yoast_head":"<!-- This site is optimized with the Yoast SEO plugin v26.9 - https:\/\/yoast.com\/product\/yoast-seo-wordpress\/ -->\n<title>LAJVER Cabernet franc 2022 0,75l 13,74% - B2B MVGD PL<\/title>\n<meta name=\"robots\" content=\"index, follow, max-snippet:-1, max-image-preview:large, max-video-preview:-1\" \/>\n<link rel=\"canonical\" href=\"https:\/\/b2b.mvgd.pl\/index.php\/produkt\/lajver-cabernet-franc-2022-075l-1374\/\" \/>\n<meta property=\"og:locale\" content=\"pl_PL\" \/>\n<meta property=\"og:type\" content=\"article\" \/>\n<meta property=\"og:title\" content=\"LAJVER Cabernet franc 2022 0,75l 13,74% - B2B MVGD PL\" \/>\n<meta property=\"og:description\" content=\"Aromat tego wina jest nieodparty dzi\u0119ki nutom le\u015bnych owoc\u00f3w, wi\u015bni i czekolady. Jedno \u0142ykni\u0119cie tego wina jest nieodparte dzi\u0119ki aksamitnym taninom i przyjemnej kwasowo\u015bci. Idealne do czerwonych, soczystych mi\u0119s, pasztet\u00f3w i czekoladowych deser\u00f3w.\" \/>\n<meta property=\"og:url\" content=\"https:\/\/b2b.mvgd.pl\/index.php\/produkt\/lajver-cabernet-franc-2022-075l-1374\/\" \/>\n<meta property=\"og:site_name\" content=\"B2B MVGD PL\" \/>\n<meta property=\"article:modified_time\" content=\"2026-02-16T19:09:57+00:00\" \/>\n<meta name=\"twitter:card\" content=\"summary_large_image\" \/>\n<script type=\"application\/ld+json\" class=\"yoast-schema-graph\">{\"@context\":\"https:\/\/schema.org\",\"@graph\":[{\"@type\":\"WebPage\",\"@id\":\"https:\/\/b2b.mvgd.pl\/index.php\/produkt\/lajver-cabernet-franc-2022-075l-1374\/\",\"url\":\"https:\/\/b2b.mvgd.pl\/index.php\/produkt\/lajver-cabernet-franc-2022-075l-1374\/\",\"name\":\"LAJVER Cabernet franc 2022 0,75l 13,74% - B2B MVGD PL\",\"isPartOf\":{\"@id\":\"https:\/\/b2b.mvgd.pl\/#website\"},\"primaryImageOfPage\":{\"@id\":\"https:\/\/b2b.mvgd.pl\/index.php\/produkt\/lajver-cabernet-franc-2022-075l-1374\/#primaryimage\"},\"image\":{\"@id\":\"https:\/\/b2b.mvgd.pl\/index.php\/produkt\/lajver-cabernet-franc-2022-075l-1374\/#primaryimage\"},\"thumbnailUrl\":\"https:\/\/b2b.mvgd.pl\/wp-content\/uploads\/2026\/02\/LAJVER-Cabernet-franc-2022-075l-1374.png\",\"datePublished\":\"2026-02-16T19:08:18+00:00\",\"dateModified\":\"2026-02-16T19:09:57+00:00\",\"breadcrumb\":{\"@id\":\"https:\/\/b2b.mvgd.pl\/index.php\/produkt\/lajver-cabernet-franc-2022-075l-1374\/#breadcrumb\"},\"inLanguage\":\"pl-PL\",\"potentialAction\":[{\"@type\":\"ReadAction\",\"target\":[\"https:\/\/b2b.mvgd.pl\/index.php\/produkt\/lajver-cabernet-franc-2022-075l-1374\/\"]}]},{\"@type\":\"ImageObject\",\"inLanguage\":\"pl-PL\",\"@id\":\"https:\/\/b2b.mvgd.pl\/index.php\/produkt\/lajver-cabernet-franc-2022-075l-1374\/#primaryimage\",\"url\":\"https:\/\/b2b.mvgd.pl\/wp-content\/uploads\/2026\/02\/LAJVER-Cabernet-franc-2022-075l-1374.png\",\"contentUrl\":\"https:\/\/b2b.mvgd.pl\/wp-content\/uploads\/2026\/02\/LAJVER-Cabernet-franc-2022-075l-1374.png\",\"width\":900,\"height\":1200},{\"@type\":\"BreadcrumbList\",\"@id\":\"https:\/\/b2b.mvgd.pl\/index.php\/produkt\/lajver-cabernet-franc-2022-075l-1374\/#breadcrumb\",\"itemListElement\":[{\"@type\":\"ListItem\",\"position\":1,\"name\":\"Strona g\u0142\u00f3wna\",\"item\":\"https:\/\/b2b.mvgd.pl\/\"},{\"@type\":\"ListItem\",\"position\":2,\"name\":\"Shop\",\"item\":\"https:\/\/b2b.mvgd.pl\/index.php\/shop\/\"},{\"@type\":\"ListItem\",\"position\":3,\"name\":\"LAJVER Cabernet franc 2022 0,75l 13,74%\"}]},{\"@type\":\"WebSite\",\"@id\":\"https:\/\/b2b.mvgd.pl\/#website\",\"url\":\"https:\/\/b2b.mvgd.pl\/\",\"name\":\"B2B MVGD PL\",\"description\":\"\",\"potentialAction\":[{\"@type\":\"SearchAction\",\"target\":{\"@type\":\"EntryPoint\",\"urlTemplate\":\"https:\/\/b2b.mvgd.pl\/?s={search_term_string}\"},\"query-input\":{\"@type\":\"PropertyValueSpecification\",\"valueRequired\":true,\"valueName\":\"search_term_string\"}}],\"inLanguage\":\"pl-PL\"}]}<\/script>\n<!-- \/ Yoast SEO plugin. -->","yoast_head_json":{"title":"LAJVER Cabernet franc 2022 0,75l 13,74% - B2B MVGD PL","robots":{"index":"index","follow":"follow","max-snippet":"max-snippet:-1","max-image-preview":"max-image-preview:large","max-video-preview":"max-video-preview:-1"},"canonical":"https:\/\/b2b.mvgd.pl\/index.php\/produkt\/lajver-cabernet-franc-2022-075l-1374\/","og_locale":"pl_PL","og_type":"article","og_title":"LAJVER Cabernet franc 2022 0,75l 13,74% - B2B MVGD PL","og_description":"Aromat tego wina jest nieodparty dzi\u0119ki nutom le\u015bnych owoc\u00f3w, wi\u015bni i czekolady. Jedno \u0142ykni\u0119cie tego wina jest nieodparte dzi\u0119ki aksamitnym taninom i przyjemnej kwasowo\u015bci. Idealne do czerwonych, soczystych mi\u0119s, pasztet\u00f3w i czekoladowych deser\u00f3w.","og_url":"https:\/\/b2b.mvgd.pl\/index.php\/produkt\/lajver-cabernet-franc-2022-075l-1374\/","og_site_name":"B2B MVGD PL","article_modified_time":"2026-02-16T19:09:57+00:00","twitter_card":"summary_large_image","schema":{"@context":"https:\/\/schema.org","@graph":[{"@type":"WebPage","@id":"https:\/\/b2b.mvgd.pl\/index.php\/produkt\/lajver-cabernet-franc-2022-075l-1374\/","url":"https:\/\/b2b.mvgd.pl\/index.php\/produkt\/lajver-cabernet-franc-2022-075l-1374\/","name":"LAJVER Cabernet franc 2022 0,75l 13,74% - B2B MVGD PL","isPartOf":{"@id":"https:\/\/b2b.mvgd.pl\/#website"},"primaryImageOfPage":{"@id":"https:\/\/b2b.mvgd.pl\/index.php\/produkt\/lajver-cabernet-franc-2022-075l-1374\/#primaryimage"},"image":{"@id":"https:\/\/b2b.mvgd.pl\/index.php\/produkt\/lajver-cabernet-franc-2022-075l-1374\/#primaryimage"},"thumbnailUrl":"https:\/\/b2b.mvgd.pl\/wp-content\/uploads\/2026\/02\/LAJVER-Cabernet-franc-2022-075l-1374.png","datePublished":"2026-02-16T19:08:18+00:00","dateModified":"2026-02-16T19:09:57+00:00","breadcrumb":{"@id":"https:\/\/b2b.mvgd.pl\/index.php\/produkt\/lajver-cabernet-franc-2022-075l-1374\/#breadcrumb"},"inLanguage":"pl-PL","potentialAction":[{"@type":"ReadAction","target":["https:\/\/b2b.mvgd.pl\/index.php\/produkt\/lajver-cabernet-franc-2022-075l-1374\/"]}]},{"@type":"ImageObject","inLanguage":"pl-PL","@id":"https:\/\/b2b.mvgd.pl\/index.php\/produkt\/lajver-cabernet-franc-2022-075l-1374\/#primaryimage","url":"https:\/\/b2b.mvgd.pl\/wp-content\/uploads\/2026\/02\/LAJVER-Cabernet-franc-2022-075l-1374.png","contentUrl":"https:\/\/b2b.mvgd.pl\/wp-content\/uploads\/2026\/02\/LAJVER-Cabernet-franc-2022-075l-1374.png","width":900,"height":1200},{"@type":"BreadcrumbList","@id":"https:\/\/b2b.mvgd.pl\/index.php\/produkt\/lajver-cabernet-franc-2022-075l-1374\/#breadcrumb","itemListElement":[{"@type":"ListItem","position":1,"name":"Strona g\u0142\u00f3wna","item":"https:\/\/b2b.mvgd.pl\/"},{"@type":"ListItem","position":2,"name":"Shop","item":"https:\/\/b2b.mvgd.pl\/index.php\/shop\/"},{"@type":"ListItem","position":3,"name":"LAJVER Cabernet franc 2022 0,75l 13,74%"}]},{"@type":"WebSite","@id":"https:\/\/b2b.mvgd.pl\/#website","url":"https:\/\/b2b.mvgd.pl\/","name":"B2B MVGD PL","description":"","potentialAction":[{"@type":"SearchAction","target":{"@type":"EntryPoint","urlTemplate":"https:\/\/b2b.mvgd.pl\/?s={search_term_string}"},"query-input":{"@type":"PropertyValueSpecification","valueRequired":true,"valueName":"search_term_string"}}],"inLanguage":"pl-PL"}]}},"jetpack_sharing_enabled":true,"_links":{"self":[{"href":"https:\/\/b2b.mvgd.pl\/index.php\/wp-json\/wp\/v2\/product\/1261","targetHints":{"allow":["GET"]}}],"collection":[{"href":"https:\/\/b2b.mvgd.pl\/index.php\/wp-json\/wp\/v2\/product"}],"about":[{"href":"https:\/\/b2b.mvgd.pl\/index.php\/wp-json\/wp\/v2\/types\/product"}],"replies":[{"embeddable":true,"href":"https:\/\/b2b.mvgd.pl\/index.php\/wp-json\/wp\/v2\/comments?post=1261"}],"version-history":[{"count":0,"href":"https:\/\/b2b.mvgd.pl\/index.php\/wp-json\/wp\/v2\/product\/1261\/revisions"}],"wp:featuredmedia":[{"embeddable":true,"href":"https:\/\/b2b.mvgd.pl\/index.php\/wp-json\/wp\/v2\/media\/1317"}],"wp:attachment":[{"href":"https:\/\/b2b.mvgd.pl\/index.php\/wp-json\/wp\/v2\/media?parent=1261"}],"wp:term":[{"taxonomy":"product_brand","embeddable":true,"href":"https:\/\/b2b.mvgd.pl\/index.php\/wp-json\/wp\/v2\/product_brand?post=1261"},{"taxonomy":"product_cat","embeddable":true,"href":"https:\/\/b2b.mvgd.pl\/index.php\/wp-json\/wp\/v2\/product_cat?post=1261"},{"taxonomy":"product_tag","embeddable":true,"href":"https:\/\/b2b.mvgd.pl\/index.php\/wp-json\/wp\/v2\/product_tag?post=1261"}],"curies":[{"name":"wp","href":"https:\/\/api.w.org\/{rel}","templated":true}]}}